{"id":1473,"date":"2021-03-06T11:00:48","date_gmt":"2021-03-06T10:00:48","guid":{"rendered":"https:\/\/www.spedirecomodo.it\/cms\/?page_id=1473"},"modified":"2023-01-25T17:26:18","modified_gmt":"2023-01-25T16:26:18","slug":"crono","status":"publish","type":"page","link":"https:\/\/www.spedirecomodo.it\/cms\/crono\/","title":{"rendered":"Crono Express"},"content":{"rendered":"\n<h2>Spedizioni economiche con Poste Italiane 24\/48 ore in Italia<\/h2>\n\n\n\n<div style=\"height:20px\" aria-hidden=\"true\" class=\"wp-block-spacer\"><\/div>\n\n\n<div class=\"courier-features wordpress\">\r\n    <span class=\"spedirecomodo-title\">A partire da <span class=\"price\">5,95 \u20ac<\/span> + IVA<\/span>\r\n    <ul class=\"nav mt-1\" style=\"display:block\">\r\n            <li class=\"nav-item pb-1\">\r\n                <img class=\"mr-1\" src=\"\/img\/FlagVerde.png\" srcset=\"\/img\/FlagVerde.png 1x, \/img\/FlagVerde@2x.png 2x\" alt=\"FlagVerde\" style=\"width:13px;height:13px\"\/>\r\n                <span class=\"spedirecomodo-subtitle\">Il servizio Crono Express di Poste Italiane che permette di spedire in tutta Italia con tempi di transito di 24\/48h. La soluzione ideale per Privati e Aziende che hanno bisogno di un servizio di consegna rapido ed economico su tutto territorio nazionale.<\/span>\r\n            <\/li>\r\n            <li class=\"nav-item pb-1\">\r\n                <img class=\"mr-1\" src=\"\/img\/FlagVerde.png\" srcset=\"\/img\/FlagVerde.png 1x, \/img\/FlagVerde@2x.png 2x\" alt=\"FlagVerde\" style=\"width:13px;height:13px\"\/>\r\n                <span class=\"spedirecomodo-subtitle\">Spedizione su tutto il territorio italiano, isole comprese.<\/span>\r\n            <\/li>\r\n            <li class=\"nav-item pb-1\">\r\n                <img class=\"mr-1\" src=\"\/img\/FlagVerde.png\" srcset=\"\/img\/FlagVerde.png 1x, \/img\/FlagVerde@2x.png 2x\" alt=\"FlagVerde\" style=\"width:13px;height:13px\"\/>\r\n                <span class=\"spedirecomodo-subtitle\">Adatto a pacchi di media dimesione, fino a 30 Kg. Solo spedizioni monocollo. <\/span>\r\n            <\/li>\r\n            <li class=\"nav-item pb-1\">\r\n                <img class=\"mr-1\" src=\"\/img\/FlagVerde.png\" srcset=\"\/img\/FlagVerde.png 1x, \/img\/FlagVerde@2x.png 2x\" alt=\"FlagVerde\" style=\"width:13px;height:13px\"\/>\r\n                <span class=\"spedirecomodo-subtitle\">Tracciatura completa della spedizione dal ritiro alla consegna.<\/span>\r\n            <\/li>\r\n            <li class=\"nav-item pb-1\">\r\n                <img class=\"mr-1\" src=\"\/img\/FlagVerde.png\" srcset=\"\/img\/FlagVerde.png 1x, \/img\/FlagVerde@2x.png 2x\" alt=\"FlagVerde\" style=\"width:13px;height:13px\"\/>\r\n                <span class=\"spedirecomodo-subtitle\">Servizio targato Poste Italiane studiato per le aziende di e-commerce che vogliono essere competitive ed offrire valore aggiunto ai propri e-shopper. Necessita di stampante.<\/span>\r\n            <\/li>\r\n            <li class=\"nav-item pb-1\">\r\n                <img class=\"mr-1\" src=\"\/img\/FlagVerde.png\" srcset=\"\/img\/FlagVerde.png 1x, \/img\/FlagVerde@2x.png 2x\" alt=\"FlagVerde\" style=\"width:13px;height:13px\"\/>\r\n                <span class=\"spedirecomodo-subtitle\">Copertura assicurativa opzionale disponibile fino a 2500 \u20ac.<\/span>\r\n            <\/li>\r\n    <\/ul>\r\n<\/div>\r\n\n\n\n\n<div style=\"height:30px\" aria-hidden=\"true\" class=\"wp-block-spacer\"><\/div>\n\n\n\n<h3>Scegliere Crono di Poste Italiane per spedire pacchi e buste in Italia<\/h3>\n\n\n\n<p>Il servizio di spedizione economica di pacchi e buste offerto da Poste Italiane permette di spedire in tutta <span style=\"text-decoration: underline;\"><a rel=\"noreferrer noopener\" aria-label=\"Italia (apre in una nuova scheda)\" href=\"https:\/\/www.spedirecomodo.it\/cms\/spedire-in-italia\/\" target=\"_blank\">Italia<\/a> <\/span>con tempi medi di consegna a domicilio entro 24\/48 ore. Spedizioni economiche facili e sicure con Poste Italiane.<\/p>\n\n\n<div id=courier_13 class=\"card italy\">\r\n    <div class=\"card-body-home spedirecomodo-subtitle-box1-xs\">\r\n        <div class=\"spedirecomodo-title pl-3 pl-sm-3 pl-md-2 pl-lg-3\">\r\n            <a href=\"\/cms\/spedire-in-italia\/\">\r\n                Spedire in Italia con CRONO?\r\n            <\/a>\r\n            <span class=\"spedirecomodo-subtitle-box1\" style=\"display:block\">\r\n                <span class=\"maxWeight0 d-none\"><i class=\"fa fa-spinner fa-spin\" style=\"font-size:15px\"><\/i><\/span>Spediamo in tutta italia pacchi, buste e pallets alle tariffe pi\u00f9 convenienti\r\n                <a class=\"link0\" href=\"\"><i class=\"fas fa-external-link-alt\"><\/i><\/a>\r\n            <\/span>\r\n        <\/div>\r\n        <hr style=\"height:2px;border:none;color:#E3E7EA;background-color:#E3E7EA;\" \/>\r\n        <div class=\"row no-gutters px-3 px-sm-3 px-md-2 px-lg-3\">\r\n            <div class=\"col-6 col-md-4 col-lg-3 spedirecomodo-subtitle-box1-xs mb-4 price-box\">\r\n                <div><span class=\"weight0\"><i class=\"fa fa-spinner fa-spin\" style=\"font-size:15px\"><\/i><\/span> Kg<\/div>\r\n                <div>\r\n                    <span>da <\/span>\r\n                    <span class=\"price0\"><i class=\"fa fa-spinner fa-spin\" style=\"font-size:15px\"><\/i><\/span><span class=\"euro\">\u20ac<\/span>\r\n                    <a class=\"link0\" href=\"\"><i class=\"fas fa-external-link-alt\"><\/i><\/a>\r\n                <\/div>\r\n            <\/div>\r\n            <div class=\"col-6 col-md-4 col-lg-3 spedirecomodo-subtitle-box1-xs mb-4 price-box\">\r\n                <div><span class=\"weight1\"><i class=\"fa fa-spinner fa-spin\" style=\"font-size:15px\"><\/i><\/span> Kg<\/div>\r\n                <div>\r\n                    <span>da <\/span>\r\n                    <span class=\"price1\"><i class=\"fa fa-spinner fa-spin\" style=\"font-size:15px\"><\/i><\/span><span class=\"euro\">\u20ac<\/span>\r\n                    <a class=\"link1\" href=\"\"><i class=\"fas fa-external-link-alt\"><\/i><\/a>\r\n                <\/div>\r\n            <\/div>\r\n            <div class=\"col-6 col-md-4 col-lg-3 spedirecomodo-subtitle-box1-xs mb-4 price-box\">\r\n                <div><span class=\"weight2\"><i class=\"fa fa-spinner fa-spin\" style=\"font-size:15px\"><\/i><\/span> Kg<\/div>\r\n                <div>\r\n                    <span>da <\/span>\r\n                    <span class=\"price2\"><i class=\"fa fa-spinner fa-spin\" style=\"font-size:15px\"><\/i><\/span><span class=\"euro\">\u20ac<\/span>\r\n                    <a class=\"link2\" href=\"\"><i class=\"fas fa-external-link-alt\"><\/i><\/a>\r\n                <\/div>\r\n            <\/div>\r\n            <div class=\"col-6 col-md-4 col-lg-3 spedirecomodo-subtitle-box1-xs mb-4 price-box\">\r\n                <div><span class=\"weight3\"><i class=\"fa fa-spinner fa-spin\" style=\"font-size:15px\"><\/i><\/span> Kg<\/div>\r\n                <div>\r\n                    <span>da <\/span>\r\n                    <span class=\"price3\"><i class=\"fa fa-spinner fa-spin\" style=\"font-size:15px\"><\/i><\/span><span class=\"euro\">\u20ac<\/span>\r\n                    <a class=\"link3\" href=\"\"><i class=\"fas fa-external-link-alt\"><\/i><\/a>\r\n                <\/div>\r\n            <\/div>\r\n            <div class=\"col-6 col-md-4 col-lg-3 spedirecomodo-subtitle-box1-xs mb-4 price-box\">\r\n                <div><span class=\"weight4\"><i class=\"fa fa-spinner fa-spin\" style=\"font-size:15px\"><\/i><\/span> Kg<\/div>\r\n                <div>\r\n                    <span>da <\/span>\r\n                    <span class=\"price4\"><i class=\"fa fa-spinner fa-spin\" style=\"font-size:15px\"><\/i><\/span><span class=\"euro\">\u20ac<\/span>\r\n                    <a class=\"link4\" href=\"\"><i class=\"fas fa-external-link-alt\"><\/i><\/a>\r\n                <\/div>\r\n            <\/div>\r\n            <div class=\"col-6 col-md-4 col-lg-3 spedirecomodo-subtitle-box1-xs mb-4 price-box\">\r\n                <div><span class=\"weight5\"><i class=\"fa fa-spinner fa-spin\" style=\"font-size:15px\"><\/i><\/span> Kg<\/div>\r\n                <div>\r\n                    <span>da <\/span>\r\n                    <span class=\"price5\"><i class=\"fa fa-spinner fa-spin\" style=\"font-size:15px\"><\/i><\/span><span class=\"euro\">\u20ac<\/span>\r\n                    <a class=\"link5\" href=\"\"><i class=\"fas fa-external-link-alt\"><\/i><\/a>\r\n                <\/div>\r\n            <\/div>\r\n            <div class=\"col-6 col-md-4 col-lg-3 spedirecomodo-subtitle-box1-xs mb-4 price-box\">\r\n                <div><span class=\"weight6\"><i class=\"fa fa-spinner fa-spin\" style=\"font-size:15px\"><\/i><\/span> Kg<\/div>\r\n                <div>\r\n                    <span>da <\/span>\r\n                    <span class=\"price6\"><i class=\"fa fa-spinner fa-spin\" style=\"font-size:15px\"><\/i><\/span><span class=\"euro\">\u20ac<\/span>\r\n                    <a class=\"link6\" href=\"\"><i class=\"fas fa-external-link-alt\"><\/i><\/a>\r\n                <\/div>\r\n            <\/div>\r\n            <div class=\"col-6 col-md-4 col-lg-3 spedirecomodo-subtitle-box1-xs mb-4 price-box\">\r\n                <div><span class=\"weight7\"><i class=\"fa fa-spinner fa-spin\" style=\"font-size:15px\"><\/i><\/span> Kg<\/div>\r\n                <div>\r\n                    <span>da <\/span>\r\n                    <span class=\"price7\"><i class=\"fa fa-spinner fa-spin\" style=\"font-size:15px\"><\/i><\/span><span class=\"euro\">\u20ac<\/span>\r\n                    <a class=\"link7\" href=\"\"><i class=\"fas fa-external-link-alt\"><\/i><\/a>\r\n                <\/div>\r\n            <\/div>\r\n        <\/div>       \r\n    <\/div>\r\n<\/div>\r\n<script>\r\n        $(function () {\r\n\r\n             var couriers = new Array();\r\n                    couriers.push(13);\r\n            var capSender = '20121';\r\n            var capRecipient = '00191'\r\n            $.ajax({\r\n                url: \"\/Home\/GetBestShip\",\r\n                method: 'post',\r\n                data: { idsCouriers: couriers, capSender: capSender, capRecipient: capRecipient },\r\n                success: function (data) {\r\n                    \r\n\r\n                    var counter = 0;\r\n                    $.each(data.zones, function (i) {\r\n                        \/\/if (i == 5)\r\n                        \/\/    return;\r\n\r\n                        if (i == 0) {\r\n                            $('#best-price-home').removeClass('ml-5');\r\n                            $('#best-price-home').text(data.zones[i].PriceNoVat.toLocaleString(getCookie(\"_culture\"), { 'minimumFractionDigits': 2, 'maximumFractionDigits': 2 }));\r\n                        } else {\r\n                            $('#courier_13 .weight' + (i - 1).toString()).text(data.zones[i].Weight.toLocaleString(getCookie(\"_culture\"), { 'minimumFractionDigits': 0, 'maximumFractionDigits': 0 }));\r\n                            $('#courier_13 .price' + (i - 1).toString()).text(data.zones[i].PriceNoVat.toLocaleString(getCookie(\"_culture\"), { 'minimumFractionDigits': 2, 'maximumFractionDigits': 2 }));\r\n                            $('#courier_13 .link' + (i - 1).toString()).attr('href', '\/Shipping\/CreateDefaultShip?XIdLocalita=' + data.idSender + '&YIdLocalita=' + data.idRecipient + '&XCap=' + capSender + '&YCap=' + capRecipient + '&peso=' + data.zones[i].Weight + '&XNazione=it&YNazione=it&IdCorriere=' + data.zones[i].IdCourier);\r\n                        }\r\n                        counter++;\r\n                    });\r\n\r\n                    \r\n                    \/\/ Nel caso il corriere non abbia tariffe per peso da riempire 8 fasce allora nascondo quelle restanti\r\n                    if (counter < 8) {\r\n                        counter = counter - 1;\r\n                        for (var i = counter; i <= 8; i++) {\r\n                            $('#courier_13 .weight' + i).parents('#courier_13 .price-box').hide();\r\n                        }\r\n                         \r\n                    }\r\n                },\r\n                error: function (jqXHR, textStatus, errorThrown) {\r\n                    console.log('jqXHR: ' + jqXHR + ' textStatus: ' + textStatus + ' errorThrown: ' + errorThrown);\r\n                }\r\n            });\r\n\r\n        });\r\n<\/script>\r\n\n\n\n\n<div style=\"height:20px\" aria-hidden=\"true\" class=\"wp-block-spacer\"><\/div>\n\n\n\r\n<div class=\"ship-now-calltoaction text-center\">\r\n    <span class=\"title\">Spedisci ora!<\/span>\r\n    <div class=\"rounded-div\">\r\n        <button data-toggle=\"modal\" class=\"ship-now btn-primary-sc\">Continua<\/button>\r\n    <\/div>\r\n    <span class=\"subtitle\">Inserisci i dati e spedisci in pochi click!<\/span>\r\n<\/div>\r\n\n\n\n\n<hr class=\"wp-block-separator has-css-opacity\"\/>\n\n\n\n<div class=\"wp-block-ugb-feature ugb-feature ugb-4a6cbba ugb-feature--v2 ugb-feature--design-plain ugb-main-block\"><div class=\"ugb-inner-block\"><div class=\"ugb-block-content\"><div class=\"ugb-feature__item\"><div class=\"ugb-feature__content\"><h3 class=\"ugb-feature__title\">Spedire un pacco con Poste Italiane<\/h3><p class=\"ugb-feature__description\">Fondata nel 1862 come azienda per la gestione dei servizi postali, <span style=\"text-decoration: underline;\"><strong><a href=\"https:\/\/www.spedirecomodo.it\/cms\/ioinvio\/\" class=\"rank-math-link\">ioinvio pacchi<\/a><\/strong><\/span> e telegrafici,&nbsp;<strong>Poste Italiane<\/strong> oggi \u00e8 una societ\u00e0 per azioni che gestisce il servizio postale Italiano, si occupa anche di servizi finanziari, assicurativi e di telefonia mobile, di propriet\u00e0 dello Stato Italiano.<\/p><div class=\"ugb-button-container\"><a class=\"ugb-button ugb-button--size-normal ugb--hover-effect-scale\" href=\"https:\/\/www.spedirecomodo.it\/cms\/poste-italiane-crono\/\" rel=\"\" title=\"\"><span class=\"ugb-button--inner\">Scopri di pi\u00f9 su Poste <\/span><\/a><\/div><\/div><div class=\"ugb-feature__image-side\"><img class=\"ugb-feature__image ugb-img wp-image-4551 ugb-image--shape-stretch\" src=\"\/cms\/wp-content\/uploads\/2020\/03\/Tariffe-Poste.png\" alt=\"\" title=\"\" height=\"255\" srcset=\"https:\/\/www.spedirecomodo.it\/cms\/wp-content\/uploads\/2020\/03\/Tariffe-Poste.png 912w, https:\/\/www.spedirecomodo.it\/cms\/wp-content\/uploads\/2020\/03\/Tariffe-Poste-300x202.png 300w, https:\/\/www.spedirecomodo.it\/cms\/wp-content\/uploads\/2020\/03\/Tariffe-Poste-768x517.png 768w\" sizes=\"(max-width: 912px) 100vw, 912px\"><\/div><\/div><\/div><\/div><\/div>\n\n\n\n<hr class=\"wp-block-separator has-css-opacity\"\/>\n\n\n\n<h3>Spedire dove e quando vuoi con Poste Italiane<\/h3>\n\n\n\n<p>Poste si occupa della\u00a0<strong>gestione, trasporto, ritiro e recapito di pacchi e buste<\/strong>\u00a0sul territorio nazionale italiano e all&#8217;estero.<\/p>\n\n\n\n<p>Poste Italiane offre un servizio di spedizioni nazionali di pacco postale e buste, le spedizioni con  Corno Express sono tutte tracciabili online grazie ad un sistema di tracciamento pacco e <span style=\"text-decoration: underline;\"><strong><a href=\"https:\/\/www.spedirecomodo.it\/cms\/poste-italiane-tracking\/\" class=\"rank-math-link\">ricerca spedizioni<\/a><\/strong><\/span> meglio conosciuto come dovequando.<\/p>\n\n\n\n<hr class=\"wp-block-separator has-css-opacity\"\/>\n\n\n\n<h3>Chi \u00e8 Poste Italiane<\/h3>\n\n\n\n<p><strong><a href=\"https:\/\/www.spedirecomodo.it\/cms\/poste-italiane-crono\/\" data-type=\"URL\" data-id=\"https:\/\/www.spedirecomodo.it\/cms\/poste-italiane-crono\/\">Poste Italiane<\/a> \u00e8 oggi la pi\u00f9 grande realt\u00e0 del comparto logistico e di spedizione pacchi postali in Italia<\/strong>&nbsp;ed \u00e8 leader nel settore finanziario, assicurativo e dei servizi di pagamento.<\/p>\n\n\n\n<p>L\u2019Azienda riveste un ruolo importante nel Paese, dando un forte contributo alla filiera produttiva e all\u2019economia nazionale: investendo e operando insieme agli altri operatori della sua catena del valore genera risultati positivi non solo attraverso il proprio business, ma anche generando esternalit\u00e0 tramite l\u2019attivazione di una catena di fornitura di spedizione buste e pacchi a livello locale con il servizio Crono Express.<\/p>\n\n\n\n<p>Con un fatturato di oltre 11 miliardi di euro, le attivit\u00e0 del Gruppo generano significativi impatti sul Paese in termini di Prodotto Interno Lordo, gettito fiscale, occupazione e reddito delle famiglie.<\/p>\n\n\n\n<p>Questi impatti sono l\u2019effetto del coinvolgimento di moltissime imprese locali \u2013 molte delle quali piccole e medie \u2013 nella catena di fornitura e delle attivit\u00e0 di investimento in societ\u00e0 italiane e in titoli di Stato.<\/p>\n\n\n\n<p>Questo sostegno indirizzato a soggetti pubblici e privati influenza positivamente tutta l\u2019economia nazionale.<\/p>\n\n\n\n<hr class=\"wp-block-separator has-css-opacity\"\/>\n\n\n\n<h3>Leader Italiano in spedizioni buste e invio pacchi<\/h3>\n\n\n\n<p>Le attivit\u00e0 che comprendono servizi di recapito busta, logistica, pacchi e corriere espresso rappresentano da sempre l\u2019identit\u00e0 di Poste Italiane, che fornisce anche il Servizio Universale.<\/p>\n\n\n\n<p>La rete possiede caratteristiche uniche e conta su circa 27 mila portalettere e 1.543 centri di recapito in tutta Italia.<\/p>\n\n\n\n<p>Nel 2019 ha smistato e consegnato oltre 2,7 miliardi di buste di corrispondenza e 148 milioni di pacchi, numeri che collocano Poste Italiane in una posizione privilegiata per cogliere le opportunit\u00e0 legate alla crescita dell\u2019e-commerce, grazie anche a un consolidato know-how nel settore dei pagamenti e dei canali digitali.<\/p>\n\n\n\n<hr class=\"wp-block-separator has-css-opacity\"\/>\n\n\n\n<h3>Innovazione tecnologica nel trasporto merci<\/h3>\n\n\n\n<p>L\u2019innovazione e la digitalizzazione rappresentano per Poste Italiane, come per <span style=\"text-decoration: underline;\"><strong><a href=\"https:\/\/www.metaxy.eu\/\" class=\"rank-math-link\" target=\"_blank\" rel=\"noopener\">Metaxy<\/a><\/strong><\/span>, il cuore pulsante per la promozione del cambiamento e lo strumento chiave per accompagnare i propri clienti nel <strong>processo di trasformazione digitale<\/strong>.<\/p>\n\n\n\n<p>Nell\u2019ambito di tale percorso, l\u2019Azienda \u00e8 impegnata ad adottare un approccio fortemente inclusivo, teso a favorire l\u2019accessibilit\u00e0 ai nuovi strumenti tecnologici da parte di tutti i propri clienti.&nbsp;<\/p>\n\n\n\n<p>Con oltre la met\u00e0 della propria forza lavoro rappresentata da donne (69 mila, il 55% della forza lavoro), Poste Italiane ha un ruolo di grande responsabilit\u00e0 a supporto delle <strong>pari opportunit\u00e0<\/strong> nell\u2019intero sistema Paese.<\/p>\n\n\n\n<p>Il 59% degli uffici postali \u00e8 diretto da una donna, e l\u2019azienda conta una presenza femminile del 44% nel proprio CDA, del 34% in posizioni di leadership e del 22% nelle posizioni con funzioni esecutive.<\/p>\n\n\n\n<div style=\"height:20px\" aria-hidden=\"true\" class=\"wp-block-spacer\"><\/div>\n\n\n\r\n<div class=\"ship-now-calltoaction text-center\">\r\n    <span class=\"title\">Spedisci ora!<\/span>\r\n    <div class=\"rounded-div\">\r\n        <button data-toggle=\"modal\" class=\"ship-now btn-primary-sc\">Continua<\/button>\r\n    <\/div>\r\n    <span class=\"subtitle\">Inserisci i dati e spedisci in pochi click!<\/span>\r\n<\/div>\r\n\n\n\n\n<hr class=\"wp-block-separator has-css-opacity\"\/>\n\n\n\n<h3>Spedire un pacco postale \u00e8 facile con Spedirecomodo<\/h3>\n\n\n\n<p>Se vuoi maggiori informazioni e utili consigli per le tue spedizioni economiche con Crono Espresso oppure suggerimenti su come preparare un pacco consulta il <strong><a rel=\"noreferrer noopener\" href=\"https:\/\/www.spedirecomodo.it\/cms\/il-blog-di-spedirecomodo\/\" target=\"_blank\">Blog di Spedirecomodo<\/a><\/strong>.<\/p>\n\n\n\n<p>Se vuoi informazioni e consigli su come realizzare un ecommerce di successo visita&nbsp;<strong><a rel=\"noreferrer noopener\" class=\"rank-math-link\" href=\"https:\/\/www.metaxy.eu\/\" target=\"_blank\"><span style=\"text-decoration: underline;\">M<\/span><\/a><\/strong><a rel=\"noreferrer noopener\" class=\"rank-math-link\" href=\"https:\/\/www.metaxy.eu\/\" target=\"_blank\"><strong><span style=\"text-decoration: underline;\">etaxy<\/span><\/strong><\/a>.<\/p>\n\n\n\n<p><strong><span style=\"text-decoration: underline;\"><a href=\"https:\/\/www.spedirecomodo.it\/cms\/spedireweb\/\" class=\"rank-math-link\">Spedire web<\/a><\/span><\/strong>, spedire low cost&#8230; spedizioni Poste&#8230; Spedizioni Crono con  spedire comodo.<\/p>\n\n\n\n<div style=\"height:41px\" aria-hidden=\"true\" class=\"wp-block-spacer\"><\/div>\n<style class=\"advgb-styles-renderer\">.ugb-4a6cbba .ugb-button .ugb-button--inner{font-size:18px !important}.ugb-4a6cbba .ugb-button{padding-top:10px;padding-right:25px;padding-bottom:10px;padding-left:25px;border-radius:5px !important}.ugb-4a6cbba .ugb-button:before{border-radius:5px !important}@media screen and (min-width:768px){.ugb-4a6cbba .ugb-img{width:380px;height:auto !important}}@media screen and (min-width:768px) and (max-width:1025px){.ugb-4a6cbba .ugb-img{width:285px;height:auto !important}}@media screen and (max-width:768px){.ugb-4a6cbba .ugb-img{width:285px;height:auto !important}}<\/style>","protected":false},"excerpt":{"rendered":"<p>Spedizioni economiche con Poste Italiane 24\/48 ore in Italia Scegliere Crono di Poste Italiane per spedire pacchi e buste in Italia Il servizio di spedizione economica di pacchi e buste offerto da Poste Italiane permette di spedire in tutta Italia con tempi medi di consegna a domicilio entro 24\/48 ore. Spedizioni economiche facili e sicure [&hellip;]<\/p>\n","protected":false},"author":7,"featured_media":0,"parent":0,"menu_order":0,"comment_status":"closed","ping_status":"closed","template":"index-trustpilot-crono.php","meta":{"advgb_blocks_editor_width":"","advgb_blocks_columns_visual_guide":""},"categories":[],"tags":[],"featured_image_urls":{"full":"","thumbnail":"","medium":"","medium_large":"","large":"","1536x1536":"","2048x2048":""},"post_excerpt_stackable":"<p>Spedizioni economiche con Poste Italiane 24\/48 ore in Italia A partire da 5,95 \u20ac + IVA Il servizio Crono Express di Poste Italiane che permette di spedire in tutta Italia con tempi di transito di 24\/48h. La soluzione ideale per Privati e Aziende che hanno bisogno di un servizio di consegna rapido ed economico su tutto territorio nazionale. Spedizione su tutto il territorio italiano, isole comprese. Adatto a pacchi di media dimesione, fino a 30 Kg. Solo spedizioni monocollo. Tracciatura completa della spedizione dal ritiro alla consegna. Servizio targato Poste Italiane studiato per le aziende di e-commerce che vogliono essere&hellip;<\/p>\n","category_list":"Senza categoria","author_info":{"name":"Sebastiano Torcellan","url":"https:\/\/www.spedirecomodo.it\/cms\/author\/sebastiano-torcellan\/"},"comments_num":"0 commenti","featured_image_urls_v2":{"full":"","thumbnail":"","medium":"","medium_large":"","large":"","1536x1536":"","2048x2048":""},"post_excerpt_stackable_v2":"<p>Spedizioni economiche con Poste Italiane 24\/48 ore in Italia A partire da 5,95 \u20ac + IVA Il servizio Crono Express di Poste Italiane che permette di spedire in tutta Italia con tempi di transito di 24\/48h. La soluzione ideale per Privati e Aziende che hanno bisogno di un servizio di consegna rapido ed economico su tutto territorio nazionale. Spedizione su tutto il territorio italiano, isole comprese. Adatto a pacchi di media dimesione, fino a 30 Kg. Solo spedizioni monocollo. Tracciatura completa della spedizione dal ritiro alla consegna. Servizio targato Poste Italiane studiato per le aziende di e-commerce che vogliono essere&hellip;<\/p>\n","category_list_v2":"Senza categoria","author_info_v2":{"name":"Sebastiano Torcellan","url":"https:\/\/www.spedirecomodo.it\/cms\/author\/sebastiano-torcellan\/"},"comments_num_v2":"0 commenti","coauthors":[],"author_meta":{"author_link":"https:\/\/www.spedirecomodo.it\/cms\/author\/sebastiano-torcellan\/","display_name":"Sebastiano Torcellan"},"relative_dates":{"created":"Pubblicato 5 anni fa","modified":"Aggiornato 3 anni fa"},"absolute_dates":{"created":"Pubblicato il 6 Marzo 2021","modified":"Aggiornato il 25 Gennaio 2023"},"absolute_dates_time":{"created":"Pubblicato il 6 Marzo 2021 11:00","modified":"Aggiornato il 25 Gennaio 2023 17:26"},"featured_img_caption":"","featured_img":false,"series_order":"","_links":{"self":[{"href":"https:\/\/www.spedirecomodo.it\/cms\/wp-json\/wp\/v2\/pages\/1473"}],"collection":[{"href":"https:\/\/www.spedirecomodo.it\/cms\/wp-json\/wp\/v2\/pages"}],"about":[{"href":"https:\/\/www.spedirecomodo.it\/cms\/wp-json\/wp\/v2\/types\/page"}],"author":[{"embeddable":true,"href":"https:\/\/www.spedirecomodo.it\/cms\/wp-json\/wp\/v2\/users\/7"}],"replies":[{"embeddable":true,"href":"https:\/\/www.spedirecomodo.it\/cms\/wp-json\/wp\/v2\/comments?post=1473"}],"version-history":[{"count":2,"href":"https:\/\/www.spedirecomodo.it\/cms\/wp-json\/wp\/v2\/pages\/1473\/revisions"}],"predecessor-version":[{"id":8661,"href":"https:\/\/www.spedirecomodo.it\/cms\/wp-json\/wp\/v2\/pages\/1473\/revisions\/8661"}],"wp:attachment":[{"href":"https:\/\/www.spedirecomodo.it\/cms\/wp-json\/wp\/v2\/media?parent=1473"}],"wp:term":[{"taxonomy":"category","embeddable":true,"href":"https:\/\/www.spedirecomodo.it\/cms\/wp-json\/wp\/v2\/categories?post=1473"},{"taxonomy":"post_tag","embeddable":true,"href":"https:\/\/www.spedirecomodo.it\/cms\/wp-json\/wp\/v2\/tags?post=1473"}],"curies":[{"name":"wp","href":"https:\/\/api.w.org\/{rel}","templated":true}]}}