{"id":1705,"date":"2021-05-20T12:48:00","date_gmt":"2021-05-20T10:48:00","guid":{"rendered":"https:\/\/www.spedirecomodo.it\/cms\/?page_id=1705"},"modified":"2021-05-21T17:57:33","modified_gmt":"2021-05-21T15:57:33","slug":"spedire-pacco-francia","status":"publish","type":"page","link":"https:\/\/www.spedirecomodo.it\/cms\/spedire-pacco-francia\/","title":{"rendered":"Spedire un pacco in Francia"},"content":{"rendered":"\n<div class=\"wp-block-ugb-feature ugb-feature ugb-38fa49a ugb-feature--v2 ugb-feature--design-basic ugb-main-block\"><div class=\"ugb-inner-block\"><div class=\"ugb-block-content\"><div class=\"ugb-feature__item ugb--shadow-5\"><div class=\"ugb-feature__content\"><h2 class=\"ugb-feature__title\">Spedire un pacco in Francia con SDA, BRT DPD, DHL e TNT Skynet \u00e8 economico<\/h2><p class=\"ugb-feature__description\">Se cerchi una soluzione per le tue spedizioni economiche in Francia (<strong><a class=\"rank-math-link\" href=\"https:\/\/www.spedirecomodo.it\/cms\/ship-to-france\/\"><span style=\"text-decoration: underline;\">English Version<\/span><\/a><\/strong>), con Spedirecomodo potrai spedire in Francia a prezzi davvero vantaggiosi.<\/p><\/div><div class=\"ugb-feature__image-side\"><img class=\"ugb-feature__image ugb-img wp-image-2088 ugb-image--shape-stretch\" src=\"\/cms\/wp-content\/uploads\/2020\/05\/Moulin-Rouge-low-jpg-e1590581359424-1024x540.jpg\" alt=\"Spedire in Francia\" height=\"221\" srcset=\"https:\/\/www.spedirecomodo.it\/cms\/wp-content\/uploads\/2020\/05\/Moulin-Rouge-low-jpg-e1590581359424-1024x540.jpg 1024w, https:\/\/www.spedirecomodo.it\/cms\/wp-content\/uploads\/2020\/05\/Moulin-Rouge-low-jpg-e1590581359424-300x158.jpg 300w, https:\/\/www.spedirecomodo.it\/cms\/wp-content\/uploads\/2020\/05\/Moulin-Rouge-low-jpg-e1590581359424-768x405.jpg 768w, https:\/\/www.spedirecomodo.it\/cms\/wp-content\/uploads\/2020\/05\/Moulin-Rouge-low-jpg-e1590581359424.jpg 1280w\" sizes=\"(max-width: 1024px) 100vw, 1024px\" \/><\/div><\/div><\/div><\/div><\/div>\n\n\n\n<p class=\"has-very-light-gray-background-color has-background\"><strong>Spedire in Francia un pacco a partire da 16,10\u20ac<\/strong>.<\/p>\n\n\n\n<div style=\"height:20px\" aria-hidden=\"true\" class=\"wp-block-spacer\"><\/div>\n\n\n\r\n<div class=\"ship-now-calltoaction text-center\">\r\n    <span class=\"title\">Spedisci ora!<\/span>\r\n    <div class=\"rounded-div\">\r\n        <button data-toggle=\"modal\" class=\"ship-now btn-primary-sc\">Continua<\/button>\r\n    <\/div>\r\n    <span class=\"subtitle\">Inserisci i dati e spedisci in pochi click!<\/span>\r\n<\/div>\r\n\n\n\n\n<hr class=\"wp-block-separator\"\/>\n\n\n\n<p>Inserisci nell&#8217;area Spedisci ora la citt\u00e0 di partenza in Italia, la citt\u00e0 di destinazione in Francia (ad esempio <span style=\"text-decoration: underline;\"><strong><a href=\"https:\/\/www.spedirecomodo.it\/cms\/spedire-pacco-parigi\/\">Parigi<\/a><\/strong><\/span> o Paris, <span style=\"text-decoration: underline;\"><strong><a href=\"https:\/\/www.spedirecomodo.it\/cms\/spedire-pacco-lione\/\">Lione<\/a><\/strong><\/span> o Lyon, <strong><span style=\"text-decoration: underline;\"><a href=\"https:\/\/www.spedirecomodo.it\/cms\/spedire-un-pacco-a-marsiglia\/\" class=\"rank-math-link\">Marsiglia<\/a><\/span><\/strong> o Marseille, <strong><span style=\"text-decoration: underline;\"><a href=\"https:\/\/www.spedirecomodo.it\/cms\/spedire-un-pacco-a-tolosa\/\" class=\"rank-math-link\">Tolosa<\/a><\/span><\/strong> o Toulouse, <strong><span style=\"text-decoration: underline;\"><a href=\"https:\/\/www.spedirecomodo.it\/cms\/spedire-un-pacco-a-bordeaux\/\" class=\"rank-math-link\">Bordeaux<\/a><\/span><\/strong>, <strong><span style=\"text-decoration: underline;\"><a href=\"https:\/\/www.spedirecomodo.it\/cms\/spedire-un-pacco-a-nantes\/\" class=\"rank-math-link\">Nantes<\/a><\/span><\/strong>, <strong><span style=\"text-decoration: underline;\"><a href=\"https:\/\/www.spedirecomodo.it\/cms\/spedire-un-pacco-a-reims\/\" class=\"rank-math-link\">Reims<\/a><\/span><\/strong>, <strong><span style=\"text-decoration: underline;\"><a href=\"https:\/\/www.spedirecomodo.it\/cms\/spedire-un-pacco-a-strasburgo\/\" class=\"rank-math-link\">Strasburgo<\/a><\/span><\/strong> o Strasbourg, <strong><span style=\"text-decoration: underline;\"><a href=\"https:\/\/www.spedirecomodo.it\/cms\/spedire-un-pacco-a-nizza\/\" class=\"rank-math-link\">Nizza<\/a><\/span><\/strong> o Nice) e il peso del pacco e avvia subito la ricerca.<\/p>\n\n\n\n<p>Il sistema proporr\u00e0 in pochi secondi una lista di proposte di spedizione all&#8217;estero di <strong><span style=\"text-decoration: underline;\"><a href=\"https:\/\/www.spedirecomodo.it\/cms\/brt-eu\/\">BRT DPD<\/a><\/span><\/strong>, <strong><span style=\"text-decoration: underline;\"><a href=\"https:\/\/www.spedirecomodo.it\/cms\/brt-euroexpress\/\">BRT Euroexpress<\/a><\/span><\/strong>, <span style=\"text-decoration: underline;\"><strong><a href=\"https:\/\/www.spedirecomodo.it\/cms\/sda-eu\/\">SDA Road Europe<\/a><\/strong><\/span>, <strong><span style=\"text-decoration: underline;\"><a href=\"https:\/\/www.spedirecomodo.it\/cms\/dhl-internazionale\/\" class=\"rank-math-link\">DHL<\/a><\/span><\/strong> e <strong><span style=\"text-decoration: underline;\"><a href=\"https:\/\/www.spedirecomodo.it\/cms\/skynet-tnt-economy\/\" class=\"rank-math-link\">TNT Skynet<\/a><\/span><\/strong> con tutte le informazioni inerenti a tempi di consegna e costi.<\/p>\n\n\n\n<p>Per la spedizioni in Francia, cos\u00ec come per tutta la Comunit\u00e0 Europea, non occorre alcuna documentazione, mentre se vuoi spedire pacchi fuori dell\u2019UE sar\u00e0 necessario compilare un modulo per la dogana.<\/p>\n\n\n\n<div style=\"height:20px\" aria-hidden=\"true\" class=\"wp-block-spacer\"><\/div>\n\n\n\n<hr class=\"wp-block-separator\"\/>\n\n\n\n<div class=\"wp-block-ugb-feature-grid ugb-feature-grid ugb-837d28a ugb-feature-grid--v2 ugb-feature-grid--columns-3 ugb-feature-grid--design-basic ugb-main-block\"><div class=\"ugb-inner-block\"><div class=\"ugb-block-content\"><div class=\"ugb-feature-grid__item ugb-feature-grid__item1 ugb--shadow-5\"><div class=\"ugb-feature-grid__image\"><img loading=\"lazy\" width=\"1024\" height=\"716\" class=\"ugb-img wp-image-4435\" src=\"https:\/\/www.spedirecomodo.it\/cms\/wp-content\/uploads\/2020\/03\/Come-Spedire-Pacco-1024x716.png\" alt=\"Come spedire un pacco\" srcset=\"https:\/\/www.spedirecomodo.it\/cms\/wp-content\/uploads\/2020\/03\/Come-Spedire-Pacco-1024x716.png 1024w, https:\/\/www.spedirecomodo.it\/cms\/wp-content\/uploads\/2020\/03\/Come-Spedire-Pacco-300x210.png 300w, https:\/\/www.spedirecomodo.it\/cms\/wp-content\/uploads\/2020\/03\/Come-Spedire-Pacco-768x537.png 768w, https:\/\/www.spedirecomodo.it\/cms\/wp-content\/uploads\/2020\/03\/Come-Spedire-Pacco.png 1304w\" sizes=\"(max-width: 1024px) 100vw, 1024px\" \/><\/div><div class=\"ugb-feature-grid__content\"><h4 class=\"ugb-feature-grid__title\">Come spedire un pacco<\/h4><p class=\"ugb-feature-grid__description\">Se sei alla prima spedizione con noi leggi la nostra breve guida con tutti i passaggi per completare un ordine.<\/p><div class=\"ugb-button-container\"><a class=\"ugb-button ugb-button--size-normal ugb--hover-effect-scale\" href=\"https:\/\/www.spedirecomodo.it\/cms\/come-spedire-un-pacco\/\" rel=\"\" title=\"\"><span class=\"ugb-button--inner\">Scopri di pi\u00f9<\/span><\/a><\/div><\/div><\/div><div class=\"ugb-feature-grid__item ugb-feature-grid__item2 ugb--shadow-5\"><div class=\"ugb-feature-grid__image\"><img loading=\"lazy\" width=\"1024\" height=\"676\" class=\"ugb-img wp-image-4432\" src=\"https:\/\/www.spedirecomodo.it\/cms\/wp-content\/uploads\/2020\/03\/Preparare-un-Pacco-1024x676.png\" alt=\"Come preparare un pacco\" srcset=\"https:\/\/www.spedirecomodo.it\/cms\/wp-content\/uploads\/2020\/03\/Preparare-un-Pacco-1024x676.png 1024w, https:\/\/www.spedirecomodo.it\/cms\/wp-content\/uploads\/2020\/03\/Preparare-un-Pacco-300x198.png 300w, https:\/\/www.spedirecomodo.it\/cms\/wp-content\/uploads\/2020\/03\/Preparare-un-Pacco-768x507.png 768w, https:\/\/www.spedirecomodo.it\/cms\/wp-content\/uploads\/2020\/03\/Preparare-un-Pacco.png 1254w\" sizes=\"(max-width: 1024px) 100vw, 1024px\" \/><\/div><div class=\"ugb-feature-grid__content\"><h4 class=\"ugb-feature-grid__title\">Come preparare un pacco<\/h4><p class=\"ugb-feature-grid__description\">Consulta la nostra guida per un corretto imballaggio&nbsp;del pacco per garantire la sicurezza della tua spedizione.<\/p><div class=\"ugb-button-container\"><a class=\"ugb-button ugb-button--size-normal ugb--hover-effect-scale\" href=\"https:\/\/www.spedirecomodo.it\/cms\/come-preparare-un-pacco\/\" rel=\"\" title=\"\"><span class=\"ugb-button--inner\">Scopri di pi\u00f9<\/span><\/a><\/div><\/div><\/div><div class=\"ugb-feature-grid__item ugb-feature-grid__item3 ugb--shadow-5\"><div class=\"ugb-feature-grid__image\"><img loading=\"lazy\" width=\"722\" height=\"639\" class=\"ugb-img wp-image-6618\" src=\"https:\/\/www.spedirecomodo.it\/cms\/wp-content\/uploads\/2021\/03\/Spedirecomodo-Businness.png\" alt=\"Ho un ecommerce\" srcset=\"https:\/\/www.spedirecomodo.it\/cms\/wp-content\/uploads\/2021\/03\/Spedirecomodo-Businness.png 722w, https:\/\/www.spedirecomodo.it\/cms\/wp-content\/uploads\/2021\/03\/Spedirecomodo-Businness-300x266.png 300w\" sizes=\"(max-width: 722px) 100vw, 722px\" \/><\/div><div class=\"ugb-feature-grid__content\"><h4 class=\"ugb-feature-grid__title\">Ho un ecommerce<\/h4><p class=\"ugb-feature-grid__description\">Se hai una partita IVA richiedi subito l&#8217;attivazione gratuita a Spedirecomodo Business.<\/p><div class=\"ugb-button-container\"><a class=\"ugb-button ugb-button--size-normal ugb--hover-effect-scale\" href=\"https:\/\/www.spedirecomodo.it\/cms\/clienti-business\/\" rel=\"\" title=\"\"><span class=\"ugb-button--inner\">Scopri di pi\u00f9<\/span><\/a><\/div><\/div><\/div><\/div><\/div><\/div>\n\n\n\n<div class=\"wp-block-ugb-feature ugb-feature ugb-d9594c4 ugb-feature--v2 ugb-feature--design-basic ugb-main-block\"><div class=\"ugb-inner-block\"><div class=\"ugb-block-content\"><div class=\"ugb-feature__item ugb--shadow-5\"><div class=\"ugb-feature__content\"><h2 class=\"ugb-feature__title\">Scrivici di cosa hai bisogno<\/h2><p class=\"ugb-feature__description\">Di qualsiasi cosa tu abbia bisogno, che sia un approfondimento, un preventivo oppure semplicemente una domanda, <strong>ti risponderemo subito<\/strong>.<\/p><div class=\"ugb-button-container\"><a class=\"ugb-button ugb-button--size-normal ugb--hover-effect-scale\" href=\"mailto:info@spedirecomodo.it?subject=Desidero informazioni per spedire in Francia\" rel=\"\" title=\"\"><span class=\"ugb-button--inner\">Contattaci!<\/span><\/a><\/div><\/div><div class=\"ugb-feature__image-side\"><img class=\"ugb-feature__image ugb-img wp-image-6867 ugb-image--shape-stretch\" src=\"https:\/\/www.spedirecomodo.it\/cms\/wp-content\/uploads\/2021\/04\/Servizio-Clienti-Spedirecomodo.png\" alt=\"Servizio Clienti Spedirecomodo\" height=\"245\" srcset=\"https:\/\/www.spedirecomodo.it\/cms\/wp-content\/uploads\/2021\/04\/Servizio-Clienti-Spedirecomodo.png 864w, https:\/\/www.spedirecomodo.it\/cms\/wp-content\/uploads\/2021\/04\/Servizio-Clienti-Spedirecomodo-300x194.png 300w, https:\/\/www.spedirecomodo.it\/cms\/wp-content\/uploads\/2021\/04\/Servizio-Clienti-Spedirecomodo-768x496.png 768w\" sizes=\"(max-width: 864px) 100vw, 864px\" \/><\/div><\/div><\/div><\/div><\/div>\n\n\n\n<hr class=\"wp-block-separator\"\/>\n\n\n\n<h3>Spedizioni internazionali in Francia<\/h3>\n\n\n\n<p>Sul sito Spedirecomodo, potrai prenotare dove e quando vuoi la tua spedizione online ed effettuare pagamenti sicuri tramite le maggiori carte di credito o PayPal e riceverai l&#8217;assistenza di cui hai bisogno via Live Chat o mail.<\/p>\n\n\n\n<p>Il servizio di <strong><span style=\"text-decoration: underline;\"><a href=\"https:\/\/www.spedirecomodo.it\/cms\/cercare-spedizioni\/\" class=\"rank-math-link\">Tracking online<\/a><\/span><\/strong> permette di seguire lo stato della spedizione tramite i codici assegnati sia dal corriere internazionale che da Spedirecomodo.<\/p>\n\n\n\n<div style=\"height:20px\" aria-hidden=\"true\" class=\"wp-block-spacer\"><\/div>\n\n\n\r\n<div class=\"ship-now-calltoaction text-center\">\r\n    <span class=\"title\">Spedisci ora!<\/span>\r\n    <div class=\"rounded-div\">\r\n        <button data-toggle=\"modal\" class=\"ship-now btn-primary-sc\">Continua<\/button>\r\n    <\/div>\r\n    <span class=\"subtitle\">Inserisci i dati e spedisci in pochi click!<\/span>\r\n<\/div>\r\n\n\n\n\n<div style=\"height:20px\" aria-hidden=\"true\" class=\"wp-block-spacer\"><\/div>\n\n\n\n<hr class=\"wp-block-separator\"\/>\n\n\n\n<h3>Suggerimenti importanti per spedire pacchi in Francia<\/h3>\n\n\n\n<div style=\"height:20px\" aria-hidden=\"true\" class=\"wp-block-spacer\"><\/div>\n\n\n\n<p>Quando prenoti la tua spedizione di un pacco in France, segui queste raccomandazioni:<\/p>\n\n\n\n<ul><li>Informati se \u00e8 possibile inviare il contenuto del pacco in conformit\u00e0 con le leggi internazionali di spedizione merci. Per questo puoi consultare la lista di \u201cArticoli proibiti\u201c.<\/li><li>Introduci le misure e il peso del pacco e verifica il prezzo e i tempi di consegna.<\/li><li>Scrivi in modo chiaro e leggibile gli indirizzi di ritiro e di consegna in France e verifica cosa \u00e8 necessario stampare, come etichette o fatture.<\/li><li>I corrieri sono specializzati in spedizioni internazionali per la Francia, tuttavia, per evitare inutili problemi, \u00e8 necessario prestare attenzione all\u2019imballaggio, in modo da garantire un trasporto sicuro della merce.<\/li><li>Goditi i migliori servizi di spedizione all&#8217;estero a prezzi economici solo con Spedirecomodo!<\/li><\/ul>\n\n\n\n<div style=\"height:20px\" aria-hidden=\"true\" class=\"wp-block-spacer\"><\/div>\n\n\n\n<hr class=\"wp-block-separator\"\/>\n\n\n\n<h3>Lavorare e vivere in Francia<\/h3>\n\n\n\n<p>Per trasferirsi in Francia, nonostante non sia un Paese lontano dall\u2019Italia, \u00e8 consigliabile essere motivati e soprattutto conoscere la lingua francese.<\/p>\n\n\n\n<p>I francesi tengono molto alla loro identit\u00e0 quindi \u00e8 consigliabile parlare e capire il francese.<\/p>\n\n\n\n<p>Per i cittadini italiani, o di qualsiasi altro Paese membro dell\u2019Unione Europea, non \u00e8 necessario alcun visto o documento per entrare in Francia.<\/p>\n\n\n\n<p>Per soggiorni superiori a novanta giorni, oppure per motivi di lavoro, sar\u00e0 necessario richiedere la residenza temporanea in Francia.<\/p>\n\n\n\n<p>In relazione alle tue necessit\u00e0, ai componenti del tuo nucleo famigliare, al tuo budget e della zona della Francia in cui hai deciso di andare a vivere, gli affitti e le offerte del mercato immobiliare possono variare notevolmente.<\/p>\n\n\n\n<p>Una stanza o un appartamento in affitto a Parigi, ad esempio, costa molto di pi\u00f9 rispetto ad un appartamento nelle regioni periferiche.<\/p>\n\n\n\n<hr class=\"wp-block-separator\"\/>\n\n\n\n<h3>Costo della vita in Francia<\/h3>\n\n\n\n<p>Il costo della vita in Francia varia molto a seconda delle diverse citt\u00e0 e regioni.<\/p>\n\n\n\n<p>Attenzione che il costo della vita varia anche tra i diversi arrondissements (circoscrizioni) di Parigi.<\/p>\n\n\n\n<p>Nel complesso il costo della vita in Francia \u00e8 tendenzialmente pi\u00f9 alto rispetto a quello italiano, ma anche il salario medio risulta superiore.<\/p>\n\n\n\n<p>Per quanto concerne il mercato del lavoro in  Francia, i settori pi\u00f9 in crescita sono tecnologia (biotecnologie e nanotecnologie), energie rinnovabili, edilizia ed economia digitale.<\/p>\n\n\n\n<p>Il servizio sanitario francese \u00e8 organizzato secondo un sistema di rimborsi basato sulla s\u00e9curit\u00e9 sociale, la quale garantisce una copertura a tutti i residenti in Francia.<\/p>\n\n\n\n<p>Per poter accedere a tale servizio \u00e8 necessario richiedere l\u2019equivalente della tessera sanitaria presso un CPAM (Caisse Primaire Assurance Maladie).<\/p>\n\n\n\n<hr class=\"wp-block-separator\"\/>\n\n\n\n<p>Se hai bisogno di informazioni e utili consigli per realizzare un ecommerce di successo visita <span style=\"text-decoration: underline;\"><strong><a href=\"https:\/\/metaxy.eu\" class=\"rank-math-link\" target=\"_blank\" rel=\"noopener\">M\u00e9taxy<\/a><\/strong><\/span>.<\/p>\n\n\n\n<p><span style=\"text-decoration: underline;\"><strong><a href=\"https:\/\/www.spedirecomodo.it\/cms\/spedire-estero\/\">Spedire all&#8217;estero<\/a><\/strong><\/span>, spedire online, spedire lowcost&#8230; spedire comodo.<\/p>\n\n\n\n<div style=\"height:50px\" aria-hidden=\"true\" class=\"wp-block-spacer\"><\/div>\n\n\n\n<p><\/p>\n<style class=\"advgb-styles-renderer\">.ugb-38fa49a .ugb-feature__item{border-radius:15px !important;background-color:#ffffff !important}.ugb-38fa49a .ugb-feature__item:before{background-color:#ffffff !important}.ugb-38fa49a .ugb-img{border-radius:5px}@media screen and (min-width:768px){.ugb-38fa49a .ugb-img{border-radius:5px;width:420px;height:auto !important}}@media screen and (min-width:768px) and (max-width:1025px){.ugb-38fa49a .ugb-img{width:380px;height:auto !important}}@media screen and (max-width:768px){.ugb-38fa49a .ugb-img{width:285px;height:auto !important}}.ugb-837d28a .ugb-button .ugb-button--inner{font-size:18px !important}.ugb-d9594c4 .ugb-button .ugb-button--inner{font-size:18px !important}.ugb-d9594c4 .ugb-button{padding-top:10px;padding-right:25px;padding-bottom:10px;padding-left:25px;border-radius:5px !important}.ugb-d9594c4 .ugb-button:before{border-radius:5px !important}@media screen and (min-width:768px){.ugb-d9594c4 .ugb-img{width:380px;height:auto !important}}@media screen and (min-width:768px) and (max-width:1025px){.ugb-d9594c4 .ugb-img{width:380px;height:auto !important}}@media screen and (max-width:768px){.ugb-d9594c4 .ugb-img{width:285px;height:auto !important}}<\/style>","protected":false},"excerpt":{"rendered":"<p>Spedire un pacco in Francia con SDA, BRT DPD, DHL e TNT Skynet \u00e8 economico Se cerchi una soluzione per le tue spedizioni economiche in Francia (English Version), con Spedirecomodo potrai spedire in Francia a prezzi davvero vantaggiosi. Spedire in Francia un pacco a partire da 16,10\u20ac. Inserisci nell&#8217;area Spedisci ora la citt\u00e0 di partenza [&hellip;]<\/p>\n","protected":false},"author":7,"featured_media":0,"parent":0,"menu_order":0,"comment_status":"closed","ping_status":"closed","template":"index-trustpilot.php","meta":{"advgb_blocks_editor_width":"","advgb_blocks_columns_visual_guide":""},"categories":[],"tags":[],"featured_image_urls":{"full":"","thumbnail":"","medium":"","medium_large":"","large":"","1536x1536":"","2048x2048":""},"post_excerpt_stackable":"<p>Spedire un pacco in Francia con SDA, BRT DPD, DHL e TNT Skynet \u00e8 economicoSe cerchi una soluzione per le tue spedizioni economiche in Francia (English Version), con Spedirecomodo potrai spedire in Francia a prezzi davvero vantaggiosi. Spedire in Francia un pacco a partire da 16,10\u20ac. Spedisci ora! Continua Inserisci i dati e spedisci in pochi click! Inserisci nell&#8217;area Spedisci ora la citt\u00e0 di partenza in Italia, la citt\u00e0 di destinazione in Francia (ad esempio Parigi o Paris, Lione o Lyon, Marsiglia o Marseille, Tolosa o Toulouse, Bordeaux, Nantes, Reims, Strasburgo o Strasbourg, Nizza o Nice) e il peso del&hellip;<\/p>\n","category_list":"Senza categoria","author_info":{"name":"Sebastiano Torcellan","url":"https:\/\/www.spedirecomodo.it\/cms\/author\/sebastiano-torcellan\/"},"comments_num":"0 commenti","featured_image_urls_v2":{"full":"","thumbnail":"","medium":"","medium_large":"","large":"","1536x1536":"","2048x2048":""},"post_excerpt_stackable_v2":"<p>Spedire un pacco in Francia con SDA, BRT DPD, DHL e TNT Skynet \u00e8 economicoSe cerchi una soluzione per le tue spedizioni economiche in Francia (English Version), con Spedirecomodo potrai spedire in Francia a prezzi davvero vantaggiosi. Spedire in Francia un pacco a partire da 16,10\u20ac. Spedisci ora! Continua Inserisci i dati e spedisci in pochi click! Inserisci nell&#8217;area Spedisci ora la citt\u00e0 di partenza in Italia, la citt\u00e0 di destinazione in Francia (ad esempio Parigi o Paris, Lione o Lyon, Marsiglia o Marseille, Tolosa o Toulouse, Bordeaux, Nantes, Reims, Strasburgo o Strasbourg, Nizza o Nice) e il peso del&hellip;<\/p>\n","category_list_v2":"Senza categoria","author_info_v2":{"name":"Sebastiano Torcellan","url":"https:\/\/www.spedirecomodo.it\/cms\/author\/sebastiano-torcellan\/"},"comments_num_v2":"0 commenti","coauthors":[],"author_meta":{"author_link":"https:\/\/www.spedirecomodo.it\/cms\/author\/sebastiano-torcellan\/","display_name":"Sebastiano Torcellan"},"relative_dates":{"created":"Pubblicato 5 anni fa","modified":"Aggiornato 5 anni fa"},"absolute_dates":{"created":"Pubblicato il 20 Maggio 2021","modified":"Aggiornato il 21 Maggio 2021"},"absolute_dates_time":{"created":"Pubblicato il 20 Maggio 2021 12:48","modified":"Aggiornato il 21 Maggio 2021 17:57"},"featured_img_caption":"","featured_img":false,"series_order":"","_links":{"self":[{"href":"https:\/\/www.spedirecomodo.it\/cms\/wp-json\/wp\/v2\/pages\/1705"}],"collection":[{"href":"https:\/\/www.spedirecomodo.it\/cms\/wp-json\/wp\/v2\/pages"}],"about":[{"href":"https:\/\/www.spedirecomodo.it\/cms\/wp-json\/wp\/v2\/types\/page"}],"author":[{"embeddable":true,"href":"https:\/\/www.spedirecomodo.it\/cms\/wp-json\/wp\/v2\/users\/7"}],"replies":[{"embeddable":true,"href":"https:\/\/www.spedirecomodo.it\/cms\/wp-json\/wp\/v2\/comments?post=1705"}],"version-history":[{"count":8,"href":"https:\/\/www.spedirecomodo.it\/cms\/wp-json\/wp\/v2\/pages\/1705\/revisions"}],"predecessor-version":[{"id":7578,"href":"https:\/\/www.spedirecomodo.it\/cms\/wp-json\/wp\/v2\/pages\/1705\/revisions\/7578"}],"wp:attachment":[{"href":"https:\/\/www.spedirecomodo.it\/cms\/wp-json\/wp\/v2\/media?parent=1705"}],"wp:term":[{"taxonomy":"category","embeddable":true,"href":"https:\/\/www.spedirecomodo.it\/cms\/wp-json\/wp\/v2\/categories?post=1705"},{"taxonomy":"post_tag","embeddable":true,"href":"https:\/\/www.spedirecomodo.it\/cms\/wp-json\/wp\/v2\/tags?post=1705"}],"curies":[{"name":"wp","href":"https:\/\/api.w.org\/{rel}","templated":true}]}}