{"id":1715,"date":"2021-05-20T13:26:00","date_gmt":"2021-05-20T11:26:00","guid":{"rendered":"https:\/\/www.spedirecomodo.it\/cms\/?page_id=1715"},"modified":"2021-05-21T18:10:34","modified_gmt":"2021-05-21T16:10:34","slug":"spedire-pacco-germania","status":"publish","type":"page","link":"https:\/\/www.spedirecomodo.it\/cms\/spedire-pacco-germania\/","title":{"rendered":"Spedire un pacco in Germania"},"content":{"rendered":"\n<div style=\"height:20px\" aria-hidden=\"true\" class=\"wp-block-spacer\"><\/div>\n\n\n\n<div class=\"wp-block-ugb-feature ugb-feature ugb-aab0c94 ugb-feature--v2 ugb-feature--design-basic ugb-main-block\"><div class=\"ugb-inner-block\"><div class=\"ugb-block-content\"><div class=\"ugb-feature__item ugb--shadow-5\"><div class=\"ugb-feature__content\"><h2 class=\"ugb-feature__title\">Spedire pacchi in Germania con BRT DPD, SDA, DHL e TNT Skynet \u00e8 economico<\/h2><p class=\"ugb-feature__description\">Se devi prenotare delle spedizioni economiche per la Germania (<strong><a class=\"rank-math-link\" href=\"https:\/\/www.spedirecomodo.it\/cms\/ship-to-germany\/\"><span style=\"text-decoration: underline;\">English Version<\/span><\/a><\/strong>) sei nel posto giusto.<br>Utilizzando Spedirecomodo&nbsp;avrai la sicurezza di scegliere il Corriere internazionale con la migliore offerta per spedire il tuo pacco in Germania.<\/p><\/div><div class=\"ugb-feature__image-side\"><img class=\"ugb-feature__image ugb-img wp-image-2092 ugb-image--shape-stretch\" src=\"\/cms\/wp-content\/uploads\/2020\/05\/Porta-Brandeburgo-low-e1590581661668-1024x540.jpg\" alt=\"Spedire in Germania\" height=\"221\" srcset=\"https:\/\/www.spedirecomodo.it\/cms\/wp-content\/uploads\/2020\/05\/Porta-Brandeburgo-low-e1590581661668-1024x540.jpg 1024w, https:\/\/www.spedirecomodo.it\/cms\/wp-content\/uploads\/2020\/05\/Porta-Brandeburgo-low-e1590581661668-300x158.jpg 300w, https:\/\/www.spedirecomodo.it\/cms\/wp-content\/uploads\/2020\/05\/Porta-Brandeburgo-low-e1590581661668-768x405.jpg 768w, https:\/\/www.spedirecomodo.it\/cms\/wp-content\/uploads\/2020\/05\/Porta-Brandeburgo-low-e1590581661668.jpg 1280w\" sizes=\"(max-width: 1024px) 100vw, 1024px\" \/><\/div><\/div><\/div><\/div><\/div>\n\n\n\n<hr class=\"wp-block-separator\"\/>\n\n\n\n<h3>Spedizioni internazionali in Germania<\/h3>\n\n\n\n<div style=\"height:20px\" aria-hidden=\"true\" class=\"wp-block-spacer\"><\/div>\n\n\n\n<p>Potrai spedire all&#8217;estero con i maggiori Corrieri Espresso&nbsp;<strong><a href=\"https:\/\/www.spedirecomodo.it\/cms\/brt-eu\/\"><span style=\"text-decoration: underline;\">BRT DPD<\/span><\/a><\/strong>,&nbsp;<strong><span style=\"text-decoration: underline;\"><a href=\"https:\/\/www.spedirecomodo.it\/cms\/brt-euroexpress\/\">BRT Euroexpress<\/a><\/span><\/strong>,&nbsp;<strong><a href=\"https:\/\/www.spedirecomodo.it\/cms\/sda-eu\/\"><span style=\"text-decoration: underline;\">SDA Road Europe<\/span><\/a><\/strong>, <strong><span style=\"text-decoration: underline;\"><a href=\"https:\/\/www.spedirecomodo.it\/cms\/dhl-internazionale\/\" class=\"rank-math-link\">DHL<\/a><\/span><\/strong>&nbsp;e&nbsp;<strong><span style=\"text-decoration: underline;\"><a href=\"https:\/\/www.spedirecomodo.it\/cms\/skynet-tnt-economy\/\" class=\"rank-math-link\">TNT Skynet<\/a><\/span><\/strong>.<\/p>\n\n\n\n<p class=\"has-very-light-gray-background-color has-background\"><strong>Spedire in Germania a partire da 15,90\u20ac tutto incluso<\/strong>.<\/p>\n\n\n\n<p>Inserisci i dati della spedizione internazionale nell&#8217;area Spedisci ora in alto: luogo di partenza, citt\u00e0 di destinazione in Germania (esempio <span style=\"text-decoration: underline;\"><strong><a href=\"https:\/\/www.spedirecomodo.it\/cms\/spedire-pacco-berlino\/\">Berlino<\/a><\/strong><\/span> o Berlin, <span style=\"text-decoration: underline;\"><strong><a href=\"https:\/\/www.spedirecomodo.it\/cms\/spedire-pacco-monaco-baviera\/\">Monaco di Baviera<\/a><\/strong><\/span> o M\u00fcnchen, <span style=\"text-decoration: underline;\"><strong><a href=\"https:\/\/www.spedirecomodo.it\/cms\/spedire-pacco-amburgo\/\">Amburgo<\/a><\/strong><\/span> o Hamburg, <span style=\"text-decoration: underline;\"><strong><a href=\"https:\/\/www.spedirecomodo.it\/cms\/spedire-pacco-stoccarda\/\">Stoccarda<\/a><\/strong><\/span> o Stuttgart, <strong><span style=\"text-decoration: underline;\"><a href=\"https:\/\/www.spedirecomodo.it\/cms\/spedire-un-pacco-a-francoforte\/\" class=\"rank-math-link\">Francoforte<\/a><\/span><\/strong> o Frankfurt&nbsp;am Main, <strong><span style=\"text-decoration: underline;\"><a href=\"https:\/\/www.spedirecomodo.it\/cms\/spedire-un-pacco-a-colonia\/\" class=\"rank-math-link\">Colonia<\/a><\/span><\/strong> o K\u00f6ln, <strong><span style=\"text-decoration: underline;\"><a href=\"https:\/\/www.spedirecomodo.it\/cms\/spedire-un-pacco-a-dusseldorf\/\" class=\"rank-math-link\">D\u00fcsseldorf<\/a><\/span><\/strong>, <strong><span style=\"text-decoration: underline;\"><a href=\"https:\/\/www.spedirecomodo.it\/cms\/spedire-un-pacco-a-dortmund\/\" class=\"rank-math-link\">Dortmund<\/a><\/span><\/strong>, <strong><span style=\"text-decoration: underline;\"><a href=\"https:\/\/www.spedirecomodo.it\/cms\/spedire-un-pacco-a-brema\/\" class=\"rank-math-link\">Brema<\/a><\/span><\/strong> o Bremen, <strong><span style=\"text-decoration: underline;\"><a href=\"https:\/\/www.spedirecomodo.it\/cms\/spedire-un-pacco-a-hannover\/\" class=\"rank-math-link\">Hannover<\/a><\/span><\/strong>, <strong><span style=\"text-decoration: underline;\"><a href=\"https:\/\/www.spedirecomodo.it\/cms\/spedire-un-pacco-a-dresda\/\" class=\"rank-math-link\">Dresda<\/a><\/span><\/strong> o Dresden, <strong><span style=\"text-decoration: underline;\"><a href=\"https:\/\/www.spedirecomodo.it\/cms\/spedire-un-pacco-a-lipsia\/\" class=\"rank-math-link\">Lipsia<\/a><\/span><\/strong> o Leipzig) e peso del pacco.<\/p>\n\n\n\n<p>Cliccando su \u201cRicerca\u201d ti apparir\u00e0 una proposta completa di corrieri internazionali con tariffe e tempi di consegna.<\/p>\n\n\n\n<p>Scegli il servizio di spedizione internazionale economica in Germania che preferisci e leggi anche le istruzioni su come preparare un pacco e i prodotti non ammessi.<\/p>\n\n\n\n<p>Questo ti garantir\u00e0 che il tuo pacco arrivi intatto a destinazione e che non si verifichino problemi durante il trasporto internazionale.<\/p>\n\n\n\n<div style=\"height:20px\" aria-hidden=\"true\" class=\"wp-block-spacer\"><\/div>\n\n\n\r\n<div class=\"ship-now-calltoaction text-center\">\r\n    <span class=\"title\">Spedisci ora!<\/span>\r\n    <div class=\"rounded-div\">\r\n        <button data-toggle=\"modal\" class=\"ship-now btn-primary-sc\">Continua<\/button>\r\n    <\/div>\r\n    <span class=\"subtitle\">Inserisci i dati e spedisci in pochi click!<\/span>\r\n<\/div>\r\n\n\n\n\n<div style=\"height:20px\" aria-hidden=\"true\" class=\"wp-block-spacer\"><\/div>\n\n\n\n<hr class=\"wp-block-separator\"\/>\n\n\n\n<div class=\"wp-block-ugb-feature-grid ugb-feature-grid ugb-837d28a ugb-feature-grid--v2 ugb-feature-grid--columns-3 ugb-feature-grid--design-basic ugb-main-block\"><div class=\"ugb-inner-block\"><div class=\"ugb-block-content\"><div class=\"ugb-feature-grid__item ugb-feature-grid__item1 ugb--shadow-5\"><div class=\"ugb-feature-grid__image\"><img loading=\"lazy\" width=\"1024\" height=\"716\" class=\"ugb-img wp-image-4435\" src=\"https:\/\/www.spedirecomodo.it\/cms\/wp-content\/uploads\/2020\/03\/Come-Spedire-Pacco-1024x716.png\" alt=\"Come spedire un pacco\" srcset=\"https:\/\/www.spedirecomodo.it\/cms\/wp-content\/uploads\/2020\/03\/Come-Spedire-Pacco-1024x716.png 1024w, https:\/\/www.spedirecomodo.it\/cms\/wp-content\/uploads\/2020\/03\/Come-Spedire-Pacco-300x210.png 300w, https:\/\/www.spedirecomodo.it\/cms\/wp-content\/uploads\/2020\/03\/Come-Spedire-Pacco-768x537.png 768w, https:\/\/www.spedirecomodo.it\/cms\/wp-content\/uploads\/2020\/03\/Come-Spedire-Pacco.png 1304w\" sizes=\"(max-width: 1024px) 100vw, 1024px\" \/><\/div><div class=\"ugb-feature-grid__content\"><h4 class=\"ugb-feature-grid__title\">Come spedire un pacco<\/h4><p class=\"ugb-feature-grid__description\">Se sei alla prima spedizione con noi leggi la nostra breve guida con tutti i passaggi per completare un ordine.<\/p><div class=\"ugb-button-container\"><a class=\"ugb-button ugb-button--size-normal ugb--hover-effect-scale\" href=\"https:\/\/www.spedirecomodo.it\/cms\/come-spedire-un-pacco\/\" rel=\"\" title=\"\"><span class=\"ugb-button--inner\">Scopri di pi\u00f9<\/span><\/a><\/div><\/div><\/div><div class=\"ugb-feature-grid__item ugb-feature-grid__item2 ugb--shadow-5\"><div class=\"ugb-feature-grid__image\"><img loading=\"lazy\" width=\"1024\" height=\"676\" class=\"ugb-img wp-image-4432\" src=\"https:\/\/www.spedirecomodo.it\/cms\/wp-content\/uploads\/2020\/03\/Preparare-un-Pacco-1024x676.png\" alt=\"Come preparare un pacco\" srcset=\"https:\/\/www.spedirecomodo.it\/cms\/wp-content\/uploads\/2020\/03\/Preparare-un-Pacco-1024x676.png 1024w, https:\/\/www.spedirecomodo.it\/cms\/wp-content\/uploads\/2020\/03\/Preparare-un-Pacco-300x198.png 300w, https:\/\/www.spedirecomodo.it\/cms\/wp-content\/uploads\/2020\/03\/Preparare-un-Pacco-768x507.png 768w, https:\/\/www.spedirecomodo.it\/cms\/wp-content\/uploads\/2020\/03\/Preparare-un-Pacco.png 1254w\" sizes=\"(max-width: 1024px) 100vw, 1024px\" \/><\/div><div class=\"ugb-feature-grid__content\"><h4 class=\"ugb-feature-grid__title\">Come preparare un pacco<\/h4><p class=\"ugb-feature-grid__description\">Consulta la nostra guida per un corretto imballaggio&nbsp;del pacco per garantire la sicurezza della tua spedizione.<\/p><div class=\"ugb-button-container\"><a class=\"ugb-button ugb-button--size-normal ugb--hover-effect-scale\" href=\"https:\/\/www.spedirecomodo.it\/cms\/come-preparare-un-pacco\/\" rel=\"\" title=\"\"><span class=\"ugb-button--inner\">Scopri di pi\u00f9<\/span><\/a><\/div><\/div><\/div><div class=\"ugb-feature-grid__item ugb-feature-grid__item3 ugb--shadow-5\"><div class=\"ugb-feature-grid__image\"><img loading=\"lazy\" width=\"722\" height=\"639\" class=\"ugb-img wp-image-6618\" src=\"https:\/\/www.spedirecomodo.it\/cms\/wp-content\/uploads\/2021\/03\/Spedirecomodo-Businness.png\" alt=\"Ho un ecommerce\" srcset=\"https:\/\/www.spedirecomodo.it\/cms\/wp-content\/uploads\/2021\/03\/Spedirecomodo-Businness.png 722w, https:\/\/www.spedirecomodo.it\/cms\/wp-content\/uploads\/2021\/03\/Spedirecomodo-Businness-300x266.png 300w\" sizes=\"(max-width: 722px) 100vw, 722px\" \/><\/div><div class=\"ugb-feature-grid__content\"><h4 class=\"ugb-feature-grid__title\">Ho un ecommerce<\/h4><p class=\"ugb-feature-grid__description\">Se hai una partita IVA richiedi subito l&#8217;attivazione gratuita a Spedirecomodo Business.<\/p><div class=\"ugb-button-container\"><a class=\"ugb-button ugb-button--size-normal ugb--hover-effect-scale\" href=\"https:\/\/www.spedirecomodo.it\/cms\/clienti-business\/\" rel=\"\" title=\"\"><span class=\"ugb-button--inner\">Scopri di pi\u00f9<\/span><\/a><\/div><\/div><\/div><\/div><\/div><\/div>\n\n\n\n<div class=\"wp-block-ugb-feature ugb-feature ugb-d9594c4 ugb-feature--v2 ugb-feature--design-basic ugb-main-block\"><div class=\"ugb-inner-block\"><div class=\"ugb-block-content\"><div class=\"ugb-feature__item ugb--shadow-5\"><div class=\"ugb-feature__content\"><h2 class=\"ugb-feature__title\">Scrivici di cosa hai bisogno<\/h2><p class=\"ugb-feature__description\">Di qualsiasi cosa tu abbia bisogno, che sia un approfondimento, un preventivo oppure semplicemente una domanda, <strong>ti risponderemo subito<\/strong>.<\/p><div class=\"ugb-button-container\"><a class=\"ugb-button ugb-button--size-normal ugb--hover-effect-scale\" href=\"mailto:info@spedirecomodo.it?subject=Desidero informazioni per spedire in Germania\" rel=\"\" title=\"\"><span class=\"ugb-button--inner\">Contattaci!<\/span><\/a><\/div><\/div><div class=\"ugb-feature__image-side\"><img class=\"ugb-feature__image ugb-img wp-image-6867 ugb-image--shape-stretch\" src=\"https:\/\/www.spedirecomodo.it\/cms\/wp-content\/uploads\/2021\/04\/Servizio-Clienti-Spedirecomodo.png\" alt=\"Servizio Clienti Spedirecomodo\" height=\"245\" srcset=\"https:\/\/www.spedirecomodo.it\/cms\/wp-content\/uploads\/2021\/04\/Servizio-Clienti-Spedirecomodo.png 864w, https:\/\/www.spedirecomodo.it\/cms\/wp-content\/uploads\/2021\/04\/Servizio-Clienti-Spedirecomodo-300x194.png 300w, https:\/\/www.spedirecomodo.it\/cms\/wp-content\/uploads\/2021\/04\/Servizio-Clienti-Spedirecomodo-768x496.png 768w\" sizes=\"(max-width: 864px) 100vw, 864px\" \/><\/div><\/div><\/div><\/div><\/div>\n\n\n\n<hr class=\"wp-block-separator\"\/>\n\n\n\n<h3>Come spedire un pacco in Germany<\/h3>\n\n\n\n<p>Se la spedizione in Germania parte da un paese europeo come l&#8217;Italia non sono necessari documenti doganali.<\/p>\n\n\n\n<p>Provvedi al pagamento con PayPal o con carta di credito. Il Corriere passer\u00e0 a ritirare a domicilio la tua spedizione il giorno stabilito e, da quel momento, potrai seguire online il suo percorso: sar\u00e0 sufficiente inserire il numero di Tracking Spedirecomodo oppure quello assegnato dal Corriere Espresso.<\/p>\n\n\n\n<hr class=\"wp-block-separator\"\/>\n\n\n\n<h3>Suggerimenti importanti per la spedizione in Germania<\/h3>\n\n\n\n<div style=\"height:20px\" aria-hidden=\"true\" class=\"wp-block-spacer\"><\/div>\n\n\n\n<p>Quando devi spedire all&#8217;estero un pacco in Germany, segui queste raccomandazioni:<\/p>\n\n\n\n<ul><li>Ci sono alcune restrizioni per spedizioni internazionali urgenti. Ti consigliamo di controllare la lista di \u201cArticoli proibiti\u201d prima di acquistare la spedizione in Deutschland.<\/li><li>Seleziona la destinazione della tua spedizione in una localit\u00e0 tedesca con il nome esatto e confronta tra i servizi offerti dai corrieri internazionali.<\/li><li>Proteggere il contenuto del pacco che spediamo nella repubblica tedesca \u00e8 il modo pi\u00f9 sicuro per garantire che il tuo invio arrivi in modo veloce alla destinazione estera.<\/li><li>Inviare pacchi con Spedirecomodo risparmi non solo denaro, ma anche tempo prezioso che potrai usare a tuo piacimento.<\/li><\/ul>\n\n\n\n<div style=\"height:20px\" aria-hidden=\"true\" class=\"wp-block-spacer\"><\/div>\n\n\n<div class=\"su-button-center\"><a href=\"https:\/\/www.spedirecomodo.it\/cms\/spedire-subito\/\" class=\"su-button su-button-style-default\" style=\"color:#FFFFFF;background-color:#0693e3;border-color:#0576b6;border-radius:10px;-moz-border-radius:10px;-webkit-border-radius:10px\" target=\"_self\" id=\"ButtonSubito\"><span style=\"color:#FFFFFF;padding:8px 26px;font-size:20px;line-height:30px;border-color:#51b4ec;border-radius:10px;-moz-border-radius:10px;-webkit-border-radius:10px;text-shadow:none;-moz-text-shadow:none;-webkit-text-shadow:none\"><i class=\"sui sui-truck\" style=\"font-size:20px;color:#FFFFFF\"><\/i> Spedisci Subito<\/span><\/a><\/div>\n\n\n\n<div style=\"height:20px\" aria-hidden=\"true\" class=\"wp-block-spacer\"><\/div>\n\n\n\n<hr class=\"wp-block-separator\"\/>\n\n\n\n<h3>Trasferirsi e lavorare in Germania<\/h3>\n\n\n\n<p>Per chi cerca un lavoro all&#8217;estero, la Germania sembra il paese ideale.<\/p>\n\n\n\n<p>Gli stipendi medi sono pi\u00f9 alti e il costo della vita \u00e8 pi\u00f9 basso rispetto all&#8217;Italia, se si escludono alcune grandi citt\u00e0 tedesche Berlino, Francoforte, Amburgo ecc&#8230;<\/p>\n\n\n\n<p>Ogni anno molti italiani ci provano e si trasferiscono in Germania per tentare la fortuna.<\/p>\n\n\n\n<p>Alcuni ritornano delusi dopo qualche tempo, mentre altri rimangono e si sentono contenti e appagati.<\/p>\n\n\n\n<p>Se volete far parte del secondo gruppo dovete preparavi bene, perch\u00e9&nbsp;<strong>vivere e lavorare all&#8217;estero non \u00e8 facile<\/strong>, soprattutto all&#8217;inizio.<\/p>\n\n\n\n<p>Occorre fare attenzione, poich\u00e9 la Germania non \u00e8 il paese delle meraviglie dove ognuno trova lavoro in poco tempo.<\/p>\n\n\n\n<p>La disoccupazione \u00e8 mediamente pi\u00f9 bassa rispetto all&#8217;Italia, ma ci sono grosse differenze tra una regione e l&#8217;altra.<\/p>\n\n\n\n<p>Nella Germania del sud, dell&#8217;ovest e del nord la disoccupazione \u00e8 bassa (tra il 2 e l&#8217;8%), con eccezione di alcune zone nel bacino della Ruhr (all&#8217;ovest) e della citt\u00e0 di Brema (al nord) dove le percentuali sono pi\u00f9 alte.<\/p>\n\n\n\n<p>All&#8217;est invece, la disoccupazione \u00e8 alta, anche superiore a quella italiana.<\/p>\n\n\n\n<p>Senza&nbsp;una <strong>buona conoscenza del tedesco<\/strong>&nbsp;(in alcuni campi basta anche un&#8217;ottima conoscenza dell&#8217;inglese) sar\u00e0 molto difficile trovare lavoro.<\/p>\n\n\n\n<p>Conoscere e capire bene il tedesco \u00e8 importante per tutti, anche per chi lavora senza contatto con il pubblico, come lavapiatti o come addetto di magazzino: chi risiede in Germania e non riesce a comunicare con i tedeschi, si sentir\u00e0 sempre isolato.<\/p>\n\n\n\n<p><strong>Lavorare all&#8217;estero<\/strong>&nbsp;significa anche&nbsp;vivere all&#8217;estero. Questo vale in particolare per chi si trasferisce in Germania con la famiglia. E la conoscenza del tedesco \u00e8 fondamentale per poter sopravvivere in Germania.<\/p>\n\n\n\n<p>Se siete iscritti ad un&#8217;universit\u00e0 tedesca la cosa \u00e8 pi\u00f9 facile.<\/p>\n\n\n\n<p>In ogni universit\u00e0 \u00e8 presente un ufficio dove gli studenti possono cercare e trovare lavoro, specialmente lavori brevi, durante le vacanze, nel fine settimana oppure per alcuni giorni.<\/p>\n\n\n\n<p>Ci sono anche dei siti internet specializzati su come trovare lavoro per gli studenti universitari.<\/p>\n\n\n\n<hr class=\"wp-block-separator\"\/>\n\n\n\n<p>Se hai bisogno di informazioni e utili consigli per realizzare un ecommerce di successo visita  <span style=\"text-decoration: underline;\"><strong><a href=\"https:\/\/metaxy.eu\" class=\"rank-math-link\" target=\"_blank\" rel=\"noopener\">M\u00e9taxy<\/a><\/strong><\/span>.<\/p>\n\n\n\n<p>Spedire in Deutschland, <strong><span style=\"text-decoration: underline;\"><a href=\"https:\/\/www.spedirecomodo.it\/cms\/ioinvio\/\" class=\"rank-math-link\">ioinvio<\/a><\/span><\/strong> online, spedire lowcost\u2026 spedire comodo.<\/p>\n\n\n\n<div style=\"height:50px\" aria-hidden=\"true\" class=\"wp-block-spacer\"><\/div>\n\n\n\n<p><\/p>\n<style class=\"advgb-styles-renderer\">.ugb-aab0c94 .ugb-feature__item{border-radius:15px !important;background-color:#ffffff !important}.ugb-aab0c94 .ugb-feature__item:before{background-color:#ffffff !important}.ugb-aab0c94 .ugb-img{border-radius:5px}@media screen and (min-width:768px){.ugb-aab0c94 .ugb-img{border-radius:5px;width:420px;height:auto !important}}@media screen and (min-width:768px) and (max-width:1025px){.ugb-aab0c94 .ugb-img{width:380px;height:auto !important}}@media screen and (max-width:768px){.ugb-aab0c94 .ugb-img{width:285px;height:auto !important}}.ugb-837d28a .ugb-button .ugb-button--inner{font-size:18px !important}.ugb-d9594c4 .ugb-button .ugb-button--inner{font-size:18px !important}.ugb-d9594c4 .ugb-button{padding-top:10px;padding-right:25px;padding-bottom:10px;padding-left:25px;border-radius:5px !important}.ugb-d9594c4 .ugb-button:before{border-radius:5px !important}@media screen and (min-width:768px){.ugb-d9594c4 .ugb-img{width:380px;height:auto !important}}@media screen and (min-width:768px) and (max-width:1025px){.ugb-d9594c4 .ugb-img{width:380px;height:auto !important}}@media screen and (max-width:768px){.ugb-d9594c4 .ugb-img{width:285px;height:auto !important}}<\/style>","protected":false},"excerpt":{"rendered":"<p>Spedire pacchi in Germania con BRT DPD, SDA, DHL e TNT Skynet \u00e8 economico Se devi prenotare delle spedizioni economiche per la Germania (English Version) sei nel posto giusto.Utilizzando Spedirecomodo&nbsp;avrai la sicurezza di scegliere il Corriere internazionale con la migliore offerta per spedire il tuo pacco in Germania. Spedizioni internazionali in Germania Potrai spedire all&#8217;estero [&hellip;]<\/p>\n","protected":false},"author":7,"featured_media":0,"parent":0,"menu_order":0,"comment_status":"closed","ping_status":"closed","template":"index-trustpilot.php","meta":{"advgb_blocks_editor_width":"","advgb_blocks_columns_visual_guide":""},"categories":[],"tags":[],"featured_image_urls":{"full":"","thumbnail":"","medium":"","medium_large":"","large":"","1536x1536":"","2048x2048":""},"post_excerpt_stackable":"<p>Spedire pacchi in Germania con BRT DPD, SDA, DHL e TNT Skynet \u00e8 economicoSe devi prenotare delle spedizioni economiche per la Germania (English Version) sei nel posto giusto.Utilizzando Spedirecomodo&nbsp;avrai la sicurezza di scegliere il Corriere internazionale con la migliore offerta per spedire il tuo pacco in Germania. Spedizioni internazionali in Germania Potrai spedire all&#8217;estero con i maggiori Corrieri Espresso&nbsp;BRT DPD,&nbsp;BRT Euroexpress,&nbsp;SDA Road Europe, DHL&nbsp;e&nbsp;TNT Skynet. Spedire in Germania a partire da 15,90\u20ac tutto incluso. Inserisci i dati della spedizione internazionale nell&#8217;area Spedisci ora in alto: luogo di partenza, citt\u00e0 di destinazione in Germania (esempio Berlino o Berlin, Monaco di Baviera&hellip;<\/p>\n","category_list":"Senza categoria","author_info":{"name":"Sebastiano Torcellan","url":"https:\/\/www.spedirecomodo.it\/cms\/author\/sebastiano-torcellan\/"},"comments_num":"0 commenti","featured_image_urls_v2":{"full":"","thumbnail":"","medium":"","medium_large":"","large":"","1536x1536":"","2048x2048":""},"post_excerpt_stackable_v2":"<p>Spedire pacchi in Germania con BRT DPD, SDA, DHL e TNT Skynet \u00e8 economicoSe devi prenotare delle spedizioni economiche per la Germania (English Version) sei nel posto giusto.Utilizzando Spedirecomodo&nbsp;avrai la sicurezza di scegliere il Corriere internazionale con la migliore offerta per spedire il tuo pacco in Germania. Spedizioni internazionali in Germania Potrai spedire all&#8217;estero con i maggiori Corrieri Espresso&nbsp;BRT DPD,&nbsp;BRT Euroexpress,&nbsp;SDA Road Europe, DHL&nbsp;e&nbsp;TNT Skynet. Spedire in Germania a partire da 15,90\u20ac tutto incluso. Inserisci i dati della spedizione internazionale nell&#8217;area Spedisci ora in alto: luogo di partenza, citt\u00e0 di destinazione in Germania (esempio Berlino o Berlin, Monaco di Baviera&hellip;<\/p>\n","category_list_v2":"Senza categoria","author_info_v2":{"name":"Sebastiano Torcellan","url":"https:\/\/www.spedirecomodo.it\/cms\/author\/sebastiano-torcellan\/"},"comments_num_v2":"0 commenti","coauthors":[],"author_meta":{"author_link":"https:\/\/www.spedirecomodo.it\/cms\/author\/sebastiano-torcellan\/","display_name":"Sebastiano Torcellan"},"relative_dates":{"created":"Pubblicato 5 anni fa","modified":"Aggiornato 5 anni fa"},"absolute_dates":{"created":"Pubblicato il 20 Maggio 2021","modified":"Aggiornato il 21 Maggio 2021"},"absolute_dates_time":{"created":"Pubblicato il 20 Maggio 2021 13:26","modified":"Aggiornato il 21 Maggio 2021 18:10"},"featured_img_caption":"","featured_img":false,"series_order":"","_links":{"self":[{"href":"https:\/\/www.spedirecomodo.it\/cms\/wp-json\/wp\/v2\/pages\/1715"}],"collection":[{"href":"https:\/\/www.spedirecomodo.it\/cms\/wp-json\/wp\/v2\/pages"}],"about":[{"href":"https:\/\/www.spedirecomodo.it\/cms\/wp-json\/wp\/v2\/types\/page"}],"author":[{"embeddable":true,"href":"https:\/\/www.spedirecomodo.it\/cms\/wp-json\/wp\/v2\/users\/7"}],"replies":[{"embeddable":true,"href":"https:\/\/www.spedirecomodo.it\/cms\/wp-json\/wp\/v2\/comments?post=1715"}],"version-history":[{"count":9,"href":"https:\/\/www.spedirecomodo.it\/cms\/wp-json\/wp\/v2\/pages\/1715\/revisions"}],"predecessor-version":[{"id":7590,"href":"https:\/\/www.spedirecomodo.it\/cms\/wp-json\/wp\/v2\/pages\/1715\/revisions\/7590"}],"wp:attachment":[{"href":"https:\/\/www.spedirecomodo.it\/cms\/wp-json\/wp\/v2\/media?parent=1715"}],"wp:term":[{"taxonomy":"category","embeddable":true,"href":"https:\/\/www.spedirecomodo.it\/cms\/wp-json\/wp\/v2\/categories?post=1715"},{"taxonomy":"post_tag","embeddable":true,"href":"https:\/\/www.spedirecomodo.it\/cms\/wp-json\/wp\/v2\/tags?post=1715"}],"curies":[{"name":"wp","href":"https:\/\/api.w.org\/{rel}","templated":true}]}}