{"id":1883,"date":"2021-05-20T17:13:00","date_gmt":"2021-05-20T15:13:00","guid":{"rendered":"https:\/\/www.spedirecomodo.it\/cms\/?page_id=1883"},"modified":"2023-01-25T17:23:09","modified_gmt":"2023-01-25T16:23:09","slug":"corrieri-napoli","status":"publish","type":"page","link":"https:\/\/www.spedirecomodo.it\/cms\/corrieri-napoli\/","title":{"rendered":"Corrieri Espresso Napoli"},"content":{"rendered":"\n<div class=\"wp-block-ugb-feature ugb-feature ugb-e1b32fe ugb-feature--v2 ugb-feature--design-plain ugb-main-block\"><div class=\"ugb-inner-block\"><div class=\"ugb-block-content\"><div class=\"ugb-feature__item\"><div class=\"ugb-feature__content\"><h2 class=\"ugb-feature__title\">Spedizioni economiche pacchi e buste da Napoli<\/h2><p class=\"ugb-feature__description\">Per <strong>spedire pacchi buste pallet da Napoli<\/strong> \u00e8 facile ed economico con Spedirecomodo.<br>Baster\u00e0 inserire nel nell&#8217;area Spedisci Ora tutte le informazioni necessarie per la spedizione pacchi: citt\u00e0 di ritiro a domicilio, in questo caso <strong>Napoli o una localit\u00e0 in Campania<\/strong>, citt\u00e0 di destinazione e il peso della spedizione.<br>Se hai un ecommerce prova i nostri <strong><span style=\"text-decoration: underline;\"><a href=\"https:\/\/www.spedirecomodo.it\/cms\/connettori-integrazione-ecommerce\/\" class=\"rank-math-link\">connettori<\/a><\/span><\/strong> per importare le tue spedizioni con un click.<\/p><\/div><div class=\"ugb-feature__image-side\"><img class=\"ugb-feature__image ugb-img wp-image-4616 ugb-image--shape-stretch\" src=\"https:\/\/www.spedirecomodo.it\/cms\/wp-content\/uploads\/2020\/03\/Spedire-Napoli.png\" alt=\"Spedire Napoli\" height=\"114\" srcset=\"https:\/\/www.spedirecomodo.it\/cms\/wp-content\/uploads\/2020\/03\/Spedire-Napoli.png 888w, https:\/\/www.spedirecomodo.it\/cms\/wp-content\/uploads\/2020\/03\/Spedire-Napoli-300x91.png 300w, https:\/\/www.spedirecomodo.it\/cms\/wp-content\/uploads\/2020\/03\/Spedire-Napoli-768x232.png 768w\" sizes=\"(max-width: 888px) 100vw, 888px\" \/><\/div><\/div><\/div><\/div><\/div>\n\n\n\r\n\r\n<div class=\"card italy\">\r\n    <div class=\"card-body-home\">\r\n        <div class=\"spedirecomodo-title pl-3 pl-sm-3 pl-md-2 pl-lg-3\">\r\n            Tariffe Italia da Napoli a  Milano *\r\n            \r\n        <\/div>\r\n        <hr style=\"height:2px;border:none;color:#E3E7EA;background-color:#E3E7EA;\" \/>\r\n        <div class=\"row pl-3 pl-sm-3 pl-md-2 pl-lg-3\">\r\n                    <div class=\"col-6 col-sm-4 col-lg-3 py-4\">\r\n                        <div class=\"spedirecomodo-subtitle-box1-xs small-lr-padding\">1 Kg<\/div>\r\n                        <div class=\"small-lr-padding\" style=\"color: #30475E;\">\r\n                            <span id=\"price0\">Da  6,09<\/span>\r\n                            <span class=\"euro\">\u20ac<\/span>\r\n                            <a href=\"\/Shipping\/CreateDefaultShip?XIdLocalita=2754457&amp;YIdLocalita=2752038&amp;XCap=20121&amp;YCap=00119&amp;peso=1&amp;XNazione=it&amp;YNazione=it&amp;idCorriere=24\"><i class=\"fas fa-external-link-alt\" style=\"font-size:13px; color:#E9458A;\"><\/i><\/a>\r\n                        <\/div>\r\n                    <\/div>\r\n                    <div class=\"col-6 col-sm-4 col-lg-3 py-4\">\r\n                        <div class=\"spedirecomodo-subtitle-box1-xs small-lr-padding\">3 Kg<\/div>\r\n                        <div class=\"small-lr-padding\" style=\"color: #30475E;\">\r\n                            <span id=\"price1\">Da  7,15<\/span>\r\n                            <span class=\"euro\">\u20ac<\/span>\r\n                            <a href=\"\/Shipping\/CreateDefaultShip?XIdLocalita=2754457&amp;YIdLocalita=2752038&amp;XCap=20121&amp;YCap=00119&amp;peso=3&amp;XNazione=it&amp;YNazione=it&amp;idCorriere=23\"><i class=\"fas fa-external-link-alt\" style=\"font-size:13px; color:#E9458A;\"><\/i><\/a>\r\n                        <\/div>\r\n                    <\/div>\r\n                    <div class=\"col-6 col-sm-4 col-lg-3 py-4\">\r\n                        <div class=\"spedirecomodo-subtitle-box1-xs small-lr-padding\">5 Kg<\/div>\r\n                        <div class=\"small-lr-padding\" style=\"color: #30475E;\">\r\n                            <span id=\"price2\">Da  8,25<\/span>\r\n                            <span class=\"euro\">\u20ac<\/span>\r\n                            <a href=\"\/Shipping\/CreateDefaultShip?XIdLocalita=2754457&amp;YIdLocalita=2752038&amp;XCap=20121&amp;YCap=00119&amp;peso=5&amp;XNazione=it&amp;YNazione=it&amp;idCorriere=23\"><i class=\"fas fa-external-link-alt\" style=\"font-size:13px; color:#E9458A;\"><\/i><\/a>\r\n                        <\/div>\r\n                    <\/div>\r\n                    <div class=\"col-6 col-sm-4 col-lg-3 py-4\">\r\n                        <div class=\"spedirecomodo-subtitle-box1-xs small-lr-padding\">10 Kg<\/div>\r\n                        <div class=\"small-lr-padding\" style=\"color: #30475E;\">\r\n                            <span id=\"price3\">Da  10,40<\/span>\r\n                            <span class=\"euro\">\u20ac<\/span>\r\n                            <a href=\"\/Shipping\/CreateDefaultShip?XIdLocalita=2754457&amp;YIdLocalita=2752038&amp;XCap=20121&amp;YCap=00119&amp;peso=10&amp;XNazione=it&amp;YNazione=it&amp;idCorriere=29\"><i class=\"fas fa-external-link-alt\" style=\"font-size:13px; color:#E9458A;\"><\/i><\/a>\r\n                        <\/div>\r\n                    <\/div>\r\n                    <div class=\"col-6 col-sm-4 col-lg-3 py-4\">\r\n                        <div class=\"spedirecomodo-subtitle-box1-xs small-lr-padding\">20 Kg<\/div>\r\n                        <div class=\"small-lr-padding\" style=\"color: #30475E;\">\r\n                            <span id=\"price4\">Da  12,50<\/span>\r\n                            <span class=\"euro\">\u20ac<\/span>\r\n                            <a href=\"\/Shipping\/CreateDefaultShip?XIdLocalita=2754457&amp;YIdLocalita=2752038&amp;XCap=20121&amp;YCap=00119&amp;peso=20&amp;XNazione=it&amp;YNazione=it&amp;idCorriere=24\"><i class=\"fas fa-external-link-alt\" style=\"font-size:13px; color:#E9458A;\"><\/i><\/a>\r\n                        <\/div>\r\n                    <\/div>\r\n                    <div class=\"col-6 col-sm-4 col-lg-3 py-4\">\r\n                        <div class=\"spedirecomodo-subtitle-box1-xs small-lr-padding\">30 Kg<\/div>\r\n                        <div class=\"small-lr-padding\" style=\"color: #30475E;\">\r\n                            <span id=\"price5\">Da  15,00<\/span>\r\n                            <span class=\"euro\">\u20ac<\/span>\r\n                            <a href=\"\/Shipping\/CreateDefaultShip?XIdLocalita=2754457&amp;YIdLocalita=2752038&amp;XCap=20121&amp;YCap=00119&amp;peso=30&amp;XNazione=it&amp;YNazione=it&amp;idCorriere=29\"><i class=\"fas fa-external-link-alt\" style=\"font-size:13px; color:#E9458A;\"><\/i><\/a>\r\n                        <\/div>\r\n                    <\/div>\r\n                    <div class=\"col-6 col-sm-4 col-lg-3 py-4\">\r\n                        <div class=\"spedirecomodo-subtitle-box1-xs small-lr-padding\">50 Kg<\/div>\r\n                        <div class=\"small-lr-padding\" style=\"color: #30475E;\">\r\n                            <span id=\"price6\">Da  24,20<\/span>\r\n                            <span class=\"euro\">\u20ac<\/span>\r\n                            <a href=\"\/Shipping\/CreateDefaultShip?XIdLocalita=2754457&amp;YIdLocalita=2752038&amp;XCap=20121&amp;YCap=00119&amp;peso=50&amp;XNazione=it&amp;YNazione=it&amp;idCorriere=23\"><i class=\"fas fa-external-link-alt\" style=\"font-size:13px; color:#E9458A;\"><\/i><\/a>\r\n                        <\/div>\r\n                    <\/div>\r\n                    <div class=\"col-6 col-sm-4 col-lg-3 py-4\">\r\n                        <div class=\"spedirecomodo-subtitle-box1-xs small-lr-padding\">50 Kg<\/div>\r\n                        <div class=\"small-lr-padding\" style=\"color: #30475E;\">\r\n                            <span id=\"price7\">Da  24,20<\/span>\r\n                            <span class=\"euro\">\u20ac<\/span>\r\n                            <a href=\"\/Shipping\/CreateDefaultShip?XIdLocalita=2754457&amp;YIdLocalita=2752038&amp;XCap=20121&amp;YCap=00119&amp;peso=50&amp;XNazione=it&amp;YNazione=it&amp;idCorriere=23\"><i class=\"fas fa-external-link-alt\" style=\"font-size:13px; color:#E9458A;\"><\/i><\/a>\r\n                        <\/div>\r\n                    <\/div>\r\n        <\/div>       \r\n    <\/div>\r\n<\/div>\n\n\n\n<p class=\"has-small-font-size\">* Nota bene: Il listino prezzi non \u00e8 comprensivo di assicurazione e potrebbe subire delle maggiorazioni in base al servizio scelto e alla destinazione. (es. nel caso sia un&#8217;isola o in Calabria o sia una zona disagiata e\/o periferica )<\/p>\n\n\n\n<div style=\"height:20px\" aria-hidden=\"true\" class=\"wp-block-spacer\"><\/div>\n\n\n\r\n<div class=\"ship-now-calltoaction text-center\">\r\n    <span class=\"title\">Spedisci ora!<\/span>\r\n    <div class=\"rounded-div\">\r\n        <button data-toggle=\"modal\" class=\"ship-now btn-primary-sc\">Continua<\/button>\r\n    <\/div>\r\n    <span class=\"subtitle\">Inserisci i dati e spedisci in pochi click!<\/span>\r\n<\/div>\r\n\n\n\n\n<div class=\"wp-block-ugb-feature ugb-feature ugb-d9594c4 ugb-feature--v2 ugb-feature--design-basic ugb-main-block\"><div class=\"ugb-inner-block\"><div class=\"ugb-block-content\"><div class=\"ugb-feature__item ugb--shadow-5\"><div class=\"ugb-feature__content\"><h2 class=\"ugb-feature__title\">Scrivici di cosa hai bisogno<\/h2><p class=\"ugb-feature__description\">Di qualsiasi cosa tu abbia bisogno, che sia un approfondimento, un preventivo oppure semplicemente una domanda, <strong>ti risponderemo subito<\/strong>.<\/p><div class=\"ugb-button-container\"><a class=\"ugb-button ugb-button--size-normal ugb--hover-effect-scale\" href=\"mailto:info@spedirecomodo.it?subject=Desidero informazioni su come spedire da Napoli\" rel=\"\" title=\"\"><span class=\"ugb-button--inner\">Contattaci!<\/span><\/a><\/div><\/div><div class=\"ugb-feature__image-side\"><img class=\"ugb-feature__image ugb-img wp-image-6867 ugb-image--shape-stretch\" src=\"https:\/\/www.spedirecomodo.it\/cms\/wp-content\/uploads\/2021\/04\/Servizio-Clienti-Spedirecomodo.png\" alt=\"Servizio Clienti Spedirecomodo\" height=\"245\" srcset=\"https:\/\/www.spedirecomodo.it\/cms\/wp-content\/uploads\/2021\/04\/Servizio-Clienti-Spedirecomodo.png 864w, https:\/\/www.spedirecomodo.it\/cms\/wp-content\/uploads\/2021\/04\/Servizio-Clienti-Spedirecomodo-300x194.png 300w, https:\/\/www.spedirecomodo.it\/cms\/wp-content\/uploads\/2021\/04\/Servizio-Clienti-Spedirecomodo-768x496.png 768w\" sizes=\"(max-width: 864px) 100vw, 864px\" \/><\/div><\/div><\/div><\/div><\/div>\n\n\n\n<div class=\"wp-block-ugb-feature ugb-feature ugb-39f0ae5 ugb-feature--v2 ugb-feature--design-basic ugb-main-block\"><div class=\"ugb-inner-block\"><div class=\"ugb-block-content\"><div class=\"ugb-feature__item ugb--shadow-5\"><div class=\"ugb-feature__content\"><h2 class=\"ugb-feature__title\">Connetti subito il tuo ecommerce o un Marketplace<\/h2><p class=\"ugb-feature__description\">Con i\u00a0<strong>connettori e-commerce<\/strong>\u00a0di Spedirecomodo puoi <strong>integrare il tuo store online in modo facile e veloce<\/strong> per importare tutte le spedizioni con un click.<br>Integrazione automatica con Amazon, ebay ed Etsy.<br>Scegli il tuo corriere espresso preferito tra <strong>Poste Italiane, Bartolini, DPD, GLS e DHL<\/strong> per spedire in Italia o spedire all&#8217;estero ai migliori prezzi spedizione.<\/p><div class=\"ugb-button-container\"><a class=\"ugb-button ugb-button--size-normal ugb-button--design-ghost\" href=\"https:\/\/www.spedirecomodo.it\/cms\/connettori-integrazione-ecommerce\/\" rel=\"\" title=\"\"><span class=\"ugb-button--inner\">Scopri di pi\u00f9<\/span><\/a><\/div><\/div><div class=\"ugb-feature__image-side\"><img class=\"ugb-feature__image ugb-img wp-image-6638 ugb-image--shape-stretch\" src=\"https:\/\/www.spedirecomodo.it\/cms\/wp-content\/uploads\/2021\/03\/Spedirecomodo-Connetti-ecommerce.png\" alt=\"\" title=\"\" height=\"354\" srcset=\"https:\/\/www.spedirecomodo.it\/cms\/wp-content\/uploads\/2021\/03\/Spedirecomodo-Connetti-ecommerce.png 575w, https:\/\/www.spedirecomodo.it\/cms\/wp-content\/uploads\/2021\/03\/Spedirecomodo-Connetti-ecommerce-300x280.png 300w\" sizes=\"(max-width: 575px) 100vw, 575px\"><\/div><\/div><\/div><\/div><\/div>\n\n\n\n<div class=\"wp-block-ugb-feature ugb-feature ugb-d198a4c ugb-feature--v2 ugb-feature--design-basic ugb-main-block\"><div class=\"ugb-inner-block\"><div class=\"ugb-block-content\"><div class=\"ugb-feature__item ugb--shadow-5\"><div class=\"ugb-feature__content\"><h2 class=\"ugb-feature__title\">I migliori prezzi per le spedizioni dei tuoi pacchi<\/h2><p class=\"ugb-feature__description\">Con Spedirecomodo Business potrai spedire i tuoi pacchi ai <strong>prezzi riservati<\/strong> alle aziende.<br>Spedizioni ecommerce con <strong>sconti fino al 70%<\/strong> rispetto alle normali tariffe di mercato con Corriere Espresso.<br>Richiedi subito l&#8217;attivazione e verifica i prezzi delle spedizioni economiche con i maggiori Corrieri Espresso.<br><\/p><div class=\"ugb-button-container\"><a class=\"ugb-button ugb-button--size-normal ugb-button--design-ghost\" href=\"https:\/\/www.spedirecomodo.it\/cms\/connettori-integrazione-ecommerce\/\" rel=\"\" title=\"\"><span class=\"ugb-button--inner\">Richiedi Attivazione<\/span><\/a><\/div><\/div><div class=\"ugb-feature__image-side\"><img class=\"ugb-feature__image ugb-img wp-image-6644 ugb-image--shape-stretch\" src=\"https:\/\/www.spedirecomodo.it\/cms\/wp-content\/uploads\/2021\/03\/Spedirecomodo-Pannello-Tariffe.png\" alt=\"Tariffe Spedirecomodo Business\" height=\"265\" srcset=\"https:\/\/www.spedirecomodo.it\/cms\/wp-content\/uploads\/2021\/03\/Spedirecomodo-Pannello-Tariffe.png 775w, https:\/\/www.spedirecomodo.it\/cms\/wp-content\/uploads\/2021\/03\/Spedirecomodo-Pannello-Tariffe-300x209.png 300w, https:\/\/www.spedirecomodo.it\/cms\/wp-content\/uploads\/2021\/03\/Spedirecomodo-Pannello-Tariffe-768x536.png 768w\" sizes=\"(max-width: 775px) 100vw, 775px\" \/><\/div><\/div><\/div><\/div><\/div>\n\n\n\n<hr class=\"wp-block-separator has-css-opacity\"\/>\n\n\n\n<h3>I maggiori Corrieri Espresso a Napoli per spedire pacchi<\/h3>\n\n\n\n<p>Con un semplice click sul bottone \u201cRicerca\u201d saprai quali Corrieri Espresso servono la Campania e potrai confrontare in un secondo i prezzi delle spedizioni pacchi e i tempi di consegna.<\/p>\n\n\n\n<p>Se hai bisogno di trovare uno spedizioniere in Campania,\u00a0Spedirecomodo ti permette di spedire pacchi con i maggiori Corriere Espresso trovando la migliore offerta disponibile sul mercato. Scegli il servizio che pi\u00f9 si adatta alle tue esigenze tra quelli offerti dai nostri <strong><span style=\"text-decoration: underline;\"><a href=\"https:\/\/www.spedirecomodo.it\/cms\/il-servizio-spedirecomodo\/\">Corrieri Espresso<\/a><\/span><\/strong> come: <span style=\"text-decoration: underline;\"><strong><a href=\"https:\/\/www.spedirecomodo.it\/cms\/poste-italiane-crono\/\">Poste Italiane<\/a><\/strong><\/span>, <span style=\"text-decoration: underline;\"><strong><a href=\"https:\/\/www.spedirecomodo.it\/cms\/brt-bartolini\/\">BRT Bartolini<\/a><\/strong><\/span>, <strong><span style=\"text-decoration: underline;\"><a class=\"rank-math-link\" href=\"https:\/\/www.spedirecomodo.it\/cms\/dhl\/\">DHL<\/a><\/span><\/strong> e <span style=\"text-decoration: underline;\"><strong><a class=\"rank-math-link\" href=\"https:\/\/www.spedirecomodo.it\/cms\/skynet-eco\/\">TNT Skynet<\/a><\/strong><\/span>.<\/p>\n\n\n\n<p>Potrai <span style=\"text-decoration: underline;\"><strong><a href=\"https:\/\/www.spedirecomodo.it\/cms\/spedire-in-europa\/\">spedire all&#8217;estero da Napoli in Europa<\/a><\/strong><\/span>. Ricordiamo che la spedizione all\u2019interno dell\u2019Unione Europea non richiede la presentazione di documenti particolari.<\/p>\n\n\n\n<p>Per conoscere quali articoli sono vietati, \u00e8 possibile consultare sul nostro sito l\u2019elenco dei prodotti che non possono essere spediti.<\/p>\n\n\n\n<div style=\"height:20px\" aria-hidden=\"true\" class=\"wp-block-spacer\"><\/div>\n\n\n<div class=\"su-button-center\"><a href=\"https:\/\/www.spedirecomodo.it\/cms\/colli-incompatibili\/\" class=\"su-button su-button-style-default\" style=\"color:#FFFFFF;background-color:#0693e3;border-color:#0576b6;border-radius:10px;-moz-border-radius:10px;-webkit-border-radius:10px\" target=\"_self\" id=\"ButtonIncompatibili\"><span style=\"color:#FFFFFF;padding:8px 26px;font-size:20px;line-height:30px;border-color:#51b4ec;border-radius:10px;-moz-border-radius:10px;-webkit-border-radius:10px;text-shadow:none;-moz-text-shadow:none;-webkit-text-shadow:none\"><i class=\"sui sui-warning\" style=\"font-size:20px;color:#FFFFFF\"><\/i> Cosa NON posso spedire<\/span><\/a><\/div>\n\n\n\n<div style=\"height:30px\" aria-hidden=\"true\" class=\"wp-block-spacer\"><\/div>\n\n\n\n<hr class=\"wp-block-separator has-css-opacity\"\/>\n\n\n\n<h3>Spedizione economica Corrieri Espresso Napoli con Bartolini, Poste Italiane, DHL, GLS<\/h3>\n\n\n\n<p>Spedirecomodo fornisce utili consigli per <span style=\"text-decoration: underline;\"><strong><a href=\"https:\/\/www.spedirecomodo.it\/cms\/come-preparare-un-pacco\/\">imballare i pacchi<\/a><\/strong><\/span> da spedire in Europa e potrai sempre tracciare il pacco con il Tracking online sempre aggiornato in tempo reale da Tracking Poste, Tracking BRT, Tracking Bartolini e Tracking Skynet.<\/p>\n\n\n\n<p>Il ritiro in Campania e la consegna in Italia o la consegna all&#8217;estero delle tue spedizioni \u00e8 compreso nel prezzo che visualizzi nella pagina con tutte le proposte di spedizione pacchi secondo i dati per spedire in Italia o spedire all&#8217;estero che hai inserito in fase di ricerca.<\/p>\n\n\n\n<p>Spedirecomodo ti propone sempre tariffe vantaggiose e competitive che ti permetteranno di risparmiare fino al 70% sulle spedizioni buste pacchi e pallet da Napoli e provincia.<\/p>\n\n\n\n<div style=\"height:20px\" aria-hidden=\"true\" class=\"wp-block-spacer\"><\/div>\n\n\n\n<div style=\"height:20px\" aria-hidden=\"true\" class=\"wp-block-spacer\"><\/div>\n\n\n\r\n<div class=\"ship-now-calltoaction text-center\">\r\n    <span class=\"title\">Spedisci ora!<\/span>\r\n    <div class=\"rounded-div\">\r\n        <button data-toggle=\"modal\" class=\"ship-now btn-primary-sc\">Continua<\/button>\r\n    <\/div>\r\n    <span class=\"subtitle\">Inserisci i dati e spedisci in pochi click!<\/span>\r\n<\/div>\r\n\n\n\n\n<div style=\"height:20px\" aria-hidden=\"true\" class=\"wp-block-spacer\"><\/div>\n\n\n\n<hr class=\"wp-block-separator has-css-opacity\"\/>\n\n\n\n<p>Se vuoi maggiori informazioni e utili consigli per le tue spedizioni economiche in Italia ed Europa oppure suggerimenti su come preparare un pacco consulta il <strong><a rel=\"noreferrer noopener\" href=\"https:\/\/www.spedirecomodo.it\/cms\/il-blog-di-spedirecomodo\/\" target=\"_blank\"><span style=\"text-decoration: underline;\">Blog di Spedirecomodo<\/span><\/a><\/strong>.<\/p>\n\n\n\n<p>Se vuoi informazioni e consigli su come realizzare un ecommerce di successo visita&nbsp;<a rel=\"noreferrer noopener\" href=\"https:\/\/www.metaxy.eu\/\" target=\"_blank\"><strong>Metaxy<\/strong><\/a>.<\/p>\n\n\n\n<p><strong><span style=\"text-decoration: underline;\"><a href=\"https:\/\/www.spedirecomodo.it\/cms\/iospedisco\/\" class=\"rank-math-link\">Io spedisco pacchi a Napoli<\/a><\/span><\/strong> , spedire facile, spedire economico con Spedirecomodo.<\/p>\n\n\n\n<div style=\"height:58px\" aria-hidden=\"true\" class=\"wp-block-spacer\"><\/div>\n\n\n\n<p><\/p>\n<style class=\"advgb-styles-renderer\">@media screen and (min-width:768px){.ugb-e1b32fe .ugb-img{width:380px;height:auto !important}}@media screen and (min-width:768px) and (max-width:1025px){.ugb-e1b32fe .ugb-img{width:285px;height:auto !important}}@media screen and (max-width:768px){.ugb-e1b32fe .ugb-img{width:285px;height:auto !important}}.ugb-d9594c4 .ugb-button .ugb-button--inner{font-size:18px !important}.ugb-d9594c4 .ugb-button{padding-top:10px;padding-right:25px;padding-bottom:10px;padding-left:25px;border-radius:5px !important}.ugb-d9594c4 .ugb-button:before{border-radius:5px !important}@media screen and (min-width:768px){.ugb-d9594c4 .ugb-img{width:380px;height:auto !important}}@media screen and (min-width:768px) and (max-width:1025px){.ugb-d9594c4 .ugb-img{width:380px;height:auto !important}}@media screen and (max-width:768px){.ugb-d9594c4 .ugb-img{width:285px;height:auto !important}}.ugb-39f0ae5 .ugb-button .ugb-button--inner{font-size:18px !important}.ugb-39f0ae5 .ugb-button{padding-top:10px;padding-right:25px;padding-bottom:10px;padding-left:25px;border-radius:5px !important}.ugb-39f0ae5 .ugb-button:before{border-radius:5px !important}.ugb-39f0ae5 .ugb-button-container{text-align:center !important}@media screen and (min-width:768px){.ugb-39f0ae5 .ugb-img{width:380px;height:auto !important}}@media screen and (min-width:768px) and (max-width:1025px){.ugb-39f0ae5 .ugb-img{width:380px;height:auto !important}}@media screen and (max-width:768px){.ugb-39f0ae5 .ugb-img{width:285px;height:auto !important}}.ugb-d198a4c .ugb-button .ugb-button--inner{font-size:18px !important}.ugb-d198a4c .ugb-button{padding-top:10px;padding-right:25px;padding-bottom:10px;padding-left:25px;border-radius:5px !important}.ugb-d198a4c .ugb-button:before{border-radius:5px !important}.ugb-d198a4c .ugb-button-container{text-align:center !important}@media screen and (min-width:768px){.ugb-d198a4c .ugb-img{width:380px;height:auto !important}}@media screen and (min-width:768px) and (max-width:1025px){.ugb-d198a4c .ugb-img{width:380px;height:auto !important}}@media screen and (max-width:768px){.ugb-d198a4c .ugb-img{width:285px;height:auto !important}}<\/style>","protected":false},"excerpt":{"rendered":"<p>Spedizioni economiche pacchi e buste da Napoli Per spedire pacchi buste pallet da Napoli \u00e8 facile ed economico con Spedirecomodo.Baster\u00e0 inserire nel nell&#8217;area Spedisci Ora tutte le informazioni necessarie per la spedizione pacchi: citt\u00e0 di ritiro a domicilio, in questo caso Napoli o una localit\u00e0 in Campania, citt\u00e0 di destinazione e il peso della spedizione.Se [&hellip;]<\/p>\n","protected":false},"author":7,"featured_media":0,"parent":0,"menu_order":0,"comment_status":"closed","ping_status":"closed","template":"index-trustpilot.php","meta":{"advgb_blocks_editor_width":"","advgb_blocks_columns_visual_guide":""},"categories":[],"tags":[],"featured_image_urls":{"full":"","thumbnail":"","medium":"","medium_large":"","large":"","1536x1536":"","2048x2048":""},"post_excerpt_stackable":"<p>Spedizioni economiche pacchi e buste da NapoliPer spedire pacchi buste pallet da Napoli \u00e8 facile ed economico con Spedirecomodo.Baster\u00e0 inserire nel nell&#8217;area Spedisci Ora tutte le informazioni necessarie per la spedizione pacchi: citt\u00e0 di ritiro a domicilio, in questo caso Napoli o una localit\u00e0 in Campania, citt\u00e0 di destinazione e il peso della spedizione.Se hai un ecommerce prova i nostri connettori per importare le tue spedizioni con un click. Tariffe Italia da Napoli a Milano * 1 Kg Da 6,09 \u20ac 3 Kg Da 7,15 \u20ac 5 Kg Da 8,25 \u20ac 10 Kg Da 10,40 \u20ac 20 Kg Da 12,50&hellip;<\/p>\n","category_list":"Senza categoria","author_info":{"name":"Sebastiano Torcellan","url":"https:\/\/www.spedirecomodo.it\/cms\/author\/sebastiano-torcellan\/"},"comments_num":"0 commenti","featured_image_urls_v2":{"full":"","thumbnail":"","medium":"","medium_large":"","large":"","1536x1536":"","2048x2048":""},"post_excerpt_stackable_v2":"<p>Spedizioni economiche pacchi e buste da NapoliPer spedire pacchi buste pallet da Napoli \u00e8 facile ed economico con Spedirecomodo.Baster\u00e0 inserire nel nell&#8217;area Spedisci Ora tutte le informazioni necessarie per la spedizione pacchi: citt\u00e0 di ritiro a domicilio, in questo caso Napoli o una localit\u00e0 in Campania, citt\u00e0 di destinazione e il peso della spedizione.Se hai un ecommerce prova i nostri connettori per importare le tue spedizioni con un click. Tariffe Italia da Napoli a Milano * 1 Kg Da 6,09 \u20ac 3 Kg Da 7,15 \u20ac 5 Kg Da 8,25 \u20ac 10 Kg Da 10,40 \u20ac 20 Kg Da 12,50&hellip;<\/p>\n","category_list_v2":"Senza categoria","author_info_v2":{"name":"Sebastiano Torcellan","url":"https:\/\/www.spedirecomodo.it\/cms\/author\/sebastiano-torcellan\/"},"comments_num_v2":"0 commenti","coauthors":[],"author_meta":{"author_link":"https:\/\/www.spedirecomodo.it\/cms\/author\/sebastiano-torcellan\/","display_name":"Sebastiano Torcellan"},"relative_dates":{"created":"Pubblicato 5 anni fa","modified":"Aggiornato 3 anni fa"},"absolute_dates":{"created":"Pubblicato il 20 Maggio 2021","modified":"Aggiornato il 25 Gennaio 2023"},"absolute_dates_time":{"created":"Pubblicato il 20 Maggio 2021 17:13","modified":"Aggiornato il 25 Gennaio 2023 17:23"},"featured_img_caption":"","featured_img":false,"series_order":"","_links":{"self":[{"href":"https:\/\/www.spedirecomodo.it\/cms\/wp-json\/wp\/v2\/pages\/1883"}],"collection":[{"href":"https:\/\/www.spedirecomodo.it\/cms\/wp-json\/wp\/v2\/pages"}],"about":[{"href":"https:\/\/www.spedirecomodo.it\/cms\/wp-json\/wp\/v2\/types\/page"}],"author":[{"embeddable":true,"href":"https:\/\/www.spedirecomodo.it\/cms\/wp-json\/wp\/v2\/users\/7"}],"replies":[{"embeddable":true,"href":"https:\/\/www.spedirecomodo.it\/cms\/wp-json\/wp\/v2\/comments?post=1883"}],"version-history":[{"count":4,"href":"https:\/\/www.spedirecomodo.it\/cms\/wp-json\/wp\/v2\/pages\/1883\/revisions"}],"predecessor-version":[{"id":8651,"href":"https:\/\/www.spedirecomodo.it\/cms\/wp-json\/wp\/v2\/pages\/1883\/revisions\/8651"}],"wp:attachment":[{"href":"https:\/\/www.spedirecomodo.it\/cms\/wp-json\/wp\/v2\/media?parent=1883"}],"wp:term":[{"taxonomy":"category","embeddable":true,"href":"https:\/\/www.spedirecomodo.it\/cms\/wp-json\/wp\/v2\/categories?post=1883"},{"taxonomy":"post_tag","embeddable":true,"href":"https:\/\/www.spedirecomodo.it\/cms\/wp-json\/wp\/v2\/tags?post=1883"}],"curies":[{"name":"wp","href":"https:\/\/api.w.org\/{rel}","templated":true}]}}