{"id":1928,"date":"2021-05-20T19:16:00","date_gmt":"2021-05-20T17:16:00","guid":{"rendered":"https:\/\/www.spedirecomodo.it\/cms\/?page_id=1928"},"modified":"2023-01-25T17:23:43","modified_gmt":"2023-01-25T16:23:43","slug":"corrieri-sicilia","status":"publish","type":"page","link":"https:\/\/www.spedirecomodo.it\/cms\/corrieri-sicilia\/","title":{"rendered":"Corrieri Espresso Sicilia"},"content":{"rendered":"\n<div class=\"wp-block-ugb-feature ugb-feature ugb-213aecc ugb-feature--v2 ugb-feature--design-plain ugb-main-block\"><div class=\"ugb-inner-block\"><div class=\"ugb-block-content\"><div class=\"ugb-feature__item\"><div class=\"ugb-feature__content\"><h2 class=\"ugb-feature__title\">Spedire dalla Sicilia alle migliori tariffe<\/h2><p class=\"ugb-feature__description\">Spedire dalla Sicilia \u00e8 ancora pi\u00f9 facile con i nostri servizi online. Basta una semplice ricerca sulla nostra Homepage e potrai scegliere il servizio di spedizione pacchi tra i <strong>migliori Corrieri Espresso<\/strong> della Sicilia.<\/p><\/div><div class=\"ugb-feature__image-side\"><img class=\"ugb-feature__image ugb-img wp-image-2104 ugb-image--shape-stretch\" src=\"\/cms\/wp-content\/uploads\/2020\/05\/Sicilia-low-e1590585155852-1024x540.jpg\" alt=\"Corrieri Sicilia\" height=\"221\" srcset=\"https:\/\/www.spedirecomodo.it\/cms\/wp-content\/uploads\/2020\/05\/Sicilia-low-e1590585155852-1024x540.jpg 1024w, https:\/\/www.spedirecomodo.it\/cms\/wp-content\/uploads\/2020\/05\/Sicilia-low-e1590585155852-300x158.jpg 300w, https:\/\/www.spedirecomodo.it\/cms\/wp-content\/uploads\/2020\/05\/Sicilia-low-e1590585155852-768x405.jpg 768w, https:\/\/www.spedirecomodo.it\/cms\/wp-content\/uploads\/2020\/05\/Sicilia-low-e1590585155852-1536x810.jpg 1536w, https:\/\/www.spedirecomodo.it\/cms\/wp-content\/uploads\/2020\/05\/Sicilia-low-e1590585155852.jpg 2048w\" sizes=\"(max-width: 1024px) 100vw, 1024px\" \/><\/div><\/div><\/div><\/div><\/div>\n\n\n\n<hr class=\"wp-block-separator has-css-opacity\"\/>\n\n\n\n<p>Per spedire subito puoi inserire i dati della spedizione nella zona in alto su questa pagina oppure con il bottone sotto (<strong>localit\u00e0 di partenza come Palermo o Catania<\/strong>, destinazione in Italia o in Europa e il peso) e clicca su Compara e spedisci.<\/p>\n\n\n\n<p><span style=\"text-decoration: underline;\"><strong><a href=\"https:\/\/www.spedirecomodo.it\/cms\/tariffe-spedizioni-poste-italiane\/\">Tariffe Poste Italiane<\/a><\/strong><\/span><\/p>\n\n\n\n<p><strong><span style=\"text-decoration: underline;\"><a href=\"https:\/\/www.spedirecomodo.it\/cms\/tariffe-spedizioni-dhl\/\" data-type=\"page\" data-id=\"7202\" class=\"rank-math-link\">Tariffe DHL<\/a><\/span><\/strong><\/p>\n\n\n\n<p><span style=\"text-decoration: underline;\"><strong><a href=\"https:\/\/www.spedirecomodo.it\/cms\/tariffe-spedizioni-bartolini\/\">Tariffe BRT Bartolini<\/a><\/strong><\/span><\/p>\n\n\n\n<div style=\"height:20px\" aria-hidden=\"true\" class=\"wp-block-spacer\"><\/div>\n\n\n\r\n<div class=\"ship-now-calltoaction text-center\">\r\n    <span class=\"title\">Spedisci ora!<\/span>\r\n    <div class=\"rounded-div\">\r\n        <button data-toggle=\"modal\" class=\"ship-now btn-primary-sc\">Continua<\/button>\r\n    <\/div>\r\n    <span class=\"subtitle\">Inserisci i dati e spedisci in pochi click!<\/span>\r\n<\/div>\r\n\n\n\n\n<div class=\"wp-block-ugb-feature ugb-feature ugb-d9594c4 ugb-feature--v2 ugb-feature--design-basic ugb-main-block\"><div class=\"ugb-inner-block\"><div class=\"ugb-block-content\"><div class=\"ugb-feature__item ugb--shadow-5\"><div class=\"ugb-feature__content\"><h2 class=\"ugb-feature__title\">Scrivici di cosa hai bisogno<\/h2><p class=\"ugb-feature__description\">Di qualsiasi cosa tu abbia bisogno, che sia un approfondimento, un preventivo oppure semplicemente una domanda, <strong>ti risponderemo subito<\/strong>.<\/p><div class=\"ugb-button-container\"><a class=\"ugb-button ugb-button--size-normal ugb--hover-effect-scale\" href=\"mailto:info@spedirecomodo.it?subject=Desidero informazioni su come spedire dalla Sicilia\" rel=\"\" title=\"\"><span class=\"ugb-button--inner\">Contattaci!<\/span><\/a><\/div><\/div><div class=\"ugb-feature__image-side\"><img class=\"ugb-feature__image ugb-img wp-image-6867 ugb-image--shape-stretch\" src=\"https:\/\/www.spedirecomodo.it\/cms\/wp-content\/uploads\/2021\/04\/Servizio-Clienti-Spedirecomodo.png\" alt=\"Servizio Clienti Spedirecomodo\" height=\"245\" srcset=\"https:\/\/www.spedirecomodo.it\/cms\/wp-content\/uploads\/2021\/04\/Servizio-Clienti-Spedirecomodo.png 864w, https:\/\/www.spedirecomodo.it\/cms\/wp-content\/uploads\/2021\/04\/Servizio-Clienti-Spedirecomodo-300x194.png 300w, https:\/\/www.spedirecomodo.it\/cms\/wp-content\/uploads\/2021\/04\/Servizio-Clienti-Spedirecomodo-768x496.png 768w\" sizes=\"(max-width: 864px) 100vw, 864px\" \/><\/div><\/div><\/div><\/div><\/div>\n\n\n\n<div class=\"wp-block-ugb-feature ugb-feature ugb-39f0ae5 ugb-feature--v2 ugb-feature--design-basic ugb-main-block\"><div class=\"ugb-inner-block\"><div class=\"ugb-block-content\"><div class=\"ugb-feature__item ugb--shadow-5\"><div class=\"ugb-feature__content\"><h2 class=\"ugb-feature__title\">Connetti subito il tuo ecommerce o un Marketplace<\/h2><p class=\"ugb-feature__description\">Con i\u00a0<strong>connettori e-commerce<\/strong>\u00a0di Spedirecomodo puoi <strong>integrare il tuo store online in modo facile e veloce<\/strong> per importare tutte le spedizioni con un click.<br>Integrazione automatica con Amazon, ebay ed Etsy.<br>Scegli il tuo corriere espresso preferito tra <strong>Poste Italiane, Bartolini, DPD, GLS e DHL<\/strong> per spedire in Italia o spedire all&#8217;estero ai migliori prezzi spedizione.<\/p><div class=\"ugb-button-container\"><a class=\"ugb-button ugb-button--size-normal ugb-button--design-ghost\" href=\"https:\/\/www.spedirecomodo.it\/cms\/connettori-integrazione-ecommerce\/\" rel=\"\" title=\"\"><span class=\"ugb-button--inner\">Scopri di pi\u00f9<\/span><\/a><\/div><\/div><div class=\"ugb-feature__image-side\"><img class=\"ugb-feature__image ugb-img wp-image-6638 ugb-image--shape-stretch\" src=\"https:\/\/www.spedirecomodo.it\/cms\/wp-content\/uploads\/2021\/03\/Spedirecomodo-Connetti-ecommerce.png\" alt=\"\" title=\"\" height=\"354\" srcset=\"https:\/\/www.spedirecomodo.it\/cms\/wp-content\/uploads\/2021\/03\/Spedirecomodo-Connetti-ecommerce.png 575w, https:\/\/www.spedirecomodo.it\/cms\/wp-content\/uploads\/2021\/03\/Spedirecomodo-Connetti-ecommerce-300x280.png 300w\" sizes=\"(max-width: 575px) 100vw, 575px\"><\/div><\/div><\/div><\/div><\/div>\n\n\n\n<div class=\"wp-block-ugb-feature ugb-feature ugb-d198a4c ugb-feature--v2 ugb-feature--design-basic ugb-main-block\"><div class=\"ugb-inner-block\"><div class=\"ugb-block-content\"><div class=\"ugb-feature__item ugb--shadow-5\"><div class=\"ugb-feature__content\"><h2 class=\"ugb-feature__title\">I migliori prezzi per le spedizioni dei tuoi pacchi<\/h2><p class=\"ugb-feature__description\">Con Spedirecomodo Business potrai spedire i tuoi pacchi ai <strong>prezzi riservati<\/strong> alle aziende.<br>Spedizioni ecommerce con <strong>sconti fino al 70%<\/strong> rispetto alle normali tariffe di mercato con Corriere Espresso.<br>Richiedi subito l&#8217;attivazione e verifica i prezzi delle spedizioni economiche con i maggiori Corrieri Espresso.<br><\/p><div class=\"ugb-button-container\"><a class=\"ugb-button ugb-button--size-normal ugb-button--design-ghost\" href=\"https:\/\/www.spedirecomodo.it\/cms\/connettori-integrazione-ecommerce\/\" rel=\"\" title=\"\"><span class=\"ugb-button--inner\">Richiedi Attivazione<\/span><\/a><\/div><\/div><div class=\"ugb-feature__image-side\"><img class=\"ugb-feature__image ugb-img wp-image-6644 ugb-image--shape-stretch\" src=\"https:\/\/www.spedirecomodo.it\/cms\/wp-content\/uploads\/2021\/03\/Spedirecomodo-Pannello-Tariffe.png\" alt=\"Tariffe Spedirecomodo Business\" height=\"265\" srcset=\"https:\/\/www.spedirecomodo.it\/cms\/wp-content\/uploads\/2021\/03\/Spedirecomodo-Pannello-Tariffe.png 775w, https:\/\/www.spedirecomodo.it\/cms\/wp-content\/uploads\/2021\/03\/Spedirecomodo-Pannello-Tariffe-300x209.png 300w, https:\/\/www.spedirecomodo.it\/cms\/wp-content\/uploads\/2021\/03\/Spedirecomodo-Pannello-Tariffe-768x536.png 768w\" sizes=\"(max-width: 775px) 100vw, 775px\" \/><\/div><\/div><\/div><\/div><\/div>\n\n\n\n<hr class=\"wp-block-separator has-css-opacity\"\/>\n\n\n\n<h3>I maggiori Corrieri Espresso in Sicilia per spedire pacchi<\/h3>\n\n\n\n<p><strong>Spedire dalla Sicilia<\/strong> \u00e8 pratico ed economico con Spedirecomodo. Ti ricordiamo che \u00e8 possibile effettuare spedizioni online anche pi\u00f9 pacchi in un\u2019unica <strong>spedizione multipla<\/strong>.<\/p>\n\n\n\n<div style=\"height:20px\" aria-hidden=\"true\" class=\"wp-block-spacer\"><\/div>\n\n\n<div class=\"su-button-center\"><a href=\"https:\/\/www.spedirecomodo.it\/cms\/connettori-integrazione-ecommerce\/\" class=\"su-button su-button-style-default\" style=\"color:#FFFFFF;background-color:#0693e3;border-color:#0576b6;border-radius:10px;-moz-border-radius:10px;-webkit-border-radius:10px\" target=\"_self\" id=\"ButtonOrdineMultiplo\"><span style=\"color:#FFFFFF;padding:8px 26px;font-size:20px;line-height:30px;border-color:#51b4ec;border-radius:10px;-moz-border-radius:10px;-webkit-border-radius:10px;text-shadow:none;-moz-text-shadow:none;-webkit-text-shadow:none\"><i class=\"sui sui-th-large\" style=\"font-size:20px;color:#FFFFFF\"><\/i> Devo inserire pi\u00f9 Spedizioni<\/span><\/a><\/div>\n\n\n\n<div style=\"height:30px\" aria-hidden=\"true\" class=\"wp-block-spacer\"><\/div>\n\n\n\n<hr class=\"wp-block-separator has-css-opacity\"\/>\n\n\n\n<h3>Spedire subito un pacco dalla Sicilia \u00e8 facile ed economico<\/h3>\n\n\n\n<p>Con un veloce click sul bottone \u201cCompara e spedisci\u201d conoscerai subito quali sono i migliori Spedizionieri Sicilia che eseguono invio di pacchi buste e pallet e potrai valutare immediatamente tutti i prezzi economici per spedire in Italia e spedire all&#8217;estero e i tempi di consegna a domicilio.<\/p>\n\n\n\n<p>Ti offriamo un\u2019ampia scelta di proposte per le tue spedizioni economiche con i maggiori Corrieri in Sicilia.<\/p>\n\n\n\n<hr class=\"wp-block-separator has-css-opacity\"\/>\n\n\n\n<h3>Spedizione economica Corrieri Espresso Sicilia con Bartolini, Poste Italiane, <\/h3>\n\n\n\n<h3>DHL, GLS<\/h3>\n\n\n\n<p>Valuta i servizi di spedizione pacchi che pi\u00f9 si adattano alle tue necessit\u00e0 tra quelli offerti dai nostri <strong><a href=\"https:\/\/www.spedirecomodo.it\/cms\/il-servizio-spedirecomodo\/\"><span style=\"text-decoration: underline;\">Corrieri Espresso<\/span><\/a><\/strong> come: <strong><a href=\"https:\/\/www.spedirecomodo.it\/cms\/poste-italiane-crono\/\"><span style=\"text-decoration: underline;\">Poste Italiane<\/span><\/a><\/strong>, <strong><a href=\"https:\/\/www.spedirecomodo.it\/cms\/brt-bartolini\/\"><span style=\"text-decoration: underline;\">BRT Bartolini<\/span><\/a><\/strong>, <strong><span style=\"text-decoration: underline;\"><a class=\"rank-math-link\" href=\"https:\/\/www.spedirecomodo.it\/cms\/dhl\/\">DHL<\/a><\/span><\/strong> e <span style=\"text-decoration: underline;\"><strong><a class=\"rank-math-link\" href=\"https:\/\/www.spedirecomodo.it\/cms\/skynet-economy\/\">TNT Skynet<\/a><\/strong><\/span>.<\/p>\n\n\n\n<p>Leggi i nostri utili consigli su <strong><a href=\"https:\/\/www.spedirecomodo.it\/cms\/come-preparare-un-pacco\/\"><span style=\"text-decoration: underline;\">come preparare un pacco<\/span><\/a><\/strong> da spedire all&#8217;estero o spedire in Italia.<\/p>\n\n\n\n<p>Per conoscere quali articoli e prodotti sono vietati consulta sul nostro portale la lista dei prodotti che non possono essere spediti.<\/p>\n\n\n\n<p>Il pagamento delle tue spedizioni \u00e8 sicuro e semplice: puoi utilizzare le maggiori carte di credito o il tuo conto Paypal.<\/p>\n\n\n\n<div style=\"height:20px\" aria-hidden=\"true\" class=\"wp-block-spacer\"><\/div>\n\n\n<div class=\"su-button-center\"><a href=\"https:\/\/www.spedirecomodo.it\/cms\/colli-incompatibili\/\" class=\"su-button su-button-style-default\" style=\"color:#FFFFFF;background-color:#0693e3;border-color:#0576b6;border-radius:10px;-moz-border-radius:10px;-webkit-border-radius:10px\" target=\"_self\" id=\"ButtonIncompatibili\"><span style=\"color:#FFFFFF;padding:8px 26px;font-size:20px;line-height:30px;border-color:#51b4ec;border-radius:10px;-moz-border-radius:10px;-webkit-border-radius:10px;text-shadow:none;-moz-text-shadow:none;-webkit-text-shadow:none\"><i class=\"sui sui-warning\" style=\"font-size:20px;color:#FFFFFF\"><\/i> Cosa NON posso spedire<\/span><\/a><\/div>\n\n\n\n<div style=\"height:30px\" aria-hidden=\"true\" class=\"wp-block-spacer\"><\/div>\n\n\n\n<hr class=\"wp-block-separator has-css-opacity\"\/>\n\n\n\n<h3>I migliori Prezzi spedizione pacco sono su Spedirecomodo<\/h3>\n\n\n\n<p>Le nostre proposte per per spedire in Italia o spedire in Europa variano secondo i tempi di percorrenza dalle isole e alle caratteristiche del tuoi pacchi. Ricorda che i prezzi di Spedirecomodo sono scontati fino al 70% rispetto a quelli mediamente applicati sul mercato.<\/p>\n\n\n\n<p>Quando l&#8217;incaricato dello Spedizioniere avr\u00e0 ritirato il tuo pacco in Sicilia potrai sempre verificare lo stato della spedizione inserendo nell&#8217;area riservata al <strong><span style=\"text-decoration: underline;\"><a href=\"https:\/\/www.spedirecomodo.it\/cms\/cercare-spedizioni\/\" class=\"rank-math-link\">Tracking online<\/a><\/span><\/strong> il codice dell&#8217;etichetta fornita da Spedirecomodo nella mail di conferma che ti verr\u00e0 recapitata in automatico al momento della chiusura dell&#8217;ordine di spedizione.<\/p>\n\n\n\n<p>Potrai rintracciare il pacco usando il numero di Spedirecomodo oppure il numero di lettera di vettura assegnato dal Corriere prescelto.<\/p>\n\n\n\n<hr class=\"wp-block-separator has-css-opacity\"\/>\n\n\n\n<h3>Spedire un pacco all&#8217;estero dalla Sicilia<\/h3>\n\n\n\n<p>Potrai <span style=\"text-decoration: underline;\"><strong><a href=\"https:\/\/www.spedirecomodo.it\/cms\/spedire-in-europa\/\">spedire all&#8217;estero dalla Sicilia in Europa<\/a><\/strong><\/span>. Ricordiamo che le spedizioni in tutta l&#8217;Unione Europea non hanno bisogno di essere accompagnate da documenti particolari.<\/p>\n\n\n\n<p>Il ritiro a domicilio a Siracusa, ad Agrigento, a Trapani, a Caltanissetta, a Messina, a Ragusa, e tutta la Sicilia e la consegna in Italia o il recapito in Europa dei tuoi pacchi sono compresi nel prezzo che ti verr\u00e0 visualizzato nella pagina contenente tutte le offerte di spedizione pacchi secondo i dati che avrai inserito in fase di prenotazione.<\/p>\n\n\n\n<p>Per ulteriori informazioni non esitare a contattarci tramite il nostro Servizio Clienti via Live Chat oppure alla mail: <span style=\"text-decoration: underline;\"><strong><a href=\"mailto:info@spedirecomodo.it\">info@spedirecomodo.it<\/a><\/strong><\/span><\/p>\n\n\n\n<div style=\"height:20px\" aria-hidden=\"true\" class=\"wp-block-spacer\"><\/div>\n\n\n\r\n<div class=\"ship-now-calltoaction text-center\">\r\n    <span class=\"title\">Spedisci ora!<\/span>\r\n    <div class=\"rounded-div\">\r\n        <button data-toggle=\"modal\" class=\"ship-now btn-primary-sc\">Continua<\/button>\r\n    <\/div>\r\n    <span class=\"subtitle\">Inserisci i dati e spedisci in pochi click!<\/span>\r\n<\/div>\r\n\n\n\n\n<div style=\"height:20px\" aria-hidden=\"true\" class=\"wp-block-spacer\"><\/div>\n\n\n\n<hr class=\"wp-block-separator has-css-opacity\"\/>\n\n\n\n<p>Se vuoi maggiori informazioni e utili consigli per le tue spedizioni economiche in Italia ed Europa oppure suggerimenti su come preparare un pacco consulta il <strong><a rel=\"noreferrer noopener\" href=\"https:\/\/www.spedirecomodo.it\/cms\/il-blog-di-spedirecomodo\/\" target=\"_blank\"><span style=\"text-decoration: underline;\">Blog di Spedirecomodo<\/span><\/a><\/strong>.<\/p>\n\n\n\n<p>Se vuoi informazioni e consigli su come realizzare un ecommerce di successo visita&nbsp;<a rel=\"noreferrer noopener\" href=\"https:\/\/www.metaxy.eu\/\" target=\"_blank\"><strong>Metaxy<\/strong><\/a>.<\/p>\n\n\n\n<p><strong><span style=\"text-decoration: underline;\"><a href=\"https:\/\/www.spedirecomodo.it\/cms\/paccofacile\/\" class=\"rank-math-link\">Pacco facile online<\/a><\/span><\/strong>, spedire in Sicilia, spedire economico con Spedirecomodo.<\/p>\n\n\n\n<div style=\"height:50px\" aria-hidden=\"true\" class=\"wp-block-spacer\"><\/div>\n\n\n\n<p><\/p>\n<style class=\"advgb-styles-renderer\">.ugb-213aecc .ugb-img{border-radius:5px}@media screen and (min-width:768px){.ugb-213aecc .ugb-img{border-radius:5px;width:420px;height:auto !important}}.ugb-d9594c4 .ugb-button .ugb-button--inner{font-size:18px !important}.ugb-d9594c4 .ugb-button{padding-top:10px;padding-right:25px;padding-bottom:10px;padding-left:25px;border-radius:5px !important}.ugb-d9594c4 .ugb-button:before{border-radius:5px !important}@media screen and (min-width:768px){.ugb-d9594c4 .ugb-img{width:380px;height:auto !important}}@media screen and (min-width:768px) and (max-width:1025px){.ugb-d9594c4 .ugb-img{width:380px;height:auto !important}}@media screen and (max-width:768px){.ugb-d9594c4 .ugb-img{width:285px;height:auto !important}}.ugb-39f0ae5 .ugb-button .ugb-button--inner{font-size:18px !important}.ugb-39f0ae5 .ugb-button{padding-top:10px;padding-right:25px;padding-bottom:10px;padding-left:25px;border-radius:5px !important}.ugb-39f0ae5 .ugb-button:before{border-radius:5px !important}.ugb-39f0ae5 .ugb-button-container{text-align:center !important}@media screen and (min-width:768px){.ugb-39f0ae5 .ugb-img{width:380px;height:auto !important}}@media screen and (min-width:768px) and (max-width:1025px){.ugb-39f0ae5 .ugb-img{width:380px;height:auto !important}}@media screen and (max-width:768px){.ugb-39f0ae5 .ugb-img{width:285px;height:auto !important}}.ugb-d198a4c .ugb-button .ugb-button--inner{font-size:18px !important}.ugb-d198a4c .ugb-button{padding-top:10px;padding-right:25px;padding-bottom:10px;padding-left:25px;border-radius:5px !important}.ugb-d198a4c .ugb-button:before{border-radius:5px !important}.ugb-d198a4c .ugb-button-container{text-align:center !important}@media screen and (min-width:768px){.ugb-d198a4c .ugb-img{width:380px;height:auto !important}}@media screen and (min-width:768px) and (max-width:1025px){.ugb-d198a4c .ugb-img{width:380px;height:auto !important}}@media screen and (max-width:768px){.ugb-d198a4c .ugb-img{width:285px;height:auto !important}}<\/style>","protected":false},"excerpt":{"rendered":"<p>Spedire dalla Sicilia alle migliori tariffe Spedire dalla Sicilia \u00e8 ancora pi\u00f9 facile con i nostri servizi online. Basta una semplice ricerca sulla nostra Homepage e potrai scegliere il servizio di spedizione pacchi tra i migliori Corrieri Espresso della Sicilia. Per spedire subito puoi inserire i dati della spedizione nella zona in alto su questa [&hellip;]<\/p>\n","protected":false},"author":7,"featured_media":0,"parent":0,"menu_order":0,"comment_status":"closed","ping_status":"closed","template":"index-trustpilot.php","meta":{"advgb_blocks_editor_width":"","advgb_blocks_columns_visual_guide":""},"categories":[],"tags":[],"featured_image_urls":{"full":"","thumbnail":"","medium":"","medium_large":"","large":"","1536x1536":"","2048x2048":""},"post_excerpt_stackable":"<p>Spedire dalla Sicilia alle migliori tariffeSpedire dalla Sicilia \u00e8 ancora pi\u00f9 facile con i nostri servizi online. Basta una semplice ricerca sulla nostra Homepage e potrai scegliere il servizio di spedizione pacchi tra i migliori Corrieri Espresso della Sicilia. Per spedire subito puoi inserire i dati della spedizione nella zona in alto su questa pagina oppure con il bottone sotto (localit\u00e0 di partenza come Palermo o Catania, destinazione in Italia o in Europa e il peso) e clicca su Compara e spedisci. Tariffe Poste Italiane Tariffe DHL Tariffe BRT Bartolini Spedisci ora! Continua Inserisci i dati e spedisci in pochi&hellip;<\/p>\n","category_list":"Senza categoria","author_info":{"name":"Sebastiano Torcellan","url":"https:\/\/www.spedirecomodo.it\/cms\/author\/sebastiano-torcellan\/"},"comments_num":"0 commenti","featured_image_urls_v2":{"full":"","thumbnail":"","medium":"","medium_large":"","large":"","1536x1536":"","2048x2048":""},"post_excerpt_stackable_v2":"<p>Spedire dalla Sicilia alle migliori tariffeSpedire dalla Sicilia \u00e8 ancora pi\u00f9 facile con i nostri servizi online. Basta una semplice ricerca sulla nostra Homepage e potrai scegliere il servizio di spedizione pacchi tra i migliori Corrieri Espresso della Sicilia. Per spedire subito puoi inserire i dati della spedizione nella zona in alto su questa pagina oppure con il bottone sotto (localit\u00e0 di partenza come Palermo o Catania, destinazione in Italia o in Europa e il peso) e clicca su Compara e spedisci. Tariffe Poste Italiane Tariffe DHL Tariffe BRT Bartolini Spedisci ora! Continua Inserisci i dati e spedisci in pochi&hellip;<\/p>\n","category_list_v2":"Senza categoria","author_info_v2":{"name":"Sebastiano Torcellan","url":"https:\/\/www.spedirecomodo.it\/cms\/author\/sebastiano-torcellan\/"},"comments_num_v2":"0 commenti","coauthors":[],"author_meta":{"author_link":"https:\/\/www.spedirecomodo.it\/cms\/author\/sebastiano-torcellan\/","display_name":"Sebastiano Torcellan"},"relative_dates":{"created":"Pubblicato 5 anni fa","modified":"Aggiornato 3 anni fa"},"absolute_dates":{"created":"Pubblicato il 20 Maggio 2021","modified":"Aggiornato il 25 Gennaio 2023"},"absolute_dates_time":{"created":"Pubblicato il 20 Maggio 2021 19:16","modified":"Aggiornato il 25 Gennaio 2023 17:23"},"featured_img_caption":"","featured_img":false,"series_order":"","_links":{"self":[{"href":"https:\/\/www.spedirecomodo.it\/cms\/wp-json\/wp\/v2\/pages\/1928"}],"collection":[{"href":"https:\/\/www.spedirecomodo.it\/cms\/wp-json\/wp\/v2\/pages"}],"about":[{"href":"https:\/\/www.spedirecomodo.it\/cms\/wp-json\/wp\/v2\/types\/page"}],"author":[{"embeddable":true,"href":"https:\/\/www.spedirecomodo.it\/cms\/wp-json\/wp\/v2\/users\/7"}],"replies":[{"embeddable":true,"href":"https:\/\/www.spedirecomodo.it\/cms\/wp-json\/wp\/v2\/comments?post=1928"}],"version-history":[{"count":4,"href":"https:\/\/www.spedirecomodo.it\/cms\/wp-json\/wp\/v2\/pages\/1928\/revisions"}],"predecessor-version":[{"id":8654,"href":"https:\/\/www.spedirecomodo.it\/cms\/wp-json\/wp\/v2\/pages\/1928\/revisions\/8654"}],"wp:attachment":[{"href":"https:\/\/www.spedirecomodo.it\/cms\/wp-json\/wp\/v2\/media?parent=1928"}],"wp:term":[{"taxonomy":"category","embeddable":true,"href":"https:\/\/www.spedirecomodo.it\/cms\/wp-json\/wp\/v2\/categories?post=1928"},{"taxonomy":"post_tag","embeddable":true,"href":"https:\/\/www.spedirecomodo.it\/cms\/wp-json\/wp\/v2\/tags?post=1928"}],"curies":[{"name":"wp","href":"https:\/\/api.w.org\/{rel}","templated":true}]}}