{"id":2307,"date":"2020-06-24T17:42:55","date_gmt":"2020-06-24T15:42:55","guid":{"rendered":"https:\/\/www.spedirecomodo.it\/cms\/?page_id=2307"},"modified":"2020-11-14T23:30:09","modified_gmt":"2020-11-14T22:30:09","slug":"telefono-spedirecomodo","status":"publish","type":"page","link":"https:\/\/www.spedirecomodo.it\/cms\/telefono-spedirecomodo\/","title":{"rendered":"Telefono e Contatti di Spedirecomodo"},"content":{"rendered":"\n<div style=\"height:20px\" aria-hidden=\"true\" class=\"wp-block-spacer\"><\/div>\n\n\n\n<h2>I nostri contatti per le tue esigenze di Spedizione<\/h2>\n\n\n\n<div style=\"height:20px\" aria-hidden=\"true\" class=\"wp-block-spacer\"><\/div>\n\n\n\n<p>Spedirecomodo \u00e8 un\u00a0comparatore di spedizioni\u00a0in Italia e all&#8217;estero che basa la sua attivit\u00e0 sui canali digitali che non comprendono il telefono per ora.<\/p>\n\n\n\n<p><strong>Il nostro Team di supporto non fornisce assistenza telefonica<\/strong>, ma ci\u00f2 non significa che non possiamo aiutarti online per tutto ci\u00f2 che pu\u00f2 essere necessario con le tue spedizioni.<\/p>\n\n\n\n<p>Il <strong>Servizio Assistenza Client<\/strong>i di Spedirecomodo \u00e8 sempre a tua disposizione dove e quando vuoi per rispondere ad ogni problema, dubbio o richiesta e aiutarti con la tue spedizioni pacchi, buste o pallet.<\/p>\n\n\n\n<p>Sotto puoi trovare i canali per contattare il nostro Servizio di Assistenza Clienti.<\/p>\n\n\n\n<div class=\"wp-container-1 wp-block-group\"><div class=\"wp-block-group__inner-container\"><\/div><\/div>\n\n\n\n<div class=\"wp-container-2 wp-block-group\"><div class=\"wp-block-group__inner-container\"><\/div><\/div>\n\n\n\n<div style=\"height:20px\" aria-hidden=\"true\" class=\"wp-block-spacer\"><\/div>\n\n\n\n<hr class=\"wp-block-separator\"\/>\n\n\n\n<h3>Apri un Ticket<\/h3>\n\n\n\n<p>Spedirecomodo offre ai propri Clienti un&#8217;area riservata e dedicata alle richieste di assistenza: il Centro Supporto.<\/p>\n\n\n\n<p>Dal <strong>Centro Supporto<\/strong> potrai gestire tutti i <strong>Ticket<\/strong> che hai aperto per ricevere assistenza sulle spedizioni pacchi, buste e pallet, <strong>consultare<\/strong> domande e risposte in merito a dubbi frequenti (<a href=\"https:\/\/www.spedirecomodo.it\/cms\/faq-domande-frequenti\/\"><span style=\"text-decoration: underline;\">Sezione FAQ<\/span><\/a>) ed eventualmente interagire con la community di utenti Spedirecomodo.<\/p>\n\n\n\n<p>Accedere al nostro Centro Supporto \u00e8 facilissimo e puoi farlo direttamente dalla Homepage cliccando su &#8220;Supporto&#8221;.<\/p>\n\n\n\n<p>Una volta entrato nell&#8217;area di Supporto potrai consultare senza problemi articoli e suggerimenti per i principali argomenti relativi a spedizione pacchi, gestione ordini di prenotazione, fatture, pagamenti e molto altro.<\/p>\n\n\n\n<p>Per controllare i tuoi Ticket o inviarne di nuovi dovrai fare il login con le tue credenziali. Tutte le operazioni sul nostro sito puoi farle dove e quando vuoi usando Smartphone, Tablet o Computer Desktop.<\/p>\n\n\n\n<div style=\"height:20px\" aria-hidden=\"true\" class=\"wp-block-spacer\"><\/div>\n\n\n\n\n\n<div style=\"height:20px\" aria-hidden=\"true\" class=\"wp-block-spacer\"><\/div>\n\n\n\n<hr class=\"wp-block-separator\"\/>\n\n\n\n<h3>Scrivi in Live Chat<\/h3>\n\n\n\n<p>Se hai bisogno di una risposta rapida su problematiche urgenti di facile risoluzione puoi contattarci direttamente via Live Chat.<\/p>\n\n\n\n<p>Il servizio di Live Chat con operatore \u00e8 disponibile dal luned\u00ec al venerd\u00ec dalle 9:00 alle 13:00 e dalle 14:00 alle 18:00. Trovi il pannello in basso a destra su ogni pagina di www.spedirecomodo.it<\/p>\n\n\n\n<div style=\"height:20px\" aria-hidden=\"true\" class=\"wp-block-spacer\"><\/div>\n\n\n\n<hr class=\"wp-block-separator\"\/>\n\n\n\n<h3>Invia E-mail<\/h3>\n\n\n\n<p>Per qualunque problema, esigenza o richiesta di informazioni su spedizioni Italia ed Europa e tariffe vantaggiose puoi inviare una mail a <a href=\"mailto:info@spedirecomodo.it\"><strong>info@spedirecomodo.it<\/strong><\/a><br>Il nostro Servizio Clienti ti risponder\u00e0 entro 48h lavorative.<\/p>\n\n\n\n<div style=\"height:20px\" aria-hidden=\"true\" class=\"wp-block-spacer\"><\/div>\n\n\n\n<hr class=\"wp-block-separator\"\/>\n\n\n\n<div class=\"wp-block-ugb-feature-grid ugb-feature-grid ugb-837d28a ugb-feature-grid--v2 ugb-feature-grid--columns-3 ugb-feature-grid--design-basic ugb-main-block\"><div class=\"ugb-inner-block\"><div class=\"ugb-block-content\"><div class=\"ugb-feature-grid__item ugb-feature-grid__item1 ugb--shadow-5\"><div class=\"ugb-feature-grid__image\"><img loading=\"lazy\" width=\"1024\" height=\"716\" class=\"ugb-img wp-image-4435\" src=\"https:\/\/www.spedirecomodo.it\/cms\/wp-content\/uploads\/2020\/03\/Come-Spedire-Pacco-1024x716.png\" alt=\"Come spedire un pacco\" srcset=\"https:\/\/www.spedirecomodo.it\/cms\/wp-content\/uploads\/2020\/03\/Come-Spedire-Pacco-1024x716.png 1024w, https:\/\/www.spedirecomodo.it\/cms\/wp-content\/uploads\/2020\/03\/Come-Spedire-Pacco-300x210.png 300w, https:\/\/www.spedirecomodo.it\/cms\/wp-content\/uploads\/2020\/03\/Come-Spedire-Pacco-768x537.png 768w, https:\/\/www.spedirecomodo.it\/cms\/wp-content\/uploads\/2020\/03\/Come-Spedire-Pacco.png 1304w\" sizes=\"(max-width: 1024px) 100vw, 1024px\" \/><\/div><div class=\"ugb-feature-grid__content\"><h4 class=\"ugb-feature-grid__title\">Come spedire un pacco<\/h4><p class=\"ugb-feature-grid__description\">Se sei alla prima spedizione con noi leggi la nostra breve guida con tutti i passaggi per completare un ordine.<\/p><div class=\"ugb-button-container\"><a class=\"ugb-button ugb-button--size-normal ugb--hover-effect-scale\" href=\"https:\/\/www.spedirecomodo.it\/cms\/come-spedire-un-pacco\/\" rel=\"\" title=\"\"><span class=\"ugb-button--inner\">Scopri di pi\u00f9<\/span><\/a><\/div><\/div><\/div><div class=\"ugb-feature-grid__item ugb-feature-grid__item2 ugb--shadow-5\"><div class=\"ugb-feature-grid__image\"><img loading=\"lazy\" width=\"1024\" height=\"676\" class=\"ugb-img wp-image-4432\" src=\"https:\/\/www.spedirecomodo.it\/cms\/wp-content\/uploads\/2020\/03\/Preparare-un-Pacco-1024x676.png\" alt=\"Come preparare un pacco\" srcset=\"https:\/\/www.spedirecomodo.it\/cms\/wp-content\/uploads\/2020\/03\/Preparare-un-Pacco-1024x676.png 1024w, https:\/\/www.spedirecomodo.it\/cms\/wp-content\/uploads\/2020\/03\/Preparare-un-Pacco-300x198.png 300w, https:\/\/www.spedirecomodo.it\/cms\/wp-content\/uploads\/2020\/03\/Preparare-un-Pacco-768x507.png 768w, https:\/\/www.spedirecomodo.it\/cms\/wp-content\/uploads\/2020\/03\/Preparare-un-Pacco.png 1254w\" sizes=\"(max-width: 1024px) 100vw, 1024px\" \/><\/div><div class=\"ugb-feature-grid__content\"><h4 class=\"ugb-feature-grid__title\">Come preparare un pacco<\/h4><p class=\"ugb-feature-grid__description\">Consulta la nostra guida per un corretto imballaggio&nbsp;del pacco per garantire la sicurezza della tua spedizione.<\/p><div class=\"ugb-button-container\"><a class=\"ugb-button ugb-button--size-normal ugb--hover-effect-scale\" href=\"https:\/\/www.spedirecomodo.it\/cms\/come-preparare-un-pacco\/\" rel=\"\" title=\"\"><span class=\"ugb-button--inner\">Scopri di pi\u00f9<\/span><\/a><\/div><\/div><\/div><div class=\"ugb-feature-grid__item ugb-feature-grid__item3 ugb--shadow-5\"><div class=\"ugb-feature-grid__image\"><img loading=\"lazy\" width=\"722\" height=\"639\" class=\"ugb-img wp-image-6618\" src=\"https:\/\/www.spedirecomodo.it\/cms\/wp-content\/uploads\/2021\/03\/Spedirecomodo-Businness.png\" alt=\"Ho un ecommerce\" srcset=\"https:\/\/www.spedirecomodo.it\/cms\/wp-content\/uploads\/2021\/03\/Spedirecomodo-Businness.png 722w, https:\/\/www.spedirecomodo.it\/cms\/wp-content\/uploads\/2021\/03\/Spedirecomodo-Businness-300x266.png 300w\" sizes=\"(max-width: 722px) 100vw, 722px\" \/><\/div><div class=\"ugb-feature-grid__content\"><h4 class=\"ugb-feature-grid__title\">Ho un ecommerce<\/h4><p class=\"ugb-feature-grid__description\">Se hai una partita IVA richiedi subito l&#8217;attivazione gratuita a Spedirecomodo Business.<\/p><div class=\"ugb-button-container\"><a class=\"ugb-button ugb-button--size-normal ugb--hover-effect-scale\" href=\"https:\/\/www.spedirecomodo.it\/cms\/clienti-business\/\" rel=\"\" title=\"\"><span class=\"ugb-button--inner\">Scopri di pi\u00f9<\/span><\/a><\/div><\/div><\/div><\/div><\/div><\/div>\n\n\n\n<hr class=\"wp-block-separator\"\/>\n\n\n\n<div style=\"height:20px\" aria-hidden=\"true\" class=\"wp-block-spacer\"><\/div>\n\n\n\n<div class=\"wp-block-ugb-feature-grid ugb-feature-grid ugb-6b23d61 ugb-feature-grid--v2 ugb-feature-grid--columns-3 ugb-feature-grid--design-basic ugb-main-block\"><div class=\"ugb-inner-block\"><div class=\"ugb-block-content\"><div class=\"ugb-feature-grid__item ugb-feature-grid__item1 ugb--shadow-5\"><div class=\"ugb-feature-grid__image\"><img loading=\"lazy\" width=\"1024\" height=\"357\" class=\"ugb-img wp-image-4905\" src=\"\/cms\/wp-content\/uploads\/2020\/10\/Spedire-Italia-2-e1602500647198-1024x357.png\" alt=\"Spedire Italia\" srcset=\"https:\/\/www.spedirecomodo.it\/cms\/wp-content\/uploads\/2020\/10\/Spedire-Italia-2-e1602500647198-1024x357.png 1024w, https:\/\/www.spedirecomodo.it\/cms\/wp-content\/uploads\/2020\/10\/Spedire-Italia-2-e1602500647198-300x105.png 300w, https:\/\/www.spedirecomodo.it\/cms\/wp-content\/uploads\/2020\/10\/Spedire-Italia-2-e1602500647198-768x268.png 768w, https:\/\/www.spedirecomodo.it\/cms\/wp-content\/uploads\/2020\/10\/Spedire-Italia-2-e1602500647198.png 1096w\" sizes=\"(max-width: 1024px) 100vw, 1024px\" \/><\/div><div class=\"ugb-feature-grid__content\"><h4 class=\"ugb-feature-grid__title\">Spedire Italia<\/h4><p class=\"ugb-feature-grid__description\">Spedire pacchi buste e pallet in Italia a tariffe economiche con i maggiori Corrieri Espresso Nazionali.<\/p><div class=\"ugb-button-container\"><a class=\"ugb-button ugb-button--size-normal ugb--hover-effect-scale-more\" href=\"https:\/\/www.spedirecomodo.it\/cms\/spedire-in-italia\/\" rel=\"\" title=\"\"><span class=\"ugb-button--inner\">Scopri di pi\u00f9<\/span><\/a><\/div><\/div><\/div><div class=\"ugb-feature-grid__item ugb-feature-grid__item2 ugb--shadow-5\"><div class=\"ugb-feature-grid__image\"><img loading=\"lazy\" width=\"1024\" height=\"357\" class=\"ugb-img wp-image-4903\" src=\"\/cms\/wp-content\/uploads\/2020\/10\/Spedire-Estero-2-e1602500743153-1024x357.png\" alt=\"Spedire Europa\" srcset=\"https:\/\/www.spedirecomodo.it\/cms\/wp-content\/uploads\/2020\/10\/Spedire-Estero-2-e1602500743153-1024x357.png 1024w, https:\/\/www.spedirecomodo.it\/cms\/wp-content\/uploads\/2020\/10\/Spedire-Estero-2-e1602500743153-300x104.png 300w, https:\/\/www.spedirecomodo.it\/cms\/wp-content\/uploads\/2020\/10\/Spedire-Estero-2-e1602500743153-768x267.png 768w, https:\/\/www.spedirecomodo.it\/cms\/wp-content\/uploads\/2020\/10\/Spedire-Estero-2-e1602500743153.png 1097w\" sizes=\"(max-width: 1024px) 100vw, 1024px\" \/><\/div><div class=\"ugb-feature-grid__content\"><h4 class=\"ugb-feature-grid__title\">Spedire Europa<\/h4><p class=\"ugb-feature-grid__description\">Spedire pacchi buste e pallet in tutta Europa con i maggiori Corrieri Espresso Internazionali.<\/p><div class=\"ugb-button-container\"><a class=\"ugb-button ugb-button--size-normal ugb--hover-effect-scale-more\" href=\"https:\/\/www.spedirecomodo.it\/cms\/spedire-in-europa\/\" rel=\"\" title=\"\"><span class=\"ugb-button--inner\">Scopri di pi\u00f9<\/span><\/a><\/div><\/div><\/div><div class=\"ugb-feature-grid__item ugb-feature-grid__item3 ugb--shadow-5\"><div class=\"ugb-feature-grid__image\"><img loading=\"lazy\" width=\"1024\" height=\"355\" class=\"ugb-img wp-image-4907\" src=\"\/cms\/wp-content\/uploads\/2020\/10\/Assistenza-Clienti-2-e1602509242270-1024x355.png\" alt=\"Assistenza\" srcset=\"https:\/\/www.spedirecomodo.it\/cms\/wp-content\/uploads\/2020\/10\/Assistenza-Clienti-2-e1602509242270-1024x355.png 1024w, https:\/\/www.spedirecomodo.it\/cms\/wp-content\/uploads\/2020\/10\/Assistenza-Clienti-2-e1602509242270-300x104.png 300w, https:\/\/www.spedirecomodo.it\/cms\/wp-content\/uploads\/2020\/10\/Assistenza-Clienti-2-e1602509242270-768x266.png 768w, https:\/\/www.spedirecomodo.it\/cms\/wp-content\/uploads\/2020\/10\/Assistenza-Clienti-2-e1602509242270.png 1096w\" sizes=\"(max-width: 1024px) 100vw, 1024px\" \/><\/div><div class=\"ugb-feature-grid__content\"><h4 class=\"ugb-feature-grid__title\">Assistenza<\/h4><p class=\"ugb-feature-grid__description\">Se vuoi maggiori informazioni per spedire con noi consulta i nostri consigli.<\/p><div class=\"ugb-button-container\"><a class=\"ugb-button ugb-button--size-normal ugb--hover-effect-scale-more\" href=\"https:\/\/www.spedirecomodo.it\/cms\/servizio-clienti\/\" rel=\"\" title=\"\"><span class=\"ugb-button--inner\">Scopri di pi\u00f9<\/span><\/a><\/div><\/div><\/div><\/div><\/div><\/div>\n\n\n\n<hr class=\"wp-block-separator\"\/>\n\n\n\n<div style=\"height:20px\" aria-hidden=\"true\" class=\"wp-block-spacer\"><\/div>\n\n\n\r\n<div class=\"ship-now-calltoaction text-center\">\r\n    <span class=\"title\">Spedisci ora!<\/span>\r\n    <div class=\"rounded-div\">\r\n        <button data-toggle=\"modal\" class=\"ship-now btn-primary-sc\">Continua<\/button>\r\n    <\/div>\r\n    <span class=\"subtitle\">Inserisci i dati e spedisci in pochi click!<\/span>\r\n<\/div>\r\n\n\n\n\n<div style=\"height:20px\" aria-hidden=\"true\" class=\"wp-block-spacer\"><\/div>\n\n\n\n<p>Se vuoi maggiori informazioni e utili consigli per le tue spedizioni economiche oppure conoscere le tendenze dei consumatori digitali consulta il\u00a0<strong><a rel=\"noreferrer noopener\" href=\"https:\/\/www.spedirecomodo.it\/cms\/il-blog-di-spedirecomodo\/\" target=\"_blank\"><span style=\"text-decoration: underline;\">Blog di Spedirecomodo<\/span><\/a><\/strong>.<\/p>\n\n\n\n<p>Se vuoi informazioni e consigli su come realizzare un ecommerce di successo visita <a href=\"https:\/\/www.metaxy.eu\/\" target=\"_blank\" rel=\"noopener\"><strong>Metaxy<\/strong><\/a>.<\/p>\n\n\n\n<p>Spedire online, spedire in Italia, <span style=\"text-decoration: underline;\"><strong><a href=\"https:\/\/www.spedirecomodo.it\/cms\/spedire-estero\/\">spedire all&#8217;estero<\/a><\/strong><\/span>&#8230; con tutta l&#8217;assistenza di Spedirecomodo.<\/p>\n\n\n\n<div style=\"height:30px\" aria-hidden=\"true\" class=\"wp-block-spacer\"><\/div>\n<style class=\"advgb-styles-renderer\">.ugb-837d28a .ugb-button .ugb-button--inner{font-size:18px !important}.ugb-6b23d61 .ugb-feature-grid__item{border-radius:15px !important}.ugb-6b23d61 .ugb-button .ugb-button--inner{font-size:18px !important}<\/style>","protected":false},"excerpt":{"rendered":"<p>I nostri contatti per le tue esigenze di Spedizione Spedirecomodo \u00e8 un\u00a0comparatore di spedizioni\u00a0in Italia e all&#8217;estero che basa la sua attivit\u00e0 sui canali digitali che non comprendono il telefono per ora. Il nostro Team di supporto non fornisce assistenza telefonica, ma ci\u00f2 non significa che non possiamo aiutarti online per tutto ci\u00f2 che pu\u00f2 [&hellip;]<\/p>\n","protected":false},"author":7,"featured_media":0,"parent":0,"menu_order":0,"comment_status":"closed","ping_status":"closed","template":"index-trustpilot.php","meta":{"advgb_blocks_editor_width":"","advgb_blocks_columns_visual_guide":""},"categories":[],"tags":[],"featured_image_urls":{"full":"","thumbnail":"","medium":"","medium_large":"","large":"","1536x1536":"","2048x2048":""},"post_excerpt_stackable":"<p>I nostri contatti per le tue esigenze di Spedizione Spedirecomodo \u00e8 un\u00a0comparatore di spedizioni\u00a0in Italia e all&#8217;estero che basa la sua attivit\u00e0 sui canali digitali che non comprendono il telefono per ora. Il nostro Team di supporto non fornisce assistenza telefonica, ma ci\u00f2 non significa che non possiamo aiutarti online per tutto ci\u00f2 che pu\u00f2 essere necessario con le tue spedizioni. Il Servizio Assistenza Clienti di Spedirecomodo \u00e8 sempre a tua disposizione dove e quando vuoi per rispondere ad ogni problema, dubbio o richiesta e aiutarti con la tue spedizioni pacchi, buste o pallet. Sotto puoi trovare i canali per&hellip;<\/p>\n","category_list":"Senza categoria","author_info":{"name":"Sebastiano Torcellan","url":"https:\/\/www.spedirecomodo.it\/cms\/author\/sebastiano-torcellan\/"},"comments_num":"0 commenti","featured_image_urls_v2":{"full":"","thumbnail":"","medium":"","medium_large":"","large":"","1536x1536":"","2048x2048":""},"post_excerpt_stackable_v2":"<p>I nostri contatti per le tue esigenze di Spedizione Spedirecomodo \u00e8 un\u00a0comparatore di spedizioni\u00a0in Italia e all&#8217;estero che basa la sua attivit\u00e0 sui canali digitali che non comprendono il telefono per ora. Il nostro Team di supporto non fornisce assistenza telefonica, ma ci\u00f2 non significa che non possiamo aiutarti online per tutto ci\u00f2 che pu\u00f2 essere necessario con le tue spedizioni. Il Servizio Assistenza Clienti di Spedirecomodo \u00e8 sempre a tua disposizione dove e quando vuoi per rispondere ad ogni problema, dubbio o richiesta e aiutarti con la tue spedizioni pacchi, buste o pallet. Sotto puoi trovare i canali per&hellip;<\/p>\n","category_list_v2":"Senza categoria","author_info_v2":{"name":"Sebastiano Torcellan","url":"https:\/\/www.spedirecomodo.it\/cms\/author\/sebastiano-torcellan\/"},"comments_num_v2":"0 commenti","coauthors":[],"author_meta":{"author_link":"https:\/\/www.spedirecomodo.it\/cms\/author\/sebastiano-torcellan\/","display_name":"Sebastiano Torcellan"},"relative_dates":{"created":"Pubblicato 6 anni fa","modified":"Aggiornato 5 anni fa"},"absolute_dates":{"created":"Pubblicato il 24 Giugno 2020","modified":"Aggiornato il 14 Novembre 2020"},"absolute_dates_time":{"created":"Pubblicato il 24 Giugno 2020 17:42","modified":"Aggiornato il 14 Novembre 2020 23:30"},"featured_img_caption":"","featured_img":false,"series_order":"","_links":{"self":[{"href":"https:\/\/www.spedirecomodo.it\/cms\/wp-json\/wp\/v2\/pages\/2307"}],"collection":[{"href":"https:\/\/www.spedirecomodo.it\/cms\/wp-json\/wp\/v2\/pages"}],"about":[{"href":"https:\/\/www.spedirecomodo.it\/cms\/wp-json\/wp\/v2\/types\/page"}],"author":[{"embeddable":true,"href":"https:\/\/www.spedirecomodo.it\/cms\/wp-json\/wp\/v2\/users\/7"}],"replies":[{"embeddable":true,"href":"https:\/\/www.spedirecomodo.it\/cms\/wp-json\/wp\/v2\/comments?post=2307"}],"version-history":[{"count":0,"href":"https:\/\/www.spedirecomodo.it\/cms\/wp-json\/wp\/v2\/pages\/2307\/revisions"}],"wp:attachment":[{"href":"https:\/\/www.spedirecomodo.it\/cms\/wp-json\/wp\/v2\/media?parent=2307"}],"wp:term":[{"taxonomy":"category","embeddable":true,"href":"https:\/\/www.spedirecomodo.it\/cms\/wp-json\/wp\/v2\/categories?post=2307"},{"taxonomy":"post_tag","embeddable":true,"href":"https:\/\/www.spedirecomodo.it\/cms\/wp-json\/wp\/v2\/tags?post=2307"}],"curies":[{"name":"wp","href":"https:\/\/api.w.org\/{rel}","templated":true}]}}