{"id":2384,"date":"2021-03-07T19:42:39","date_gmt":"2021-03-07T18:42:39","guid":{"rendered":"https:\/\/www.spedirecomodo.it\/cms\/?page_id=2384"},"modified":"2021-03-08T16:19:50","modified_gmt":"2021-03-08T15:19:50","slug":"documenti-doganali","status":"publish","type":"page","link":"https:\/\/www.spedirecomodo.it\/cms\/documenti-doganali\/","title":{"rendered":"Documenti doganali"},"content":{"rendered":"\n<div class=\"wp-block-ugb-feature ugb-feature ugb-8f432da ugb-feature--v2 ugb-feature--design-plain ugb-main-block\"><div class=\"ugb-inner-block\"><div class=\"ugb-block-content\"><div class=\"ugb-feature__item\"><div class=\"ugb-feature__content\"><h2 class=\"ugb-feature__title\">Spedizione Internazionale in Paesi Extra UE<\/h2><p class=\"ugb-feature__description\">Il tema della&nbsp;<strong>legislazione dei trasporti internazionali&nbsp;<\/strong>&nbsp;\u00e8 un problema complesso soprattutto per chi non \u00e8 esperto delle norme vigenti, vista anche l&#8217;articolazione del panorama legislativo e la sua rapida trasformazione.<br>Vogliamo dunque fornire alcune linee guida per chi si trova nella necessit\u00e0 di comprendere come funzionano le pratiche di sdoganamento delle merci per spedizioni  internazionali, trattando gli aspetti pi\u00f9 importanti della questione alla luce delle norme pi\u00f9 recenti per i documenti doganali.<\/p><\/div><div class=\"ugb-feature__image-side\"><img class=\"ugb-feature__image ugb-img wp-image-4463\" src=\"https:\/\/www.spedirecomodo.it\/cms\/wp-content\/uploads\/2020\/03\/Spedire-Europa-1024x667.png\" alt=\"Spedire in Europa\" height=\"273\" srcset=\"https:\/\/www.spedirecomodo.it\/cms\/wp-content\/uploads\/2020\/03\/Spedire-Europa-1024x667.png 1024w, https:\/\/www.spedirecomodo.it\/cms\/wp-content\/uploads\/2020\/03\/Spedire-Europa-300x196.png 300w, https:\/\/www.spedirecomodo.it\/cms\/wp-content\/uploads\/2020\/03\/Spedire-Europa-768x501.png 768w, https:\/\/www.spedirecomodo.it\/cms\/wp-content\/uploads\/2020\/03\/Spedire-Europa.png 1028w\" sizes=\"(max-width: 1024px) 100vw, 1024px\" \/><\/div><\/div><\/div><\/div><\/div>\n\n\n\n<hr class=\"wp-block-separator\"\/>\n\n\n\n<h3>Documenti doganali per spedire pacchi all&#8217;estero fuori UE<\/h3>\n\n\n\n<p>Il tema della&nbsp;<strong>legislazione dei trasporti internazionali&nbsp;<\/strong>&nbsp;\u00e8 un problema complesso soprattutto per chi non \u00e8 esperto delle norme vigenti, vista anche l&#8217;articolazione del panorama legislativo e la sua rapida trasformazione.<\/p>\n\n\n\n<p>Vogliamo dunque fornire alcune linee guida per chi si trova nella necessit\u00e0 di comprendere come funzionano le pratiche di sdoganamento delle merci, trattando gli aspetti pi\u00f9 importanti della questione alla luce delle norme pi\u00f9 recenti per i <strong><a href=\"https:\/\/it.wikipedia.org\/wiki\/Dogana\" class=\"rank-math-link\" target=\"_blank\" rel=\"noopener\">documenti doganali<\/a><\/strong>.<\/p>\n\n\n\n<p>Il primo elemento da tenere in considerazione \u00e8 quello dei documenti da presentare in dogana: i&nbsp;<strong>documenti doganali<\/strong>&nbsp;sono di vario tipo, ed avere sotto mano un elenco dettagliato da seguire quando ci si occupa di trasporto merci internazionale pu\u00f2 essere di grande aiuto.<\/p>\n\n\n\n<p>Quando si incorre in accertamenti doganali per le proprie spedizioni pacchi all&#8217;estero \u00e8 importantissimo presentare tutti i documenti richiesti dalla normativa vigente per&nbsp;<strong>evitare il rischio di sanzioni<\/strong>.<\/p>\n\n\n\n<p>Quando parliamo di documenti doganali, il pi\u00f9 importante \u00e8 naturalmente&nbsp;<strong><span style=\"text-decoration: underline;\"><a href=\"https:\/\/www.spedirecomodo.it\/cms\/come-spedire-allestero-fuori-ue\/\">la fattura<\/a><\/span><\/strong>, o comunque un documento commerciale equivalente.<\/p>\n\n\n\n<p>Tranne che per le cessioni a titolo gratuito (in quel caso si utilizzer\u00e0 la cosiddetta \u201c<strong><span style=\"text-decoration: underline;\"><a href=\"https:\/\/www.spedirecomodo.it\/cms\/come-spedire-allestero-fuori-ue\/\">fattura proforma<\/a><\/span><\/strong>\u201d cio\u00e8 priva dell\u2019importo della vendita), l\u2019esportatore deve essere in possesso di un documento bancario che attesti l\u2019avvenuto pagamento della vendita all\u2019estero.<\/p>\n\n\n\n<div style=\"height:20px\" aria-hidden=\"true\" class=\"wp-block-spacer\"><\/div>\n\n\n\n<div class=\"wp-container-1 wp-block-buttons aligncenter\">\n<div class=\"wp-block-button\"><a class=\"wp-block-button__link has-vivid-cyan-blue-background-color has-background\" href=\"\/cms\/wp-content\/uploads\/2020\/10\/Fattura-Proforma.pdf\">Scarica la Fattura Proforma<\/a><\/div>\n<\/div>\n\n\n\n<div style=\"height:20px\" aria-hidden=\"true\" class=\"wp-block-spacer\"><\/div>\n\n\n\n<p>Questi documenti sono fondamentali perch\u00e9 permettono di tracciare con sicurezza il&nbsp;<strong>valore delle merci importate<\/strong>.<\/p>\n\n\n\n<p>Anche se la fattura \u00e8 redatta dal fornitore secondo le leggi del suo Paese, le informazioni che non devono assolutamente mancare sono l\u2019intestazione del fornitore e quella del destinatario, il totale fatturato e la data in cui \u00e8 stata emessa la fattura.<\/p>\n\n\n\n<p>Documenti molto importanti sono anche la <strong>Dichiarazione di Washington<\/strong>, la <strong>Dichiarazione di Libera Esportazione<\/strong> e la <strong>Declaration<\/strong> per il rilascio del codice EORI che dovranno <strong>sempre accompagnare la spedizione all&#8217;estero<\/strong> in paesi Extra UE.<\/p>\n\n\n\n<div style=\"height:20px\" aria-hidden=\"true\" class=\"wp-block-spacer\"><\/div>\n\n\n\n<div class=\"wp-container-2 wp-block-buttons aligncenter\">\n<div class=\"wp-block-button\"><a class=\"wp-block-button__link has-vivid-cyan-blue-background-color has-background\" href=\"https:\/\/www.spedirecomodo.it\/cms\/wp-content\/uploads\/2020\/06\/dic_washington.pdf\">Scarica la Dichiarazione di Washington<\/a><\/div>\n<\/div>\n\n\n\n<div style=\"height:20px\" aria-hidden=\"true\" class=\"wp-block-spacer\"><\/div>\n\n\n\n<div class=\"wp-container-3 wp-block-buttons aligncenter\">\n<div class=\"wp-block-button\"><a class=\"wp-block-button__link has-vivid-cyan-blue-background-color has-background\" href=\"\/cms\/wp-content\/uploads\/2020\/06\/dual_use.pdf\">Scarica la Dichiarazione di Libera Esportazione<\/a><\/div>\n<\/div>\n\n\n\n<div style=\"height:20px\" aria-hidden=\"true\" class=\"wp-block-spacer\"><\/div>\n\n\n\n<div class=\"wp-container-4 wp-block-buttons aligncenter\">\n<div class=\"wp-block-button\"><a class=\"wp-block-button__link has-vivid-cyan-blue-background-color has-background\" href=\"https:\/\/www.spedirecomodo.it\/cms\/wp-content\/uploads\/2020\/06\/Modello-per-la-richiesta-di-attribuzione-del-codice-EORI_IT.pdf\">Scarica la Declaration per Richiesta EORI in Italiano<\/a><\/div>\n<\/div>\n\n\n\n<div style=\"height:20px\" aria-hidden=\"true\" class=\"wp-block-spacer\"><\/div>\n\n\n\n<p>Dati altrettanto utili, ma spesso mancanti, sono le condizioni per il reso e il peso lordo e netto della merce.<\/p>\n\n\n\n<p>Molto utile \u00e8 anche la&nbsp;<strong>packing list<\/strong>&nbsp;(in caso di spedizioni che comprendano pi\u00f9 colli): si tratta di un documento che permetter\u00e0 ai funzionari doganali di verificare tutta la merce compresa nel trasporto.<\/p>\n\n\n\n<p>Occorre evidenziare che tutti questi documenti dovrebbero essere preferibilmente\u00a0<strong>prodotti in lingua inglese<\/strong>, in modo da facilitare le operazioni internazionali e da evitare il rischio di incomprensioni.<\/p>\n\n\n\n<hr class=\"wp-block-separator\"\/>\n\n\n\n<h3>Spedizioni Internazionali: il documento di trasporto<\/h3>\n\n\n\n<p>Il&nbsp;<strong>documento di trasporto&nbsp;<\/strong>o&nbsp;<strong>bolla di accompagnamento<\/strong>, obbligatorio in Italia, lo \u00e8 anche a livello internazionale e serve per accompagnare la spedizione pacco internazionale lungo il suo percorso verso la destinazione finale che pu\u00f2 comprendere pi\u00f9 tipologie di trasporto (via aria, via mare, via terra su gomma).<\/p>\n\n\n\n<p>I documenti di trasporto sono di vari tipi, e cambiano a seconda delle norme di ogni Paese. In generale, quelli pi\u00f9 diffusi sono il <strong>DDT<\/strong> (documento di trasporto) e il <strong>CMR<\/strong> (sigla di Convention des\u00a0Marchandises par Route) cio\u00e8 la <strong>lettera di vettura internazionale<\/strong> per i trasporti su strada.<\/p>\n\n\n\n<hr class=\"wp-block-separator\"\/>\n\n\n\n<h3>Spedire pacchi all&#8217;estero: i documenti di origine<\/h3>\n\n\n\n<p>Una componente particolare dei documenti doganali sono i&nbsp;<strong>documenti di origine<\/strong>, ossia quelli volti a certificare che una merce \u00e8 completamente prodotta nel Paese di origine (nel nostro caso l&#8217;Italia), quindi senza che modifiche o alterazioni intervengano tra il Paese di partenza e quello di arrivo.<\/p>\n\n\n\n<p>I documenti pi\u00f9 diffusi in questo senso sono il titolo di trasporto unico, che traccia lo spostamento delle merci attraverso i Paesi di transito, e i certificati di non manipolazione, anch\u2019essi rilasciati di solito dalle autorit\u00e0 dei&nbsp;<strong>Paesi di transito<\/strong>.<\/p>\n\n\n\n<p>Quando si parla di&nbsp;<strong>origine preferenziale di un prodotto<\/strong>, si intende che la sua certificazione riduce i dazi applicati come conseguenza di accordi specifici stipulati tra i Paesi attori dello scambio.<\/p>\n\n\n\n<p>Un esempio sono i certificati dell\u2019<strong>Unione Europea Eur1<\/strong>&nbsp;(esenzione o riduzione dei costi daziari per i prodotti originari all\u2019interno dei Paesi dell\u2019Unione), che servono ad attestare l\u2019esistenza delle condizioni richieste perch\u00e9 si attui la tariffazione preferenziale.<\/p>\n\n\n\n<p>Queste\u00a0<strong>tipologie di documenti<\/strong>\u00a0(fatture, documenti di trasporto e di origine, dichiarazione di Washington e Declaration EORI) sono le pi\u00f9 importanti.<\/p>\n\n\n\n<hr class=\"wp-block-separator\"\/>\n\n\n\n<h3>Spedizioni Internazionali fuori UE: altri documenti<\/h3>\n\n\n\n<p>Ce ne sono anche altri quando si parla di trasporto merci internazionale, ovvero i certificati sanitari, veterinari o fitosanitari che sono documenti specifici per garantire che alcune tipologie di merci spedite (in particolare, naturalmente, i prodotti agricoli, quelli di origine animale e quelli alimentari in generale) rispettano le <strong>norme igienico-sanitarie<\/strong> del Paese di origine e di quello di destinazione.<\/p>\n\n\n\n<p>Si tratta di documenti ugualmente importanti, perch\u00e9 in mancanza di essi la dogana non permetter\u00e0 l\u2019ingresso della merce.<\/p>\n\n\n\n<p>Le normative per le spedizioni internazionali variano a seconda dei Paesi di origine e di destinazione, \u00e8 sempre opportuno, per esser certi che il trasporto internazionale vada a buon fine, informarsi bene o affidarsi ad operatori specializzati per ricevere consigli nella compilazione dei documenti doganali.<\/p>\n\n\n\n<div style=\"height:20px\" aria-hidden=\"true\" class=\"wp-block-spacer\"><\/div>\n\n\n\r\n<div class=\"ship-now-calltoaction text-center\">\r\n    <span class=\"title\">Spedisci ora!<\/span>\r\n    <div class=\"rounded-div\">\r\n        <button data-toggle=\"modal\" class=\"ship-now btn-primary-sc\">Continua<\/button>\r\n    <\/div>\r\n    <span class=\"subtitle\">Inserisci i dati e spedisci in pochi click!<\/span>\r\n<\/div>\r\n\n\n\n\n<div style=\"height:20px\" aria-hidden=\"true\" class=\"wp-block-spacer\"><\/div>\n\n\n\n<p><span style=\"text-decoration: underline;\"><strong><a href=\"https:\/\/www.spedirecomodo.it\/cms\/spedire-estero\/\">Spedire all&#8217;estero<\/a><\/strong><\/span>, <span style=\"text-decoration: underline;\"><strong><a href=\"https:\/\/www.spedirecomodo.it\/cms\/spedire-low-cost\/\">Spedire low cost<\/a><\/strong><\/span>, <span style=\"text-decoration: underline;\"><strong><a href=\"https:\/\/www.spedirecomodo.it\/cms\/spedire-facile\/\">Spedire facile<\/a><\/strong><\/span>&#8230; Spedire Comodo.<\/p>\n\n\n\n<div style=\"height:60px\" aria-hidden=\"true\" class=\"wp-block-spacer\"><\/div>\n<style class=\"advgb-styles-renderer\">@media screen and (min-width:768px){.ugb-8f432da .ugb-img{width:420px;height:auto !important}}@media screen and (min-width:768px) and (max-width:1025px){.ugb-8f432da .ugb-img{width:285px;height:auto !important}}@media screen and (max-width:768px){.ugb-8f432da .ugb-img{width:285px;height:auto !important}}<\/style>","protected":false},"excerpt":{"rendered":"<p>Spedizione Internazionale in Paesi Extra UE Il tema della&nbsp;legislazione dei trasporti internazionali&nbsp;&nbsp;\u00e8 un problema complesso soprattutto per chi non \u00e8 esperto delle norme vigenti, vista anche l&#8217;articolazione del panorama legislativo e la sua rapida trasformazione.Vogliamo dunque fornire alcune linee guida per chi si trova nella necessit\u00e0 di comprendere come funzionano le pratiche di sdoganamento delle [&hellip;]<\/p>\n","protected":false},"author":7,"featured_media":0,"parent":0,"menu_order":0,"comment_status":"closed","ping_status":"closed","template":"","meta":{"advgb_blocks_editor_width":"","advgb_blocks_columns_visual_guide":""},"categories":[],"tags":[],"featured_image_urls":{"full":"","thumbnail":"","medium":"","medium_large":"","large":"","1536x1536":"","2048x2048":""},"post_excerpt_stackable":"<p>Spedizione Internazionale in Paesi Extra UEIl tema della&nbsp;legislazione dei trasporti internazionali&nbsp;&nbsp;\u00e8 un problema complesso soprattutto per chi non \u00e8 esperto delle norme vigenti, vista anche l&#8217;articolazione del panorama legislativo e la sua rapida trasformazione.Vogliamo dunque fornire alcune linee guida per chi si trova nella necessit\u00e0 di comprendere come funzionano le pratiche di sdoganamento delle merci per spedizioni internazionali, trattando gli aspetti pi\u00f9 importanti della questione alla luce delle norme pi\u00f9 recenti per i documenti doganali. Documenti doganali per spedire pacchi all&#8217;estero fuori UE Il tema della&nbsp;legislazione dei trasporti internazionali&nbsp;&nbsp;\u00e8 un problema complesso soprattutto per chi non \u00e8 esperto delle norme&hellip;<\/p>\n","category_list":"Senza categoria","author_info":{"name":"Sebastiano Torcellan","url":"https:\/\/www.spedirecomodo.it\/cms\/author\/sebastiano-torcellan\/"},"comments_num":"0 commenti","featured_image_urls_v2":{"full":"","thumbnail":"","medium":"","medium_large":"","large":"","1536x1536":"","2048x2048":""},"post_excerpt_stackable_v2":"<p>Spedizione Internazionale in Paesi Extra UEIl tema della&nbsp;legislazione dei trasporti internazionali&nbsp;&nbsp;\u00e8 un problema complesso soprattutto per chi non \u00e8 esperto delle norme vigenti, vista anche l&#8217;articolazione del panorama legislativo e la sua rapida trasformazione.Vogliamo dunque fornire alcune linee guida per chi si trova nella necessit\u00e0 di comprendere come funzionano le pratiche di sdoganamento delle merci per spedizioni internazionali, trattando gli aspetti pi\u00f9 importanti della questione alla luce delle norme pi\u00f9 recenti per i documenti doganali. Documenti doganali per spedire pacchi all&#8217;estero fuori UE Il tema della&nbsp;legislazione dei trasporti internazionali&nbsp;&nbsp;\u00e8 un problema complesso soprattutto per chi non \u00e8 esperto delle norme&hellip;<\/p>\n","category_list_v2":"Senza categoria","author_info_v2":{"name":"Sebastiano Torcellan","url":"https:\/\/www.spedirecomodo.it\/cms\/author\/sebastiano-torcellan\/"},"comments_num_v2":"0 commenti","coauthors":[],"author_meta":{"author_link":"https:\/\/www.spedirecomodo.it\/cms\/author\/sebastiano-torcellan\/","display_name":"Sebastiano Torcellan"},"relative_dates":{"created":"Pubblicato 5 anni fa","modified":"Aggiornato 5 anni fa"},"absolute_dates":{"created":"Pubblicato il 7 Marzo 2021","modified":"Aggiornato il 8 Marzo 2021"},"absolute_dates_time":{"created":"Pubblicato il 7 Marzo 2021 19:42","modified":"Aggiornato il 8 Marzo 2021 16:19"},"featured_img_caption":"","featured_img":false,"series_order":"","_links":{"self":[{"href":"https:\/\/www.spedirecomodo.it\/cms\/wp-json\/wp\/v2\/pages\/2384"}],"collection":[{"href":"https:\/\/www.spedirecomodo.it\/cms\/wp-json\/wp\/v2\/pages"}],"about":[{"href":"https:\/\/www.spedirecomodo.it\/cms\/wp-json\/wp\/v2\/types\/page"}],"author":[{"embeddable":true,"href":"https:\/\/www.spedirecomodo.it\/cms\/wp-json\/wp\/v2\/users\/7"}],"replies":[{"embeddable":true,"href":"https:\/\/www.spedirecomodo.it\/cms\/wp-json\/wp\/v2\/comments?post=2384"}],"version-history":[{"count":0,"href":"https:\/\/www.spedirecomodo.it\/cms\/wp-json\/wp\/v2\/pages\/2384\/revisions"}],"wp:attachment":[{"href":"https:\/\/www.spedirecomodo.it\/cms\/wp-json\/wp\/v2\/media?parent=2384"}],"wp:term":[{"taxonomy":"category","embeddable":true,"href":"https:\/\/www.spedirecomodo.it\/cms\/wp-json\/wp\/v2\/categories?post=2384"},{"taxonomy":"post_tag","embeddable":true,"href":"https:\/\/www.spedirecomodo.it\/cms\/wp-json\/wp\/v2\/tags?post=2384"}],"curies":[{"name":"wp","href":"https:\/\/api.w.org\/{rel}","templated":true}]}}