{"id":2564,"date":"2021-05-26T09:00:00","date_gmt":"2021-05-26T07:00:00","guid":{"rendered":"https:\/\/www.spedirecomodo.it\/cms\/?page_id=2564"},"modified":"2021-05-27T08:50:04","modified_gmt":"2021-05-27T06:50:04","slug":"calcolo-peso-volumetrico","status":"publish","type":"page","link":"https:\/\/www.spedirecomodo.it\/cms\/calcolo-peso-volumetrico\/","title":{"rendered":"Calcolo Peso Volumetrico"},"content":{"rendered":"\n<div class=\"aligncenter wp-block-ugb-feature ugb-feature ugb-8cc74d2 ugb-feature--v2 ugb-feature--design-plain ugb-main-block\"><div class=\"ugb-inner-block\"><div class=\"ugb-block-content\"><div class=\"ugb-feature__item\"><div class=\"ugb-feature__content\"><h2 class=\"ugb-feature__title\">Come calcolare il peso volume della spedizione<\/h2><p class=\"ugb-feature__description\">Tutti i corrieri espresso fanno riferimento a diverse variabili per<strong>&nbsp;stabilire il prezzo di una spedizione<\/strong>, in particolare&nbsp;<strong>la destinazione, il peso e le misure del pacco<\/strong>.<br>Senza queste fondamentali informazioni nessuna azienda di trasporto riuscir\u00e0 a fornire un preventivo.<\/p><\/div><div class=\"ugb-feature__image-side\"><img class=\"ugb-feature__image ugb-img wp-image-2729 ugb-image--shape-stretch\" src=\"https:\/\/www.spedirecomodo.it\/cms\/wp-content\/uploads\/2020\/07\/Dimensioni-Pacco.jpeg\" alt=\"Dimensioni Pacco e Peso Volume\" height=\"200\"\/><\/div><\/div><\/div><\/div><\/div>\n\n\n\n<hr class=\"wp-block-separator\"\/>\n\n\n\n<h2>Cosa \u00e8 il peso volumetrico o tassabile di una spedizione pacchi<\/h2>\n\n\n\n<p>Il peso volumetrico \u00e8 il <strong>calcolo matematico<\/strong> per ottenere il peso tassabile che corrisponde allo spazio occupato da un pacco nel mezzo utilizzato per il trasporto, tenendo conto di tutte le sue dimensioni.<\/p>\n\n\n\n<p>Il peso volumetrico (o tassabile) si ottiene moltiplicando larghezza x lunghezza x altezza (volume del pacco) con il rapporto Peso-Volume previsto dal Corriere<\/p>\n\n\n\n<p>Ad esempio, consideriamo un pacco che pesi 5 kg e misuri cm. 50 x 30 x 20.<br>Moltiplicando 0,50 x 0,30 x 0,20 otteniamo 0.03 (volume del pacco  in m3).<br>Moltiplicando il volume 0.03 x 300 (rapporto peso\/volume considerato) otteniamo il peso tassabile di 9 kg.<\/p>\n\n\n\n<p>Molto spesso, quando bisogna prendere le misure del pacco, ci vengono molti dubbi:&nbsp;si confonde il <strong>peso effettivo<\/strong> con il <strong>peso volumetrico<\/strong> o non si riesce a comprendere cosa si intenda quando ci si riferisce alle <strong>dimensioni complessive<\/strong> del collo.<\/p>\n\n\n\n<p>I primi elementi che possono provocare confusione quando dobbiamo procedere con la misurazione delle dimensioni di un pacco sono&nbsp;<strong>peso volumetrico, peso effettivo e peso tassabile,<\/strong>&nbsp;utilizzati dai corrieri per<strong>&nbsp;determinare le tariffe delle spedizioni<\/strong>.<\/p>\n\n\n\n<div style=\"height:20px\" aria-hidden=\"true\" class=\"wp-block-spacer\"><\/div>\n\n\n\n<hr class=\"wp-block-separator\"\/>\n\n\n\n<h3>Peso Effettivo della spedizione<\/h3>\n\n\n\n<p>Il peso effettivo di un pacco \u00e8 semplicemente<strong>&nbsp;il peso complessivo del pacco finito<\/strong> e pronto per la spedizione, che comprende il peso della merce, l\u2019imballaggio interno ed esterno e la scatola che possiamo rilevare con una semplice bilancia.<\/p>\n\n\n\n<p>\u00c8 un <strong>dato fondamentale<\/strong> da conoscere&nbsp;per determinare il peso tassabile e&nbsp;<strong>calcolare il corretto importo di una spedizione<\/strong>.<\/p>\n\n\n\n<p>Se il costo della spedizione include il peso volume, ovvero richiede solo il peso effettivo (e non quello volumetrico), la procedura da seguire \u00e8 molto semplice.<\/p>\n\n\n\n<p>Se il pacco \u00e8 piccolo ti baster\u00e0 appoggiarlo sul piatto della bilancia e annotare il peso indicato che inserirai in fase di prenotazione dell&#8217;ordine. Nulla di pi\u00f9 facile.<\/p>\n\n\n\n<div style=\"height:20px\" aria-hidden=\"true\" class=\"wp-block-spacer\"><\/div>\n\n\n\n<hr class=\"wp-block-separator\"\/>\n\n\n\n<div class=\"wp-container-3 wp-block-columns\">\n<div class=\"wp-container-1 wp-block-column\">\n<form name=\"cp_calculatedfieldsf_pform_1\" id=\"cp_calculatedfieldsf_pform_1\" action=\"?\" method=\"post\" enctype=\"multipart\/form-data\" class=\"cff-form \" >\n<input type=\"hidden\" name=\"cp_calculatedfieldsf_pform_psequence\" value=\"_1\" \/>\n<input type=\"hidden\" name=\"cp_calculatedfieldsf_id\" value=\"6\" \/><pre style=\"display:none !important;\"><script type=\"text\/javascript\">form_structure_1=[[{\"form_identifier\":\"\",\"name\":\"fieldname2\",\"shortlabel\":\"\",\"index\":0,\"ftype\":\"fnumber\",\"userhelp\":\"CM\",\"userhelpTooltip\":false,\"tooltipIcon\":false,\"csslayout\":\"\",\"title\":\"Lunghezza\",\"predefined\":\"\",\"predefinedClick\":false,\"required\":false,\"exclude\":false,\"readonly\":false,\"size\":\"small\",\"thousandSeparator\":\"\",\"decimalSymbol\":\".\",\"min\":\"0\",\"max\":\"\",\"formatDynamically\":false,\"dformat\":\"digits\",\"formats\":[\"digits\",\"number\",\"percent\"],\"fBuild\":{},\"parent\":\"\"},{\"form_identifier\":\"\",\"name\":\"fieldname3\",\"shortlabel\":\"\",\"index\":1,\"ftype\":\"fnumber\",\"userhelp\":\"CM\",\"userhelpTooltip\":false,\"tooltipIcon\":false,\"csslayout\":\"\",\"title\":\"Larghezza\",\"predefined\":\"\",\"predefinedClick\":false,\"required\":false,\"exclude\":false,\"readonly\":false,\"size\":\"small\",\"thousandSeparator\":\"\",\"decimalSymbol\":\".\",\"min\":\"0\",\"max\":\"\",\"formatDynamically\":false,\"dformat\":\"digits\",\"formats\":[\"digits\",\"number\",\"percent\"],\"fBuild\":{},\"parent\":\"\"},{\"form_identifier\":\"\",\"name\":\"fieldname4\",\"shortlabel\":\"\",\"index\":2,\"ftype\":\"fnumber\",\"userhelp\":\"CM\",\"userhelpTooltip\":false,\"tooltipIcon\":false,\"csslayout\":\"\",\"title\":\"Altezza\",\"predefined\":\"\",\"predefinedClick\":false,\"required\":false,\"exclude\":false,\"readonly\":false,\"size\":\"small\",\"thousandSeparator\":\"\",\"decimalSymbol\":\".\",\"min\":\"0\",\"max\":\"\",\"formatDynamically\":false,\"dformat\":\"digits\",\"formats\":[\"digits\",\"number\",\"percent\"],\"fBuild\":{},\"parent\":\"\"},{\"form_identifier\":\"\",\"name\":\"fieldname6\",\"shortlabel\":\"\",\"index\":3,\"ftype\":\"fcheck\",\"userhelp\":\"La Capacit\\u00e0 Cubica indica quanti KG per MC\",\"userhelpTooltip\":false,\"tooltipIcon\":false,\"csslayout\":\"\",\"title\":\"Seleziona il Rapporto Peso Volume\",\"layout\":\"one_column\",\"required\":false,\"exclude\":false,\"toSubmit\":\"text\",\"merge\":0,\"max\":2,\"maxError\":\"Check no more than {0} boxes\",\"showDep\":false,\"choices\":[\"Capacit\\u00e0 Cubica 1:200\",\"Capacit\\u00e0 Cubica 1:300\"],\"choicesVal\":[\"5000\",\"3300\"],\"choiceSelected\":[false,false],\"choicesDep\":[[],[]],\"fBuild\":{},\"parent\":\"\"},{\"form_identifier\":\"\",\"name\":\"separator1\",\"shortlabel\":\"\",\"index\":4,\"ftype\":\"fSectionBreak\",\"userhelp\":\"\",\"userhelpTooltip\":false,\"tooltipIcon\":false,\"csslayout\":\"\",\"title\":\"Il risultato secondo le dimensioni del tuo pacco\",\"fBuild\":{},\"parent\":\"\"},{\"dependencies\":[{\"rule\":\"\",\"complex\":false,\"fields\":[\"\"]}],\"form_identifier\":\"\",\"name\":\"fieldname1\",\"shortlabel\":\"\",\"index\":5,\"ftype\":\"fCalculated\",\"userhelp\":\"\",\"userhelpTooltip\":false,\"tooltipIcon\":false,\"csslayout\":\"\",\"title\":\"Peso Volumetrico\",\"predefined\":\"\",\"required\":false,\"exclude\":false,\"size\":\"large\",\"eq\":\"round(fieldname2*fieldname3*fieldname4\\\/fieldname6)\",\"suffix\":\" KG\",\"prefix\":\"\",\"decimalsymbol\":\",\",\"groupingsymbol\":\".\",\"readonly\":true,\"noEvalIfManual\":true,\"formatDynamically\":false,\"hidefield\":false,\"fBuild\":{},\"parent\":\"\"}],{\"0\":{\"title\":\"Calcolo del Peso Volumetrico\",\"description\":\"Inserire le dimensioni in Centimetri \",\"formlayout\":\"top_aligned\",\"formtemplate\":\"cp_cff_clean\",\"evalequations\":1,\"evalequationsevent\":2,\"autocomplete\":1,\"persistence\":0,\"customstyles\":\"\"},\"formid\":\"cp_calculatedfieldsf_pform_1\"}];<\/script><\/pre>\n<div id=\"fbuilder\">\n\t\t<div id=\"fbuilder_1\">\n\t\t<div id=\"formheader_1\"><\/div>\n\t\t<div id=\"fieldlist_1\"><\/div>\n\t\t<div class=\"clearer\"><\/div>\n\t<\/div>\n<\/div>\n<div class=\"clearer\"><\/div>\n<\/form>\n\t\n<\/div>\n\n\n\n<div class=\"wp-container-2 wp-block-column\"><\/div>\n<\/div>\n\n\n\n<p>Capacit\u00e0 Cubica per <strong>spedizioni in Italia: 1:300<\/strong><\/p>\n\n\n\n<p>Capacit\u00e0 Cubica per <strong>spedizioni all&#8217;estero: 1:200<\/strong><\/p>\n\n\n\n<div class=\"wp-block-ugb-feature ugb-feature ugb-d9594c4 ugb-feature--v2 ugb-feature--design-basic ugb-main-block\"><div class=\"ugb-inner-block\"><div class=\"ugb-block-content\"><div class=\"ugb-feature__item ugb--shadow-5\"><div class=\"ugb-feature__content\"><h2 class=\"ugb-feature__title\">Scrivici di cosa hai bisogno<\/h2><p class=\"ugb-feature__description\">Di qualsiasi cosa tu abbia bisogno, che sia un approfondimento, un preventivo oppure semplicemente una domanda, <strong>ti risponderemo subito<\/strong>.<\/p><div class=\"ugb-button-container\"><a class=\"ugb-button ugb-button--size-normal ugb--hover-effect-scale\" href=\"mailto:info@spedirecomodo.it?subject=Desidero informazioni su come spedire\" rel=\"\" title=\"\"><span class=\"ugb-button--inner\">Contattaci!<\/span><\/a><\/div><\/div><div class=\"ugb-feature__image-side\"><img class=\"ugb-feature__image ugb-img wp-image-6867 ugb-image--shape-stretch\" src=\"https:\/\/www.spedirecomodo.it\/cms\/wp-content\/uploads\/2021\/04\/Servizio-Clienti-Spedirecomodo.png\" alt=\"Servizio Clienti Spedirecomodo\" height=\"226\" srcset=\"https:\/\/www.spedirecomodo.it\/cms\/wp-content\/uploads\/2021\/04\/Servizio-Clienti-Spedirecomodo.png 864w, https:\/\/www.spedirecomodo.it\/cms\/wp-content\/uploads\/2021\/04\/Servizio-Clienti-Spedirecomodo-300x194.png 300w, https:\/\/www.spedirecomodo.it\/cms\/wp-content\/uploads\/2021\/04\/Servizio-Clienti-Spedirecomodo-768x496.png 768w\" sizes=\"(max-width: 864px) 100vw, 864px\" \/><\/div><\/div><\/div><\/div><\/div>\n\n\n\n<hr class=\"wp-block-separator\"\/>\n\n\n\n<h3>Peso Volumetrico delle spedizioni<\/h3>\n\n\n\n<p>Forse pi\u00f9 conosciuto come<strong>&nbsp;\u201cpeso volume\u201d o \u201cpeso dimensionale\u201d<\/strong>, \u00e8 uno dei parametri pi\u00f9 utilizzati dai Corrieri Espresso per calcolare il prezzo di una spedizione, basato non solo sul peso, ma anche sul&nbsp;<strong>volume di un pacco<\/strong>. <\/p>\n\n\n\n<p>Ecco <strong>come calcolare il Peso Volume<\/strong> in pochi semplici passaggi.<\/p>\n\n\n\n<p>Le <strong>misure di un pacco<\/strong> si compongono di <strong>lunghezza, larghezza e altezza<\/strong>.<\/p>\n\n\n\n<p>La <strong>lunghezza<\/strong> corrisponde sempre al lato pi\u00f9 lungo della scatola, qualunque sia la forma del pacco.&nbsp;\u00c8 dunque il lato orizzontale del contenitore ovvero quello pi\u00f9 grande del pacco.<\/p>\n\n\n\n<p>La <strong>larghezza<\/strong> invece corrisponde al lato pi\u00f9 corto della scatola, ovvero il lato orizzontale pi\u00f9 piccolo del contenitore, quello laterale del pacco.<\/p>\n\n\n\n<p>L\u2019<strong>altezza<\/strong> infine \u00e8 la misura che va dalla base della scatola alla sua sommit\u00e0, e va rilevata in maniera verticale.<\/p>\n\n\n\n<p>Ora che conosci le misure di un pacco, dovrai rilevarle e avrai bisogno di:<\/p>\n\n\n\n<p><strong>Una bilancia<\/strong>. Va bene una qualsiasi bilancia che gi\u00e0 possiedi in casa. Se hai una bilancia pesa pacchi \u00e8 chiaramente meglio usare quella: sarai sicuramente pi\u00f9 preciso.<\/p>\n\n\n\n<p><strong>Un metro<\/strong>&nbsp;da sarta o da muratore oppure un righello per i pacchi pi\u00f9 piccoli.<\/p>\n\n\n\n<p><strong>Carta e penna<\/strong>&nbsp;per scrivere le misure del pacco: lunghezza, larghezza e altezza.<\/p>\n\n\n\n<p>Per&nbsp;misurare la <strong>lunghezza<\/strong>&nbsp;del pacco baster\u00e0 fissare l&#8217;estremit\u00e0 del metro allo spigolo sinistro e stenderlo fino allo spigolo destro.&nbsp;La stessa cosa per misurare la <strong>larghezza.<\/strong>&nbsp;L\u2019<strong>altezza<\/strong> andr\u00e0 invece misurata fissando il metro all\u2019estremit\u00e0 alta del pacco e facendolo scendere alla sua base, in maniera verticale.<\/p>\n\n\n\n<p>Ora hai tutte le misure per&nbsp;<strong>calcolare il peso volumetrico del tuo pacco.<\/strong><\/p>\n\n\n\n<p>Ogni corriere ha un suo <strong>coefficiente di peso volume<\/strong>&nbsp;che varia mediamente dai 200 ai 300 kg per metro cubo.<\/p>\n\n\n\n<p>Supponiamo che il corriere selezionato consideri valido il rapporto Peso Volume 1 metro cubo = 200 kg e quindi andremo ad utilizzare la seguente formula:<\/p>\n\n\n\n<p>1 metro cubo = 100cm X 100cm X 100 cm = 1.000.000 centimetri cubici.<\/p>\n\n\n\n<p>1.000.000 centimetri cubici \/ 200 Kg = 5.000 (Coefficiente Peso Volume)<\/p>\n\n\n\n<p>Quindi, se ipotizziamo di dover spedire un pacco di dimensioni 40cm x 20cm x 30cm che pesa 4 Kg, avremo il seguente risultato: <\/p>\n\n\n\n<p>40x20x30 = 24.000 \/ 5000 = 4,8 Kg Peso Volumetrico<\/p>\n\n\n\n<p>Il Peso Effettivo non \u00e8 coerente con il Peso Volume e quindi la spedizione subir\u00e0 un ricalcolo della tariffa con riferimento al <a href=\"https:\/\/it.wikipedia.org\/wiki\/Rapporto_peso-volume\" class=\"rank-math-link\" target=\"_blank\" rel=\"noopener\"><strong>Peso Volumetrico<\/strong><\/a>.<\/p>\n\n\n\n<div style=\"height:20px\" aria-hidden=\"true\" class=\"wp-block-spacer\"><\/div>\n\n\n\n<hr class=\"wp-block-separator\"\/>\n\n\n\n<h3>Peso Tassabile della spedizione<\/h3>\n\n\n\n<p>Il Peso Tassabile \u00e8 sostanzialmente quello che, a seconda dei casi, viene scelto come&nbsp;peso da utilizzare per <strong>determinare la tariffa della spedizione.<\/strong><\/p>\n\n\n\n<p>Se la spedizione non include il Peso Volume, per il calcolo della tariffa si seleziona il <strong>valore maggiore<\/strong> tra Peso Effettivo e Peso Volumetrico.&nbsp;<\/p>\n\n\n\n<p>Nel caso dell\u2019esempio precedente, se il Peso Effettivo fosse stato 6 KG, il Peso Tassabile sarebbe risultato il Peso Effettivo che \u00e8 maggiore del Peso Volumetrico di 4,8 Kg.<\/p>\n\n\n\n<p>Ricorda sempre di inserire le <strong>dimensioni corrette<\/strong> e di <strong>verificare le dimensioni massime permesse dal Corriere&nbsp;<\/strong>che hai scelto per evitare di incorrere in ulteriori costi o di vederti bloccare la spedizione perch\u00e9 ingombrante o speciale.<\/p>\n\n\n\n<div style=\"height:20px\" aria-hidden=\"true\" class=\"wp-block-spacer\"><\/div>\n\n\n<div class=\"su-button-center\"><a href=\"https:\/\/www.spedirecomodo.it\/cms\/spedire-subito\/\" class=\"su-button su-button-style-default\" style=\"color:#FFFFFF;background-color:#0693e3;border-color:#0576b6;border-radius:10px;-moz-border-radius:10px;-webkit-border-radius:10px\" target=\"_self\" id=\"ButtonSubito\"><span style=\"color:#FFFFFF;padding:8px 26px;font-size:20px;line-height:30px;border-color:#51b4ec;border-radius:10px;-moz-border-radius:10px;-webkit-border-radius:10px;text-shadow:none;-moz-text-shadow:none;-webkit-text-shadow:none\"><i class=\"sui sui-truck\" style=\"font-size:20px;color:#FFFFFF\"><\/i> Spedisci Subito<\/span><\/a><\/div>\n\n\n\n<div style=\"height:20px\" aria-hidden=\"true\" class=\"wp-block-spacer\"><\/div>\n\n\n\n<hr class=\"wp-block-separator\"\/>\n\n\n\n<p>Se vuoi informazioni e consigli su come realizzare un ecommerce di successo visita&nbsp;<strong><a rel=\"noreferrer noopener\" class=\"rank-math-link\" href=\"https:\/\/www.metaxy.eu\/\" target=\"_blank\"><span style=\"text-decoration: underline;\">M<\/span><\/a><\/strong><a rel=\"noreferrer noopener\" class=\"rank-math-link\" href=\"https:\/\/www.metaxy.eu\/\" target=\"_blank\"><strong><span style=\"text-decoration: underline;\">etaxy<\/span><\/strong><\/a>.<\/p>\n\n\n\n<p><span style=\"text-decoration: underline;\"><strong><a href=\"https:\/\/www.spedirecomodo.it\/cms\/spedisci-pacchi-online\/\" class=\"rank-math-link\">Spedire online<\/a><\/strong><\/span>, Spedire lowcost, Spedire subito&#8230; Spedire Comodo.<\/p>\n\n\n\n<div style=\"height:50px\" aria-hidden=\"true\" class=\"wp-block-spacer\"><\/div>\n\n\n\n<p><\/p>\n<style class=\"advgb-styles-renderer\">@media screen and (min-width:768px){.ugb-8cc74d2 .ugb-img{width:250px;height:auto !important}}.ugb-d9594c4 .ugb-button .ugb-button--inner{font-size:18px !important}.ugb-d9594c4 .ugb-button{padding-top:10px;padding-right:25px;padding-bottom:10px;padding-left:25px;border-radius:5px !important}.ugb-d9594c4 .ugb-button:before{border-radius:5px !important}@media screen and (min-width:768px){.ugb-d9594c4 .ugb-img{width:350px;height:auto !important}}@media screen and (min-width:768px) and (max-width:1025px){.ugb-d9594c4 .ugb-img{width:250px;height:auto !important}}@media screen and (max-width:768px){.ugb-d9594c4 .ugb-img{width:250px;height:auto !important}}<\/style>","protected":false},"excerpt":{"rendered":"<p>Come calcolare il peso volume della spedizione Tutti i corrieri espresso fanno riferimento a diverse variabili per&nbsp;stabilire il prezzo di una spedizione, in particolare&nbsp;la destinazione, il peso e le misure del pacco.Senza queste fondamentali informazioni nessuna azienda di trasporto riuscir\u00e0 a fornire un preventivo. Cosa \u00e8 il peso volumetrico o tassabile di una spedizione pacchi [&hellip;]<\/p>\n","protected":false},"author":7,"featured_media":0,"parent":0,"menu_order":0,"comment_status":"closed","ping_status":"closed","template":"","meta":{"advgb_blocks_editor_width":"","advgb_blocks_columns_visual_guide":""},"categories":[],"tags":[],"featured_image_urls":{"full":"","thumbnail":"","medium":"","medium_large":"","large":"","1536x1536":"","2048x2048":""},"post_excerpt_stackable":"<p>Come calcolare il peso volume della spedizioneTutti i corrieri espresso fanno riferimento a diverse variabili per&nbsp;stabilire il prezzo di una spedizione, in particolare&nbsp;la destinazione, il peso e le misure del pacco.Senza queste fondamentali informazioni nessuna azienda di trasporto riuscir\u00e0 a fornire un preventivo. Cosa \u00e8 il peso volumetrico o tassabile di una spedizione pacchi Il peso volumetrico \u00e8 il calcolo matematico per ottenere il peso tassabile che corrisponde allo spazio occupato da un pacco nel mezzo utilizzato per il trasporto, tenendo conto di tutte le sue dimensioni. Il peso volumetrico (o tassabile) si ottiene moltiplicando larghezza x lunghezza x altezza&hellip;<\/p>\n","category_list":"Senza categoria","author_info":{"name":"Sebastiano Torcellan","url":"https:\/\/www.spedirecomodo.it\/cms\/author\/sebastiano-torcellan\/"},"comments_num":"0 commenti","featured_image_urls_v2":{"full":"","thumbnail":"","medium":"","medium_large":"","large":"","1536x1536":"","2048x2048":""},"post_excerpt_stackable_v2":"<p>Come calcolare il peso volume della spedizioneTutti i corrieri espresso fanno riferimento a diverse variabili per&nbsp;stabilire il prezzo di una spedizione, in particolare&nbsp;la destinazione, il peso e le misure del pacco.Senza queste fondamentali informazioni nessuna azienda di trasporto riuscir\u00e0 a fornire un preventivo. Cosa \u00e8 il peso volumetrico o tassabile di una spedizione pacchi Il peso volumetrico \u00e8 il calcolo matematico per ottenere il peso tassabile che corrisponde allo spazio occupato da un pacco nel mezzo utilizzato per il trasporto, tenendo conto di tutte le sue dimensioni. Il peso volumetrico (o tassabile) si ottiene moltiplicando larghezza x lunghezza x altezza&hellip;<\/p>\n","category_list_v2":"Senza categoria","author_info_v2":{"name":"Sebastiano Torcellan","url":"https:\/\/www.spedirecomodo.it\/cms\/author\/sebastiano-torcellan\/"},"comments_num_v2":"0 commenti","coauthors":[],"author_meta":{"author_link":"https:\/\/www.spedirecomodo.it\/cms\/author\/sebastiano-torcellan\/","display_name":"Sebastiano Torcellan"},"relative_dates":{"created":"Pubblicato 5 anni fa","modified":"Aggiornato 5 anni fa"},"absolute_dates":{"created":"Pubblicato il 26 Maggio 2021","modified":"Aggiornato il 27 Maggio 2021"},"absolute_dates_time":{"created":"Pubblicato il 26 Maggio 2021 09:00","modified":"Aggiornato il 27 Maggio 2021 08:50"},"featured_img_caption":"","featured_img":false,"series_order":"","_links":{"self":[{"href":"https:\/\/www.spedirecomodo.it\/cms\/wp-json\/wp\/v2\/pages\/2564"}],"collection":[{"href":"https:\/\/www.spedirecomodo.it\/cms\/wp-json\/wp\/v2\/pages"}],"about":[{"href":"https:\/\/www.spedirecomodo.it\/cms\/wp-json\/wp\/v2\/types\/page"}],"author":[{"embeddable":true,"href":"https:\/\/www.spedirecomodo.it\/cms\/wp-json\/wp\/v2\/users\/7"}],"replies":[{"embeddable":true,"href":"https:\/\/www.spedirecomodo.it\/cms\/wp-json\/wp\/v2\/comments?post=2564"}],"version-history":[{"count":1,"href":"https:\/\/www.spedirecomodo.it\/cms\/wp-json\/wp\/v2\/pages\/2564\/revisions"}],"predecessor-version":[{"id":7628,"href":"https:\/\/www.spedirecomodo.it\/cms\/wp-json\/wp\/v2\/pages\/2564\/revisions\/7628"}],"wp:attachment":[{"href":"https:\/\/www.spedirecomodo.it\/cms\/wp-json\/wp\/v2\/media?parent=2564"}],"wp:term":[{"taxonomy":"category","embeddable":true,"href":"https:\/\/www.spedirecomodo.it\/cms\/wp-json\/wp\/v2\/categories?post=2564"},{"taxonomy":"post_tag","embeddable":true,"href":"https:\/\/www.spedirecomodo.it\/cms\/wp-json\/wp\/v2\/tags?post=2564"}],"curies":[{"name":"wp","href":"https:\/\/api.w.org\/{rel}","templated":true}]}}