{"id":2594,"date":"2020-07-09T19:49:39","date_gmt":"2020-07-09T17:49:39","guid":{"rendered":"https:\/\/www.spedirecomodo.it\/cms\/?page_id=2594"},"modified":"2021-07-02T14:45:51","modified_gmt":"2021-07-02T12:45:51","slug":"assicurare-spedizione","status":"publish","type":"page","link":"https:\/\/www.spedirecomodo.it\/cms\/assicurare-spedizione\/","title":{"rendered":"Assicurare Spedizione"},"content":{"rendered":"\n<div class=\"wp-block-ugb-feature ugb-feature ugb-e373823 ugb-feature--v2 ugb-feature--design-plain ugb-main-block\"><div class=\"ugb-inner-block\"><div class=\"ugb-block-content\"><div class=\"ugb-feature__item\"><div class=\"ugb-feature__content\"><h2 class=\"ugb-feature__title\">Come assicurare le tue spedizioni pacchi<\/h2><p class=\"ugb-feature__description\">Assicurare la spedizione dei tuoi pacchi permette di tutelare la merce inviata in Italia e la <strong>possibilit\u00e0 di richiedere un eventuale rimborso<\/strong> in caso di danni o smarrimento.<\/p><\/div><div class=\"ugb-feature__image-side\"><img class=\"ugb-feature__image ugb-img wp-image-4447 ugb-image--shape-stretch\" src=\"https:\/\/www.spedirecomodo.it\/cms\/wp-content\/uploads\/2020\/03\/Assicurazione-Pacco-1024x849.png\" alt=\"Assicurazione Pacco\" height=\"236\" srcset=\"https:\/\/www.spedirecomodo.it\/cms\/wp-content\/uploads\/2020\/03\/Assicurazione-Pacco-1024x849.png 1024w, https:\/\/www.spedirecomodo.it\/cms\/wp-content\/uploads\/2020\/03\/Assicurazione-Pacco-300x249.png 300w, https:\/\/www.spedirecomodo.it\/cms\/wp-content\/uploads\/2020\/03\/Assicurazione-Pacco-768x637.png 768w, https:\/\/www.spedirecomodo.it\/cms\/wp-content\/uploads\/2020\/03\/Assicurazione-Pacco.png 1302w\" sizes=\"(max-width: 1024px) 100vw, 1024px\" \/><\/div><\/div><\/div><\/div><\/div>\n\n\n\n<h2>Perch\u00e9 assicurare la spedizione contro un eventuale danno o smarrimento?<\/h2>\n\n\n\n<p>La merce&nbsp;con spedizione <strong>non assicurata&nbsp;prevede un rimborso \u201cstandard\u201d pari a 1\u20ac al Kg<\/strong>, come previsto dalla normativa del trasporto (<strong>Responsabilit\u00e0 vettoriale: <\/strong>i trasporti per l&#8217;Italia vengono assunti a norma di legge (D.lgs. n. 286\/2005), con conseguente previsione di un limite risarcitorio pari ad euro 1,00 (uno) per chilogrammo di peso lordo della merce perduta o avariata).<\/p>\n\n\n\n<p>Solo la merce che viaggia come <strong>spedizione assicurata prevede&nbsp;un rimborso proporzionale al valore assicurato<\/strong>.<\/p>\n\n\n\n<div style=\"height:20px\" aria-hidden=\"true\" class=\"wp-block-spacer\"><\/div>\n\n\n\n<hr class=\"wp-block-separator\"\/>\n\n\n\n<h3>Quali sono le specifiche della copertura assicurativa?<\/h3>\n\n\n\n<div style=\"height:20px\" aria-hidden=\"true\" class=\"wp-block-spacer\"><\/div>\n\n\n\n<p>Se decidi di <strong>assicurare il rischio di danni o perdite alla merce<\/strong> oggetto del servizio di spedizione, puoi dare mandato a Spedirecomodo affinch\u00e8 provveda alla stipulazione di una copertura assicurativa con il Corriere Espresso che hai scelto in fase di prenotazione dell&#8217;ordine e le cui spese, specificate nella quotazione di Spedirecomodo, saranno proporzionali al valore che avrai indicato e interamente a tuo carico secondo i seguenti parametri:<\/p>\n\n\n\n<p>Massimale \u2013 pari a euro 2.500 per spedizione\/mittente\/giorno.<br>Minimo assicurabile \u2013 pari a euro 100.<br>Commissione minima &#8211; pari a euro 2,90.<br>Scoperto \u2013 pari a 10% (minimo 25,00\u20ac).<\/p>\n\n\n\n<div style=\"height:20px\" aria-hidden=\"true\" class=\"wp-block-spacer\"><\/div>\n\n\n\n<hr class=\"wp-block-separator\"\/>\n\n\n\n<h3>Ecco i passaggi per assicurare la tua spedizione pacchi con Spedirecomodo<\/h3>\n\n\n\n<div style=\"height:20px\" aria-hidden=\"true\" class=\"wp-block-spacer\"><\/div>\n\n\n\n<div class=\"wp-block-ugb-feature ugb-feature ugb-d3cec11 ugb-feature--v2 ugb-feature--design-plain ugb-main-block\"><div class=\"ugb-inner-block\"><div class=\"ugb-block-content\"><div class=\"ugb-feature__item\"><div class=\"ugb-feature__content\"><p class=\"ugb-feature__description\">Quando hai gi\u00e0 selezionato localit\u00e0 di partenza, destinazione, peso e Corriere ti troverai nella <strong>pagina dedicata all&#8217;inserimento delle informazioni di dettaglio della spedizione<\/strong> dove indicare tutti i dati di Mittente, Destinatario e dimensioni.<br>In questa pagina potrai anche inserire eventuali colli aggiuntivi e se desideri assicurare la spedizione.<\/p><\/div><div class=\"ugb-feature__image-side\"><img class=\"ugb-feature__image ugb-img wp-image-310 ugb-image--shape-stretch\" src=\"https:\/\/www.spedirecomodo.it\/cms\/wp-content\/uploads\/2019\/09\/Schermata-2019-09-27-alle-17.47.10.png\" alt=\"Dettagli spedizione\" height=\"232\" srcset=\"https:\/\/www.spedirecomodo.it\/cms\/wp-content\/uploads\/2019\/09\/Schermata-2019-09-27-alle-17.47.10.png 1006w, https:\/\/www.spedirecomodo.it\/cms\/wp-content\/uploads\/2019\/09\/Schermata-2019-09-27-alle-17.47.10-300x233.png 300w, https:\/\/www.spedirecomodo.it\/cms\/wp-content\/uploads\/2019\/09\/Schermata-2019-09-27-alle-17.47.10-768x596.png 768w\" sizes=\"(max-width: 1006px) 100vw, 1006px\" \/><\/div><\/div><\/div><\/div><\/div>\n\n\n\n<hr class=\"wp-block-separator\"\/>\n\n\n\n<div class=\"wp-block-ugb-feature ugb-feature ugb-b3efccb ugb-feature--v2 ugb-feature--design-plain ugb-main-block\"><div class=\"ugb-inner-block\"><div class=\"ugb-block-content\"><div class=\"ugb-feature__item\"><div class=\"ugb-feature__content\"><p class=\"ugb-feature__description\">Per assicurare la spedizione dovrai <strong>selezionare SI<\/strong> nel riquadro numero 5 in basso nella pagina. Ricordati di inserire una <strong>breve descrizione<\/strong> della merce e <strong>cliccare sul quadratino<\/strong> che attesta di avere letto e accettato le condizioni per il rimborso.<\/p><\/div><div class=\"ugb-feature__image-side\"><img class=\"ugb-feature__image ugb-img wp-image-2605 ugb-image--shape-stretch\" src=\"https:\/\/www.spedirecomodo.it\/cms\/wp-content\/uploads\/2020\/07\/Assicurazione-Descrizione-Spedirecomodo-1024x203.png\" alt=\"Descrizione Merce da Assicurare\" height=\"59\" srcset=\"https:\/\/www.spedirecomodo.it\/cms\/wp-content\/uploads\/2020\/07\/Assicurazione-Descrizione-Spedirecomodo-1024x203.png 1024w, https:\/\/www.spedirecomodo.it\/cms\/wp-content\/uploads\/2020\/07\/Assicurazione-Descrizione-Spedirecomodo-300x60.png 300w, https:\/\/www.spedirecomodo.it\/cms\/wp-content\/uploads\/2020\/07\/Assicurazione-Descrizione-Spedirecomodo-768x153.png 768w, https:\/\/www.spedirecomodo.it\/cms\/wp-content\/uploads\/2020\/07\/Assicurazione-Descrizione-Spedirecomodo-1536x305.png 1536w, https:\/\/www.spedirecomodo.it\/cms\/wp-content\/uploads\/2020\/07\/Assicurazione-Descrizione-Spedirecomodo.png 2014w\" sizes=\"(max-width: 1024px) 100vw, 1024px\" \/><\/div><\/div><\/div><\/div><\/div>\n\n\n\n<div style=\"height:20px\" aria-hidden=\"true\" class=\"wp-block-spacer\"><\/div>\n\n\n\n<hr class=\"wp-block-separator\"\/>\n\n\n\n<div class=\"wp-block-ugb-feature ugb-feature ugb-c6c2d10 ugb-feature--v2 ugb-feature--design-plain ugb-main-block\"><div class=\"ugb-inner-block\"><div class=\"ugb-block-content\"><div class=\"ugb-feature__item\"><div class=\"ugb-feature__content\"><p class=\"ugb-feature__description\">Dovrai poi inserire il <strong>valore in Euro della merce<\/strong> da assicurare nel campo Valore della sezione 3 I tuoi Colli (450\u20ac nell&#8217;esempio a fianco).<\/p><\/div><div class=\"ugb-feature__image-side\"><img class=\"ugb-feature__image ugb-img wp-image-2607 ugb-image--shape-stretch\" src=\"https:\/\/www.spedirecomodo.it\/cms\/wp-content\/uploads\/2020\/07\/Assicurazione-Valore-Spedirecomodo-1024x206.png\" alt=\"Valore Merce da Assicurare\" height=\"60\" srcset=\"https:\/\/www.spedirecomodo.it\/cms\/wp-content\/uploads\/2020\/07\/Assicurazione-Valore-Spedirecomodo-1024x206.png 1024w, https:\/\/www.spedirecomodo.it\/cms\/wp-content\/uploads\/2020\/07\/Assicurazione-Valore-Spedirecomodo-300x60.png 300w, https:\/\/www.spedirecomodo.it\/cms\/wp-content\/uploads\/2020\/07\/Assicurazione-Valore-Spedirecomodo-768x155.png 768w, https:\/\/www.spedirecomodo.it\/cms\/wp-content\/uploads\/2020\/07\/Assicurazione-Valore-Spedirecomodo-1536x310.png 1536w, https:\/\/www.spedirecomodo.it\/cms\/wp-content\/uploads\/2020\/07\/Assicurazione-Valore-Spedirecomodo.png 2024w\" sizes=\"(max-width: 1024px) 100vw, 1024px\" \/><\/div><\/div><\/div><\/div><\/div>\n\n\n\n<div style=\"height:20px\" aria-hidden=\"true\" class=\"wp-block-spacer\"><\/div>\n\n\n\n<hr class=\"wp-block-separator\"\/>\n\n\n\n<div class=\"wp-block-ugb-feature ugb-feature ugb-9286c8c ugb-feature--v2 ugb-feature--design-plain ugb-main-block\"><div class=\"ugb-inner-block\"><div class=\"ugb-block-content\"><div class=\"ugb-feature__item\"><div class=\"ugb-feature__content\"><p class=\"ugb-feature__description\">Nel riquadro Conto in basso a destra della pagina vedrai <strong>l&#8217;importo che ti verr\u00e0 addebitato<\/strong> per assicurare la spedizione in relazione al valore della merce che hai inserito nel campo Valore della sezione 3.<\/p><\/div><div class=\"ugb-feature__image-side\"><img class=\"ugb-feature__image ugb-img wp-image-2624 ugb-image--shape-stretch\" src=\"https:\/\/www.spedirecomodo.it\/cms\/wp-content\/uploads\/2020\/07\/Assicurazione-Prezzo-Spedirecomodo-1024x355.png\" alt=\"Assicurazione Prezzo\" height=\"104\" srcset=\"https:\/\/www.spedirecomodo.it\/cms\/wp-content\/uploads\/2020\/07\/Assicurazione-Prezzo-Spedirecomodo-1024x355.png 1024w, https:\/\/www.spedirecomodo.it\/cms\/wp-content\/uploads\/2020\/07\/Assicurazione-Prezzo-Spedirecomodo-300x104.png 300w, https:\/\/www.spedirecomodo.it\/cms\/wp-content\/uploads\/2020\/07\/Assicurazione-Prezzo-Spedirecomodo-768x266.png 768w, https:\/\/www.spedirecomodo.it\/cms\/wp-content\/uploads\/2020\/07\/Assicurazione-Prezzo-Spedirecomodo-1536x532.png 1536w, https:\/\/www.spedirecomodo.it\/cms\/wp-content\/uploads\/2020\/07\/Assicurazione-Prezzo-Spedirecomodo-2048x710.png 2048w\" sizes=\"(max-width: 1024px) 100vw, 1024px\" \/><\/div><\/div><\/div><\/div><\/div>\n\n\n\n<div style=\"height:20px\" aria-hidden=\"true\" class=\"wp-block-spacer\"><\/div>\n\n\n\n<hr class=\"wp-block-separator\"\/>\n\n\n\n<h3>Cosa NON posso assicurare<\/h3>\n\n\n\n<div style=\"height:20px\" aria-hidden=\"true\" class=\"wp-block-spacer\"><\/div>\n\n\n\n<p><strong>Vetro<\/strong><br>Oggetti in Vetro, specchi, cristalli, ceramica, porcellana, resina. Sono compresi anche articoli che contengono parzialmente questi materiali.<\/p>\n\n\n\n<p><strong>Alimenti<\/strong><br>Alimenti di tipo solido o liquido (vino e olio compresi), deperibili o non deperibili anche se sottovuoto, indipendentemente dall&#8217;imballaggio utilizzato.<\/p>\n\n\n\n<p><strong>Articoli da collezionismo<\/strong><br>Come ad esempio stampe antiche, modellini, quadri, francobolli ecc&#8230;<\/p>\n\n\n\n<p><strong>Materiali pregiati<\/strong><br>Come ad esempio tessuti intarsiati, metalli preziosi, opere d&#8217;arte, ecc&#8230;<\/p>\n\n\n\n<p><strong>Documenti originali<\/strong><br>Documenti ufficiali come passaporti, patenti, carte identit\u00e0 e atti in genere.<\/p>\n\n\n\n<p><strong>Minerali<\/strong><br>Come oggetti in cemento, marmo, granito, terracotta, gesso e qualsiasi articolo che possono anche contenere parzialmente questi materiali.<\/p>\n\n\n\n<p><strong>Schermi<\/strong><br>Come quelli di TV, PC, Notebook, Tablets, Displays LCD o Plasma.<\/p>\n\n\n\n<div style=\"height:20px\" aria-hidden=\"true\" class=\"wp-block-spacer\"><\/div>\n\n\n\n<hr class=\"wp-block-separator\"\/>\n\n\n\n<h3>Quali sono le causali di rimborso?<\/h3>\n\n\n\n<div style=\"height:20px\" aria-hidden=\"true\" class=\"wp-block-spacer\"><\/div>\n\n\n\n<p>\u00c8 espressamente convenuto che la <strong>copertura assicurativa \u00e8 limitata ai soli danni diretti e materiali<\/strong> subiti dalla merce trasportata, nonch\u00e9 alla mancanza parziale del contenuto della spedizione o totale per furto o smarrimento. <\/p>\n\n\n\n<p>L&#8217;apertura di un sinistro per rimborso assicurativo \u00e8 subordinata alla ricezione di tutta la documentazione obbligatoria attestante i danni che l&#8217;Utente si impegna ad allegare all&#8217;interno del ticket di richiesta rimborso.<\/p>\n\n\n\n<p>Le cause di rimborso per le spedizioni assicurate sono esclusivamente le seguenti:<\/p>\n\n\n\n<p>Danneggiamento<br>Mancanza Parziale<br>Mancanza Totale<br>Disconoscimento Firma<\/p>\n\n\n\n<div style=\"height:20px\" aria-hidden=\"true\" class=\"wp-block-spacer\"><\/div>\n\n\n\n<hr class=\"wp-block-separator\"\/>\n\n\n\n<h3>Condizioni per ricevere il rimborso assicurativo<\/h3>\n\n\n\n<div style=\"height:20px\" aria-hidden=\"true\" class=\"wp-block-spacer\"><\/div>\n\n\n\n<p>Al fine di poter aprire la pratica e procedere al rimborso \u00e8 <strong>obbligatorio corredare la richiesta con i seguenti documenti<\/strong>:<\/p>\n\n\n\n<p>1 Dichiarazione da parte del destinatario delle condizioni dell\u2019imballo al momento della consegna e <strong>descrizione dettagliata dei danni<\/strong> riscontrati ai beni e possibilmente fornire delle <strong>foto dell&#8217;imballo e del contenuto<\/strong> danneggiato.<\/p>\n\n\n\n<p>2 <strong>Fattura di acquisto e\/o di vendita<\/strong> oppure nota di credito o DDT di reintegro oppure eventuale fattura di riparazione.<\/p>\n\n\n\n<p>3 Copia della <strong>Lettera di Vettura (Ricevuta) con Riserva Motivata<\/strong> firmata dal destinatario e dal Corriere al momento della consegna.<\/p>\n\n\n\n<p>4 Denuncia presso le autorit\u00e0, solo <strong>in caso di disconoscimento firma<\/strong>.<\/p>\n\n\n\n<div style=\"height:20px\" aria-hidden=\"true\" class=\"wp-block-spacer\"><\/div>\n\n\n\n<hr class=\"wp-block-separator\"\/>\n\n\n\n<h3>Come ottenere una dichiarazione valida di Collo danneggiato o mancante<\/h3>\n\n\n\n<div style=\"height:20px\" aria-hidden=\"true\" class=\"wp-block-spacer\"><\/div>\n\n\n\n<p>Il <strong>diritto di rimborso<\/strong> prevede che il destinatario faccia presente&nbsp;chiaramente al vettore, al momento della consegna,&nbsp;che il pacco \u00e8 danneggiato e firmi scrivendo sulla ricevuta &#8220;<strong>CON RISERVA PER COLLO DANNEGGIATO<\/strong>&#8221; o in caso di mancanza parziale &#8220;<strong>CON RISERVA PER COLLO MANCANTE<\/strong>&#8220;. La Lettera di Vettura per ricevuta con l&#8217;indicazione della Riserva Motivata dovrebbe essere firmata anche dal Corriere che ha eseguito la consegna.<\/p>\n\n\n\n<div style=\"height:20px\" aria-hidden=\"true\" class=\"wp-block-spacer\"><\/div>\n\n\n\n<hr class=\"wp-block-separator\"\/>\n\n\n\n<h3>Cosa posso fare se non possiedo uno dei documenti?<\/h3>\n\n\n\n<div style=\"height:20px\" aria-hidden=\"true\" class=\"wp-block-spacer\"><\/div>\n\n\n\n<p>Se ritieni di non poter produrre la documentazione richiesta oppure se non possiedi documentazione che possa <strong>provare il valore della merce<\/strong> (per esempio la Fattura di acquisto o vendita) ti <strong>sconsigliamo di assicurare<\/strong> la spedizione.<\/p>\n\n\n\n<p>Qualora la documentazione, fornita dal Cliente, risultasse <strong>parziale o incompleta<\/strong> e non venisse integrata entro tre giorni a seguito di apposita richiesta di Spedirecomodo, potrebbe non essere riconosciuto il rimborso assicurativo.<\/p>\n\n\n\n<p>Qualora la fattura o lo scontrino riporti una <strong>data anteriore ai 6 (sei) mesi<\/strong>, verr\u00e0 applicata la <strong>svalutazione<\/strong> individuando l\u2019attuale \u201cprezzo di mercato\u201d sulla base del minore tra l\u2019attuale \u201cvalore di mercato\u201d (per merci analoghe per et\u00e0 e caratteristiche) ed il \u201cvalore ammortizzato\u201d.<\/p>\n\n\n\n<p>Quest&#8217;ultimo verr\u00e0 determinato conteggiando il deprezzamento derivante dall\u2019applicazione delle tabelle di ammortamento annuale per la redazione dei bilanci.<\/p>\n\n\n\n<div style=\"height:20px\" aria-hidden=\"true\" class=\"wp-block-spacer\"><\/div>\n\n\n\n<hr class=\"wp-block-separator\"\/>\n\n\n\n<h3>Come posso inoltrare una richiesta di rimborso?<\/h3>\n\n\n\n<div style=\"height:20px\" aria-hidden=\"true\" class=\"wp-block-spacer\"><\/div>\n\n\n\n<p>Le <strong>richieste di rimborso<\/strong> dovute a danneggiamento o mancanza parziale (o totale) della merce devono pervenire, a pena di decadenza, <strong>entro 8 (otto) giorni dalla data di consegna al destinatario<\/strong> attraverso uno dei canali di contatto disponibili, oppure ai seguenti indirizzi email dedicati. Occorre sempre <strong>indicare il numero ordine<\/strong> composto da 7 (sette) cifre.<\/p>\n\n\n\n<p>Se vuoi richiedere un rimborso per il danneggiamento della tua spedizione puoi farlo mandando una mail a:&nbsp;<a href=\"mailto:richiesta.rimborso.danneggiamento@spedirecomodo.it\"><span style=\"text-decoration: underline;\">richiesta.rimborso.danneggiamento@spedirecomodo.it<\/span><\/a> <\/p>\n\n\n\n<p>Se&nbsp;invece la tua spedizione \u00e8 stata dichiarata smarrita, puoi richiedere il rimborso a questa&nbsp;email: <a href=\"mailto:richiesta.rimborso.smarrimento@spedirecomodo.it\"><span style=\"text-decoration: underline;\">richiesta.rimborso.smarrimento@spedirecomodo.it<\/span><\/a> <\/p>\n\n\n\n<p>In\u00a0caso di accettazione del rimborso da parte di Spedirecomodo, verr\u00e0 applicato lo scoperto pari al 10% con minimo di 25\u20ac. Tali importi verranno detratti dal totale del rimborso riconosciuto al cliente a meno dell&#8217;IVA (Imposta in corso 22%).<\/p>\n\n\n\n<p>In caso di prodotti assicurati, per cui \u00e8 stata fornita una fattura o uno scontrino fiscale con data pi\u00f9 vecchia di 6 (sei) mesi, verr\u00e0 applicata la svalutazione in base alle ricerche di mercato (cfr. il punto 12 delle Condizioni legali e di vendita).<\/p>\n\n\n\n<div style=\"height:20px\" aria-hidden=\"true\" class=\"wp-block-spacer\"><\/div>\n\n\n\r\n<div class=\"ship-now-calltoaction text-center\">\r\n    <span class=\"title\">Spedisci ora!<\/span>\r\n    <div class=\"rounded-div\">\r\n        <button data-toggle=\"modal\" class=\"ship-now btn-primary-sc\">Continua<\/button>\r\n    <\/div>\r\n    <span class=\"subtitle\">Inserisci i dati e spedisci in pochi click!<\/span>\r\n<\/div>\r\n\n\n\n\n<div style=\"height:20px\" aria-hidden=\"true\" class=\"wp-block-spacer\"><\/div>\n\n\n\n<p>Se vuoi informazioni e consigli su come realizzare un ecommerce di successo visita&nbsp;<a rel=\"noreferrer noopener\" href=\"https:\/\/www.metaxy.eu\/\" target=\"_blank\"><strong>Metaxy<\/strong><\/a>.<\/p>\n\n\n\n<p><span style=\"text-decoration: underline;\"><strong><a href=\"https:\/\/www.spedirecomodo.it\/cms\/mondospedizioni\/\" class=\"rank-math-link\">Mondo spedizioni online<\/a><\/strong><\/span>, Spedire facile, Spedire sicuro&#8230; Spedire Comodo.<\/p>\n\n\n\n<div style=\"height:50px\" aria-hidden=\"true\" class=\"wp-block-spacer\"><\/div>\n<style class=\"advgb-styles-renderer\">@media screen and (min-width:768px){.ugb-e373823 .ugb-img{width:285px;height:auto !important}}.ugb-d3cec11 .ugb-img{border-radius:7px}@media screen and (min-width:768px){.ugb-d3cec11 .ugb-img{border-radius:7px;width:300px;height:auto !important}}.ugb-b3efccb .ugb-img{border-radius:8px}@media screen and (min-width:768px){.ugb-b3efccb .ugb-img{border-radius:8px;width:300px;height:auto !important}}.ugb-c6c2d10 .ugb-img{border-radius:8px}@media screen and (min-width:768px){.ugb-c6c2d10 .ugb-img{border-radius:8px;width:300px;height:auto !important}}.ugb-9286c8c .ugb-img{border-radius:8px}@media screen and (min-width:768px){.ugb-9286c8c .ugb-img{border-radius:8px;width:301px;height:auto !important}}<\/style>","protected":false},"excerpt":{"rendered":"<p>Come assicurare le tue spedizioni pacchi Assicurare la spedizione dei tuoi pacchi permette di tutelare la merce inviata in Italia e la possibilit\u00e0 di richiedere un eventuale rimborso in caso di danni o smarrimento. Perch\u00e9 assicurare la spedizione contro un eventuale danno o smarrimento? La merce&nbsp;con spedizione non assicurata&nbsp;prevede un rimborso \u201cstandard\u201d pari a 1\u20ac [&hellip;]<\/p>\n","protected":false},"author":7,"featured_media":0,"parent":0,"menu_order":0,"comment_status":"closed","ping_status":"closed","template":"index-trustpilot.php","meta":{"advgb_blocks_editor_width":"","advgb_blocks_columns_visual_guide":""},"categories":[91],"tags":[],"featured_image_urls":{"full":"","thumbnail":"","medium":"","medium_large":"","large":"","1536x1536":"","2048x2048":""},"post_excerpt_stackable":"<p>Come assicurare le tue spedizioni pacchiAssicurare la spedizione dei tuoi pacchi permette di tutelare la merce inviata in Italia e la possibilit\u00e0 di richiedere un eventuale rimborso in caso di danni o smarrimento. Perch\u00e9 assicurare la spedizione contro un eventuale danno o smarrimento? La merce&nbsp;con spedizione non assicurata&nbsp;prevede un rimborso \u201cstandard\u201d pari a 1\u20ac al Kg, come previsto dalla normativa del trasporto (Responsabilit\u00e0 vettoriale: i trasporti per l&#8217;Italia vengono assunti a norma di legge (D.lgs. n. 286\/2005), con conseguente previsione di un limite risarcitorio pari ad euro 1,00 (uno) per chilogrammo di peso lordo della merce perduta o avariata). Solo&hellip;<\/p>\n","category_list":"<a href=\"https:\/\/www.spedirecomodo.it\/cms\/category\/utility\/\" rel=\"category tag\">Utility<\/a>","author_info":{"name":"Sebastiano Torcellan","url":"https:\/\/www.spedirecomodo.it\/cms\/author\/sebastiano-torcellan\/"},"comments_num":"0 commenti","featured_image_urls_v2":{"full":"","thumbnail":"","medium":"","medium_large":"","large":"","1536x1536":"","2048x2048":""},"post_excerpt_stackable_v2":"<p>Come assicurare le tue spedizioni pacchiAssicurare la spedizione dei tuoi pacchi permette di tutelare la merce inviata in Italia e la possibilit\u00e0 di richiedere un eventuale rimborso in caso di danni o smarrimento. Perch\u00e9 assicurare la spedizione contro un eventuale danno o smarrimento? La merce&nbsp;con spedizione non assicurata&nbsp;prevede un rimborso \u201cstandard\u201d pari a 1\u20ac al Kg, come previsto dalla normativa del trasporto (Responsabilit\u00e0 vettoriale: i trasporti per l&#8217;Italia vengono assunti a norma di legge (D.lgs. n. 286\/2005), con conseguente previsione di un limite risarcitorio pari ad euro 1,00 (uno) per chilogrammo di peso lordo della merce perduta o avariata). Solo&hellip;<\/p>\n","category_list_v2":"<a href=\"https:\/\/www.spedirecomodo.it\/cms\/category\/utility\/\" rel=\"category tag\">Utility<\/a>","author_info_v2":{"name":"Sebastiano Torcellan","url":"https:\/\/www.spedirecomodo.it\/cms\/author\/sebastiano-torcellan\/"},"comments_num_v2":"0 commenti","coauthors":[],"author_meta":{"author_link":"https:\/\/www.spedirecomodo.it\/cms\/author\/sebastiano-torcellan\/","display_name":"Sebastiano Torcellan"},"relative_dates":{"created":"Pubblicato 6 anni fa","modified":"Aggiornato 5 anni fa"},"absolute_dates":{"created":"Pubblicato il 9 Luglio 2020","modified":"Aggiornato il 2 Luglio 2021"},"absolute_dates_time":{"created":"Pubblicato il 9 Luglio 2020 19:49","modified":"Aggiornato il 2 Luglio 2021 14:45"},"featured_img_caption":"","featured_img":false,"series_order":"","_links":{"self":[{"href":"https:\/\/www.spedirecomodo.it\/cms\/wp-json\/wp\/v2\/pages\/2594"}],"collection":[{"href":"https:\/\/www.spedirecomodo.it\/cms\/wp-json\/wp\/v2\/pages"}],"about":[{"href":"https:\/\/www.spedirecomodo.it\/cms\/wp-json\/wp\/v2\/types\/page"}],"author":[{"embeddable":true,"href":"https:\/\/www.spedirecomodo.it\/cms\/wp-json\/wp\/v2\/users\/7"}],"replies":[{"embeddable":true,"href":"https:\/\/www.spedirecomodo.it\/cms\/wp-json\/wp\/v2\/comments?post=2594"}],"version-history":[{"count":2,"href":"https:\/\/www.spedirecomodo.it\/cms\/wp-json\/wp\/v2\/pages\/2594\/revisions"}],"predecessor-version":[{"id":7689,"href":"https:\/\/www.spedirecomodo.it\/cms\/wp-json\/wp\/v2\/pages\/2594\/revisions\/7689"}],"wp:attachment":[{"href":"https:\/\/www.spedirecomodo.it\/cms\/wp-json\/wp\/v2\/media?parent=2594"}],"wp:term":[{"taxonomy":"category","embeddable":true,"href":"https:\/\/www.spedirecomodo.it\/cms\/wp-json\/wp\/v2\/categories?post=2594"},{"taxonomy":"post_tag","embeddable":true,"href":"https:\/\/www.spedirecomodo.it\/cms\/wp-json\/wp\/v2\/tags?post=2594"}],"curies":[{"name":"wp","href":"https:\/\/api.w.org\/{rel}","templated":true}]}}