{"id":2681,"date":"2020-07-18T18:27:13","date_gmt":"2020-07-18T16:27:13","guid":{"rendered":"https:\/\/www.spedirecomodo.it\/cms\/?page_id=2681"},"modified":"2020-11-14T23:09:03","modified_gmt":"2020-11-14T22:09:03","slug":"spedire-adesso","status":"publish","type":"page","link":"https:\/\/www.spedirecomodo.it\/cms\/spedire-adesso\/","title":{"rendered":"Spedire adesso i tuoi pacchi con Spedirecomodo"},"content":{"rendered":"\n<div style=\"height:20px\" aria-hidden=\"true\" class=\"wp-block-spacer\"><\/div>\n\n\n\r\n<div class=\"ship-now-calltoaction text-center\">\r\n    <span class=\"title\">Spedisci ora!<\/span>\r\n    <div class=\"rounded-div\">\r\n        <button data-toggle=\"modal\" class=\"ship-now btn-primary-sc\">Continua<\/button>\r\n    <\/div>\r\n    <span class=\"subtitle\">Inserisci i dati e spedisci in pochi click!<\/span>\r\n<\/div>\r\n\n\n\n\n<div style=\"height:20px\" aria-hidden=\"true\" class=\"wp-block-spacer\"><\/div>\n\n\n\n<hr class=\"wp-block-separator\"\/>\n\n\n\n<div class=\"wp-block-ugb-feature ugb-feature ugb-4541122 ugb-feature--v2 ugb-feature--design-plain ugb-main-block\" id=\"\"><div class=\"ugb-inner-block\"><div class=\"ugb-block-content\"><div class=\"ugb-feature__item\"><div class=\"ugb-feature__content\"><h2 class=\"ugb-feature__title\">Come spedire adesso in Italia e in Europa<\/h2><p class=\"ugb-feature__description\">Hai bisogno di spedire adesso velocemente un pacco? Non hai il tempo di fare code interminabili all&#8217;Ufficio Postale? Non ne puoi pi\u00f9 di corrieri costosi e inaffidabili? Non sai come fare?<\/p><\/div><div class=\"ugb-feature__image-side\"><img class=\"ugb-feature__image ugb-img wp-image-4464\" src=\"\/cms\/wp-content\/uploads\/2020\/03\/Spedire-Italia-1024x625.png\" alt=\"Spedire in Italia\" height=\"231\" srcset=\"https:\/\/www.spedirecomodo.it\/cms\/wp-content\/uploads\/2020\/03\/Spedire-Italia-1024x625.png 1024w, https:\/\/www.spedirecomodo.it\/cms\/wp-content\/uploads\/2020\/03\/Spedire-Italia-300x183.png 300w, https:\/\/www.spedirecomodo.it\/cms\/wp-content\/uploads\/2020\/03\/Spedire-Italia-768x468.png 768w, https:\/\/www.spedirecomodo.it\/cms\/wp-content\/uploads\/2020\/03\/Spedire-Italia.png 1046w\" sizes=\"(max-width: 1024px) 100vw, 1024px\" \/><\/div><\/div><\/div><\/div><\/div>\n\n\n\n<p>Hai bisogno di spedire adesso velocemente un pacco? Non hai il tempo di fare code interminabili all&#8217;Ufficio Postale? Non ne puoi pi\u00f9 di corrieri costosi e inaffidabili? Non sai come fare?<\/p>\n\n\n\n<p>Con Spedirecomodo prenota la tua spedizione dal web dove e quando vuoi, con ritiro a domicilio, consegna rapida e garantita in 24 ore oppure in 48 ore e a prezzi convenienti scontati fino al 70%.<\/p>\n\n\n\n<div style=\"height:20px\" aria-hidden=\"true\" class=\"wp-block-spacer\"><\/div>\n\n\n<div class=\"su-button-center\"><a href=\"https:\/\/www.spedirecomodo.it\/cms\/tariffe-spedizioni-economiche\/\" class=\"su-button su-button-style-default\" style=\"color:#FFFFFF;background-color:#0693e3;border-color:#0576b6;border-radius:10px;-moz-border-radius:10px;-webkit-border-radius:10px\" target=\"_self\" id=\"ButtonTariffe\"><span style=\"color:#FFFFFF;padding:8px 26px;font-size:20px;line-height:30px;border-color:#51b4ec;border-radius:10px;-moz-border-radius:10px;-webkit-border-radius:10px;text-shadow:none;-moz-text-shadow:none;-webkit-text-shadow:none\"><i class=\"sui sui-diamond\" style=\"font-size:20px;color:#FFFFFF\"><\/i> Le nostre Tariffe Economiche<\/span><\/a><\/div>\n\n\n\n<div style=\"height:30px\" aria-hidden=\"true\" class=\"wp-block-spacer\"><\/div>\n\n\n\n<p>Spedire adesso pacchi e buste&nbsp;\u00e8 il modo pi\u00f9 facile e conveniente per scegliere tra le offerte dei migliori corrieri il tipo di spedizione pi\u00f9 adatto alle tue esigenze.<\/p>\n\n\n\n<p>Se devi&nbsp;inviare un <span style=\"text-decoration: underline;\"><strong><a href=\"https:\/\/www.spedirecomodo.it\/cms\/spedire-in-italia\/\">pacco in Italia<\/a><\/strong><\/span>&nbsp;o <span style=\"text-decoration: underline;\"><strong><a href=\"https:\/\/www.spedirecomodo.it\/cms\/spedire-estero\/\">spedire all\u2019estero<\/a><\/strong><\/span> anche colli di grandi dimensioni, su Spedirecomodo trovi servizi adatti ad ogni necessit\u00e0 di spedizione buste e pacchi, a costi economici e con consegna inclusa nelle tariffe di spedizione.<\/p>\n\n\n\n<p>Prenotare <strong>spedizioni online<\/strong> con Spedirecomodo ti permette di spedire adesso i tuoi articoli senza muoverti da casa alle migliori tariffe con pochi semplici click.<\/p>\n\n\n\n<div style=\"height:20px\" aria-hidden=\"true\" class=\"wp-block-spacer\"><\/div>\n\n\n\n<hr class=\"wp-block-separator\"\/>\n\n\n\n<p>Verifica con sicurezza che i tuoi pacchi abbiano le <strong>dimensioni e il peso volumetrico corretti<\/strong> per poter essere spediti in Italia o in Europa e che la merce che spedisci online rientri nelle <strong>categorie consentite al trasporto<\/strong>. Dopodich\u00e9 procedi subito con la ricerca dei costi di spedizione, confronta le offerte dei nostri corrieri&nbsp;<a href=\"https:\/\/www.spedirecomodo.it\/cms\/brt-bartolini\/\"><span style=\"text-decoration: underline;\">Bartolini<\/span><\/a>,&nbsp;<span style=\"text-decoration: underline;\"><a href=\"https:\/\/www.spedirecomodo.it\/cms\/nexive\/\">Nexive<\/a><\/span>,&nbsp;<a href=\"https:\/\/www.spedirecomodo.it\/cms\/sda\/\"><span style=\"text-decoration: underline;\">SDA<\/span><\/a>,&nbsp;<a href=\"https:\/\/www.spedirecomodo.it\/cms\/poste-italiane-crono\/\"><span style=\"text-decoration: underline;\">Poste Italiane<\/span><\/a>&nbsp;e scegli il sistema di pagamento pi\u00f9 sicuro tra carta di credito e Paypal.<\/p>\n\n\n\n<div style=\"height:20px\" aria-hidden=\"true\" class=\"wp-block-spacer\"><\/div>\n\n\n<div class=\"su-button-center\"><a href=\"https:\/\/www.spedirecomodo.it\/cms\/calcolo-peso-volumetrico\/\" class=\"su-button su-button-style-default\" style=\"color:#FFFFFF;background-color:#0693e3;border-color:#0576b6;border-radius:10px;-moz-border-radius:10px;-webkit-border-radius:10px\" target=\"_self\" id=\"ButtonVolume\"><span style=\"color:#FFFFFF;padding:8px 26px;font-size:20px;line-height:30px;border-color:#51b4ec;border-radius:10px;-moz-border-radius:10px;-webkit-border-radius:10px;text-shadow:none;-moz-text-shadow:none;-webkit-text-shadow:none\"><i class=\"sui sui-cube\" style=\"font-size:20px;color:#FFFFFF\"><\/i> Come Calcolare il Peso Volumetrico<\/span><\/a><\/div>\n\n\n\n<div style=\"height:20px\" aria-hidden=\"true\" class=\"wp-block-spacer\"><\/div>\n\n\n<div class=\"su-button-center\"><a href=\"https:\/\/www.spedirecomodo.it\/cms\/colli-incompatibili\/\" class=\"su-button su-button-style-default\" style=\"color:#FFFFFF;background-color:#0693e3;border-color:#0576b6;border-radius:10px;-moz-border-radius:10px;-webkit-border-radius:10px\" target=\"_self\" id=\"ButtonIncompatibili\"><span style=\"color:#FFFFFF;padding:8px 26px;font-size:20px;line-height:30px;border-color:#51b4ec;border-radius:10px;-moz-border-radius:10px;-webkit-border-radius:10px;text-shadow:none;-moz-text-shadow:none;-webkit-text-shadow:none\"><i class=\"sui sui-warning\" style=\"font-size:20px;color:#FFFFFF\"><\/i> Cosa NON posso spedire<\/span><\/a><\/div>\n\n\n\n<div style=\"height:20px\" aria-hidden=\"true\" class=\"wp-block-spacer\"><\/div>\n\n\n\n<hr class=\"wp-block-separator\"\/>\n\n\n\n<p>Se <strong>hai un e-commerce o sei un&#8217;azienda<\/strong> visita la nostra pagina dedicata ai clienti Business per conoscere i nostri servizi dedicati alle aziende.<\/p>\n\n\n\n<div style=\"height:20px\" aria-hidden=\"true\" class=\"wp-block-spacer\"><\/div>\n\n\n\n\n\n<div style=\"height:20px\" aria-hidden=\"true\" class=\"wp-block-spacer\"><\/div>\n\n\n\n<hr class=\"wp-block-separator\"\/>\n\n\n\n<p>Se hai bisogno di tutte le informazioni per come spedire in Italia o inviare pacchi all&#8217;estero visita le nostre pagine dedicate.<\/p>\n\n\n\n<div style=\"height:20px\" aria-hidden=\"true\" class=\"wp-block-spacer\"><\/div>\n\n\n<div class=\"su-button-center\"><a href=\"https:\/\/www.spedirecomodo.it\/cms\/spedire-in-italia\/\" class=\"su-button su-button-style-default\" style=\"color:#FFFFFF;background-color:#0693e3;border-color:#0576b6;border-radius:10px;-moz-border-radius:10px;-webkit-border-radius:10px\" target=\"_self\" id=\"ButtonItaly\"><span style=\"color:#FFFFFF;padding:8px 26px;font-size:20px;line-height:30px;border-color:#51b4ec;border-radius:10px;-moz-border-radius:10px;-webkit-border-radius:10px;text-shadow:none;-moz-text-shadow:none;-webkit-text-shadow:none\"><i class=\"sui sui-truck\" style=\"font-size:20px;color:#FFFFFF\"><\/i> Spedire in Italia<\/span><\/a><\/div>\n\n\n\n<div style=\"height:20px\" aria-hidden=\"true\" class=\"wp-block-spacer\"><\/div>\n\n\n<div class=\"su-button-center\"><a href=\"https:\/\/www.spedirecomodo.it\/cms\/spedire-in-europa\/\" class=\"su-button su-button-style-default\" style=\"color:#FFFFFF;background-color:#0693e3;border-color:#0576b6;border-radius:10px;-moz-border-radius:10px;-webkit-border-radius:10px\" target=\"_self\" id=\"ButtonEurope\"><span style=\"color:#FFFFFF;padding:8px 26px;font-size:20px;line-height:30px;border-color:#51b4ec;border-radius:10px;-moz-border-radius:10px;-webkit-border-radius:10px;text-shadow:none;-moz-text-shadow:none;-webkit-text-shadow:none\"><i class=\"sui sui-send\" style=\"font-size:20px;color:#FFFFFF\"><\/i> Spedire all&#8217;estero<\/span><\/a><\/div>\n\n\n\n<div style=\"height:20px\" aria-hidden=\"true\" class=\"wp-block-spacer\"><\/div>\n\n\n\n<hr class=\"wp-block-separator\"\/>\n\n\n\n<p>Se vuoi <strong>assistenza<\/strong> o suggerimenti e consigli su come inviare un pacco o su cosa puoi spedire consulta la pagina dedicata cliccando il bottone sotto.<\/p>\n\n\n\n<div style=\"height:20px\" aria-hidden=\"true\" class=\"wp-block-spacer\"><\/div>\n\n\n<div class=\"su-button-center\"><a href=\"https:\/\/www.spedirecomodo.it\/cms\/ho-un-problema\/\" class=\"su-button su-button-style-default\" style=\"color:#FFFFFF;background-color:#0693e3;border-color:#0576b6;border-radius:10px;-moz-border-radius:10px;-webkit-border-radius:10px\" target=\"_self\" id=\"Button1\"><span style=\"color:#FFFFFF;padding:8px 26px;font-size:20px;line-height:30px;border-color:#51b4ec;border-radius:10px;-moz-border-radius:10px;-webkit-border-radius:10px;text-shadow:none;-moz-text-shadow:none;-webkit-text-shadow:none\"><i class=\"sui sui-info-circle\" style=\"font-size:20px;color:#FFFFFF\"><\/i> Ho bisogno di aiuto<\/span><\/a><\/div>\n\n\n\n<div style=\"height:20px\" aria-hidden=\"true\" class=\"wp-block-spacer\"><\/div>\n\n\n\n<hr class=\"wp-block-separator\"\/>\n\n\n\n<div style=\"height:20px\" aria-hidden=\"true\" class=\"wp-block-spacer\"><\/div>\n\n\n\n<p>Se vuoi maggiori informazioni e utili consigli per le tue spedizioni economiche oppure suggerimenti su come preparare un pacco consulta il&nbsp;<strong><a rel=\"noreferrer noopener\" href=\"https:\/\/www.spedirecomodo.it\/cms\/il-blog-di-spedirecomodo\/\" target=\"_blank\">Blog di Spedirecomodo<\/a><\/strong>.<\/p>\n\n\n\n<p>Se vuoi informazioni e consigli su come realizzare un ecommerce di successo visita <a href=\"https:\/\/www.metaxy.eu\/\" target=\"_blank\" rel=\"noopener\"><strong>Metaxy<\/strong><\/a>.<\/p>\n\n\n\n<p>Spedireadesso online, spedizioni veloci, spedizioni economiche con Spedirecomodo.<\/p>\n\n\n\n<div style=\"height:50px\" aria-hidden=\"true\" class=\"wp-block-spacer\"><\/div>\n<style class=\"advgb-styles-renderer\">@media screen and (min-width:768px){.ugb-4541122 .ugb-img{width:380px;height:auto !important}}@media screen and (min-width:768px) and (max-width:1025px){.ugb-4541122 .ugb-img{width:285px;height:auto !important}}@media screen and (max-width:768px){.ugb-4541122 .ugb-img{width:285px;height:auto !important}}<\/style>","protected":false},"excerpt":{"rendered":"<p>Come spedire adesso in Italia e in Europa Hai bisogno di spedire adesso velocemente un pacco? Non hai il tempo di fare code interminabili all&#8217;Ufficio Postale? Non ne puoi pi\u00f9 di corrieri costosi e inaffidabili? Non sai come fare? Hai bisogno di spedire adesso velocemente un pacco? Non hai il tempo di fare code interminabili [&hellip;]<\/p>\n","protected":false},"author":7,"featured_media":0,"parent":0,"menu_order":0,"comment_status":"closed","ping_status":"closed","template":"index-trustpilot.php","meta":{"advgb_blocks_editor_width":"","advgb_blocks_columns_visual_guide":""},"categories":[],"tags":[],"featured_image_urls":{"full":"","thumbnail":"","medium":"","medium_large":"","large":"","1536x1536":"","2048x2048":""},"post_excerpt_stackable":"<p>Spedisci ora! Continua Inserisci i dati e spedisci in pochi click! Come spedire adesso in Italia e in EuropaHai bisogno di spedire adesso velocemente un pacco? Non hai il tempo di fare code interminabili all&#8217;Ufficio Postale? Non ne puoi pi\u00f9 di corrieri costosi e inaffidabili? Non sai come fare? Hai bisogno di spedire adesso velocemente un pacco? Non hai il tempo di fare code interminabili all&#8217;Ufficio Postale? Non ne puoi pi\u00f9 di corrieri costosi e inaffidabili? Non sai come fare? Con Spedirecomodo prenota la tua spedizione dal web dove e quando vuoi, con ritiro a domicilio, consegna rapida e garantita&hellip;<\/p>\n","category_list":"Senza categoria","author_info":{"name":"Sebastiano Torcellan","url":"https:\/\/www.spedirecomodo.it\/cms\/author\/sebastiano-torcellan\/"},"comments_num":"0 commenti","featured_image_urls_v2":{"full":"","thumbnail":"","medium":"","medium_large":"","large":"","1536x1536":"","2048x2048":""},"post_excerpt_stackable_v2":"<p>Spedisci ora! Continua Inserisci i dati e spedisci in pochi click! Come spedire adesso in Italia e in EuropaHai bisogno di spedire adesso velocemente un pacco? Non hai il tempo di fare code interminabili all&#8217;Ufficio Postale? Non ne puoi pi\u00f9 di corrieri costosi e inaffidabili? Non sai come fare? Hai bisogno di spedire adesso velocemente un pacco? Non hai il tempo di fare code interminabili all&#8217;Ufficio Postale? Non ne puoi pi\u00f9 di corrieri costosi e inaffidabili? Non sai come fare? Con Spedirecomodo prenota la tua spedizione dal web dove e quando vuoi, con ritiro a domicilio, consegna rapida e garantita&hellip;<\/p>\n","category_list_v2":"Senza categoria","author_info_v2":{"name":"Sebastiano Torcellan","url":"https:\/\/www.spedirecomodo.it\/cms\/author\/sebastiano-torcellan\/"},"comments_num_v2":"0 commenti","coauthors":[],"author_meta":{"author_link":"https:\/\/www.spedirecomodo.it\/cms\/author\/sebastiano-torcellan\/","display_name":"Sebastiano Torcellan"},"relative_dates":{"created":"Pubblicato 6 anni fa","modified":"Aggiornato 5 anni fa"},"absolute_dates":{"created":"Pubblicato il 18 Luglio 2020","modified":"Aggiornato il 14 Novembre 2020"},"absolute_dates_time":{"created":"Pubblicato il 18 Luglio 2020 18:27","modified":"Aggiornato il 14 Novembre 2020 23:09"},"featured_img_caption":"","featured_img":false,"series_order":"","_links":{"self":[{"href":"https:\/\/www.spedirecomodo.it\/cms\/wp-json\/wp\/v2\/pages\/2681"}],"collection":[{"href":"https:\/\/www.spedirecomodo.it\/cms\/wp-json\/wp\/v2\/pages"}],"about":[{"href":"https:\/\/www.spedirecomodo.it\/cms\/wp-json\/wp\/v2\/types\/page"}],"author":[{"embeddable":true,"href":"https:\/\/www.spedirecomodo.it\/cms\/wp-json\/wp\/v2\/users\/7"}],"replies":[{"embeddable":true,"href":"https:\/\/www.spedirecomodo.it\/cms\/wp-json\/wp\/v2\/comments?post=2681"}],"version-history":[{"count":0,"href":"https:\/\/www.spedirecomodo.it\/cms\/wp-json\/wp\/v2\/pages\/2681\/revisions"}],"wp:attachment":[{"href":"https:\/\/www.spedirecomodo.it\/cms\/wp-json\/wp\/v2\/media?parent=2681"}],"wp:term":[{"taxonomy":"category","embeddable":true,"href":"https:\/\/www.spedirecomodo.it\/cms\/wp-json\/wp\/v2\/categories?post=2681"},{"taxonomy":"post_tag","embeddable":true,"href":"https:\/\/www.spedirecomodo.it\/cms\/wp-json\/wp\/v2\/tags?post=2681"}],"curies":[{"name":"wp","href":"https:\/\/api.w.org\/{rel}","templated":true}]}}