{"id":316,"date":"2019-10-04T16:48:28","date_gmt":"2019-10-04T14:48:28","guid":{"rendered":"http:\/\/spedirecomodo.azurewebsites.net\/cms\/?page_id=316"},"modified":"2020-10-19T12:46:29","modified_gmt":"2020-10-19T10:46:29","slug":"informativa-spedirecomodo-trattamento-dati","status":"publish","type":"page","link":"https:\/\/www.spedirecomodo.it\/cms\/informativa-spedirecomodo-trattamento-dati\/","title":{"rendered":"Informativa Spedirecomodo sul trattamento dei dati"},"content":{"rendered":"\n<h2>Privacy Policy Spedirecomodo<\/h2>\n\n\n\n<div class=\"wp-block-ugb-feature ugb-feature ugb-42d6027 ugb-feature--v2 ugb-feature--design-plain ugb-main-block\" id=\"\"><div class=\"ugb-inner-block\"><div class=\"ugb-block-content\"><div class=\"ugb-feature__item\"><div class=\"ugb-feature__content\"><h2 class=\"ugb-feature__title\">La Privacy dei tuoi dati \u00e8 importante<\/h2><p class=\"ugb-feature__description\">INFORMATIVA SUL TRATTAMENTO DEI DATI PERSONALI E SENSIBILI DEL CLIENTE AI SENSI DEGLI ARTT. 13 E SS. DEL REGOLAMENTO UE 2016\/679<br><br>Ai sensi degli artt. 13 e ss. del Regolamento UE 2016\/679 ed in relazione ai dati personali di cui\u00a0<strong>Spedirecomodo<\/strong> entrer\u00e0 in possesso dal momento della registrazione sul sito <strong>https:\/\/www.spedirecomodo.it<\/strong>, informiamo l&#8217;utente di quanto segue.<\/p><\/div><div class=\"ugb-feature__image-side\"><img class=\"ugb-feature__image ugb-img wp-image-5149\" src=\"\/cms\/wp-content\/uploads\/2020\/10\/Privacy-Spedirecomodo.png\" alt=\"Privacy Policy sui dati Spedirecomodo\" height=\"362\" srcset=\"https:\/\/www.spedirecomodo.it\/cms\/wp-content\/uploads\/2020\/10\/Privacy-Spedirecomodo.png 840w, https:\/\/www.spedirecomodo.it\/cms\/wp-content\/uploads\/2020\/10\/Privacy-Spedirecomodo-300x259.png 300w, https:\/\/www.spedirecomodo.it\/cms\/wp-content\/uploads\/2020\/10\/Privacy-Spedirecomodo-768x662.png 768w\" sizes=\"(max-width: 840px) 100vw, 840px\" \/><\/div><\/div><\/div><\/div><\/div>\n\n\n\n<div style=\"height:20px\" aria-hidden=\"true\" class=\"wp-block-spacer\"><\/div>\n\n\n\n<hr class=\"wp-block-separator\"\/>\n\n\n\n<h4>Privacy Policy: Titolare del trattamento.<\/h4>\n\n\n\n<p>Titolare del trattamento \u00e8&nbsp;<strong>Metaxy s.r.l.<\/strong>, con sede in&nbsp;<strong>Via Giuseppe Parini, 9, 20121 Milano (MI), Codice Fiscale e Partita IVA 11042630969, REA MI-2574832.<\/strong><\/p>\n\n\n\n<ol><li><strong>Finalit\u00e0 del trattamento dei dati.<\/strong><br>Il trattamento \u00e8 finalizzato alla corretta e completa erogazione dei servizi richiesti in favore dell&#8217;utente. Inoltre, i dati forniti potranno essere utilizzati per attivit\u00e0 di marketing, nei limiti consentiti dalla legge, nonch\u00e9, in caso di espresso consenso, per l&#8217;invio di newsletter riguardanti le nostre news, offerte e aggiornamenti, inclusi dettagli dei nostri prodotti e servizi, offerte speciali, sconti o promozioni, nuovi prodotti o servizi, e prossimi eventi o concorsi.<br>I suoi dati personali potranno essere trattati, senza la necessit\u00e0 del suo consenso, nei casi in cui ci\u00f2 sia necessario per adempiere a obblighi derivanti da disposizioni di legge in materia civilistica, fiscale, antiriciclaggio, nonch\u00e9 da ogni altra normativa comunitaria, norme, codici o procedure approvati da Autorit\u00e0 e altre Istituzioni competenti nazionali.<br>Inoltre, i suoi dati personali potranno essere trattati per dare seguito a richieste da parte dell&#8217;autorit\u00e0 amministrativa o giudiziaria competente e, pi\u00f9 in generale, di soggetti pubblici nel rispetto delle formalit\u00e0 di legge.<br>I suoi dati personali inoltre saranno trattati per le finalit\u00e0 relative e\/o connesse alle attivit\u00e0 svolta dal Titolare, quali nello specifico:<ul><li>per i soggetti che si registrano al sito o che ci contattano tramite sito o tramite email per l&#8217;erogazione dei servizi da loro richiesti con l&#8217;inserimento di dati sul sito o tramite l&#8217;invio di email, nonch\u00e9 per la conservazione dei dati ai fini della gestione operativa ed amministrativa dei contatti. Al riguardo ricordiamo che in fase di negoziazione, non \u00e8 obbligatorio acquisire il consenso se il trattamento \u00e8 necessario per adempiere &#8211; prima della conclusione del contratto &#8211; a tue specifiche richieste;<\/li><li>per l&#8217;esecuzione del rapporto contrattuale e dei servizi accessori e\/o connessi a tali contratti. In tali casi, la informiamo che ai sensi della normativa applicabile in materia di dati personali, l&#8217;acquisizione del suo consenso non \u00e8 richiesta se il trattamento \u00e8 necessario per eseguire obblighi derivanti da un contratto;<\/li><li>per la gestione dei pagamenti (con relativo trattamento &#8211; ai termini di legge &#8211; dei dati di pagamento, inclusi gli estremi identificativi delle carte di credito o carta prepagata) dei servizi richiesti e degli eventuali oneri economici accessori, in base a quanto previsto dal contratto; o adempimento di obblighi legali, contabili, fiscali, amministrativi e contrattuali connessi all&#8217;erogazione dei servizi richiesti;<\/li><li>per l&#8217;analisi ed il miglioramento dei servizi forniti, come ad esempio l&#8217;eventuale svolgimento di sondaggi per ottenere suggerimenti da parte dei clienti;<\/li><li>per la fornitura al cliente dell&#8217;assistenza tecnica, se prevista dal contratto;<\/li><li>i suoi dati personali, in aggiunta, potranno essere trattati per la difesa di un diritto in sede giudiziaria o ogniqualvolta risulti necessario al fine di accertare, esercitare o difendere un diritto del Titolare;<\/li><li>per le rilevazioni del grado di soddisfazione della clientela sulla qualit\u00e0 dei servizi forniti;<\/li><li>per la realizzazione di operazioni straordinarie e affitti o cessioni di azienda, in favore delle altre parti contrattualmente coinvolte.<\/li><li>Si rende noto ai soggetti che si registrano al sito o che ci contattano tramite sito o tramite email che la navigazione e la consultazione del Sito non richiedono, n\u00e9 consentono, attivit\u00e0 di profilazione alcuna.<\/li><li>In ogni caso, tutti i dati acquisiti durante la navigazione vengono trattati in forma anonima e possono essere utilizzati senza il consenso espresso dell&#8217;Utente solo per finalit\u00e0 di accesso al Sito&nbsp;<strong>www.spedirecomodo.it<\/strong>&nbsp;e presentazione dei servizi di&nbsp;<strong>Spedirecomodo<\/strong>.<\/li><li>In particolare, per ci\u00f2 che attiene ai dati di navigazione si informa che i sistemi informatici e le procedure software preposte al funzionamento di questo sito web acquisiscono, nel corso del loro normale esercizio, alcuni dati personali la cui trasmissione \u00e8 implicita nell&#8217;uso dei protocolli di comunicazione di Internet.<br>Si tratta di informazioni che non sono raccolte per essere associate a interessati identificati, ma che per loro stessa natura potrebbero, attraverso elaborazioni ed associazioni con dati detenuti da terzi, permettere di identificare gli Utenti.<br>In questa categoria di dati rientrano gli indirizzi IP o i nomi a dominio dei computer utilizzati dagli utenti che si connettono al sito, gli indirizzi in notazione URI (Uniform Resource Identifier) delle risorse richieste, l&#8217;orario della richiesta, il metodo utilizzato nel sottoporre la richiesta al server, la dimensione del file ottenuto in risposta, il codice numerico indicante lo stato della risposta data dal server (buon fine, errore, ecc.) ed altri parametri relativi al sistema operativo e all&#8217;ambiente informatico dell&#8217;utente.<br>Questi dati vengono utilizzati al solo fine di ricavare informazioni statistiche anonime sull\u2019uso del sito e per controllarne il corretto funzionamento.<\/li><li>Inoltre, i dati potrebbero essere utilizzati per l&#8217;accertamento di responsabilit\u00e0 in caso di ipotetici reati informatici ai danni del sito.<\/li><\/ul>Si specifica che, i suoi dati personali potranno altres\u00ec essere trattati, previo rilascio del suo facoltativo ed espresso separato consenso, per le seguenti ulteriori finalit\u00e0 funzionali all&#8217;attivit\u00e0 del Titolare: ricerche di mercato, analisi economiche e statistiche; commercializzazione dei servizi del Titolare, invio di materiale pubblicitario\/informativo\/promozionale e di partecipazione ad iniziative ed offerte volte a premiare i clienti del Titolare.<\/li><li><strong>Comunicazione dei dati.<\/strong><br>I dati personali possono venire a conoscenza degli incaricati del trattamento e possono essere comunicati per le finalit\u00e0 di cui al punto 1 a terzi fornitori di consulenza e assistenza, alle banche, alle societ\u00e0 del gruppo del Titolare, alla rete commerciale, e, pi\u00f9 in generale, a tutti quei soggetti pubblici e privati cui la comunicazione sia necessaria per il corretto adempimento delle finalit\u00e0 indicate nel punto 1 o per obblighi di legge.<\/li><li><strong>Trasferimento dei dati all&#8217;estero.<\/strong><br>I dati personali possono essere trasferiti verso Paesi dell&#8217;Unione Europea e verso Paesi terzi rispetto all&#8217;Unione Europea.<\/li><li><strong>Periodo di conservazione dei dati.<\/strong><br>I dati personali forniti saranno trattenuti per tutta la durata del rapporto intercorrente tra&nbsp;<strong>Spedirecomodo<\/strong>&nbsp;e l&#8217;utente.<\/li><\/ol>\n\n\n\n<div style=\"height:20px\" aria-hidden=\"true\" class=\"wp-block-spacer\"><\/div>\n\n\n\n<hr class=\"wp-block-separator\"\/>\n\n\n\n<h4>Privacy Policy: Diritti dell&#8217;interessato<\/h4>\n\n\n\n<ol><li><strong>Diritto di accesso.<\/strong><br>L&#8217;interessato ha il diritto di chiedere al titolare del trattamento l&#8217;accesso ai propri dati personali. A fronte della richiesta il titolare del trattamento fornisce una copia dei dati personali oggetto di trattamento. In caso di ulteriori copie richieste dall&#8217;interessato, il titolare del trattamento pu\u00f2 addebitare un contributo spese basato sui costi amministrativi. Se l&#8217;interessato presenta la richiesta mediante mezzi elettronici, e salvo indicazione diversa dell&#8217;interessato, le informazioni sono fornite in un formato elettronico di uso comune.<\/li><li><strong>Diritto di rettifica.<\/strong><br>L&#8217;interessato ha il diritto di ottenere dal titolare del trattamento la rettifica dei dati personali inesatti che lo riguardano senza ingiustificato ritardo.<br>Tenuto conto delle finalit\u00e0 del trattamento, l&#8217;interessato ha il diritto di ottenere l&#8217;integrazione dei dati personali incompleti, anche fornendo una dichiarazione integrativa.<\/li><li><strong>Diritto alla cancellazione (&#8220;diritto all&#8217;oblio&#8221;).<\/strong><br>L&#8217;interessato, ad eccezione di quanto previsto dall&#8217;art.17, paragrafo 3, del Regolamento UE 2016\/679, ha il diritto di ottenere dal titolare del trattamento la cancellazione dei dati personali che lo riguardano senza ingiustificato ritardo e il titolare del trattamento ha l&#8217;obbligo di cancellare senza ingiustificato ritardo i dati personali, qualora sussista uno dei casi previsti all&#8217;art.17, paragrafo 1, del Regolamento UE 2016\/679.<\/li><li><strong>Diritto di limitazione di trattamento.<\/strong><br>L&#8217;interessato ha il diritto di ottenere dal titolare del trattamento la limitazione del trattamento ricorrendo una delle ipotesi di cui all&#8217;art. 18 del Regolamento UE 2016\/679.<\/li><li><strong>Diritto all&#8217;opposizione al trattamento.<\/strong><br>L&#8217;interessato ha il diritto di opporsi in qualsiasi momento, per motivi connessi alla sua situazione particolare, al trattamento dei dati personali che lo riguardano ai sensi dell&#8217;articolo 6, paragrafo 1, lettere e) o f) del Regolamento UE 2016\/679.<br>Il titolare del trattamento si astiene dal trattare ulteriormente i dati personali salvo che egli dimostri l&#8217;esistenza di motivi legittimi cogenti per procedere al trattamento che prevalgono sugli interessi, sui diritti e sulle libert\u00e0 dell&#8217;interessato oppure per l&#8217;accertamento, l&#8217;esercizio o la difesa di un diritto in sede giudiziaria.<\/li><li><strong>Diritto alla portabilit\u00e0 dei dati.<\/strong><br>L&#8217;interessato ha il diritto di ricevere in un formato strutturato, di uso comune e leggibile da dispositivo automatico i dati personali che lo riguardano forniti a un titolare del trattamento e ha il diritto di trasmettere tali dati a un altro titolare del trattamento senza impedimenti da parte del titolare del trattamento cui li ha forniti nei soli casi previsti dalla legge e senza che ci\u00f2 leda i diritti e le libert\u00e0 altrui.<\/li><li><strong>Revoca del consenso.<\/strong><br>Qualora il trattamento sia basato sull&#8217;art. 6, paragrafo 1, lettera a), oppure sull&#8217;art. 9, paragrafo 2, lettera a) del Regolamento UE 2016\/679, l&#8217;interessato ha diritto di revocare il consenso prestato in qualsiasi momento senza pregiudicare la liceit\u00e0 del trattamento basata sul consenso prestato prima della revoca.<\/li><li><strong>Diritto di reclamo.<\/strong><br>L&#8217;interessato ha diritto di proporre reclamo all&#8217;Autorit\u00e0 di controllo.<\/li><li><strong>Rifiuto di conferimento dei dati.<\/strong><br>L&#8217;eventuale rifiuto da parte dell&#8217;interessato di conferire dati personali comporter\u00e0 l&#8217;impossibilit\u00e0 di erogare i servizi oggetto di richiesta.<\/li><li><strong>Comunicazione dei dati.<\/strong><br>I dati personali possono venire a conoscenza degli incaricati del trattamento e possono essere comunicati per le finalit\u00e0 descritte a soggetti terzi esclusivamente per finalit\u00e0 connesse all&#8217;erogazione dei servizi richiesti.<\/li><li><strong>Diffusione dei dati.<\/strong><br>I dati personali non sono soggetti a diffusione.<br><br>Puoi esercitare i tuoi diritti con richiesta scritta inviata a mezzo raccomandata A\/R presso la sede legale della societ\u00e0 oppure scrivi all&#8217;indirizzo PEC:\u00a0<strong><a href=\"mailto:metaxy@pec.it\">metaxy@pec.it<\/a>\u00a0<\/strong><\/li><\/ol>\n\n\n\n<div style=\"height:20px\" aria-hidden=\"true\" class=\"wp-block-spacer\"><\/div>\n\n\n\n<p><span style=\"text-decoration: underline;\"><strong><a href=\"https:\/\/www.spedirecomodo.it\/cms\/spedire-subito\/\" class=\"rank-math-link\">Spedire subito un pacco<\/a><\/strong><\/span> con tutta la tutela alla Privacy di Spedirecomodo.<\/p>\n\n\n\n<div style=\"height:50px\" aria-hidden=\"true\" class=\"wp-block-spacer\"><\/div>\n<style class=\"advgb-styles-renderer\">@media screen and (min-width:768px){.ugb-42d6027 .ugb-img{width:420px;height:auto !important}}@media screen and (min-width:768px) and (max-width:1025px){.ugb-42d6027 .ugb-img{width:285px;height:auto !important}}@media screen and (max-width:768px){.ugb-42d6027 .ugb-img{width:285px;height:auto !important}}<\/style>","protected":false},"excerpt":{"rendered":"<p>Privacy Policy Spedirecomodo La Privacy dei tuoi dati \u00e8 importante INFORMATIVA SUL TRATTAMENTO DEI DATI PERSONALI E SENSIBILI DEL CLIENTE AI SENSI DEGLI ARTT. 13 E SS. DEL REGOLAMENTO UE 2016\/679 Ai sensi degli artt. 13 e ss. del Regolamento UE 2016\/679 ed in relazione ai dati personali di cui\u00a0Spedirecomodo entrer\u00e0 in possesso dal momento [&hellip;]<\/p>\n","protected":false},"author":7,"featured_media":0,"parent":0,"menu_order":0,"comment_status":"closed","ping_status":"closed","template":"","meta":{"advgb_blocks_editor_width":"","advgb_blocks_columns_visual_guide":""},"categories":[],"tags":[],"featured_image_urls":{"full":"","thumbnail":"","medium":"","medium_large":"","large":"","1536x1536":"","2048x2048":""},"post_excerpt_stackable":"<p>Privacy Policy Spedirecomodo La Privacy dei tuoi dati \u00e8 importanteINFORMATIVA SUL TRATTAMENTO DEI DATI PERSONALI E SENSIBILI DEL CLIENTE AI SENSI DEGLI ARTT. 13 E SS. DEL REGOLAMENTO UE 2016\/679Ai sensi degli artt. 13 e ss. del Regolamento UE 2016\/679 ed in relazione ai dati personali di cui\u00a0Spedirecomodo entrer\u00e0 in possesso dal momento della registrazione sul sito https:\/\/www.spedirecomodo.it, informiamo l&#8217;utente di quanto segue. Privacy Policy: Titolare del trattamento. Titolare del trattamento \u00e8&nbsp;Metaxy s.r.l., con sede in&nbsp;Via Giuseppe Parini, 9, 20121 Milano (MI), Codice Fiscale e Partita IVA 11042630969, REA MI-2574832. Finalit\u00e0 del trattamento dei dati.Il trattamento \u00e8 finalizzato alla corretta&hellip;<\/p>\n","category_list":"Senza categoria","author_info":{"name":"Sebastiano Torcellan","url":"https:\/\/www.spedirecomodo.it\/cms\/author\/sebastiano-torcellan\/"},"comments_num":"0 commenti","featured_image_urls_v2":{"full":"","thumbnail":"","medium":"","medium_large":"","large":"","1536x1536":"","2048x2048":""},"post_excerpt_stackable_v2":"<p>Privacy Policy Spedirecomodo La Privacy dei tuoi dati \u00e8 importanteINFORMATIVA SUL TRATTAMENTO DEI DATI PERSONALI E SENSIBILI DEL CLIENTE AI SENSI DEGLI ARTT. 13 E SS. DEL REGOLAMENTO UE 2016\/679Ai sensi degli artt. 13 e ss. del Regolamento UE 2016\/679 ed in relazione ai dati personali di cui\u00a0Spedirecomodo entrer\u00e0 in possesso dal momento della registrazione sul sito https:\/\/www.spedirecomodo.it, informiamo l&#8217;utente di quanto segue. Privacy Policy: Titolare del trattamento. Titolare del trattamento \u00e8&nbsp;Metaxy s.r.l., con sede in&nbsp;Via Giuseppe Parini, 9, 20121 Milano (MI), Codice Fiscale e Partita IVA 11042630969, REA MI-2574832. Finalit\u00e0 del trattamento dei dati.Il trattamento \u00e8 finalizzato alla corretta&hellip;<\/p>\n","category_list_v2":"Senza categoria","author_info_v2":{"name":"Sebastiano Torcellan","url":"https:\/\/www.spedirecomodo.it\/cms\/author\/sebastiano-torcellan\/"},"comments_num_v2":"0 commenti","coauthors":[],"author_meta":{"author_link":"https:\/\/www.spedirecomodo.it\/cms\/author\/sebastiano-torcellan\/","display_name":"Sebastiano Torcellan"},"relative_dates":{"created":"Pubblicato 7 anni fa","modified":"Aggiornato 6 anni fa"},"absolute_dates":{"created":"Pubblicato il 4 Ottobre 2019","modified":"Aggiornato il 19 Ottobre 2020"},"absolute_dates_time":{"created":"Pubblicato il 4 Ottobre 2019 16:48","modified":"Aggiornato il 19 Ottobre 2020 12:46"},"featured_img_caption":"","featured_img":false,"series_order":"","_links":{"self":[{"href":"https:\/\/www.spedirecomodo.it\/cms\/wp-json\/wp\/v2\/pages\/316"}],"collection":[{"href":"https:\/\/www.spedirecomodo.it\/cms\/wp-json\/wp\/v2\/pages"}],"about":[{"href":"https:\/\/www.spedirecomodo.it\/cms\/wp-json\/wp\/v2\/types\/page"}],"author":[{"embeddable":true,"href":"https:\/\/www.spedirecomodo.it\/cms\/wp-json\/wp\/v2\/users\/7"}],"replies":[{"embeddable":true,"href":"https:\/\/www.spedirecomodo.it\/cms\/wp-json\/wp\/v2\/comments?post=316"}],"version-history":[{"count":1,"href":"https:\/\/www.spedirecomodo.it\/cms\/wp-json\/wp\/v2\/pages\/316\/revisions"}],"predecessor-version":[{"id":8671,"href":"https:\/\/www.spedirecomodo.it\/cms\/wp-json\/wp\/v2\/pages\/316\/revisions\/8671"}],"wp:attachment":[{"href":"https:\/\/www.spedirecomodo.it\/cms\/wp-json\/wp\/v2\/media?parent=316"}],"wp:term":[{"taxonomy":"category","embeddable":true,"href":"https:\/\/www.spedirecomodo.it\/cms\/wp-json\/wp\/v2\/categories?post=316"},{"taxonomy":"post_tag","embeddable":true,"href":"https:\/\/www.spedirecomodo.it\/cms\/wp-json\/wp\/v2\/tags?post=316"}],"curies":[{"name":"wp","href":"https:\/\/api.w.org\/{rel}","templated":true}]}}