{"id":379,"date":"2021-03-08T16:48:28","date_gmt":"2021-03-08T15:48:28","guid":{"rendered":"http:\/\/spedirecomodo.azurewebsites.net\/cms\/?page_id=379"},"modified":"2023-01-25T17:49:05","modified_gmt":"2023-01-25T16:49:05","slug":"metodi-di-pagamento","status":"publish","type":"page","link":"https:\/\/www.spedirecomodo.it\/cms\/metodi-di-pagamento\/","title":{"rendered":"Metodi di Pagamento"},"content":{"rendered":"\n<p>I metodi di <strong>pagamento sicuro<\/strong> disponibili sul sito Spedirecomodo per le tue spedizioni economiche sono i seguenti:<\/p>\n\n\n\n<ul><li><strong>Carta di credito<\/strong><\/li><li><strong>PayPal<\/strong><\/li><\/ul>\n\n\n\n<p><\/p>\n\n\n\n<hr class=\"wp-block-separator has-css-opacity\"\/>\n\n\n\n<h2>Carta di Credito<\/h2>\n\n\n\n<p><\/p>\n\n\n\n<p>Accettiamo tutte le pi\u00f9 comuni carte di credito: Visa, Mastercard, American Express.<\/p>\n\n\n\n<p>Pagando con carta di credito non sar\u00e0 addebitato alcun tipo di supplemento.<\/p>\n\n\n\n<p>Per tutte le carte di credito sar\u00e0 necessario inserire il codice CVV2 altrimenti l&#8217;ordine verr\u00e0 annullato.<\/p>\n\n\n\n<p>Per le carte di credito del circuito Visa, Mastercard e Diners il CVV2 corrisponde alle ultime 3 cifre che si trovano sul retro della carta. Potrebbe capitare che, dopo aver inserito i dati della carta di credito ed il CVV2, venga richiesto anche un codice aggiuntivo o alcuni dati specifici.<\/p>\n\n\n\n<p>Questo avviene perch\u00e9 alcuni istituti bancari richiedono una procedura precisa per abilitare l&#8217;utilizzo della carta di credito on-line.<\/p>\n\n\n\n<p>Per sapere come abilitare la carta di credito agli acquisti on-line o per conoscere il codice da inserire \u00e8 necessario contattare direttamente il proprio istituto bancario.<\/p>\n\n\n\n<p>Al momento dell&#8217;inserimento dei dati della carta di credito per procedere al pagamento nel sito Spedirecomodo per le tue spedizioni online, viene richiesta alla banca solo <strong>l&#8217;autorizzazione all&#8217;addebito<\/strong> sulla carta di credito.<\/p>\n\n\n\n<p>In alcuni casi le banche avvisano il cliente con l&#8217;invio di un SMS.<\/p>\n\n\n\n<p>La ricezione dell&#8217;SMS NON \u00e8 indicativa dell&#8217;addebito della carta ma solo del blocco del plafond necessario all\u2019acquisto delle spedizioni pacco, busta o pallet.<\/p>\n\n\n\n<p><strong>L&#8217;addebito vero e proprio<\/strong>&nbsp;dell&#8217;importo sulla carta di credito avviene solamente al&nbsp;<strong>momento del ritiro a domicilio e\/o all&#8217;avvio della spedizione <\/strong>con Corriere.<\/p>\n\n\n\n<p>Metaxy conferma l&#8217;affidamento dell&#8217;ordine al Corriere Espresso inviando una email ai recapiti indicati dal Cliente in fase di prenotazione dell&#8217;ordine stesso:&nbsp;<strong>solo in questo momento l&#8217;importo viene addebitato sulla carta di credito<\/strong>.<\/p>\n\n\n\n<p>Metaxy utilizza il servizio di pagamento sicuro della societ\u00e0 Nexi Payments s.p.a., con protocollo di sicurezza SSL.<\/p>\n\n\n\n<p>I dati della carta di credito non sono accessibili da Metaxy, e rimangono in carico a Nexi Payments, escluso l\u2019intestatario della carta per motivi di verifica dell\u2019identit\u00e0.<\/p>\n\n\n\n<div style=\"height:20px\" aria-hidden=\"true\" class=\"wp-block-spacer\"><\/div>\n\n\n\n<hr class=\"wp-block-separator has-css-opacity\"\/>\n\n\n\n<h2>Paypal<\/h2>\n\n\n\n<p>PayPal \u00e8 un sistema di pagamento on-line che prevede l&#8217;apertura di un conto presso PayPal.<\/p>\n\n\n\n<p>Scegliendo questa modalit\u00e0, dopo aver cliccato \u201cconferma\u201d nella pagina di checkout, si viene re-indirizzati ad una pagina del sito PayPal dove inserire e-mail e password del conto Paypal, per poter effettuare il pagamento dell&#8217;ordine di spedizione online.<\/p>\n\n\n\n<p>Per ogni transazione eseguita con questo metodo viene inviata un&#8217;e-mail di conferma da PayPal.<br><strong>Registrati a PayPal ora:&nbsp;<a rel=\"noreferrer noopener\" href=\"http:\/\/www.paypal.it\/\" target=\"_blank\">http:\/\/www.paypal.it<\/a><\/strong><\/p>\n\n\n\n<p><strong>L&#8217;addebito vero e proprio<\/strong>&nbsp;sul conto Paypal avviene solamente al&nbsp;<strong>momento del ritiro a domicilio e\/o all&#8217;avvio della spedizione <\/strong>con Corriere.<\/p>\n\n\n\n<hr class=\"wp-block-separator has-css-opacity\"\/>\n\n\n\n<h3>Pagamento sicuro con Paypal e Spedirecomodo<\/h3>\n\n\n\n<p>Metaxy conferma l&#8217;affidamento dell&#8217;ordine al Corriere inviando una email ai recapiti indicati dal Cliente in fase di prenotazione della spedizione pacco:&nbsp;<strong>solo in questo momento l&#8217;importo viene addebitato sul conto Paypal<\/strong>.<\/p>\n\n\n\n<div style=\"height:20px\" aria-hidden=\"true\" class=\"wp-block-spacer\"><\/div>\n\n\n\n<hr class=\"wp-block-separator has-css-opacity\"\/>\n\n\n\n<h3>Spedire un pacco con Poste Italiane, Bartolini e TNT Skynet<\/h3>\n\n\n\n<div style=\"height:20px\" aria-hidden=\"true\" class=\"wp-block-spacer\"><\/div>\n\n\n\n<p>Spedirecomodo \u00e8 uno dei portali Web pi\u00f9 innovativi e conosciuti nel settore delle&nbsp;<strong>Spedizioni online<\/strong>&nbsp;offrendo una vasta gamma di prodotti e servizi di&nbsp;<strong>Spedizione Pacchi Buste e Pallets<\/strong>.<\/p>\n\n\n\n<p>Spedirecomodo mette a tua disposizione i migliori strumenti per comparare Servizi di Trasporto e Tariffe spedizioni dei maggiori Corriere Espresso nazionali (BRT Bartolini, Poste Italiane, Skynet, Glovo) per\u00a0<strong>permetterti di valutare e decidere<\/strong>\u00a0quale sia la scelta pi\u00f9 adatta alle caratteristiche delle tue spedizioni economiche in base a fattori quali: giorno di ritiro a domicilio, localit\u00e0 di destinazione, tempi di consegna, peso volume del pacco e preferenza del Corriere.<\/p>\n\n\n\n<p>Puoi spedire low cost dove e quando vuoi e seguire la tua spedizione economica sul nostro Tracking online sempre aggiornato in tempo reale dai sistemi Bartolini tracking, Poste Italiane tracking, Glovo, tracking BRT e Crononline.<\/p>\n\n\n\n<hr class=\"wp-block-separator has-css-opacity\"\/>\n\n\n\n<h3>Spedizioni economiche dove e quando vuoi in tutta sicurezza con Spedirecomodo<\/h3>\n\n\n\n<p>Se hai bisogno di consigli su&nbsp;<strong>come preparare un pacco<\/strong>&nbsp;consulta la nostra&nbsp;<a href=\"https:\/\/www.spedirecomodo.it\/cms\/come-preparare-un-pacco\/\">pagina dedicata<\/a>.<\/p>\n\n\n\n<p>Per colli&nbsp;<strong>incompatibili<\/strong>&nbsp;<a href=\"https:\/\/www.spedirecomodo.it\/cms\/colli-incompatibili\/\">clicca qui<\/a>.<\/p>\n\n\n\n<p>Per suggerimenti e approfondimenti su perch\u00e9 conviene spedire online, le nuove tendenze sul mondo delle spedizioni Italia ed Europa e come spedire pacchi leggi gli articoli sul&nbsp;<a href=\"https:\/\/www.spedirecomodo.it\/cms\/il-blog-di-spedirecomodo\/\"><strong>Blog di Spedirecomodo<\/strong><\/a>.<\/p>\n\n\n\n<p>Se vuoi informazioni e consigli su come realizzare un ecommerce di successo visita&nbsp;<a rel=\"noreferrer noopener\" href=\"https:\/\/www.metaxy.eu\/\" target=\"_blank\"><strong>Metaxy<\/strong><\/a>.<\/p>\n\n\n\n<p><strong><a href=\"https:\/\/www.spedirecomodo.it\/cms\/spediscionline\/\" class=\"rank-math-link\">Spedisci online<\/a><\/strong>, Spedire economico, Spedire facile&#8230; Metodi di pagamento sicuri con Spedirecomodo!!<\/p>\n\n\n\n<div style=\"height:50px\" aria-hidden=\"true\" class=\"wp-block-spacer\"><\/div>\n","protected":false},"excerpt":{"rendered":"<p>I metodi di pagamento sicuro disponibili sul sito Spedirecomodo per le tue spedizioni economiche sono i seguenti: Carta di credito PayPal Carta di Credito Accettiamo tutte le pi\u00f9 comuni carte di credito: Visa, Mastercard, American Express. Pagando con carta di credito non sar\u00e0 addebitato alcun tipo di supplemento. Per tutte le carte di credito sar\u00e0 [&hellip;]<\/p>\n","protected":false},"author":7,"featured_media":0,"parent":0,"menu_order":0,"comment_status":"closed","ping_status":"closed","template":"","meta":{"advgb_blocks_editor_width":"","advgb_blocks_columns_visual_guide":""},"categories":[],"tags":[],"featured_image_urls":{"full":"","thumbnail":"","medium":"","medium_large":"","large":"","1536x1536":"","2048x2048":""},"post_excerpt_stackable":"<p>I metodi di pagamento sicuro disponibili sul sito Spedirecomodo per le tue spedizioni economiche sono i seguenti: Carta di creditoPayPal Carta di Credito Accettiamo tutte le pi\u00f9 comuni carte di credito: Visa, Mastercard, American Express. Pagando con carta di credito non sar\u00e0 addebitato alcun tipo di supplemento. Per tutte le carte di credito sar\u00e0 necessario inserire il codice CVV2 altrimenti l&#8217;ordine verr\u00e0 annullato. Per le carte di credito del circuito Visa, Mastercard e Diners il CVV2 corrisponde alle ultime 3 cifre che si trovano sul retro della carta. Potrebbe capitare che, dopo aver inserito i dati della carta di credito&hellip;<\/p>\n","category_list":"Senza categoria","author_info":{"name":"Sebastiano Torcellan","url":"https:\/\/www.spedirecomodo.it\/cms\/author\/sebastiano-torcellan\/"},"comments_num":"0 commenti","featured_image_urls_v2":{"full":"","thumbnail":"","medium":"","medium_large":"","large":"","1536x1536":"","2048x2048":""},"post_excerpt_stackable_v2":"<p>I metodi di pagamento sicuro disponibili sul sito Spedirecomodo per le tue spedizioni economiche sono i seguenti: Carta di creditoPayPal Carta di Credito Accettiamo tutte le pi\u00f9 comuni carte di credito: Visa, Mastercard, American Express. Pagando con carta di credito non sar\u00e0 addebitato alcun tipo di supplemento. Per tutte le carte di credito sar\u00e0 necessario inserire il codice CVV2 altrimenti l&#8217;ordine verr\u00e0 annullato. Per le carte di credito del circuito Visa, Mastercard e Diners il CVV2 corrisponde alle ultime 3 cifre che si trovano sul retro della carta. Potrebbe capitare che, dopo aver inserito i dati della carta di credito&hellip;<\/p>\n","category_list_v2":"Senza categoria","author_info_v2":{"name":"Sebastiano Torcellan","url":"https:\/\/www.spedirecomodo.it\/cms\/author\/sebastiano-torcellan\/"},"comments_num_v2":"0 commenti","coauthors":[],"author_meta":{"author_link":"https:\/\/www.spedirecomodo.it\/cms\/author\/sebastiano-torcellan\/","display_name":"Sebastiano Torcellan"},"relative_dates":{"created":"Pubblicato 5 anni fa","modified":"Aggiornato 3 anni fa"},"absolute_dates":{"created":"Pubblicato il 8 Marzo 2021","modified":"Aggiornato il 25 Gennaio 2023"},"absolute_dates_time":{"created":"Pubblicato il 8 Marzo 2021 16:48","modified":"Aggiornato il 25 Gennaio 2023 17:49"},"featured_img_caption":"","featured_img":false,"series_order":"","_links":{"self":[{"href":"https:\/\/www.spedirecomodo.it\/cms\/wp-json\/wp\/v2\/pages\/379"}],"collection":[{"href":"https:\/\/www.spedirecomodo.it\/cms\/wp-json\/wp\/v2\/pages"}],"about":[{"href":"https:\/\/www.spedirecomodo.it\/cms\/wp-json\/wp\/v2\/types\/page"}],"author":[{"embeddable":true,"href":"https:\/\/www.spedirecomodo.it\/cms\/wp-json\/wp\/v2\/users\/7"}],"replies":[{"embeddable":true,"href":"https:\/\/www.spedirecomodo.it\/cms\/wp-json\/wp\/v2\/comments?post=379"}],"version-history":[{"count":1,"href":"https:\/\/www.spedirecomodo.it\/cms\/wp-json\/wp\/v2\/pages\/379\/revisions"}],"predecessor-version":[{"id":8687,"href":"https:\/\/www.spedirecomodo.it\/cms\/wp-json\/wp\/v2\/pages\/379\/revisions\/8687"}],"wp:attachment":[{"href":"https:\/\/www.spedirecomodo.it\/cms\/wp-json\/wp\/v2\/media?parent=379"}],"wp:term":[{"taxonomy":"category","embeddable":true,"href":"https:\/\/www.spedirecomodo.it\/cms\/wp-json\/wp\/v2\/categories?post=379"},{"taxonomy":"post_tag","embeddable":true,"href":"https:\/\/www.spedirecomodo.it\/cms\/wp-json\/wp\/v2\/tags?post=379"}],"curies":[{"name":"wp","href":"https:\/\/api.w.org\/{rel}","templated":true}]}}