{"id":3919,"date":"2021-03-05T14:19:25","date_gmt":"2021-03-05T13:19:25","guid":{"rendered":"https:\/\/www.spedirecomodo.it\/cms\/?page_id=3919"},"modified":"2021-04-25T12:58:52","modified_gmt":"2021-04-25T10:58:52","slug":"spedire-pacco-monaco-baviera","status":"publish","type":"page","link":"https:\/\/www.spedirecomodo.it\/cms\/spedire-pacco-monaco-baviera\/","title":{"rendered":"Spedire un pacco a Monaco di Baviera"},"content":{"rendered":"\n<div style=\"height:20px\" aria-hidden=\"true\" class=\"wp-block-spacer\"><\/div>\n\n\n\n<div class=\"wp-block-ugb-feature ugb-feature ugb-a068d2f ugb-feature--v2 ugb-feature--design-basic ugb-main-block\"><div class=\"ugb-inner-block\"><div class=\"ugb-block-content\"><div class=\"ugb-feature__item ugb--shadow-5\"><div class=\"ugb-feature__content\"><h2 class=\"ugb-feature__title\">Spedire a Monaco di Baviera con Spedirecomodo <\/h2><p class=\"ugb-feature__description\">Se cerchi una soluzione per le tue spedizioni economiche a Monaco di Baviera, con Spedirecomodo potrai <strong>spedire in Germania a partire da 14,63\u20ac <\/strong>tutto incluso.<\/p><div class=\"ugb-button-container\"><a class=\"ugb-button ugb-button--size-normal ugb--hover-effect-scale-more\" href=\"https:\/\/www.spedirecomodo.it\/cms\/spedire-subito\/\" rel=\"\" title=\"\"><span class=\"ugb-button--inner\">Spedisci Subito<\/span><\/a><\/div><\/div><div class=\"ugb-feature__image-side\"><img class=\"ugb-feature__image ugb-img wp-image-3918 ugb-image--shape-stretch\" src=\"https:\/\/www.spedirecomodo.it\/cms\/wp-content\/uploads\/2020\/08\/Munchen.jpeg\" alt=\"Spedire a Monaco di Baviera\" height=\"160\"\/><\/div><\/div><\/div><\/div><\/div>\n\n\n\n<p>Inserisci nell&#8217;area Spedisci ora la citt\u00e0 di partenza in Italia, CAP o M\u00fcnchen come citt\u00e0 di destinazione, il peso del pacco e avvia subito la ricerca.<\/p>\n\n\n\n<p>Il sistema proporr\u00e0 in pochi secondi una lista di proposte di spedizione a Monaco di Baviera di <strong><span style=\"text-decoration: underline;\"><a href=\"https:\/\/www.spedirecomodo.it\/cms\/brt-eu\/\">BRT DPD<\/a><\/span><\/strong>, <strong><span style=\"text-decoration: underline;\"><a href=\"https:\/\/www.spedirecomodo.it\/cms\/brt-euroexpress\/\">BRT Euroexpress<\/a><\/span><\/strong>, <span style=\"text-decoration: underline;\"><strong><a href=\"https:\/\/www.spedirecomodo.it\/cms\/sda-eu\/\">SDA Road Europe<\/a><\/strong><\/span> e <strong><span style=\"text-decoration: underline;\"><a href=\"https:\/\/www.spedirecomodo.it\/cms\/skynet-tnt-economy\/\" class=\"rank-math-link\">TNT Skynet<\/a><\/span><\/strong> con tutte le informazioni inerenti a tempi di consegna e costi.<\/p>\n\n\n\n<p>Per la spedizione a Monaco di Baviera, cos\u00ec come per tutta la Comunit\u00e0 Europea, non occorre alcuna documentazione, mentre se vuoi spedire pacchi fuori dell\u2019UE sar\u00e0 necessario compilare un modulo per la dogana.<\/p>\n\n\n\n<div style=\"height:20px\" aria-hidden=\"true\" class=\"wp-block-spacer\"><\/div>\n\n\n\n<hr class=\"wp-block-separator\"\/>\n\n\n\n<div class=\"wp-block-ugb-feature-grid ugb-feature-grid ugb-837d28a ugb-feature-grid--v2 ugb-feature-grid--columns-3 ugb-feature-grid--design-basic ugb-main-block\"><div class=\"ugb-inner-block\"><div class=\"ugb-block-content\"><div class=\"ugb-feature-grid__item ugb-feature-grid__item1 ugb--shadow-5\"><div class=\"ugb-feature-grid__image\"><img loading=\"lazy\" width=\"1024\" height=\"716\" class=\"ugb-img wp-image-4435\" src=\"https:\/\/www.spedirecomodo.it\/cms\/wp-content\/uploads\/2020\/03\/Come-Spedire-Pacco-1024x716.png\" alt=\"Come spedire un pacco\" srcset=\"https:\/\/www.spedirecomodo.it\/cms\/wp-content\/uploads\/2020\/03\/Come-Spedire-Pacco-1024x716.png 1024w, https:\/\/www.spedirecomodo.it\/cms\/wp-content\/uploads\/2020\/03\/Come-Spedire-Pacco-300x210.png 300w, https:\/\/www.spedirecomodo.it\/cms\/wp-content\/uploads\/2020\/03\/Come-Spedire-Pacco-768x537.png 768w, https:\/\/www.spedirecomodo.it\/cms\/wp-content\/uploads\/2020\/03\/Come-Spedire-Pacco.png 1304w\" sizes=\"(max-width: 1024px) 100vw, 1024px\" \/><\/div><div class=\"ugb-feature-grid__content\"><h4 class=\"ugb-feature-grid__title\">Come spedire un pacco<\/h4><p class=\"ugb-feature-grid__description\">Se sei alla prima spedizione con noi leggi la nostra breve guida con tutti i passaggi per completare un ordine.<\/p><div class=\"ugb-button-container\"><a class=\"ugb-button ugb-button--size-normal ugb--hover-effect-scale\" href=\"https:\/\/www.spedirecomodo.it\/cms\/come-spedire-un-pacco\/\" rel=\"\" title=\"\"><span class=\"ugb-button--inner\">Scopri di pi\u00f9<\/span><\/a><\/div><\/div><\/div><div class=\"ugb-feature-grid__item ugb-feature-grid__item2 ugb--shadow-5\"><div class=\"ugb-feature-grid__image\"><img loading=\"lazy\" width=\"1024\" height=\"676\" class=\"ugb-img wp-image-4432\" src=\"https:\/\/www.spedirecomodo.it\/cms\/wp-content\/uploads\/2020\/03\/Preparare-un-Pacco-1024x676.png\" alt=\"Come preparare un pacco\" srcset=\"https:\/\/www.spedirecomodo.it\/cms\/wp-content\/uploads\/2020\/03\/Preparare-un-Pacco-1024x676.png 1024w, https:\/\/www.spedirecomodo.it\/cms\/wp-content\/uploads\/2020\/03\/Preparare-un-Pacco-300x198.png 300w, https:\/\/www.spedirecomodo.it\/cms\/wp-content\/uploads\/2020\/03\/Preparare-un-Pacco-768x507.png 768w, https:\/\/www.spedirecomodo.it\/cms\/wp-content\/uploads\/2020\/03\/Preparare-un-Pacco.png 1254w\" sizes=\"(max-width: 1024px) 100vw, 1024px\" \/><\/div><div class=\"ugb-feature-grid__content\"><h4 class=\"ugb-feature-grid__title\">Come preparare un pacco<\/h4><p class=\"ugb-feature-grid__description\">Consulta la nostra guida per un corretto imballaggio&nbsp;del pacco per garantire la sicurezza della tua spedizione.<\/p><div class=\"ugb-button-container\"><a class=\"ugb-button ugb-button--size-normal ugb--hover-effect-scale\" href=\"https:\/\/www.spedirecomodo.it\/cms\/come-preparare-un-pacco\/\" rel=\"\" title=\"\"><span class=\"ugb-button--inner\">Scopri di pi\u00f9<\/span><\/a><\/div><\/div><\/div><div class=\"ugb-feature-grid__item ugb-feature-grid__item3 ugb--shadow-5\"><div class=\"ugb-feature-grid__image\"><img loading=\"lazy\" width=\"722\" height=\"639\" class=\"ugb-img wp-image-6618\" src=\"https:\/\/www.spedirecomodo.it\/cms\/wp-content\/uploads\/2021\/03\/Spedirecomodo-Businness.png\" alt=\"Ho un ecommerce\" srcset=\"https:\/\/www.spedirecomodo.it\/cms\/wp-content\/uploads\/2021\/03\/Spedirecomodo-Businness.png 722w, https:\/\/www.spedirecomodo.it\/cms\/wp-content\/uploads\/2021\/03\/Spedirecomodo-Businness-300x266.png 300w\" sizes=\"(max-width: 722px) 100vw, 722px\" \/><\/div><div class=\"ugb-feature-grid__content\"><h4 class=\"ugb-feature-grid__title\">Ho un ecommerce<\/h4><p class=\"ugb-feature-grid__description\">Se hai una partita IVA richiedi subito l&#8217;attivazione gratuita a Spedirecomodo Business.<\/p><div class=\"ugb-button-container\"><a class=\"ugb-button ugb-button--size-normal ugb--hover-effect-scale\" href=\"https:\/\/www.spedirecomodo.it\/cms\/clienti-business\/\" rel=\"\" title=\"\"><span class=\"ugb-button--inner\">Scopri di pi\u00f9<\/span><\/a><\/div><\/div><\/div><\/div><\/div><\/div>\n\n\n\n<hr class=\"wp-block-separator\"\/>\n\n\n\n<h3>Come spedire un pacco internazionale a Monaco di Baviera<\/h3>\n\n\n\n<p>Sul sito Spedirecomodo, potrai prenotare dove e quando vuoi la tua spedizione online per M\u00fcnchen ed effettuare pagamenti sicuri tramite le maggiori carte di credito o PayPal e riceverai l&#8217;assistenza di cui hai bisogno via Live Chat o mail.<\/p>\n\n\n\n<p>Il servizio di <strong>Tracking online<\/strong> permette di seguire lo stato della spedizione tramite i codici assegnati sia dal corriere internazionale che da Spedirecomodo.<\/p>\n\n\n\n<div style=\"height:20px\" aria-hidden=\"true\" class=\"wp-block-spacer\"><\/div>\n\n\n\r\n<div class=\"ship-now-calltoaction text-center\">\r\n    <span class=\"title\">Spedisci ora!<\/span>\r\n    <div class=\"rounded-div\">\r\n        <button data-toggle=\"modal\" class=\"ship-now btn-primary-sc\">Continua<\/button>\r\n    <\/div>\r\n    <span class=\"subtitle\">Inserisci i dati e spedisci in pochi click!<\/span>\r\n<\/div>\r\n\n\n\n\n<div style=\"height:20px\" aria-hidden=\"true\" class=\"wp-block-spacer\"><\/div>\n\n\n\n<hr class=\"wp-block-separator\"\/>\n\n\n\n<h3>Suggerimenti importanti per spedire pacchi a Monaco di Baviera e in Germania<\/h3>\n\n\n\n<div style=\"height:20px\" aria-hidden=\"true\" class=\"wp-block-spacer\"><\/div>\n\n\n\n<p>Quando prenoti la tua spedizione di un pacco per Monaco di Baviera, segui queste raccomandazioni:<\/p>\n\n\n\n<ul><li>Informati se \u00e8 possibile inviare a Monaco di Baviera il contenuto del pacco in conformit\u00e0 con le leggi internazionali di spedizione merci. Per questo puoi consultare la lista di \u201cArticoli proibiti\u201c.<\/li><li>Introduci le misure e il peso del pacco e verifica il prezzo e i tempi di consegna.<\/li><li>Scrivi in modo chiaro e leggibile gli indirizzi di ritiro e di consegna in M\u00fcnchen e verifica cosa \u00e8 necessario stampare, come etichette o fatture.<\/li><li>I corrieri sono specializzati in spedizioni internazionali per Monaco di Baviera e la Germania, tuttavia, per evitare inutili problemi, \u00e8 necessario prestare attenzione all\u2019imballaggio, in modo da garantire un trasporto sicuro della merce.<\/li><li>Goditi i migliori servizi di spedizione all&#8217;estero a prezzi economici solo con Spedirecomodo!<\/li><\/ul>\n\n\n\n<div style=\"height:20px\" aria-hidden=\"true\" class=\"wp-block-spacer\"><\/div>\n\n\n\n<p>Se vuoi informazioni e consigli su come realizzare un ecommerce di successo visita&nbsp;<a rel=\"noreferrer noopener\" href=\"https:\/\/www.metaxy.eu\/\" target=\"_blank\"><strong>Metaxy<\/strong><\/a>.<\/p>\n\n\n\n<p><span style=\"text-decoration: underline;\"><strong><a href=\"https:\/\/www.spedirecomodo.it\/cms\/spedire-estero\/\">Spedire all&#8217;estero<\/a><\/strong><\/span>, spedire online, Ship to M\u00fcnchen&#8230; Spedire Comodo.<\/p>\n\n\n\n<div style=\"height:50px\" aria-hidden=\"true\" class=\"wp-block-spacer\"><\/div>\n<style class=\"advgb-styles-renderer\">.ugb-a068d2f .ugb-feature__item{border-radius:15px !important}.ugb-a068d2f .ugb-img{border-radius:8px}.ugb-a068d2f .ugb-button .ugb-button--inner{font-size:18px !important}.ugb-a068d2f .ugb-button{padding-top:10px;padding-right:29px;padding-bottom:10px;padding-left:29px;border-radius:5px !important}.ugb-a068d2f .ugb-button:before{border-radius:5px !important}@media screen and (min-width:768px){.ugb-a068d2f .ugb-img{border-radius:8px;width:285px;height:auto !important}}.ugb-837d28a .ugb-button .ugb-button--inner{font-size:18px !important}<\/style>","protected":false},"excerpt":{"rendered":"<p>Spedire a Monaco di Baviera con Spedirecomodo Se cerchi una soluzione per le tue spedizioni economiche a Monaco di Baviera, con Spedirecomodo potrai spedire in Germania a partire da 14,63\u20ac tutto incluso. Spedisci Subito Inserisci nell&#8217;area Spedisci ora la citt\u00e0 di partenza in Italia, CAP o M\u00fcnchen come citt\u00e0 di destinazione, il peso del pacco [&hellip;]<\/p>\n","protected":false},"author":7,"featured_media":0,"parent":0,"menu_order":0,"comment_status":"closed","ping_status":"closed","template":"index-trustpilot.php","meta":{"advgb_blocks_editor_width":"","advgb_blocks_columns_visual_guide":""},"categories":[],"tags":[],"featured_image_urls":{"full":"","thumbnail":"","medium":"","medium_large":"","large":"","1536x1536":"","2048x2048":""},"post_excerpt_stackable":"<p>Spedire a Monaco di Baviera con Spedirecomodo Se cerchi una soluzione per le tue spedizioni economiche a Monaco di Baviera, con Spedirecomodo potrai spedire in Germania a partire da 14,63\u20ac tutto incluso.Spedisci Subito Inserisci nell&#8217;area Spedisci ora la citt\u00e0 di partenza in Italia, CAP o M\u00fcnchen come citt\u00e0 di destinazione, il peso del pacco e avvia subito la ricerca. Il sistema proporr\u00e0 in pochi secondi una lista di proposte di spedizione a Monaco di Baviera di BRT DPD, BRT Euroexpress, SDA Road Europe e TNT Skynet con tutte le informazioni inerenti a tempi di consegna e costi. Per la spedizione&hellip;<\/p>\n","category_list":"Senza categoria","author_info":{"name":"Sebastiano Torcellan","url":"https:\/\/www.spedirecomodo.it\/cms\/author\/sebastiano-torcellan\/"},"comments_num":"0 commenti","featured_image_urls_v2":{"full":"","thumbnail":"","medium":"","medium_large":"","large":"","1536x1536":"","2048x2048":""},"post_excerpt_stackable_v2":"<p>Spedire a Monaco di Baviera con Spedirecomodo Se cerchi una soluzione per le tue spedizioni economiche a Monaco di Baviera, con Spedirecomodo potrai spedire in Germania a partire da 14,63\u20ac tutto incluso.Spedisci Subito Inserisci nell&#8217;area Spedisci ora la citt\u00e0 di partenza in Italia, CAP o M\u00fcnchen come citt\u00e0 di destinazione, il peso del pacco e avvia subito la ricerca. Il sistema proporr\u00e0 in pochi secondi una lista di proposte di spedizione a Monaco di Baviera di BRT DPD, BRT Euroexpress, SDA Road Europe e TNT Skynet con tutte le informazioni inerenti a tempi di consegna e costi. Per la spedizione&hellip;<\/p>\n","category_list_v2":"Senza categoria","author_info_v2":{"name":"Sebastiano Torcellan","url":"https:\/\/www.spedirecomodo.it\/cms\/author\/sebastiano-torcellan\/"},"comments_num_v2":"0 commenti","coauthors":[],"author_meta":{"author_link":"https:\/\/www.spedirecomodo.it\/cms\/author\/sebastiano-torcellan\/","display_name":"Sebastiano Torcellan"},"relative_dates":{"created":"Pubblicato 5 anni fa","modified":"Aggiornato 5 anni fa"},"absolute_dates":{"created":"Pubblicato il 5 Marzo 2021","modified":"Aggiornato il 25 Aprile 2021"},"absolute_dates_time":{"created":"Pubblicato il 5 Marzo 2021 14:19","modified":"Aggiornato il 25 Aprile 2021 12:58"},"featured_img_caption":"","featured_img":false,"series_order":"","_links":{"self":[{"href":"https:\/\/www.spedirecomodo.it\/cms\/wp-json\/wp\/v2\/pages\/3919"}],"collection":[{"href":"https:\/\/www.spedirecomodo.it\/cms\/wp-json\/wp\/v2\/pages"}],"about":[{"href":"https:\/\/www.spedirecomodo.it\/cms\/wp-json\/wp\/v2\/types\/page"}],"author":[{"embeddable":true,"href":"https:\/\/www.spedirecomodo.it\/cms\/wp-json\/wp\/v2\/users\/7"}],"replies":[{"embeddable":true,"href":"https:\/\/www.spedirecomodo.it\/cms\/wp-json\/wp\/v2\/comments?post=3919"}],"version-history":[{"count":1,"href":"https:\/\/www.spedirecomodo.it\/cms\/wp-json\/wp\/v2\/pages\/3919\/revisions"}],"predecessor-version":[{"id":7246,"href":"https:\/\/www.spedirecomodo.it\/cms\/wp-json\/wp\/v2\/pages\/3919\/revisions\/7246"}],"wp:attachment":[{"href":"https:\/\/www.spedirecomodo.it\/cms\/wp-json\/wp\/v2\/media?parent=3919"}],"wp:term":[{"taxonomy":"category","embeddable":true,"href":"https:\/\/www.spedirecomodo.it\/cms\/wp-json\/wp\/v2\/categories?post=3919"},{"taxonomy":"post_tag","embeddable":true,"href":"https:\/\/www.spedirecomodo.it\/cms\/wp-json\/wp\/v2\/tags?post=3919"}],"curies":[{"name":"wp","href":"https:\/\/api.w.org\/{rel}","templated":true}]}}