{"id":537,"date":"2021-03-06T17:14:05","date_gmt":"2021-03-06T16:14:05","guid":{"rendered":"http:\/\/spedirecomodo.azurewebsites.net\/cms\/?page_id=537"},"modified":"2021-03-07T13:18:37","modified_gmt":"2021-03-07T12:18:37","slug":"fermopoint","status":"publish","type":"page","link":"https:\/\/www.spedirecomodo.it\/cms\/fermopoint\/","title":{"rendered":"Fermopoint"},"content":{"rendered":"\n<h2>Spedisci pacchi online e Ritiri quando e dove vuoi<\/h2>\n\n\n\n<div style=\"height:20px\" aria-hidden=\"true\" class=\"wp-block-spacer\"><\/div>\n\n\n\n<p>Destinatario assente? Non sei a casa? Vuoi essere sicuro che le tue spedizioni arrivino senza problemi?<\/p>\n\n\n\n<p>Con Spedirecomodo puoi <strong>recapitare i tuoi pacchi<\/strong> in uno degli oltre 3.400 punti convenzionati Fermopoint. La soluzione ideale per ritirare facilmente i tuoi pacchi senza pensieri.<\/p>\n\n\n\n<hr class=\"wp-block-separator\"\/>\n\n\n\n<h3>Come funziona il recapito pacco in un punto Fermopoint<\/h3>\n\n\n\n<div style=\"height:20px\" aria-hidden=\"true\" class=\"wp-block-spacer\"><\/div>\n\n\n\n<div class=\"wp-block-ugb-feature ugb-feature ugb-3cfec31 ugb-feature--v2 ugb-feature--design-plain ugb-main-block\"><div class=\"ugb-inner-block\"><div class=\"ugb-block-content\"><div class=\"ugb-feature__item\"><div class=\"ugb-feature__content\"><p class=\"ugb-feature__description\">Come prima cosa vai sul sito www.spedirecomodo.it. Nella Home Page vedrai un riquadro con scritto \u201cinizia qui\u201d. Inserisci il CAP o il comune di partenza per il ritiro a domicilio, poi seleziona Italia come nazione di destinazione. Comparir\u00e0 un altro riquadro per inserire il CAP di destinazione dove recapitare il pacco. Infine inserisci il peso reale e clicca su \u201cCompara e spedisci\u201d. In alto del riquadro potrai anche scegliere se spedire buste.<\/p><\/div><div class=\"ugb-feature__image-side\"><img class=\"ugb-feature__image ugb-img wp-image-307\" src=\"https:\/\/www.spedirecomodo.it\/cms\/wp-content\/uploads\/2019\/09\/Schermata-2019-09-27-alle-17.38.19.png\" alt=\"Dati Spedizione\" height=\"258\" srcset=\"https:\/\/www.spedirecomodo.it\/cms\/wp-content\/uploads\/2019\/09\/Schermata-2019-09-27-alle-17.38.19.png 786w, https:\/\/www.spedirecomodo.it\/cms\/wp-content\/uploads\/2019\/09\/Schermata-2019-09-27-alle-17.38.19-300x258.png 300w, https:\/\/www.spedirecomodo.it\/cms\/wp-content\/uploads\/2019\/09\/Schermata-2019-09-27-alle-17.38.19-768x661.png 768w\" sizes=\"(max-width: 786px) 100vw, 786px\" \/><\/div><\/div><\/div><\/div><\/div>\n\n\n\n<hr class=\"wp-block-separator\"\/>\n\n\n\n<div class=\"wp-block-ugb-feature ugb-feature ugb-fbce297 ugb-feature--v2 ugb-feature--design-plain ugb-main-block\"><div class=\"ugb-inner-block\"><div class=\"ugb-block-content\"><div class=\"ugb-feature__item\"><div class=\"ugb-feature__content\"><p class=\"ugb-feature__description\">Si aprir\u00e0 una pagina nella quale potrai <strong>scegliere il corriere e i tempi di consegna<\/strong> della spedizione. Puoi scegliere tra consegna oggi, in 24\/48 ore oppure oltre 48 ore in relazione all\u2019urgenza di recapito della tua spedizione.<\/p><\/div><div class=\"ugb-feature__image-side\"><img class=\"ugb-feature__image ugb-img wp-image-2538\" src=\"https:\/\/www.spedirecomodo.it\/cms\/wp-content\/uploads\/2020\/07\/Scelta-corrieri-Spedirecomodo-1024x248.png\" alt=\"Scelta Corriere Spedizione\" height=\"72\" srcset=\"https:\/\/www.spedirecomodo.it\/cms\/wp-content\/uploads\/2020\/07\/Scelta-corrieri-Spedirecomodo-1024x248.png 1024w, https:\/\/www.spedirecomodo.it\/cms\/wp-content\/uploads\/2020\/07\/Scelta-corrieri-Spedirecomodo-300x73.png 300w, https:\/\/www.spedirecomodo.it\/cms\/wp-content\/uploads\/2020\/07\/Scelta-corrieri-Spedirecomodo-768x186.png 768w, https:\/\/www.spedirecomodo.it\/cms\/wp-content\/uploads\/2020\/07\/Scelta-corrieri-Spedirecomodo-1536x372.png 1536w, https:\/\/www.spedirecomodo.it\/cms\/wp-content\/uploads\/2020\/07\/Scelta-corrieri-Spedirecomodo-2048x496.png 2048w\" sizes=\"(max-width: 1024px) 100vw, 1024px\" \/><\/div><\/div><\/div><\/div><\/div>\n\n\n\n<hr class=\"wp-block-separator\"\/>\n\n\n\n<div class=\"wp-block-ugb-feature ugb-feature ugb-f75dfd0 ugb-feature--v2 ugb-feature--design-plain ugb-main-block\"><div class=\"ugb-inner-block\"><div class=\"ugb-block-content\"><div class=\"ugb-feature__item\"><div class=\"ugb-feature__content\"><p class=\"ugb-feature__description\">Dopo aver scelto il corriere (Nexive o BRT) <strong>seleziona l&#8217;opzione Fermopoint<\/strong> in basso nella sezione Destinatario.<\/p><\/div><div class=\"ugb-feature__image-side\"><img class=\"ugb-feature__image ugb-img wp-image-2542\" src=\"https:\/\/www.spedirecomodo.it\/cms\/wp-content\/uploads\/2020\/07\/Opzione-Fermopoint-Spedirecomodo-1024x201.png\" alt=\"Opzione Fermopoint\" height=\"58\" srcset=\"https:\/\/www.spedirecomodo.it\/cms\/wp-content\/uploads\/2020\/07\/Opzione-Fermopoint-Spedirecomodo-1024x201.png 1024w, https:\/\/www.spedirecomodo.it\/cms\/wp-content\/uploads\/2020\/07\/Opzione-Fermopoint-Spedirecomodo-300x59.png 300w, https:\/\/www.spedirecomodo.it\/cms\/wp-content\/uploads\/2020\/07\/Opzione-Fermopoint-Spedirecomodo-768x151.png 768w, https:\/\/www.spedirecomodo.it\/cms\/wp-content\/uploads\/2020\/07\/Opzione-Fermopoint-Spedirecomodo-1536x301.png 1536w, https:\/\/www.spedirecomodo.it\/cms\/wp-content\/uploads\/2020\/07\/Opzione-Fermopoint-Spedirecomodo-2048x402.png 2048w\" sizes=\"(max-width: 1024px) 100vw, 1024px\" \/><\/div><\/div><\/div><\/div><\/div>\n\n\n\n<hr class=\"wp-block-separator\"\/>\n\n\n\n<div class=\"wp-block-ugb-feature ugb-feature ugb-24e1c43 ugb-feature--v2 ugb-feature--design-plain ugb-main-block\"><div class=\"ugb-inner-block\"><div class=\"ugb-block-content\"><div class=\"ugb-feature__item\"><div class=\"ugb-feature__content\"><p class=\"ugb-feature__description\">Si aprir\u00e0 un <strong>Pop-Up con la mappa dei punti Fermopoint<\/strong> disponibili nel CAP di destinazione inserito. La mappa consente lo spostamento e lo zoom per ottenere un maggiore dettaglio della zona e scegliere il punto Fermopoint preferito per il recapito della spedizione.<\/p><\/div><div class=\"ugb-feature__image-side\"><img class=\"ugb-feature__image ugb-img wp-image-2898\" src=\"https:\/\/www.spedirecomodo.it\/cms\/wp-content\/uploads\/2020\/07\/Popup-Fermopoint-Spedirecomodo-low-1024x606.jpg\" alt=\"Popup-Fermopoint\" height=\"177\" srcset=\"https:\/\/www.spedirecomodo.it\/cms\/wp-content\/uploads\/2020\/07\/Popup-Fermopoint-Spedirecomodo-low-1024x606.jpg 1024w, https:\/\/www.spedirecomodo.it\/cms\/wp-content\/uploads\/2020\/07\/Popup-Fermopoint-Spedirecomodo-low-300x178.jpg 300w, https:\/\/www.spedirecomodo.it\/cms\/wp-content\/uploads\/2020\/07\/Popup-Fermopoint-Spedirecomodo-low-768x454.jpg 768w, https:\/\/www.spedirecomodo.it\/cms\/wp-content\/uploads\/2020\/07\/Popup-Fermopoint-Spedirecomodo-low-1536x909.jpg 1536w, https:\/\/www.spedirecomodo.it\/cms\/wp-content\/uploads\/2020\/07\/Popup-Fermopoint-Spedirecomodo-low.jpg 1646w\" sizes=\"(max-width: 1024px) 100vw, 1024px\" \/><\/div><\/div><\/div><\/div><\/div>\n\n\n\n<hr class=\"wp-block-separator\"\/>\n\n\n\n<div class=\"wp-block-ugb-feature ugb-feature ugb-a84a45b ugb-feature--v2 ugb-feature--design-plain ugb-main-block\"><div class=\"ugb-inner-block\"><div class=\"ugb-block-content\"><div class=\"ugb-feature__item\"><div class=\"ugb-feature__content\"><p class=\"ugb-feature__description\">Si possono cliccare e visualizzare i vari punti Fermopoint per avere <strong>maggiori informazioni su indirizzo e giorni disponibili<\/strong>. Una volta individuato il negozio di recapito pi\u00f9 comodo baster\u00e0 selezionarlo cliccando sul bottone blu.<\/p><\/div><div class=\"ugb-feature__image-side\"><img class=\"ugb-feature__image ugb-img wp-image-2896\" src=\"https:\/\/www.spedirecomodo.it\/cms\/wp-content\/uploads\/2020\/07\/Popup-Fermopoint-scelta-Spedirecomodo-low-1024x610.jpg\" alt=\"Popoup-Fermopoint-Scelta\" height=\"178\" srcset=\"https:\/\/www.spedirecomodo.it\/cms\/wp-content\/uploads\/2020\/07\/Popup-Fermopoint-scelta-Spedirecomodo-low-1024x610.jpg 1024w, https:\/\/www.spedirecomodo.it\/cms\/wp-content\/uploads\/2020\/07\/Popup-Fermopoint-scelta-Spedirecomodo-low-300x179.jpg 300w, https:\/\/www.spedirecomodo.it\/cms\/wp-content\/uploads\/2020\/07\/Popup-Fermopoint-scelta-Spedirecomodo-low-768x458.jpg 768w, https:\/\/www.spedirecomodo.it\/cms\/wp-content\/uploads\/2020\/07\/Popup-Fermopoint-scelta-Spedirecomodo-low-1536x915.jpg 1536w, https:\/\/www.spedirecomodo.it\/cms\/wp-content\/uploads\/2020\/07\/Popup-Fermopoint-scelta-Spedirecomodo-low.jpg 1628w\" sizes=\"(max-width: 1024px) 100vw, 1024px\" \/><\/div><\/div><\/div><\/div><\/div>\n\n\n\n<hr class=\"wp-block-separator\"\/>\n\n\n\n<div class=\"wp-block-ugb-feature ugb-feature ugb-c9392b1 ugb-feature--v2 ugb-feature--design-plain ugb-main-block\"><div class=\"ugb-inner-block\"><div class=\"ugb-block-content\"><div class=\"ugb-feature__item\"><div class=\"ugb-feature__content\"><p class=\"ugb-feature__description\">Quando avrai individuato il punto Fermpoint adeguato per il recapito della spedizione e cliccato il bottone blu, <strong>i campi dell&#8217;indirizzo di destinazione si auto compileranno<\/strong> con i dati del punto Fermopoint selezionato.<\/p><\/div><div class=\"ugb-feature__image-side\"><img class=\"ugb-feature__image ugb-img wp-image-2539\" src=\"https:\/\/www.spedirecomodo.it\/cms\/wp-content\/uploads\/2020\/07\/Presso-Fermopoint-Spedirecomodo-1024x506.png\" alt=\"Consegna Fermopoint\" height=\"148\" srcset=\"https:\/\/www.spedirecomodo.it\/cms\/wp-content\/uploads\/2020\/07\/Presso-Fermopoint-Spedirecomodo-1024x506.png 1024w, https:\/\/www.spedirecomodo.it\/cms\/wp-content\/uploads\/2020\/07\/Presso-Fermopoint-Spedirecomodo-300x148.png 300w, https:\/\/www.spedirecomodo.it\/cms\/wp-content\/uploads\/2020\/07\/Presso-Fermopoint-Spedirecomodo-768x380.png 768w, https:\/\/www.spedirecomodo.it\/cms\/wp-content\/uploads\/2020\/07\/Presso-Fermopoint-Spedirecomodo-1536x760.png 1536w, https:\/\/www.spedirecomodo.it\/cms\/wp-content\/uploads\/2020\/07\/Presso-Fermopoint-Spedirecomodo.png 2014w\" sizes=\"(max-width: 1024px) 100vw, 1024px\" \/><\/div><\/div><\/div><\/div><\/div>\n\n\n\n<hr class=\"wp-block-separator\"\/>\n\n\n\n<h3>Avviso di ritiro in un punto Fermopoint<\/h3>\n\n\n\n<p>Quando avrai concluso l&#8217;ordine, il <strong>negozio Fermopoint scelto ricever\u00e0 una notifica<\/strong> che lo avvisa e lo autorizza a ritirare una spedizione per tuo conto (il nome e cognome o ragione sociale del destinatario saranno riportati sulla Lettera di Vettura che accompagna la spedizione, oltre all&#8217;indirizzo del negozio Fermopoint selezionato).<\/p>\n\n\n\n<div style=\"height:20px\" aria-hidden=\"true\" class=\"wp-block-spacer\"><\/div>\n\n\n\r\n<div class=\"ship-now-calltoaction text-center\">\r\n    <span class=\"title\">Spedisci ora!<\/span>\r\n    <div class=\"rounded-div\">\r\n        <button data-toggle=\"modal\" class=\"ship-now btn-primary-sc\">Continua<\/button>\r\n    <\/div>\r\n    <span class=\"subtitle\">Inserisci i dati e spedisci in pochi click!<\/span>\r\n<\/div>\r\n\n\n\n\n<hr class=\"wp-block-separator\"\/>\n\n\n\n<h3>Come ritirare un pacco in un negozio Fermopoint <\/h3>\n\n\n\n<p>Obbligatorio <strong>un documento di identit\u00e0 valido<\/strong>&nbsp;(Carta di Identit\u00e0 o Patente di Guida in originale) di chi fisicamente ritira la spedizione.<\/p>\n\n\n\n<p>Se si volesse delegare un altra persona al ritiro, essa dovr\u00e0 essere in possesso di delega con dei dati identificativi dell&#8217;utente registrato al nostro servizio o del destinatario della spedizione.<\/p>\n\n\n\n<p>Si possono spedire ai negozi Fermopoint solo buste o pacchi del&nbsp;<strong>peso massimo di 20 kg<\/strong>.<\/p>\n\n\n\n<p><strong>Il negozio Fermopoint scelto non deve assolutamente chiedervi alcun tipo di compenso per il ritiro<\/strong>&nbsp;e\/o per la giacenza del vostro pacco, in quanto il servizio \u00e8 prepagato: avvisateci immediatamente se questo dovesse accadere.<\/p>\n\n\n\n<p><strong>Non \u00e8 prevista la spedizione in contrassegno<\/strong> o con somme da pagare al corriere.<\/p>\n\n\n\n<hr class=\"wp-block-separator\"\/>\n\n\n\n<h3>La comodit\u00e0 di drop off in un punto Fermopoint<\/h3>\n\n\n\n<p>Il servizio FermoPoint di Spedirecomodo \u00e8 dedicato a tutti coloro che non hanno la possibilit\u00e0, per motivi di lavoro o altro, di attendere il corriere a casa e hanno necessit\u00e0 del recapito buste e pacchi in maniera rapida e sicura.<\/p>\n\n\n\n<p>Grazie al servizio Fermopoint, presente in numerose citt\u00e0 italiane, <strong>potrai ricevere pacchi e buste presso il tuo negozio di fiducia<\/strong>. Tutta la convenienza del servizio di spedizione online, ma anche tutta la comodit\u00e0 di cui hai bisogno.<\/p>\n\n\n\n<div style=\"height:20px\" aria-hidden=\"true\" class=\"wp-block-spacer\"><\/div>\n\n\n\r\n<div class=\"ship-now-calltoaction text-center\">\r\n    <span class=\"title\">Spedisci ora!<\/span>\r\n    <div class=\"rounded-div\">\r\n        <button data-toggle=\"modal\" class=\"ship-now btn-primary-sc\">Continua<\/button>\r\n    <\/div>\r\n    <span class=\"subtitle\">Inserisci i dati e spedisci in pochi click!<\/span>\r\n<\/div>\r\n\n\n\n\n<div style=\"height:30px\" aria-hidden=\"true\" class=\"wp-block-spacer\"><\/div>\n\n\n\n<hr class=\"wp-block-separator\"\/>\n\n\n\n<h3>Servizio di ritiro pacchi presso Fermopoint con spedizioni Bartolini <\/h3>\n\n\n\n<p>Spedisci in tutta sicurezza anche attraverso il recapito (Drop Off) presso i negozi Fermopoint con Spedirecomodo.<\/p>\n\n\n\n<p>Infatti avrai sempre a disposizione la nostra <a href=\"https:\/\/www.spedirecomodo.it\/cms\/ho-un-problema\/\">assistenza<\/a> per qualunque esigenza, oltre ad avere la tua spedizione sempre tracciata in ogni momento nella nostra sezione Tracking on line.<\/p>\n\n\n\n<p>Affidati al servizio offerto da Spedirecomodo per ricevere qualit\u00e0, convenienza e affidabilit\u00e0. Siamo sempre al tuo fianco.<\/p>\n\n\n\n<p>FermoPoint \u00e8 un network di negozi e attivit\u00e0 commerciali che effettuano un&nbsp;<strong>comodo<\/strong>&nbsp;e&nbsp;<strong>innovativo<\/strong>&nbsp;servizio di&nbsp;<strong>ritiro dei tuoi pacchi<\/strong>, per conservarli e restituirteli, quando vorrai, nei comodi orari e giorni di apertura.<\/p>\n\n\n\n<p>Le vendite di prodotti online in Italia crescono ad un ritmo del 20% all&#8217;anno ed hanno generato nel 2019 oltre 300 milioni di spedizioni.<\/p>\n\n\n\n<p>Fino a quando sar\u00e0 possibile recapitare tutto a casa di tutti? Saremo sempre disponibili ad aspettare l&#8217;arrivo di una moltitudine di prodotti in orari, giorni e con corrieri diversi?<\/p>\n\n\n\n<hr class=\"wp-block-separator\"\/>\n\n\n\n<h3>Spedisci un pacco con Bartolini e il luogo di ritiro lo decidi tu<\/h3>\n\n\n\n<p>Il servizio&nbsp;<strong>FermoPoint<\/strong>&nbsp;nasce dalla convinzione che per una gran parte di noi sar\u00e0 sempre pi\u00f9 importante ed economico far arrivare i propri acquisti presso dei punti di raccolta vicino a casa o al luogo di lavoro dove passare a ritirarli quando si \u00e8 pi\u00f9 comodi.<\/p>\n\n\n\n<p>Nessun favore da chiedere a vicini o amici, nessuna perdita di tempo fermi a casa ad aspettare l&#8217;arrivo del corriere, massima autonomia e privacy anche rispetto al luogo di lavoro per chi utilizza l&#8217;ufficio come una portineria.<\/p>\n\n\n\n<hr class=\"wp-block-separator\"\/>\n\n\n\n<h3>Spedire un pacco con Bartolini non \u00e8 mai stato cos\u00ec comodo<\/h3>\n\n\n\n<p>La modalit\u00e0 di ritiro in&nbsp;FermoPoint&nbsp;trova il favore anche dei Corrieri Espresso che concentrando i recapiti effettuano meno consegne e pure quello delle aziende ecommerce e dei venditori online che riducendo le&nbsp;<strong>mancate consegne<\/strong>&nbsp;per assenza del destinatario migliorano la soddisfazione del cliente finale.<\/p>\n\n\n\n<p><strong>Spedirecomodo&nbsp;<\/strong>con il servizio FermoPoint&nbsp;diventa un applicativo di facile integrazione direttamente tra le opzioni di recapito dei venditori online per offrire al cliente una comoda e pratica alternativa al classico recapito a casa, dando la scelta.<\/p>\n\n\n\n<p>Dove lo vuoi? A casa oppure presso un FermoPoint che poi con Spedirecomodo ti avviser\u00e0 tramite mail ed sms dell&#8217;arrivo del tuo ordine?<\/p>\n\n\n\n<hr class=\"wp-block-separator\"\/>\n\n\n\n<p>Se vuoi maggiori informazioni e utili consigli per le tue spedizioni economiche oppure suggerimenti su come preparare un pacco consulta il <strong><a rel=\"noreferrer noopener\" href=\"https:\/\/www.spedirecomodo.it\/cms\/il-blog-di-spedirecomodo\/\" target=\"_blank\">Blog di Spedirecomodo<\/a><\/strong>.<\/p>\n\n\n\n<p>Se vuoi informazioni e consigli su come realizzare un ecommerce di successo visita\u00a0<strong><a rel=\"noreferrer noopener\" class=\"rank-math-link\" href=\"https:\/\/www.metaxy.eu\/\" target=\"_blank\"><span style=\"text-decoration: underline;\">M<\/span><\/a><\/strong><a rel=\"noreferrer noopener\" class=\"rank-math-link\" href=\"https:\/\/www.metaxy.eu\/\" target=\"_blank\"><strong><span style=\"text-decoration: underline;\">etaxy<\/span><\/strong><\/a>.<\/p>\n\n\n\n<p>Spedire online, spedire un <strong><span style=\"text-decoration: underline;\"><a href=\"https:\/\/www.spedirecomodo.it\/cms\/paccofacile\/\" class=\"rank-math-link\">pacco facile<\/a><\/span><\/strong>, spedire low cost&#8230; Spedire Comodo.<\/p>\n\n\n\n<div style=\"height:50px\" aria-hidden=\"true\" class=\"wp-block-spacer\"><\/div>\n\n\n\n<p><\/p>\n<style class=\"advgb-styles-renderer\">@media screen and (min-width:768px){.ugb-3cfec31 .ugb-img{width:300px;height:auto !important}}@media screen and (min-width:768px){.ugb-fbce297 .ugb-img{width:300px;height:auto !important}}@media screen and (min-width:768px){.ugb-f75dfd0 .ugb-img{width:300px;height:auto !important}}@media screen and (min-width:768px){.ugb-24e1c43 .ugb-img{width:300px;height:auto !important}}@media screen and (min-width:768px){.ugb-a84a45b .ugb-img{width:300px;height:auto !important}}@media screen and (min-width:768px){.ugb-c9392b1 .ugb-img{width:300px;height:auto !important}}<\/style>","protected":false},"excerpt":{"rendered":"<p>Spedisci pacchi online e Ritiri quando e dove vuoi Destinatario assente? Non sei a casa? Vuoi essere sicuro che le tue spedizioni arrivino senza problemi? Con Spedirecomodo puoi recapitare i tuoi pacchi in uno degli oltre 3.400 punti convenzionati Fermopoint. La soluzione ideale per ritirare facilmente i tuoi pacchi senza pensieri. Come funziona il recapito [&hellip;]<\/p>\n","protected":false},"author":7,"featured_media":0,"parent":0,"menu_order":0,"comment_status":"closed","ping_status":"closed","template":"index-trustpilot-fermopoint.php","meta":{"advgb_blocks_editor_width":"","advgb_blocks_columns_visual_guide":""},"categories":[],"tags":[],"featured_image_urls":{"full":"","thumbnail":"","medium":"","medium_large":"","large":"","1536x1536":"","2048x2048":""},"post_excerpt_stackable":"<p>Spedisci pacchi online e Ritiri quando e dove vuoi Destinatario assente? Non sei a casa? Vuoi essere sicuro che le tue spedizioni arrivino senza problemi? Con Spedirecomodo puoi recapitare i tuoi pacchi in uno degli oltre 3.400 punti convenzionati Fermopoint. La soluzione ideale per ritirare facilmente i tuoi pacchi senza pensieri. Come funziona il recapito pacco in un punto Fermopoint Come prima cosa vai sul sito www.spedirecomodo.it. Nella Home Page vedrai un riquadro con scritto \u201cinizia qui\u201d. Inserisci il CAP o il comune di partenza per il ritiro a domicilio, poi seleziona Italia come nazione di destinazione. Comparir\u00e0 un altro&hellip;<\/p>\n","category_list":"Senza categoria","author_info":{"name":"Sebastiano Torcellan","url":"https:\/\/www.spedirecomodo.it\/cms\/author\/sebastiano-torcellan\/"},"comments_num":"0 commenti","featured_image_urls_v2":{"full":"","thumbnail":"","medium":"","medium_large":"","large":"","1536x1536":"","2048x2048":""},"post_excerpt_stackable_v2":"<p>Spedisci pacchi online e Ritiri quando e dove vuoi Destinatario assente? Non sei a casa? Vuoi essere sicuro che le tue spedizioni arrivino senza problemi? Con Spedirecomodo puoi recapitare i tuoi pacchi in uno degli oltre 3.400 punti convenzionati Fermopoint. La soluzione ideale per ritirare facilmente i tuoi pacchi senza pensieri. Come funziona il recapito pacco in un punto Fermopoint Come prima cosa vai sul sito www.spedirecomodo.it. Nella Home Page vedrai un riquadro con scritto \u201cinizia qui\u201d. Inserisci il CAP o il comune di partenza per il ritiro a domicilio, poi seleziona Italia come nazione di destinazione. Comparir\u00e0 un altro&hellip;<\/p>\n","category_list_v2":"Senza categoria","author_info_v2":{"name":"Sebastiano Torcellan","url":"https:\/\/www.spedirecomodo.it\/cms\/author\/sebastiano-torcellan\/"},"comments_num_v2":"0 commenti","coauthors":[],"author_meta":{"author_link":"https:\/\/www.spedirecomodo.it\/cms\/author\/sebastiano-torcellan\/","display_name":"Sebastiano Torcellan"},"relative_dates":{"created":"Pubblicato 5 anni fa","modified":"Aggiornato 5 anni fa"},"absolute_dates":{"created":"Pubblicato il 6 Marzo 2021","modified":"Aggiornato il 7 Marzo 2021"},"absolute_dates_time":{"created":"Pubblicato il 6 Marzo 2021 17:14","modified":"Aggiornato il 7 Marzo 2021 13:18"},"featured_img_caption":"","featured_img":false,"series_order":"","_links":{"self":[{"href":"https:\/\/www.spedirecomodo.it\/cms\/wp-json\/wp\/v2\/pages\/537"}],"collection":[{"href":"https:\/\/www.spedirecomodo.it\/cms\/wp-json\/wp\/v2\/pages"}],"about":[{"href":"https:\/\/www.spedirecomodo.it\/cms\/wp-json\/wp\/v2\/types\/page"}],"author":[{"embeddable":true,"href":"https:\/\/www.spedirecomodo.it\/cms\/wp-json\/wp\/v2\/users\/7"}],"replies":[{"embeddable":true,"href":"https:\/\/www.spedirecomodo.it\/cms\/wp-json\/wp\/v2\/comments?post=537"}],"version-history":[{"count":1,"href":"https:\/\/www.spedirecomodo.it\/cms\/wp-json\/wp\/v2\/pages\/537\/revisions"}],"predecessor-version":[{"id":7747,"href":"https:\/\/www.spedirecomodo.it\/cms\/wp-json\/wp\/v2\/pages\/537\/revisions\/7747"}],"wp:attachment":[{"href":"https:\/\/www.spedirecomodo.it\/cms\/wp-json\/wp\/v2\/media?parent=537"}],"wp:term":[{"taxonomy":"category","embeddable":true,"href":"https:\/\/www.spedirecomodo.it\/cms\/wp-json\/wp\/v2\/categories?post=537"},{"taxonomy":"post_tag","embeddable":true,"href":"https:\/\/www.spedirecomodo.it\/cms\/wp-json\/wp\/v2\/tags?post=537"}],"curies":[{"name":"wp","href":"https:\/\/api.w.org\/{rel}","templated":true}]}}