{"id":5912,"date":"2021-03-11T17:24:15","date_gmt":"2021-03-11T16:24:15","guid":{"rendered":"https:\/\/www.spedirecomodo.it\/cms\/?page_id=5912"},"modified":"2021-03-11T21:41:36","modified_gmt":"2021-03-11T20:41:36","slug":"metaxy","status":"publish","type":"page","link":"https:\/\/www.spedirecomodo.it\/cms\/metaxy\/","title":{"rendered":"Metaxy"},"content":{"rendered":"\n<div class=\"alignfull wp-block-ugb-feature ugb-feature ugb-30c51fd ugb-feature--v2 ugb-feature--design-plain ugb-main-block ugb-main-block--inner-wide ugb--has-block-background\"><div class=\"ugb-inner-block ugb-inner-block--wide\"><div class=\"ugb-block-content\"><div class=\"ugb-feature__item\"><div class=\"ugb-feature__content\"><h2 class=\"ugb-feature__title\">Realizziamo e gestiamo il tuo ecommerce di successo<\/h2><p class=\"ugb-feature__description\">Avere una strategia \u00e8 fondamentale&#8230; e noi di Metaxy lo sappiamo bene.<br>Pianifichiamo e condividiamo strategie per lo sviluppo del tuo business online.<br>Prima di tutto, preferiamo fare domande che fornire risposte. Per questo vogliamo sapere tutto della tua azienda: valori, potenzialit\u00e0, mercati, prodotti, punti di forza e di debolezza.<br>Una buona strategia digitale \u00e8 alla base di ogni progetto di successo.<br>In Metaxy ci occupiamo di <strong>consulenza digitale<\/strong> disegnando <strong>progetti ecommerce<\/strong> attraverso l\u2019analisi dei segmenti di mercato, della vendibilit\u00e0 dei prodotti e delle scelte dei competitors.<br>Definiamo e proponiamo gli adeguamenti pi\u00f9 idonei al modello di business anche con l\u2019integrazione della rete di vendita esistente.&nbsp;<\/p><div class=\"ugb-button-container\"><a class=\"ugb-button ugb-button--size-normal ugb--hover-effect-scale-more\" href=\"https:\/\/metaxy.eu\" rel=\"noopener\" title=\"\" target=\"_blank\"><span class=\"ugb-button--inner\">Vai a M\u00e9taxy<\/span><\/a><\/div><\/div><div class=\"ugb-feature__image-side\"><img class=\"ugb-feature__image ugb-img wp-image-5934\" src=\"\/cms\/wp-content\/uploads\/2021\/01\/Metaxy-GADS-01.png\" alt=\"Metaxy ecommerce\" height=\"295\" srcset=\"https:\/\/www.spedirecomodo.it\/cms\/wp-content\/uploads\/2021\/01\/Metaxy-GADS-01.png 1104w, https:\/\/www.spedirecomodo.it\/cms\/wp-content\/uploads\/2021\/01\/Metaxy-GADS-01-300x185.png 300w, https:\/\/www.spedirecomodo.it\/cms\/wp-content\/uploads\/2021\/01\/Metaxy-GADS-01-768x472.png 768w\" sizes=\"(max-width: 1104px) 100vw, 1104px\" \/><\/div><\/div><\/div><\/div><\/div>\n\n\n\n<hr class=\"wp-block-separator\"\/>\n\n\n\n<div class=\"alignfull wp-block-ugb-feature ugb-feature ugb-3f9be8c ugb-feature--v2 ugb-feature--design-plain ugb-main-block ugb-main-block--inner-wide ugb--has-block-background\"><div class=\"ugb-inner-block ugb-inner-block--wide\"><div class=\"ugb-block-content\"><div class=\"ugb-feature__item\"><div class=\"ugb-feature__content\"><h2 class=\"ugb-feature__title\">Per Metaxy la consegna dei prodotti ai tuoi clienti \u00e8 una priorit\u00e0<\/h2><p class=\"ugb-feature__description\">Nel commercio elettronico velocit\u00e0, &nbsp;puntualit\u00e0 ed affidabilit\u00e0 di consegna dei prodotti sono i tre valori che distinguono il successo.<br>Il consumatore che acquista in rete si aspetta un servizio in tempi brevi, senza ulteriori costi aggiuntivi, impeccabile e preciso. La <strong>logistica e-commerce<\/strong> ha il compito di gestire tutte quelle attivit\u00e0 che servono per movimentare i prodotti e generare la <strong>soddisfazione del cliente<\/strong>.<br>Molti operatori tradizionali stanno cercando di convertirsi per assolvere al meglio a questa nuova visione, ma con scarse esperienze di gestione del rapporto con il consumatore.<\/p><div class=\"ugb-button-container\"><a class=\"ugb-button ugb-button--size-normal ugb--hover-effect-scale-more\" href=\"https:\/\/metaxy.eu\/e-commerce-operations\/logistica-e-fulfillment\/\" rel=\"noopener\" title=\"\" target=\"_blank\"><span class=\"ugb-button--inner\">Scopri di pi\u00f9<\/span><\/a><\/div><\/div><div class=\"ugb-feature__image-side\"><img class=\"ugb-feature__image ugb-img wp-image-5943\" src=\"\/cms\/wp-content\/uploads\/2021\/01\/Metaxy-GADS-05.png\" alt=\"Metaxy Logistica e spedizioni ecommerce\" height=\"288\" srcset=\"https:\/\/www.spedirecomodo.it\/cms\/wp-content\/uploads\/2021\/01\/Metaxy-GADS-05.png 1200w, https:\/\/www.spedirecomodo.it\/cms\/wp-content\/uploads\/2021\/01\/Metaxy-GADS-05-300x181.png 300w, https:\/\/www.spedirecomodo.it\/cms\/wp-content\/uploads\/2021\/01\/Metaxy-GADS-05-768x462.png 768w\" sizes=\"(max-width: 1200px) 100vw, 1200px\" \/><\/div><\/div><\/div><\/div><\/div>\n\n\n\n<hr class=\"wp-block-separator\"\/>\n\n\n\n<div class=\"alignfull wp-block-ugb-feature ugb-feature ugb-2b00c63 ugb-feature--v2 ugb-feature--design-plain ugb-main-block ugb-main-block--inner-wide ugb--has-block-background\"><div class=\"ugb-inner-block ugb-inner-block--wide\"><div class=\"ugb-block-content\"><div class=\"ugb-feature__item\"><div class=\"ugb-feature__content\"><h2 class=\"ugb-feature__title\">Con il Marketing digitale facciamo magie<\/h2><p class=\"ugb-feature__description\">Con noi non passerai inosservato.<br>Il nostro obiettivo \u00e8 <strong>creare emozioni<\/strong> che portino le persone a compiere delle azioni, interagire con ogni touch point ed infine acquistare.<br>Metaxy si occupa di tutte le attivit\u00e0 che puntano a promuovere un prodotto o un brand attraverso la creazione di messaggi che esaltino valori, singolarit\u00e0 e punti di forza per intercettare e soddisfare i desideri del target da raggiungere.<br>Condividiamo con i nostri clienti lo <strong>sviluppo di piani di marketing su tutti i canali digitali<\/strong>. Lavoriamo su ogni dettaglio legato alle attivit\u00e0 di E-mail marketing, SEO avanzato, Social media marketing e Content marketing. Pianifichiamo e gestiamo campagne di Digital ADV.<\/p><div class=\"ugb-button-container\"><a class=\"ugb-button ugb-button--size-normal ugb--hover-effect-scale-more\" href=\"https:\/\/metaxy.eu\/e-commerce-marketing\/\" rel=\"noopener\" title=\"\" target=\"_blank\"><span class=\"ugb-button--inner\">Scopri di pi\u00f9<\/span><\/a><\/div><\/div><div class=\"ugb-feature__image-side\"><img class=\"ugb-feature__image ugb-img wp-image-5839\" src=\"\/cms\/wp-content\/uploads\/2021\/01\/Metaxy-GADS-03-e1610810545246-1024x669.png\" alt=\"Metaxy soluzioni per ecommerce\" height=\"313\" srcset=\"https:\/\/www.spedirecomodo.it\/cms\/wp-content\/uploads\/2021\/01\/Metaxy-GADS-03-e1610810545246-1024x669.png 1024w, https:\/\/www.spedirecomodo.it\/cms\/wp-content\/uploads\/2021\/01\/Metaxy-GADS-03-e1610810545246-300x196.png 300w, https:\/\/www.spedirecomodo.it\/cms\/wp-content\/uploads\/2021\/01\/Metaxy-GADS-03-e1610810545246-768x502.png 768w, https:\/\/www.spedirecomodo.it\/cms\/wp-content\/uploads\/2021\/01\/Metaxy-GADS-03-e1610810545246.png 1100w\" sizes=\"(max-width: 1024px) 100vw, 1024px\" \/><\/div><\/div><\/div><\/div><\/div>\n\n\n\n<hr class=\"wp-block-separator\"\/>\n\n\n\n<div class=\"alignfull wp-block-ugb-feature ugb-feature ugb-f6d7a12 ugb-feature--v2 ugb-feature--design-plain ugb-main-block ugb-main-block--inner-wide ugb--has-block-background\"><div class=\"ugb-inner-block ugb-inner-block--wide\"><div class=\"ugb-block-content\"><div class=\"ugb-feature__item\"><div class=\"ugb-feature__content\"><h2 class=\"ugb-feature__title\">Per noi di Metaxy i tuoi clienti sono importanti<\/h2><p class=\"ugb-feature__description\">Amiamo ascoltare le esigenze dei tuoi clienti e <strong>risolvere ogni problema<\/strong> che incontrano in tutte le fasi del processo di acquisto.<br>Chi affronta un progetto ecommerce si preoccupa della bellezza e delle funzionalit\u00e0 del sito, della selezione e vendita dei prodotti, della promozione per migliorare la visibilit\u00e0 dello shop, ma in pochi si preoccupano di \u201ccurare\u201d veramente il <strong>servizio di assistenza al cliente<\/strong>.<br>Ogni cliente \u00e8 diverso ed ognuno ha le proprie esigenze. Per rispondere prontamente ad ognuno di loro un\u2019azienda deve essere in grado di fornire il migliore supporto in qualsiasi momento del processo di acquisto.<\/p><div class=\"ugb-button-container\"><a class=\"ugb-button ugb-button--size-normal ugb--hover-effect-scale-more\" href=\"https:\/\/metaxy.eu\/e-commerce-operations\/customer-care\/\" rel=\"noopener\" title=\"\" target=\"_blank\"><span class=\"ugb-button--inner\">Scopri di pi\u00f9<\/span><\/a><\/div><\/div><div class=\"ugb-feature__image-side\"><img class=\"ugb-feature__image ugb-img wp-image-5948\" src=\"\/cms\/wp-content\/uploads\/2021\/01\/Metaxy-GADS-02.png\" alt=\"Customer care per ecommerce Metaxy\" height=\"319\" srcset=\"https:\/\/www.spedirecomodo.it\/cms\/wp-content\/uploads\/2021\/01\/Metaxy-GADS-02.png 1062w, https:\/\/www.spedirecomodo.it\/cms\/wp-content\/uploads\/2021\/01\/Metaxy-GADS-02-300x199.png 300w, https:\/\/www.spedirecomodo.it\/cms\/wp-content\/uploads\/2021\/01\/Metaxy-GADS-02-768x511.png 768w\" sizes=\"(max-width: 1062px) 100vw, 1062px\" \/><\/div><\/div><\/div><\/div><\/div>\n\n\n\n<hr class=\"wp-block-separator\"\/>\n\n\n\n<div class=\"alignfull wp-block-ugb-feature ugb-feature ugb-b8f3cfc ugb-feature--v2 ugb-feature--design-plain ugb-main-block ugb-main-block--inner-wide ugb--has-block-background\"><div class=\"ugb-inner-block ugb-inner-block--wide\"><div class=\"ugb-block-content\"><div class=\"ugb-feature__item\"><div class=\"ugb-feature__content\"><h2 class=\"ugb-feature__title\">SEO SEA &amp; Social Media Strategy<\/h2><p class=\"ugb-feature__description\">Crediamo nel potere delle Parole.<br>Ogni negozio online \u00e8 un piccolo mondo che richiede&nbsp;interventi e strategie personalizzate&nbsp;per poter competere e vincere nel proprio mercato.<br>Ci occupiamo di <strong>creare esperienze uniche<\/strong> utilizzando le parole giuste perch\u00e9 il tuo cliente si aspetta contenuti sempre emozionanti.<br>Lavoriamo con te affinch\u00e9 ogni messaggio possa contenere tutte le potenzialit\u00e0 per <strong>massimizzarne visibilit\u00e0 su tutti i canali digitali<\/strong>. SEO e SEM sono i mezzi attraverso i quali, ogni giorno, diamo visibilit\u00e0 ai nostri clienti.<br>Approfondiamo ogni percorso di navigazione, scopriamo e sviluppiamo le azioni vincenti e ridefiniamo quelle meno efficaci.<br>Ci dedichiamo ad un <strong>processo di ottimizzazione<\/strong> continuo che non perde mai di vista le persone e i loro bisogni.<\/p><div class=\"ugb-button-container\"><a class=\"ugb-button ugb-button--size-normal ugb--hover-effect-scale-more\" href=\"https:\/\/metaxy.eu\/e-commerce-marketing\/seo-sem-social\/\" rel=\"noopener\" title=\"\" target=\"_blank\"><span class=\"ugb-button--inner\">Scopri di pi\u00f9<\/span><\/a><\/div><\/div><div class=\"ugb-feature__image-side\"><img class=\"ugb-feature__image ugb-img wp-image-5951\" src=\"\/cms\/wp-content\/uploads\/2021\/01\/Metaxy-GADS-04.png\" alt=\"Strategia SEO SEA Social Metaxy\" height=\"224\" srcset=\"https:\/\/www.spedirecomodo.it\/cms\/wp-content\/uploads\/2021\/01\/Metaxy-GADS-04.png 1547w, https:\/\/www.spedirecomodo.it\/cms\/wp-content\/uploads\/2021\/01\/Metaxy-GADS-04-300x140.png 300w, https:\/\/www.spedirecomodo.it\/cms\/wp-content\/uploads\/2021\/01\/Metaxy-GADS-04-768x358.png 768w, https:\/\/www.spedirecomodo.it\/cms\/wp-content\/uploads\/2021\/01\/Metaxy-GADS-04-1536x717.png 1536w\" sizes=\"(max-width: 1547px) 100vw, 1547px\" \/><\/div><\/div><\/div><\/div><\/div>\n\n\n\n<div style=\"height:20px\" aria-hidden=\"true\" class=\"wp-block-spacer\"><\/div>\n\n\n\n<hr class=\"wp-block-separator\"\/>\n\n\n\n<div style=\"height:20px\" aria-hidden=\"true\" class=\"wp-block-spacer\"><\/div>\n\n\n\n<p>Amiamo tutte le sfide. Vogliamo essere il tuo compagno di viaggio in tutto il percorso digitale e condividere ogni momento del successo online.<\/p>\n\n\n\n<p>Metaxy il tuo Ecommerce Service Provider<\/p>\n\n\n\n<div style=\"height:50px\" aria-hidden=\"true\" class=\"wp-block-spacer\"><\/div>\n<style class=\"advgb-styles-renderer\">.ugb-30c51fd .ugb-button .ugb-button--inner{font-size:18px !important}.ugb-30c51fd .ugb-button{padding-top:10px;padding-right:30px;padding-bottom:10px;padding-left:30px;border-radius:5px !important}.ugb-30c51fd .ugb-button:before{border-radius:5px !important}.ugb-30c51fd .ugb-button.ugb-button--has-icon.ugb-button--has-icon svg{width:18px;height:18px}.ugb-30c51fd .ugb-button-container{margin-bottom:5px !important}.ugb-30c51fd .ugb-inner-block{text-align:left}.ugb-30c51fd.ugb-feature{background-color:#ffffff}.ugb-30c51fd.ugb-feature:before{background-color:#ffffff}@media screen and (min-width:768px){.ugb-30c51fd .ugb-feature__item{grid-template-columns:1.20fr 0.80fr !important}.ugb-30c51fd .ugb-img{border-radius:8px;width:480px;height:auto !important}.ugb-30c51fd.ugb-feature{padding-right:0px !important}}@media screen and (min-width:768px) and (max-width:1025px){.ugb-30c51fd .ugb-img{width:480px;height:auto !important}}@media screen and (max-width:768px){.ugb-30c51fd .ugb-img{width:285px;height:auto !important}}.ugb-3f9be8c .ugb-button .ugb-button--inner{font-size:18px !important}.ugb-3f9be8c .ugb-button{padding-top:10px;padding-right:30px;padding-bottom:10px;padding-left:30px;border-radius:5px !important}.ugb-3f9be8c .ugb-button:before{border-radius:5px !important}.ugb-3f9be8c .ugb-button.ugb-button--has-icon.ugb-button--has-icon svg{width:18px;height:18px}.ugb-3f9be8c .ugb-button-container{margin-bottom:5px !important}.ugb-3f9be8c .ugb-inner-block{text-align:left}.ugb-3f9be8c.ugb-feature{background-color:#ffffff}.ugb-3f9be8c.ugb-feature:before{background-color:#ffffff}@media screen and (min-width:768px){.ugb-3f9be8c .ugb-feature__item{grid-template-columns:1.20fr 0.80fr !important}.ugb-3f9be8c .ugb-img{border-radius:8px;width:480px;height:auto !important}.ugb-3f9be8c.ugb-feature{padding-right:0px !important}}@media screen and (min-width:768px) and (max-width:1025px){.ugb-3f9be8c .ugb-img{width:480px;height:auto !important}}@media screen and (max-width:768px){.ugb-3f9be8c .ugb-img{width:285px;height:auto !important}}.ugb-2b00c63 .ugb-button .ugb-button--inner{font-size:18px !important}.ugb-2b00c63 .ugb-button{padding-top:10px;padding-right:30px;padding-bottom:10px;padding-left:30px;border-radius:5px !important}.ugb-2b00c63 .ugb-button:before{border-radius:5px !important}.ugb-2b00c63 .ugb-button.ugb-button--has-icon.ugb-button--has-icon svg{width:18px;height:18px}.ugb-2b00c63 .ugb-button-container{margin-bottom:5px !important}.ugb-2b00c63 .ugb-inner-block{text-align:left}.ugb-2b00c63.ugb-feature{background-color:#ffffff}.ugb-2b00c63.ugb-feature:before{background-color:#ffffff}@media screen and (min-width:768px){.ugb-2b00c63 .ugb-feature__item{grid-template-columns:1.20fr 0.80fr !important}.ugb-2b00c63 .ugb-img{border-radius:8px;width:480px;height:auto !important}.ugb-2b00c63.ugb-feature{padding-right:0px !important}}@media screen and (min-width:768px) and (max-width:1025px){.ugb-2b00c63 .ugb-img{width:480px;height:auto !important}}@media screen and (max-width:768px){.ugb-2b00c63 .ugb-img{width:285px;height:auto !important}}.ugb-f6d7a12 .ugb-button .ugb-button--inner{font-size:18px !important}.ugb-f6d7a12 .ugb-button{padding-top:10px;padding-right:30px;padding-bottom:10px;padding-left:30px;border-radius:5px !important}.ugb-f6d7a12 .ugb-button:before{border-radius:5px !important}.ugb-f6d7a12 .ugb-button.ugb-button--has-icon.ugb-button--has-icon svg{width:18px;height:18px}.ugb-f6d7a12 .ugb-button-container{margin-bottom:5px !important}.ugb-f6d7a12 .ugb-inner-block{text-align:left}.ugb-f6d7a12.ugb-feature{background-color:#ffffff}.ugb-f6d7a12.ugb-feature:before{background-color:#ffffff}@media screen and (min-width:768px){.ugb-f6d7a12 .ugb-feature__item{grid-template-columns:1.20fr 0.80fr !important}.ugb-f6d7a12 .ugb-img{border-radius:8px;width:480px;height:auto !important}.ugb-f6d7a12.ugb-feature{padding-right:0px !important}}@media screen and (min-width:768px) and (max-width:1025px){.ugb-f6d7a12 .ugb-img{width:480px;height:auto !important}}@media screen and (max-width:768px){.ugb-f6d7a12 .ugb-img{width:285px;height:auto !important}}.ugb-b8f3cfc .ugb-button .ugb-button--inner{font-size:18px !important}.ugb-b8f3cfc .ugb-button{padding-top:10px;padding-right:30px;padding-bottom:10px;padding-left:30px;border-radius:5px !important}.ugb-b8f3cfc .ugb-button:before{border-radius:5px !important}.ugb-b8f3cfc .ugb-button.ugb-button--has-icon.ugb-button--has-icon svg{width:18px;height:18px}.ugb-b8f3cfc .ugb-button-container{margin-bottom:5px !important}.ugb-b8f3cfc .ugb-inner-block{text-align:left}.ugb-b8f3cfc.ugb-feature{background-color:#ffffff}.ugb-b8f3cfc.ugb-feature:before{background-color:#ffffff}@media screen and (min-width:768px){.ugb-b8f3cfc .ugb-feature__item{grid-template-columns:1.20fr 0.80fr !important}.ugb-b8f3cfc .ugb-img{border-radius:8px;width:480px;height:auto !important}.ugb-b8f3cfc.ugb-feature{padding-right:0px !important}}@media screen and (min-width:768px) and (max-width:1025px){.ugb-b8f3cfc .ugb-img{width:480px;height:auto !important}}@media screen and (max-width:768px){.ugb-b8f3cfc .ugb-img{width:285px;height:auto !important}}<\/style>","protected":false},"excerpt":{"rendered":"<p>Realizziamo e gestiamo il tuo ecommerce di successo Avere una strategia \u00e8 fondamentale&#8230; e noi di Metaxy lo sappiamo bene.Pianifichiamo e condividiamo strategie per lo sviluppo del tuo business online.Prima di tutto, preferiamo fare domande che fornire risposte. Per questo vogliamo sapere tutto della tua azienda: valori, potenzialit\u00e0, mercati, prodotti, punti di forza e di [&hellip;]<\/p>\n","protected":false},"author":7,"featured_media":0,"parent":0,"menu_order":0,"comment_status":"closed","ping_status":"closed","template":"","meta":{"advgb_blocks_editor_width":"","advgb_blocks_columns_visual_guide":""},"categories":[32],"tags":[],"featured_image_urls":{"full":"","thumbnail":"","medium":"","medium_large":"","large":"","1536x1536":"","2048x2048":""},"post_excerpt_stackable":"<p>Realizziamo e gestiamo il tuo ecommerce di successoAvere una strategia \u00e8 fondamentale&#8230; e noi di Metaxy lo sappiamo bene.Pianifichiamo e condividiamo strategie per lo sviluppo del tuo business online.Prima di tutto, preferiamo fare domande che fornire risposte. Per questo vogliamo sapere tutto della tua azienda: valori, potenzialit\u00e0, mercati, prodotti, punti di forza e di debolezza.Una buona strategia digitale \u00e8 alla base di ogni progetto di successo.In Metaxy ci occupiamo di consulenza digitale disegnando progetti ecommerce attraverso l\u2019analisi dei segmenti di mercato, della vendibilit\u00e0 dei prodotti e delle scelte dei competitors.Definiamo e proponiamo gli adeguamenti pi\u00f9 idonei al modello di business&hellip;<\/p>\n","category_list":"<a href=\"https:\/\/www.spedirecomodo.it\/cms\/category\/ecommerce\/\" rel=\"category tag\">ecommerce<\/a>","author_info":{"name":"Sebastiano Torcellan","url":"https:\/\/www.spedirecomodo.it\/cms\/author\/sebastiano-torcellan\/"},"comments_num":"0 commenti","featured_image_urls_v2":{"full":"","thumbnail":"","medium":"","medium_large":"","large":"","1536x1536":"","2048x2048":""},"post_excerpt_stackable_v2":"<p>Realizziamo e gestiamo il tuo ecommerce di successoAvere una strategia \u00e8 fondamentale&#8230; e noi di Metaxy lo sappiamo bene.Pianifichiamo e condividiamo strategie per lo sviluppo del tuo business online.Prima di tutto, preferiamo fare domande che fornire risposte. Per questo vogliamo sapere tutto della tua azienda: valori, potenzialit\u00e0, mercati, prodotti, punti di forza e di debolezza.Una buona strategia digitale \u00e8 alla base di ogni progetto di successo.In Metaxy ci occupiamo di consulenza digitale disegnando progetti ecommerce attraverso l\u2019analisi dei segmenti di mercato, della vendibilit\u00e0 dei prodotti e delle scelte dei competitors.Definiamo e proponiamo gli adeguamenti pi\u00f9 idonei al modello di business&hellip;<\/p>\n","category_list_v2":"<a href=\"https:\/\/www.spedirecomodo.it\/cms\/category\/ecommerce\/\" rel=\"category tag\">ecommerce<\/a>","author_info_v2":{"name":"Sebastiano Torcellan","url":"https:\/\/www.spedirecomodo.it\/cms\/author\/sebastiano-torcellan\/"},"comments_num_v2":"0 commenti","coauthors":[],"author_meta":{"author_link":"https:\/\/www.spedirecomodo.it\/cms\/author\/sebastiano-torcellan\/","display_name":"Sebastiano Torcellan"},"relative_dates":{"created":"Pubblicato 5 anni fa","modified":"Aggiornato 5 anni fa"},"absolute_dates":{"created":"Pubblicato il 11 Marzo 2021","modified":"Aggiornato il 11 Marzo 2021"},"absolute_dates_time":{"created":"Pubblicato il 11 Marzo 2021 17:24","modified":"Aggiornato il 11 Marzo 2021 21:41"},"featured_img_caption":"","featured_img":false,"series_order":"","_links":{"self":[{"href":"https:\/\/www.spedirecomodo.it\/cms\/wp-json\/wp\/v2\/pages\/5912"}],"collection":[{"href":"https:\/\/www.spedirecomodo.it\/cms\/wp-json\/wp\/v2\/pages"}],"about":[{"href":"https:\/\/www.spedirecomodo.it\/cms\/wp-json\/wp\/v2\/types\/page"}],"author":[{"embeddable":true,"href":"https:\/\/www.spedirecomodo.it\/cms\/wp-json\/wp\/v2\/users\/7"}],"replies":[{"embeddable":true,"href":"https:\/\/www.spedirecomodo.it\/cms\/wp-json\/wp\/v2\/comments?post=5912"}],"version-history":[{"count":1,"href":"https:\/\/www.spedirecomodo.it\/cms\/wp-json\/wp\/v2\/pages\/5912\/revisions"}],"predecessor-version":[{"id":8685,"href":"https:\/\/www.spedirecomodo.it\/cms\/wp-json\/wp\/v2\/pages\/5912\/revisions\/8685"}],"wp:attachment":[{"href":"https:\/\/www.spedirecomodo.it\/cms\/wp-json\/wp\/v2\/media?parent=5912"}],"wp:term":[{"taxonomy":"category","embeddable":true,"href":"https:\/\/www.spedirecomodo.it\/cms\/wp-json\/wp\/v2\/categories?post=5912"},{"taxonomy":"post_tag","embeddable":true,"href":"https:\/\/www.spedirecomodo.it\/cms\/wp-json\/wp\/v2\/tags?post=5912"}],"curies":[{"name":"wp","href":"https:\/\/api.w.org\/{rel}","templated":true}]}}