{"id":6243,"date":"2021-03-05T12:28:53","date_gmt":"2021-03-05T11:28:53","guid":{"rendered":"https:\/\/www.spedirecomodo.it\/cms\/?page_id=6243"},"modified":"2023-01-25T17:14:07","modified_gmt":"2023-01-25T16:14:07","slug":"amazon-tracking","status":"publish","type":"page","link":"https:\/\/www.spedirecomodo.it\/cms\/amazon-tracking\/","title":{"rendered":"Amazon Tracking"},"content":{"rendered":"\n<div style=\"height:20px\" aria-hidden=\"true\" class=\"wp-block-spacer\"><\/div>\n\n\n\n<div class=\"wp-block-ugb-feature ugb-feature ugb-fc9bc92 ugb-feature--v2 ugb-feature--design-basic ugb-main-block\"><div class=\"ugb-inner-block\"><div class=\"ugb-block-content\"><div class=\"ugb-feature__item ugb--shadow-5\"><div class=\"ugb-feature__content\"><h2 class=\"ugb-feature__title\">Rintraccia la tua spedizione con Amazon Tracking<\/h2><p class=\"ugb-feature__description\">Accedi subito alla pagina del Tracking online per conoscere dove si trova la tua spedizione Amazon inviata con Spedirecomodo.<br>Il servizio Cerca Pacco \u00e8 gratuito per tutti i corrieri.<\/p><div class=\"ugb-button-container\"><a class=\"ugb-button ugb-button--size-normal ugb--hover-effect-scale-more\" href=\"https:\/\/www.spedirecomodo.it\/Tracking\/GetTracking\" rel=\"\" title=\"\"><span class=\"ugb-button--inner\">Cerca la Spedizione<\/span><\/a><\/div><\/div><div class=\"ugb-feature__image-side\"><img class=\"ugb-feature__image ugb-img wp-image-4414 ugb-image--shape-stretch\" src=\"https:\/\/www.spedirecomodo.it\/cms\/wp-content\/uploads\/2020\/03\/Cerca-Pacco-1024x945.png\" alt=\"Cerca Pacco Poste Italiane Tracking\" height=\"263\" srcset=\"https:\/\/www.spedirecomodo.it\/cms\/wp-content\/uploads\/2020\/03\/Cerca-Pacco-1024x945.png 1024w, https:\/\/www.spedirecomodo.it\/cms\/wp-content\/uploads\/2020\/03\/Cerca-Pacco-300x277.png 300w, https:\/\/www.spedirecomodo.it\/cms\/wp-content\/uploads\/2020\/03\/Cerca-Pacco-768x709.png 768w, https:\/\/www.spedirecomodo.it\/cms\/wp-content\/uploads\/2020\/03\/Cerca-Pacco.png 1090w\" sizes=\"(max-width: 1024px) 100vw, 1024px\" \/><\/div><\/div><\/div><\/div><\/div>\n\n\n\n<hr class=\"wp-block-separator has-css-opacity\"\/>\n\n\n\n<h2>Cosa \u00e8 Amazon Tracking<\/h2>\n\n\n\n<p><strong><span style=\"text-decoration: underline;\"><a href=\"https:\/\/www.spedirecomodo.it\/cms\/spedizioni-amazon-2\/\" class=\"rank-math-link\">Amazon<\/a><\/span><\/strong> Tracking&nbsp;\u00e8 un servizio esclusivamente informativo di&nbsp;<strong>ricerca spedizioni<\/strong>&nbsp;per tutti gli utenti di internet che desiderano effettuare un qualsiasi&nbsp;<strong>tracciamento della spedizione Amazon<\/strong>.<\/p>\n\n\n\n<p>Il servizio Amazon Tracking \u00e8 disponibile per il mittente, il destinatario, o qualsiasi terza parte coinvolta in un&nbsp;<strong>trasporto espresso<\/strong>.<\/p>\n\n\n\n<p>Dalla pagina web dedicata al Tracking Online \u00e8 possibile&nbsp;<strong>monitorare spedizioni<\/strong>&nbsp;pacchi e buste Amazon spedite con&nbsp;Corriere Espresso inserendo semplicemente il codice della spedizione.<\/p>\n\n\n\n<hr class=\"wp-block-separator has-css-opacity\"\/>\n\n\n\n<h3>Come tracciare il tuo pacco con Amazon Tracking<\/h3>\n\n\n\n<p>Quando spedisci un pacco <strong><span style=\"text-decoration: underline;\"><a href=\"https:\/\/www.spedirecomodo.it\/cms\/spedizioni-amazon-2\/\" class=\"rank-math-link\">Amazon<\/a><\/span><\/strong> con Corriere Espresso si possono verificare dei ritardi nella consegna a causa di problematiche legate al trasporto.<\/p>\n\n\n\n<p>Per conoscere la posizione della spedizione Amazon, ad esempio con <strong><span style=\"text-decoration: underline;\"><a href=\"https:\/\/www.spedirecomodo.it\/cms\/poste-delivery-business\/\" class=\"rank-math-link\">Corriere Poste Italiane<\/a><\/span><\/strong>, e verificare i tempi di consegna al destinatario,&nbsp;Spedirecomodo&nbsp;ti offre un <strong>servizio gratuito di Tracking online<\/strong>&nbsp;(cerca spedizione Amazon) che ti permette di rintracciare le spedizioni durante tutto il percorso, dal ritiro a domicilio alla consegna.<\/p>\n\n\n\n<p>Nel caso si verificassero delle anomalie ti baster\u00e0 contattare il nostro servizio di assistenza clienti tramite il&nbsp;<strong>Portale di Supporto.<\/strong><\/p>\n\n\n\n<p>Puoi cercare le tue spedizioni con  Tracking Amazon semplicemente inserendo il&nbsp;<strong>numero ordine Spedirecomodo di sette cifre<\/strong> che hai ricevuto via mail e che trovi anche nella tua area personale nell&#8217;area &#8220;I miei Ordini&#8221;.<\/p>\n\n\n\n<p>Per rintracciare le&nbsp;<strong>spedizioni nazionali<\/strong>&nbsp;e&nbsp;<strong>internazionali<\/strong>  Amazon, inserisci il codice di ricerca pacco di Spedirecomodo, il numero ordine di 7 cifre, nel campo di Ricerca Spedizione (Amazon Tracking) in alto su questa pagina.<\/p>\n\n\n\n<div style=\"height:20px\" aria-hidden=\"true\" class=\"wp-block-spacer\"><\/div>\n\n\n\r\n<div class=\"ship-now-calltoaction text-center\">\r\n    <span class=\"title\">Spedisci ora!<\/span>\r\n    <div class=\"rounded-div\">\r\n        <button data-toggle=\"modal\" class=\"ship-now btn-primary-sc\">Continua<\/button>\r\n    <\/div>\r\n    <span class=\"subtitle\">Inserisci i dati e spedisci in pochi click!<\/span>\r\n<\/div>\r\n\n\n\n\n<hr class=\"wp-block-separator has-css-opacity\"\/>\n\n\n\n<div class=\"wp-block-ugb-feature-grid ugb-feature-grid ugb-837d28a ugb-feature-grid--v2 ugb-feature-grid--columns-3 ugb-feature-grid--design-basic ugb-main-block\"><div class=\"ugb-inner-block\"><div class=\"ugb-block-content\"><div class=\"ugb-feature-grid__item ugb-feature-grid__item1 ugb--shadow-5\"><div class=\"ugb-feature-grid__image\"><img loading=\"lazy\" width=\"1024\" height=\"716\" class=\"ugb-img wp-image-4435\" src=\"https:\/\/www.spedirecomodo.it\/cms\/wp-content\/uploads\/2020\/03\/Come-Spedire-Pacco-1024x716.png\" alt=\"Come spedire un pacco\" srcset=\"https:\/\/www.spedirecomodo.it\/cms\/wp-content\/uploads\/2020\/03\/Come-Spedire-Pacco-1024x716.png 1024w, https:\/\/www.spedirecomodo.it\/cms\/wp-content\/uploads\/2020\/03\/Come-Spedire-Pacco-300x210.png 300w, https:\/\/www.spedirecomodo.it\/cms\/wp-content\/uploads\/2020\/03\/Come-Spedire-Pacco-768x537.png 768w, https:\/\/www.spedirecomodo.it\/cms\/wp-content\/uploads\/2020\/03\/Come-Spedire-Pacco.png 1304w\" sizes=\"(max-width: 1024px) 100vw, 1024px\" \/><\/div><div class=\"ugb-feature-grid__content\"><h4 class=\"ugb-feature-grid__title\">Come spedire un pacco<\/h4><p class=\"ugb-feature-grid__description\">Se sei alla prima spedizione con noi leggi la nostra breve guida con tutti i passaggi per completare un ordine.<\/p><div class=\"ugb-button-container\"><a class=\"ugb-button ugb-button--size-normal ugb--hover-effect-scale\" href=\"https:\/\/www.spedirecomodo.it\/cms\/come-spedire-un-pacco\/\" rel=\"\" title=\"\"><span class=\"ugb-button--inner\">Scopri di pi\u00f9<\/span><\/a><\/div><\/div><\/div><div class=\"ugb-feature-grid__item ugb-feature-grid__item2 ugb--shadow-5\"><div class=\"ugb-feature-grid__image\"><img loading=\"lazy\" width=\"1024\" height=\"676\" class=\"ugb-img wp-image-4432\" src=\"https:\/\/www.spedirecomodo.it\/cms\/wp-content\/uploads\/2020\/03\/Preparare-un-Pacco-1024x676.png\" alt=\"Come preparare un pacco\" srcset=\"https:\/\/www.spedirecomodo.it\/cms\/wp-content\/uploads\/2020\/03\/Preparare-un-Pacco-1024x676.png 1024w, https:\/\/www.spedirecomodo.it\/cms\/wp-content\/uploads\/2020\/03\/Preparare-un-Pacco-300x198.png 300w, https:\/\/www.spedirecomodo.it\/cms\/wp-content\/uploads\/2020\/03\/Preparare-un-Pacco-768x507.png 768w, https:\/\/www.spedirecomodo.it\/cms\/wp-content\/uploads\/2020\/03\/Preparare-un-Pacco.png 1254w\" sizes=\"(max-width: 1024px) 100vw, 1024px\" \/><\/div><div class=\"ugb-feature-grid__content\"><h4 class=\"ugb-feature-grid__title\">Come preparare un pacco<\/h4><p class=\"ugb-feature-grid__description\">Consulta la nostra guida per un corretto imballaggio&nbsp;del pacco per garantire la sicurezza della tua spedizione.<\/p><div class=\"ugb-button-container\"><a class=\"ugb-button ugb-button--size-normal ugb--hover-effect-scale\" href=\"https:\/\/www.spedirecomodo.it\/cms\/come-preparare-un-pacco\/\" rel=\"\" title=\"\"><span class=\"ugb-button--inner\">Scopri di pi\u00f9<\/span><\/a><\/div><\/div><\/div><div class=\"ugb-feature-grid__item ugb-feature-grid__item3 ugb--shadow-5\"><div class=\"ugb-feature-grid__image\"><img loading=\"lazy\" width=\"722\" height=\"639\" class=\"ugb-img wp-image-6618\" src=\"https:\/\/www.spedirecomodo.it\/cms\/wp-content\/uploads\/2021\/03\/Spedirecomodo-Businness.png\" alt=\"Ho un ecommerce\" srcset=\"https:\/\/www.spedirecomodo.it\/cms\/wp-content\/uploads\/2021\/03\/Spedirecomodo-Businness.png 722w, https:\/\/www.spedirecomodo.it\/cms\/wp-content\/uploads\/2021\/03\/Spedirecomodo-Businness-300x266.png 300w\" sizes=\"(max-width: 722px) 100vw, 722px\" \/><\/div><div class=\"ugb-feature-grid__content\"><h4 class=\"ugb-feature-grid__title\">Ho un ecommerce<\/h4><p class=\"ugb-feature-grid__description\">Se hai una partita IVA richiedi subito l&#8217;attivazione gratuita a Spedirecomodo Business.<\/p><div class=\"ugb-button-container\"><a class=\"ugb-button ugb-button--size-normal ugb--hover-effect-scale\" href=\"https:\/\/www.spedirecomodo.it\/cms\/clienti-business\/\" rel=\"\" title=\"\"><span class=\"ugb-button--inner\">Scopri di pi\u00f9<\/span><\/a><\/div><\/div><\/div><\/div><\/div><\/div>\n\n\n\n<hr class=\"wp-block-separator has-css-opacity\"\/>\n\n\n\n<div class=\"wp-block-ugb-feature-grid ugb-feature-grid ugb-6b23d61 ugb-feature-grid--v2 ugb-feature-grid--columns-3 ugb-feature-grid--design-basic ugb-main-block\"><div class=\"ugb-inner-block\"><div class=\"ugb-block-content\"><div class=\"ugb-feature-grid__item ugb-feature-grid__item1 ugb--shadow-5\"><div class=\"ugb-feature-grid__image\"><img loading=\"lazy\" width=\"1024\" height=\"357\" class=\"ugb-img wp-image-4905\" src=\"\/cms\/wp-content\/uploads\/2020\/10\/Spedire-Italia-2-e1602500647198-1024x357.png\" alt=\"Spedire Italia\" srcset=\"https:\/\/www.spedirecomodo.it\/cms\/wp-content\/uploads\/2020\/10\/Spedire-Italia-2-e1602500647198-1024x357.png 1024w, https:\/\/www.spedirecomodo.it\/cms\/wp-content\/uploads\/2020\/10\/Spedire-Italia-2-e1602500647198-300x105.png 300w, https:\/\/www.spedirecomodo.it\/cms\/wp-content\/uploads\/2020\/10\/Spedire-Italia-2-e1602500647198-768x268.png 768w, https:\/\/www.spedirecomodo.it\/cms\/wp-content\/uploads\/2020\/10\/Spedire-Italia-2-e1602500647198.png 1096w\" sizes=\"(max-width: 1024px) 100vw, 1024px\" \/><\/div><div class=\"ugb-feature-grid__content\"><h4 class=\"ugb-feature-grid__title\">Spedire Italia<\/h4><p class=\"ugb-feature-grid__description\">Spedire pacchi buste e pallet in Italia a tariffe economiche con i maggiori Corrieri Espresso Nazionali.<\/p><div class=\"ugb-button-container\"><a class=\"ugb-button ugb-button--size-normal ugb--hover-effect-scale-more\" href=\"https:\/\/www.spedirecomodo.it\/cms\/spedire-in-italia\/\" rel=\"\" title=\"\"><span class=\"ugb-button--inner\">Scopri di pi\u00f9<\/span><\/a><\/div><\/div><\/div><div class=\"ugb-feature-grid__item ugb-feature-grid__item2 ugb--shadow-5\"><div class=\"ugb-feature-grid__image\"><img loading=\"lazy\" width=\"1024\" height=\"357\" class=\"ugb-img wp-image-4903\" src=\"\/cms\/wp-content\/uploads\/2020\/10\/Spedire-Estero-2-e1602500743153-1024x357.png\" alt=\"Spedire Europa\" srcset=\"https:\/\/www.spedirecomodo.it\/cms\/wp-content\/uploads\/2020\/10\/Spedire-Estero-2-e1602500743153-1024x357.png 1024w, https:\/\/www.spedirecomodo.it\/cms\/wp-content\/uploads\/2020\/10\/Spedire-Estero-2-e1602500743153-300x104.png 300w, https:\/\/www.spedirecomodo.it\/cms\/wp-content\/uploads\/2020\/10\/Spedire-Estero-2-e1602500743153-768x267.png 768w, https:\/\/www.spedirecomodo.it\/cms\/wp-content\/uploads\/2020\/10\/Spedire-Estero-2-e1602500743153.png 1097w\" sizes=\"(max-width: 1024px) 100vw, 1024px\" \/><\/div><div class=\"ugb-feature-grid__content\"><h4 class=\"ugb-feature-grid__title\">Spedire Europa<\/h4><p class=\"ugb-feature-grid__description\">Spedire pacchi buste e pallet in tutta Europa con i maggiori Corrieri Espresso Internazionali.<\/p><div class=\"ugb-button-container\"><a class=\"ugb-button ugb-button--size-normal ugb--hover-effect-scale-more\" href=\"https:\/\/www.spedirecomodo.it\/cms\/spedire-in-europa\/\" rel=\"\" title=\"\"><span class=\"ugb-button--inner\">Scopri di pi\u00f9<\/span><\/a><\/div><\/div><\/div><div class=\"ugb-feature-grid__item ugb-feature-grid__item3 ugb--shadow-5\"><div class=\"ugb-feature-grid__image\"><img loading=\"lazy\" width=\"1024\" height=\"355\" class=\"ugb-img wp-image-4907\" src=\"\/cms\/wp-content\/uploads\/2020\/10\/Assistenza-Clienti-2-e1602509242270-1024x355.png\" alt=\"Assistenza\" srcset=\"https:\/\/www.spedirecomodo.it\/cms\/wp-content\/uploads\/2020\/10\/Assistenza-Clienti-2-e1602509242270-1024x355.png 1024w, https:\/\/www.spedirecomodo.it\/cms\/wp-content\/uploads\/2020\/10\/Assistenza-Clienti-2-e1602509242270-300x104.png 300w, https:\/\/www.spedirecomodo.it\/cms\/wp-content\/uploads\/2020\/10\/Assistenza-Clienti-2-e1602509242270-768x266.png 768w, https:\/\/www.spedirecomodo.it\/cms\/wp-content\/uploads\/2020\/10\/Assistenza-Clienti-2-e1602509242270.png 1096w\" sizes=\"(max-width: 1024px) 100vw, 1024px\" \/><\/div><div class=\"ugb-feature-grid__content\"><h4 class=\"ugb-feature-grid__title\">Assistenza<\/h4><p class=\"ugb-feature-grid__description\">Se vuoi maggiori informazioni per spedire con noi consulta i nostri consigli.<\/p><div class=\"ugb-button-container\"><a class=\"ugb-button ugb-button--size-normal ugb--hover-effect-scale-more\" href=\"https:\/\/www.spedirecomodo.it\/cms\/servizio-clienti\/\" rel=\"\" title=\"\"><span class=\"ugb-button--inner\">Scopri di pi\u00f9<\/span><\/a><\/div><\/div><\/div><\/div><\/div><\/div>\n\n\n\n<hr class=\"wp-block-separator has-css-opacity\"\/>\n\n\n\n<h3>Cerca spedizione Amazon \u00e8 facile e comodo<\/h3>\n\n\n\n<p>Tracciare le tue spedizioni Amazon con Corriere Espresso in Italia o all&#8217;estero ti tranquillizza immediatamente sull\u2019avvenuta consegna, ma ti permette anche di sapere&nbsp;<strong>quanto tempo manca alla consegna dei tuoi pacchi<\/strong>.<\/p>\n\n\n\n<p>In questo secondo caso puoi comunicarlo al destinatario che avr\u00e0 tutta la comodit\u00e0 di farsi trovare a casa quando il corriere passer\u00e0 per il recapito del pacco.<\/p>\n\n\n\n<p>Grazie a Spedirecomodo puoi rintracciare e verificare il tuo invio pacco con Corriere in ogni momento, comodamente da PC, Smartphone o Tablet, per tutte le spedizioni effettuate con i maggiori corrieri espresso come Poste Italiane, Bartolini, Glovo e TNT Skynet.<\/p>\n\n\n\n<p>Il servizio Tracking online di Spedirecomodo \u00e8 gratuito e immediato.<\/p>\n\n\n\n<div style=\"height:20px\" aria-hidden=\"true\" class=\"wp-block-spacer\"><\/div>\n\n\n\r\n<div class=\"ship-now-calltoaction text-center\">\r\n    <span class=\"title\">Spedisci ora!<\/span>\r\n    <div class=\"rounded-div\">\r\n        <button data-toggle=\"modal\" class=\"ship-now btn-primary-sc\">Continua<\/button>\r\n    <\/div>\r\n    <span class=\"subtitle\">Inserisci i dati e spedisci in pochi click!<\/span>\r\n<\/div>\r\n\n\n\n\n<hr class=\"wp-block-separator has-css-opacity\"\/>\n\n\n\n<div class=\"wp-block-ugb-feature ugb-feature ugb-4475e06 ugb-feature--v2 ugb-feature--design-plain ugb-main-block\"><div class=\"ugb-inner-block\"><div class=\"ugb-block-content\"><div class=\"ugb-feature__item\"><div class=\"ugb-feature__content\"><h3 class=\"ugb-feature__title\">Rintraccia la mia spedizione Amazon<\/h3><p class=\"ugb-feature__description\"><strong>Cerca spedizioni&nbsp;con Amazon<\/strong> Tracking&nbsp;\u00e8 il comodo servizio informativo di&nbsp;<strong>ricerca spedizione<\/strong>&nbsp;messo a disposizione da&nbsp;Spedirecomodo&nbsp;per tutti gli utenti internet che desiderano effettuare un qualsiasi&nbsp;tracciamento spedizione con Corriere Espresso.<br>Che siate il mittente, il destinatario, o qualsiasi altra parte coinvolta in un&nbsp;<strong>trasporto pacco espresso<\/strong>, dalla nostra pagina Tracking online \u00e8 possibile&nbsp;<strong>monitorare le spedizioni<\/strong>&nbsp;effettuate con Corriere.<\/p><\/div><div class=\"ugb-feature__image-side\"><img class=\"ugb-feature__image ugb-img wp-image-6231 ugb-image--shape-stretch\" src=\"\/cms\/wp-content\/uploads\/2021\/03\/Spedizioni-Amazon.jpeg\" alt=\"Amazon Spedizioni\" height=\"168\"\/><\/div><\/div><\/div><\/div><\/div>\n\n\n\n<hr class=\"wp-block-separator has-css-opacity\"\/>\n\n\n\n<h3>Numero Tracking Amazon<\/h3>\n\n\n\n<p>Sar\u00e0 necessario conoscere avere a disposizione il&nbsp;<strong>numero di tracciamento pacco<\/strong>&nbsp;di sette cifre oppure il numero di&nbsp;<strong>lettera di vettura<\/strong>&nbsp;del Corriere che identifica univocamente la spedizione pacco.<\/p>\n\n\n\n<p>I vantaggi di avere il servizio immediato di \u201ccerca spedizione\u201d sono ormai chiari a tutti. In particolare, ci sono diverse esigenze che spingono i mittenti a controllare&nbsp;<strong>lo stato del tracciamento spedizioni<\/strong>.<\/p>\n\n\n\n<p>La spedizione di beni preziosi o prodotti delicati provocano maggiori preoccupazioni che vengono risolte solo dal poter controllare in ogni istante dove si trova il pacco consultando il servizio Amazon Tracking.<\/p>\n\n\n\n<p>Altra tipica situazione si verifica quando si vuol fare una sorpresa al destinatario.<\/p>\n\n\n\n<p>In questo caso diventa importante sapere il giorno esatto in cui il pacco arriver\u00e0 a destinazione con il Corriere Espresso scelto.<\/p>\n\n\n\n<p>Infine, ci sono i casi in cui il destinatario del pacco non si trova a casa, e quindi \u00e8 necessario avvisarlo con precisione anche utilizzando le nostre notifiche di aggiornamento via mail o SMS.<\/p>\n\n\n\n<hr class=\"wp-block-separator has-css-opacity\"\/>\n\n\n\n<h3>Cerca spedizione Amazon dopo il ritiro a domicilio<\/h3>\n\n\n\n<p><strong>RICORDA:&nbsp;<\/strong>\u00e8 possibile tracciare le spedizioni pacchi e buste solo dopo che sono state ritirate presso il tuo domicilio, ovvero dal momento in cui il corriere che ritira il pacco legge il codice a barre presente sull\u2019etichetta di spedizione (LDV).<\/p>\n\n\n\n<p>In seguito gli aggiornamenti avverranno quotidianamente ogni volta che la spedizione transiter\u00e0 da una filiale del Corriere.<\/p>\n\n\n\n<p>Trattandosi di sistemi informatici potrebbe capitare che l\u2019aggiornamento arrivi in ritardo, quindi non sia visibile immediatamente nel Tracking Amazon online.<\/p>\n\n\n\n<p>Non allarmarti. Riprova pi\u00f9 tardi e se proprio Amazon Tracking continuer\u00e0 a non darti informazioni in merito alla tua spedizione contattaci e ti aiuteremo a risolvere il tuo problema di tracciabilit\u00e0 della spedizione.<\/p>\n\n\n\n<hr class=\"wp-block-separator has-css-opacity\"\/>\n\n\n\n<h3>Spedizioni Amazon FBM con Spedirecomodo<\/h3>\n\n\n\n<p>Se vuoi maggiori informazioni e utili consigli per le tue <span style=\"text-decoration: underline;\"><strong><a href=\"https:\/\/www.spedirecomodo.it\/cms\/costo-spedizione-pacco\/\">spedizioni economiche<\/a><\/strong><\/span> oppure suggerimenti su come preparare un pacco consulta il&nbsp;<strong><a rel=\"noreferrer noopener\" href=\"https:\/\/www.spedirecomodo.it\/cms\/il-blog-di-spedirecomodo\/\" target=\"_blank\">Blog di Spedirecomodo<\/a><\/strong>.<\/p>\n\n\n\n<p>Se vuoi informazioni e consigli su come realizzare un ecommerce di successo visita&nbsp;<a rel=\"noreferrer noopener\" href=\"https:\/\/www.metaxy.eu\/\" target=\"_blank\"><strong>Metaxy<\/strong><\/a>.<\/p>\n\n\n\n<p>Spedire subito, <strong><span style=\"text-decoration: underline;\"><a href=\"https:\/\/www.spedirecomodo.it\/cms\/iospedisco\/\" class=\"rank-math-link\">io spedisco pacchi<\/a><\/span><\/strong>, <span style=\"text-decoration: underline;\"><strong><a href=\"https:\/\/www.spedirecomodo.it\/cms\/tariffe-spedizioni-economiche\/\">spedizioni economiche<\/a><\/strong><\/span>, Amazon Tracking con Spedirecomodo.<\/p>\n\n\n\n<div style=\"height:50px\" aria-hidden=\"true\" class=\"wp-block-spacer\"><\/div>\n\n\n\n<p><\/p>\n<style class=\"advgb-styles-renderer\">.ugb-fc9bc92 .ugb-feature__item{border-radius:15px !important;background-color:#dee6ed !important}.ugb-fc9bc92 .ugb-feature__item:before{background-color:#dee6ed !important}.ugb-fc9bc92 .ugb-img{border-radius:8px}.ugb-fc9bc92 .ugb-button .ugb-button--inner{font-size:18px !important}.ugb-fc9bc92 .ugb-button{padding-top:10px;padding-right:30px;padding-bottom:10px;padding-left:30px;border-radius:5px !important}.ugb-fc9bc92 .ugb-button:before{border-radius:5px !important}.ugb-fc9bc92 .ugb-button.ugb-button--has-icon.ugb-button--has-icon svg{width:18px;height:18px}@media screen and (min-width:768px){.ugb-fc9bc92 .ugb-feature__item{grid-template-columns:1.20fr 0.80fr !important}.ugb-fc9bc92 .ugb-img{border-radius:8px;width:285px;height:auto !important}}.ugb-837d28a .ugb-button .ugb-button--inner{font-size:18px !important}.ugb-6b23d61 .ugb-feature-grid__item{border-radius:15px !important}.ugb-6b23d61 .ugb-button .ugb-button--inner{font-size:18px !important}@media screen and (min-width:768px){.ugb-4475e06 .ugb-img{width:300px;height:auto !important}}<\/style>","protected":false},"excerpt":{"rendered":"<p>Rintraccia la tua spedizione con Amazon Tracking Accedi subito alla pagina del Tracking online per conoscere dove si trova la tua spedizione Amazon inviata con Spedirecomodo.Il servizio Cerca Pacco \u00e8 gratuito per tutti i corrieri. Cerca la Spedizione Cosa \u00e8 Amazon Tracking Amazon Tracking&nbsp;\u00e8 un servizio esclusivamente informativo di&nbsp;ricerca spedizioni&nbsp;per tutti gli utenti di internet [&hellip;]<\/p>\n","protected":false},"author":7,"featured_media":0,"parent":0,"menu_order":0,"comment_status":"closed","ping_status":"closed","template":"index-trustpilot.php","meta":{"advgb_blocks_editor_width":"","advgb_blocks_columns_visual_guide":""},"categories":[],"tags":[],"featured_image_urls":{"full":"","thumbnail":"","medium":"","medium_large":"","large":"","1536x1536":"","2048x2048":""},"post_excerpt_stackable":"<p>Rintraccia la tua spedizione con Amazon TrackingAccedi subito alla pagina del Tracking online per conoscere dove si trova la tua spedizione Amazon inviata con Spedirecomodo.Il servizio Cerca Pacco \u00e8 gratuito per tutti i corrieri.Cerca la Spedizione Cosa \u00e8 Amazon Tracking Amazon Tracking&nbsp;\u00e8 un servizio esclusivamente informativo di&nbsp;ricerca spedizioni&nbsp;per tutti gli utenti di internet che desiderano effettuare un qualsiasi&nbsp;tracciamento della spedizione Amazon. Il servizio Amazon Tracking \u00e8 disponibile per il mittente, il destinatario, o qualsiasi terza parte coinvolta in un&nbsp;trasporto espresso. Dalla pagina web dedicata al Tracking Online \u00e8 possibile&nbsp;monitorare spedizioni&nbsp;pacchi e buste Amazon spedite con&nbsp;Corriere Espresso inserendo semplicemente il codice&hellip;<\/p>\n","category_list":"Senza categoria","author_info":{"name":"Sebastiano Torcellan","url":"https:\/\/www.spedirecomodo.it\/cms\/author\/sebastiano-torcellan\/"},"comments_num":"0 commenti","featured_image_urls_v2":{"full":"","thumbnail":"","medium":"","medium_large":"","large":"","1536x1536":"","2048x2048":""},"post_excerpt_stackable_v2":"<p>Rintraccia la tua spedizione con Amazon TrackingAccedi subito alla pagina del Tracking online per conoscere dove si trova la tua spedizione Amazon inviata con Spedirecomodo.Il servizio Cerca Pacco \u00e8 gratuito per tutti i corrieri.Cerca la Spedizione Cosa \u00e8 Amazon Tracking Amazon Tracking&nbsp;\u00e8 un servizio esclusivamente informativo di&nbsp;ricerca spedizioni&nbsp;per tutti gli utenti di internet che desiderano effettuare un qualsiasi&nbsp;tracciamento della spedizione Amazon. Il servizio Amazon Tracking \u00e8 disponibile per il mittente, il destinatario, o qualsiasi terza parte coinvolta in un&nbsp;trasporto espresso. Dalla pagina web dedicata al Tracking Online \u00e8 possibile&nbsp;monitorare spedizioni&nbsp;pacchi e buste Amazon spedite con&nbsp;Corriere Espresso inserendo semplicemente il codice&hellip;<\/p>\n","category_list_v2":"Senza categoria","author_info_v2":{"name":"Sebastiano Torcellan","url":"https:\/\/www.spedirecomodo.it\/cms\/author\/sebastiano-torcellan\/"},"comments_num_v2":"0 commenti","coauthors":[],"author_meta":{"author_link":"https:\/\/www.spedirecomodo.it\/cms\/author\/sebastiano-torcellan\/","display_name":"Sebastiano Torcellan"},"relative_dates":{"created":"Pubblicato 5 anni fa","modified":"Aggiornato 3 anni fa"},"absolute_dates":{"created":"Pubblicato il 5 Marzo 2021","modified":"Aggiornato il 25 Gennaio 2023"},"absolute_dates_time":{"created":"Pubblicato il 5 Marzo 2021 12:28","modified":"Aggiornato il 25 Gennaio 2023 17:14"},"featured_img_caption":"","featured_img":false,"series_order":"","_links":{"self":[{"href":"https:\/\/www.spedirecomodo.it\/cms\/wp-json\/wp\/v2\/pages\/6243"}],"collection":[{"href":"https:\/\/www.spedirecomodo.it\/cms\/wp-json\/wp\/v2\/pages"}],"about":[{"href":"https:\/\/www.spedirecomodo.it\/cms\/wp-json\/wp\/v2\/types\/page"}],"author":[{"embeddable":true,"href":"https:\/\/www.spedirecomodo.it\/cms\/wp-json\/wp\/v2\/users\/7"}],"replies":[{"embeddable":true,"href":"https:\/\/www.spedirecomodo.it\/cms\/wp-json\/wp\/v2\/comments?post=6243"}],"version-history":[{"count":2,"href":"https:\/\/www.spedirecomodo.it\/cms\/wp-json\/wp\/v2\/pages\/6243\/revisions"}],"predecessor-version":[{"id":8631,"href":"https:\/\/www.spedirecomodo.it\/cms\/wp-json\/wp\/v2\/pages\/6243\/revisions\/8631"}],"wp:attachment":[{"href":"https:\/\/www.spedirecomodo.it\/cms\/wp-json\/wp\/v2\/media?parent=6243"}],"wp:term":[{"taxonomy":"category","embeddable":true,"href":"https:\/\/www.spedirecomodo.it\/cms\/wp-json\/wp\/v2\/categories?post=6243"},{"taxonomy":"post_tag","embeddable":true,"href":"https:\/\/www.spedirecomodo.it\/cms\/wp-json\/wp\/v2\/tags?post=6243"}],"curies":[{"name":"wp","href":"https:\/\/api.w.org\/{rel}","templated":true}]}}