{"id":6434,"date":"2021-03-10T22:49:55","date_gmt":"2021-03-10T21:49:55","guid":{"rendered":"https:\/\/www.spedirecomodo.it\/cms\/?page_id=6434"},"modified":"2021-03-29T16:56:50","modified_gmt":"2021-03-29T14:56:50","slug":"vinted-come-vendere","status":"publish","type":"page","link":"https:\/\/www.spedirecomodo.it\/cms\/vinted-come-vendere\/","title":{"rendered":"Vinted come vendere"},"content":{"rendered":"\n<div class=\"wp-block-ugb-feature ugb-feature ugb-ac705ec ugb-feature--v2 ugb-feature--design-plain ugb-main-block\"><div class=\"ugb-inner-block\"><div class=\"ugb-block-content\"><div class=\"ugb-feature__item\"><div class=\"ugb-feature__content\"><h2 class=\"ugb-feature__title\">Chi \u00e8 Vinted<\/h2><p class=\"ugb-feature__description\"><strong>Vinted<\/strong>&nbsp;\u00e8 una piattaforma online&nbsp;<strong>gratuita<\/strong> con 37 milioni di iscritti in tutta Europa.<br>Vinted permette di vendere, scambiare e acquistare abbigliamento e accessori di seconda mano senza pagare alcuna commissione.<br>Vinted \u00e8 facile, veloce e sicuro,&nbsp;ed&nbsp;\u00e8 perfetto per tutti coloro che vogliono vendere&nbsp;<strong>vestiti, scarpe e accessori<\/strong>&nbsp;che non utilizzano pi\u00f9 e per chi desidera acquistare capi di seconda mano in ottime condizioni.&nbsp;<\/p><div class=\"ugb-button-container\"><a class=\"ugb-button ugb-button--size-normal ugb--hover-effect-scale-more ugb-button--design-ghost\" href=\"https:\/\/www.spedirecomodo.it\/cms\/vinted-come-spedire\/\" rel=\"\" title=\"\"><span class=\"ugb-button--inner\">Come spedire<\/span><\/a><\/div><\/div><div class=\"ugb-feature__image-side\"><img class=\"ugb-feature__image ugb-img wp-image-6022\" src=\"\/cms\/wp-content\/uploads\/2021\/02\/Vinted.png\" alt=\"Come spedire con Vinted\" height=\"138\" srcset=\"https:\/\/www.spedirecomodo.it\/cms\/wp-content\/uploads\/2021\/02\/Vinted.png 362w, https:\/\/www.spedirecomodo.it\/cms\/wp-content\/uploads\/2021\/02\/Vinted-300x115.png 300w\" sizes=\"(max-width: 362px) 100vw, 362px\" \/><\/div><\/div><\/div><\/div><\/div>\n\n\n\n<hr class=\"wp-block-separator\"\/>\n\n\n\n<h3>Vendere su Vinted \u00e8 facile e gratuito<\/h3>\n\n\n\n<p>Il punto forte di&nbsp;<strong>Vinted<\/strong>&nbsp;\u00e8 l\u2019assenza di commissioni per chi vende e acquista.<\/p>\n\n\n\n<p>Altro punto di forza consiste nella possibilit\u00e0 di utilizzare il&nbsp;<strong>corriere convenzionato con Vinted<\/strong>&nbsp;che \u00e8&nbsp;<strong>UPS Access Point<\/strong>, che comporta per\u00f2 lo <strong>svantaggio<\/strong> di recarsi presso un punto UPS con i propri pacchi per poterli spedire agli acquirenti.<\/p>\n\n\n\n<p>Ancora pi\u00f9 interessante \u00e8 la possibilit\u00e0 di selezionare la <strong>spedizione personalizzata <\/strong>che prevede di scegliere un corriere preferito con ritiro a domicilio e, soprattutto, decidere il prezzo della spedizione che accompagna l&#8217;articolo.<\/p>\n\n\n\n<p>Con questa possibilit\u00e0 potrai stabilire quanto dovr\u00e0 pagare l&#8217;acquirente per ricevere il tuo articolo. Questa opzione ti consente di valutare se applicare un <strong>costo di spedizione attraente per l&#8217;acquirente<\/strong> oppure di decidere per la spedizione gratuita.<\/p>\n\n\n\n<div style=\"height:20px\" aria-hidden=\"true\" class=\"wp-block-spacer\"><\/div>\n\n\n\r\n<div class=\"ship-now-calltoaction text-center\">\r\n    <span class=\"title\">Spedisci ora!<\/span>\r\n    <div class=\"rounded-div\">\r\n        <button data-toggle=\"modal\" class=\"ship-now btn-primary-sc\">Continua<\/button>\r\n    <\/div>\r\n    <span class=\"subtitle\">Inserisci i dati e spedisci in pochi click!<\/span>\r\n<\/div>\r\n\n\n\n\n<hr class=\"wp-block-separator\"\/>\n\n\n\n<div class=\"wp-block-ugb-feature ugb-feature ugb-56c6cfa ugb-feature--v2 ugb-feature--design-plain ugb-main-block\"><div class=\"ugb-inner-block\"><div class=\"ugb-block-content\"><div class=\"ugb-feature__item\"><div class=\"ugb-feature__content\"><h2 class=\"ugb-feature__title\">Come creare un annuncio Vinted gratis<\/h2><p class=\"ugb-feature__description\">Scarica l\u2019app Vinted oppure accedi al sito da un PC Desktop. Fai una o pi\u00f9 foto all\u2019articolo, descrivilo e inserisci il prezzo. Clicca su \u201cCarica\u201d e il tuo annuncio \u00e8 online.<\/p><\/div><div class=\"ugb-feature__image-side\"><img class=\"ugb-feature__image ugb-img wp-image-6442\" src=\"\/cms\/wp-content\/uploads\/2021\/03\/Vendere-su-Vinted.png\" alt=\"Come vendere su Vinted\" height=\"276\" srcset=\"https:\/\/www.spedirecomodo.it\/cms\/wp-content\/uploads\/2021\/03\/Vendere-su-Vinted.png 1004w, https:\/\/www.spedirecomodo.it\/cms\/wp-content\/uploads\/2021\/03\/Vendere-su-Vinted-300x198.png 300w, https:\/\/www.spedirecomodo.it\/cms\/wp-content\/uploads\/2021\/03\/Vendere-su-Vinted-768x506.png 768w\" sizes=\"(max-width: 1004px) 100vw, 1004px\" \/><\/div><\/div><\/div><\/div><\/div>\n\n\n\n<hr class=\"wp-block-separator\"\/>\n\n\n\n<p>Ecco cosa devi fare per <strong>caricare un articolo<\/strong> da vendere su Vinted:<\/p>\n\n\n\n<ol><li>Aggiungi da una a venti foto nitide e di buona qualit\u00e0<\/li><li>Crea un titolo e&nbsp;descrivi il tuo articolo&nbsp;con pi\u00f9 dettagli possibili<\/li><li>Scegli&nbsp;la&nbsp;categoria a cui appartiene l&#8217;articolo.&nbsp;A seconda di questa, dovrai specificare alcune caratteristiche elencate di seguito:<ul><li>Brand<\/li><li>Condizione<\/li><li>Taglia<\/li><li>Colore<\/li><li>Materiale (con cosa \u00e8 realizzato l&#8217;articolo?)<\/li><li>ISBN (per i libri)<\/li><\/ul><\/li><li>Inserisci un prezzo competitivo<\/li><li>Seleziona se desideri scambiare questo articolo<\/li><li>Inerisci le&nbsp;dimensioni del pacco.<\/li><\/ol>\n\n\n\n<hr class=\"wp-block-separator\"\/>\n\n\n\n<h3>Come specificare le condizioni dell\u2019articolo<\/h3>\n\n\n\n<p>La condizione dell&#8217;articolo consente agli utenti di filtrare il catalogo e trovare pi\u00f9 facilmente gli articoli di interesse. Per questo motivo, \u00e8 importante decidere realisticamente in quale delle seguenti condizioni rientra l&#8217;articolo da vendere su Vinted.<\/p>\n\n\n\n<p><strong>Nuovo con cartellino<\/strong>: Proprio come se fosse ancora in negozio. L&#8217;articolo ha ancora i cartellini e\/o \u00e8 ancora nella confezione originale. Non \u00e8 mai stato utilizzato e non presenta difetti.<\/p>\n\n\n\n<p><strong>Nuovo&nbsp;senza cartellino<\/strong>: L&#8217;articolo \u00e8 nuovo, ma i cartellini o la confezione originale non sono disponibili. Non \u00e8 mai stato utilizzato e non presenta difetti.<\/p>\n\n\n\n<p><strong>Ottime<\/strong>:&nbsp;L&#8217;articolo \u00e8 stato utilizzato qualche volta, ma \u00e8 ancora in ottime condizioni. Pu\u00f2 presentare qualche piccola imperfezione, che \u00e8 ben visibile e indicata nel tuo annuncio.<\/p>\n\n\n\n<p><strong>Buone<\/strong>:&nbsp;L&#8217;articolo \u00e8 stato utilizzato pi\u00f9 volte e presenta alcuni segni di usura, ben visibili e indicati nel tuo annuncio.<\/p>\n\n\n\n<p><strong>Discrete<\/strong>:&nbsp;Utilizzato molte volte e presenta difetti, ben visibili e segnalati nella descrizione.<\/p>\n\n\n\n<p>Attenzione che gli acquirenti potrebbero annullare l&#8217;ordine e&nbsp;restituire l&#8217;articolo&nbsp;se la sua condizione \u00e8&nbsp;diversa di quella indicata nel tuo annuncio. Ti suggeriamo di scegliere una condizione peggiore in caso di dubbi.<\/p>\n\n\n\n<hr class=\"wp-block-separator\"\/>\n\n\n\n<div class=\"wp-block-ugb-feature ugb-feature ugb-37abf34 ugb-feature--v2 ugb-feature--design-plain ugb-main-block\"><div class=\"ugb-inner-block\"><div class=\"ugb-block-content\"><div class=\"ugb-feature__item\"><div class=\"ugb-feature__content\"><h2 class=\"ugb-feature__title\">Come spedire un articolo su Vinted<\/h2><p class=\"ugb-feature__description\">Le <strong>spese di spedizione<\/strong> su Vinted sono sempre a carico dell\u2019acquirente. L\u2019importo totale che pagher\u00e0 l\u2019acquirente \u00e8 dato dal prezzo dell\u2019articolo pi\u00f9 le spese di spedizione che hai indicato nell&#8217;annuncio.<\/p><div class=\"ugb-button-container\"><a class=\"ugb-button ugb-button--size-normal ugb-button--design-ghost\" href=\"https:\/\/www.spedirecomodo.it\/cms\/vinted-come-spedire\/\" rel=\"\" title=\"\"><span class=\"ugb-button--inner\">Come Spedire<\/span><\/a><\/div><\/div><div class=\"ugb-feature__image-side\"><img class=\"ugb-feature__image ugb-img wp-image-6448\" src=\"\/cms\/wp-content\/uploads\/2021\/03\/Vinted-come-spedire.png\" alt=\"Come spedire su Vinted\" height=\"276\" srcset=\"https:\/\/www.spedirecomodo.it\/cms\/wp-content\/uploads\/2021\/03\/Vinted-come-spedire.png 622w, https:\/\/www.spedirecomodo.it\/cms\/wp-content\/uploads\/2021\/03\/Vinted-come-spedire-300x198.png 300w\" sizes=\"(max-width: 622px) 100vw, 622px\" \/><\/div><\/div><\/div><\/div><\/div>\n\n\n\n<hr class=\"wp-block-separator\"\/>\n\n\n\n<p>Con la <strong>spedizione personalizzata<\/strong> dovrai anticipare le spese di spedizione che ti verranno comunque rimborsate con l&#8217;accredito dell&#8217;importo totale pagato dall&#8217;acquirente una volta conclusa la vendita.<\/p>\n\n\n\n<p>Vinted ha creato diverse modalit\u00e0 di spedizione, cos\u00ec da incontrare un po\u2019 tutte le necessit\u00e0 dei venditori e degli acquirenti.<\/p>\n\n\n\n<hr class=\"wp-block-separator\"\/>\n\n\n\n<h3>Spedizione con etichetta prepagata UPS creata su Vinted<\/h3>\n\n\n\n<p>Il primo metodo \u00e8 quello che&nbsp;utilizza il <strong>servizio prepagato UPS<\/strong> che offre tre tipologie di pacchi tra cui scegliere quando si mette in vendita un articolo:&nbsp;<strong>piccolo<\/strong>&nbsp;(0,5 Kg e Volume max 5.000 cm3),&nbsp;<strong>medio<\/strong>&nbsp;(1 Kg e Volume max 5.000 cm3) e&nbsp;<strong>grande<\/strong>&nbsp;(2 Kg e Volume max 10.000 cm3).<\/p>\n\n\n\n<p>Queste&nbsp;tre soluzioni differiscono,&nbsp;oltre che per peso e volume della spedizione,&nbsp;ovviamente&nbsp;anche per il prezzo.<\/p>\n\n\n\n<p>Per inviare il pacco con modalit\u00e0 UPS avrete&nbsp;<strong>5 giorni lavorativi<\/strong>&nbsp;dalla data della vendita.<\/p>\n\n\n\n<p>Per spedirlo&nbsp;per\u00f2&nbsp;<strong>dovrete portarlo voi in un&nbsp;punto di ritiro UPS<\/strong>, non \u00e8 infatti possibile prenotare un ritiro a casa, questo \u00e8 il&nbsp;<strong>difetto<\/strong>&nbsp;di scegliere la modalit\u00e0 proposta da Vinted.<\/p>\n\n\n\n<hr class=\"wp-block-separator\"\/>\n\n\n\n<h3>Spedizione Vinted personalizzata con Spedirecomodo<\/h3>\n\n\n\n<p>Se&nbsp;<strong>non avete tempo di recarvi<\/strong>&nbsp;presso un punto di ritiro UPS, oppure \u00e8&nbsp;<strong>troppo lontano e scomodo<\/strong>, o ancora il vostro&nbsp;<strong>pacco supera peso e dimensioni previste<\/strong>&nbsp;dalla modalit\u00e0 con UPS, potete scegliere la <strong>spedizione personalizzata<\/strong>.<\/p>\n\n\n\n<p>Per usare la spedizione personalizzata,&nbsp;<strong>con ritiro al vostro domicilio<\/strong>,&nbsp;sar\u00e0 sufficiente impostare un prezzo per la spedizione nazionale e uno per quella internazionale.<\/p>\n\n\n\n<p>I passaggi sono praticamente gli stessi dell\u2019altra modalit\u00e0 di spedizione, l\u2019unica differenza \u00e8 che dovrete successivamente inviare all\u2019acquirente il link della spedizione prenotata con Spedirecomodo.<\/p>\n\n\n\n<p>A tutto il resto ci penser\u00e0 Spedirecomodo. Il corriere prescelto eseguir\u00e0 il&nbsp;<strong>ritiro presso il tuo domicilio<\/strong>&nbsp;<strong>e in 24\/48 ore il pacco sar\u00e0 consegnato al destinatario.<\/strong><\/p>\n\n\n\n<div style=\"height:20px\" aria-hidden=\"true\" class=\"wp-block-spacer\"><\/div>\n\n\n\r\n<div class=\"ship-now-calltoaction text-center\">\r\n    <span class=\"title\">Spedisci ora!<\/span>\r\n    <div class=\"rounded-div\">\r\n        <button data-toggle=\"modal\" class=\"ship-now btn-primary-sc\">Continua<\/button>\r\n    <\/div>\r\n    <span class=\"subtitle\">Inserisci i dati e spedisci in pochi click!<\/span>\r\n<\/div>\r\n\n\n\n\n<hr class=\"wp-block-separator\"\/>\n\n\n\n<div class=\"wp-block-ugb-feature ugb-feature ugb-6699ed6 ugb-feature--v2 ugb-feature--design-plain ugb-main-block\"><div class=\"ugb-inner-block\"><div class=\"ugb-block-content\"><div class=\"ugb-feature__item\"><div class=\"ugb-feature__content\"><h2 class=\"ugb-feature__title\">Come ricevere il pagamento da Vinted<\/h2><p class=\"ugb-feature__description\">Per vendere su Vinted non ci sono commissioni: quello che guadagni \u00e8 tutto tuo. Riceverai il pagamento appena l\u2019acquirente confermer\u00e0 che ha ricevuto l&#8217;articolo ed \u00e8 soddisfatto dell&#8217;acquisto.<\/p><\/div><div class=\"ugb-feature__image-side\"><img class=\"ugb-feature__image ugb-img wp-image-6445\" src=\"\/cms\/wp-content\/uploads\/2021\/03\/Vinted-come-funziona-pagameto.png\" alt=\"Vinted come funziona il pagamento\" height=\"298\" srcset=\"https:\/\/www.spedirecomodo.it\/cms\/wp-content\/uploads\/2021\/03\/Vinted-come-funziona-pagameto.png 708w, https:\/\/www.spedirecomodo.it\/cms\/wp-content\/uploads\/2021\/03\/Vinted-come-funziona-pagameto-300x214.png 300w\" sizes=\"(max-width: 708px) 100vw, 708px\" \/><\/div><\/div><\/div><\/div><\/div>\n\n\n\n<hr class=\"wp-block-separator\"\/>\n\n\n\n<p>Riceverai i pagamenti dagli acquirenti e li vedrai disponibili nel tuo <strong>saldo Vinted<\/strong>&nbsp;che \u00e8 il borsellino elettronico dove vengono <strong>trasferiti e conservati in modo sicuro i guadagni delle tue vendite<\/strong>, indipendentemente dal metodo di pagamento utilizzato da chi compra.<\/p>\n\n\n\n<p>Ecco come funzionano i pagamenti su Vinted:<\/p>\n\n\n\n<p>L\u2019acquirente paga l\u2019articolo&nbsp;e il pagamento appare come \u201c<strong>saldo in sospeso<\/strong>\u201d nel tuo Saldo Vinted.<\/p>\n\n\n\n<p>L\u2019acquirente preme su&nbsp;<strong>Tutto a posto<\/strong>&nbsp;dopo aver ricevuto l\u2019articolo (oppure due giorni dopo la consegna, se l\u2019acquirente non segnala problemi). A quel punto l\u2019ordine \u00e8 concluso e il pagamento passa da \u201csaldo in sospeso\u201d a \u201c<strong>saldo disponibile<\/strong>\u201d.<\/p>\n\n\n\n<p>Quando il pagamento sar\u00e0 disponibile sul Saldo Vinted, potrai usarlo per fare acquisti su Vinted oppure trasferirlo sul tuo conto corrente.<\/p>\n\n\n\n<hr class=\"wp-block-separator\"\/>\n\n\n\n<p>Se vuoi maggiori informazioni e utili consigli per spedire subito pacchi oppure suggerimenti su come preparare un pacco consulta il&nbsp;<strong><a rel=\"noreferrer noopener\" href=\"https:\/\/www.spedirecomodo.it\/cms\/il-blog-di-spedirecomodo\/\" target=\"_blank\">Blog di Spedirecomodo<\/a><\/strong>.<\/p>\n\n\n\n<p>Se vuoi informazioni e consigli su come realizzare un ecommerce di successo visita&nbsp;<strong><a rel=\"noreferrer noopener\" class=\"rank-math-link\" href=\"https:\/\/www.metaxy.eu\/\" target=\"_blank\"><span style=\"text-decoration: underline;\">M<\/span><\/a><\/strong><a rel=\"noreferrer noopener\" class=\"rank-math-link\" href=\"https:\/\/www.metaxy.eu\/\" target=\"_blank\"><strong><span style=\"text-decoration: underline;\">etaxy<\/span><\/strong><\/a>.<\/p>\n\n\n\n<p><strong><a class=\"rank-math-link\" href=\"https:\/\/www.spedirecomodo.it\/cms\/paccofacile\/\"><span style=\"text-decoration: underline;\">Pacco facile online<\/span><\/a><\/strong>,&nbsp;<strong><a class=\"rank-math-link\" href=\"https:\/\/www.spedirecomodo.it\/cms\/iospedisco\/\"><span style=\"text-decoration: underline;\">io spedisco adesso<\/span><\/a><\/strong>,&nbsp;<strong><a class=\"rank-math-link\" href=\"https:\/\/www.spedirecomodo.it\/cms\/spediamo\/\"><span style=\"text-decoration: underline;\">spediamo subito<\/span><\/a><\/strong>, spedizioni economiche con Spedirecomodo.<\/p>\n\n\n\n<div style=\"height:50px\" aria-hidden=\"true\" class=\"wp-block-spacer\"><\/div>\n\n\n\n<p><\/p>\n<style class=\"advgb-styles-renderer\">.ugb-ac705ec .ugb-button .ugb-button--inner{font-size:18px !important}.ugb-ac705ec .ugb-button{padding-top:10px;padding-right:26px;padding-bottom:10px;padding-left:26px;border-radius:5px !important}.ugb-ac705ec .ugb-button:before{border-radius:5px !important}@media screen and (min-width:768px){.ugb-ac705ec .ugb-img{border-radius:5px;width:360px;height:auto !important}}@media screen and (max-width:768px){.ugb-ac705ec .ugb-img{width:285px;height:auto !important}}@media screen and (min-width:768px){.ugb-56c6cfa .ugb-img{width:420px;height:auto !important}}@media screen and (min-width:768px) and (max-width:1025px){.ugb-56c6cfa .ugb-img{width:420px;height:auto !important}}@media screen and (max-width:768px){.ugb-56c6cfa .ugb-img{width:285px;height:auto !important}}.ugb-37abf34 .ugb-button .ugb-button--inner{font-size:18px !important}.ugb-37abf34 .ugb-button{padding-top:10px;padding-right:25px;padding-bottom:10px;padding-left:25px;border-radius:5px !important}.ugb-37abf34 .ugb-button:before{border-radius:5px !important}@media screen and (min-width:768px){.ugb-37abf34 .ugb-img{width:420px;height:auto !important}}@media screen and (min-width:768px) and (max-width:1025px){.ugb-37abf34 .ugb-img{width:420px;height:auto !important}}@media screen and (max-width:768px){.ugb-37abf34 .ugb-img{width:285px;height:auto !important}}@media screen and (min-width:768px){.ugb-6699ed6 .ugb-img{width:420px;height:auto !important}}@media screen and (min-width:768px) and (max-width:1025px){.ugb-6699ed6 .ugb-img{width:420px;height:auto !important}}@media screen and (max-width:768px){.ugb-6699ed6 .ugb-img{width:285px;height:auto !important}}<\/style>","protected":false},"excerpt":{"rendered":"<p>Chi \u00e8 Vinted Vinted&nbsp;\u00e8 una piattaforma online&nbsp;gratuita con 37 milioni di iscritti in tutta Europa.Vinted permette di vendere, scambiare e acquistare abbigliamento e accessori di seconda mano senza pagare alcuna commissione.Vinted \u00e8 facile, veloce e sicuro,&nbsp;ed&nbsp;\u00e8 perfetto per tutti coloro che vogliono vendere&nbsp;vestiti, scarpe e accessori&nbsp;che non utilizzano pi\u00f9 e per chi desidera acquistare capi [&hellip;]<\/p>\n","protected":false},"author":7,"featured_media":0,"parent":0,"menu_order":0,"comment_status":"closed","ping_status":"closed","template":"index-trustpilot.php","meta":{"advgb_blocks_editor_width":"","advgb_blocks_columns_visual_guide":""},"categories":[],"tags":[],"featured_image_urls":{"full":"","thumbnail":"","medium":"","medium_large":"","large":"","1536x1536":"","2048x2048":""},"post_excerpt_stackable":"<p>Chi \u00e8 VintedVinted&nbsp;\u00e8 una piattaforma online&nbsp;gratuita con 37 milioni di iscritti in tutta Europa.Vinted permette di vendere, scambiare e acquistare abbigliamento e accessori di seconda mano senza pagare alcuna commissione.Vinted \u00e8 facile, veloce e sicuro,&nbsp;ed&nbsp;\u00e8 perfetto per tutti coloro che vogliono vendere&nbsp;vestiti, scarpe e accessori&nbsp;che non utilizzano pi\u00f9 e per chi desidera acquistare capi di seconda mano in ottime condizioni.&nbsp;Come spedire Vendere su Vinted \u00e8 facile e gratuito Il punto forte di&nbsp;Vinted&nbsp;\u00e8 l\u2019assenza di commissioni per chi vende e acquista. Altro punto di forza consiste nella possibilit\u00e0 di utilizzare il&nbsp;corriere convenzionato con Vinted&nbsp;che \u00e8&nbsp;UPS Access Point, che comporta per\u00f2 lo&hellip;<\/p>\n","category_list":"Senza categoria","author_info":{"name":"Sebastiano Torcellan","url":"https:\/\/www.spedirecomodo.it\/cms\/author\/sebastiano-torcellan\/"},"comments_num":"0 commenti","featured_image_urls_v2":{"full":"","thumbnail":"","medium":"","medium_large":"","large":"","1536x1536":"","2048x2048":""},"post_excerpt_stackable_v2":"<p>Chi \u00e8 VintedVinted&nbsp;\u00e8 una piattaforma online&nbsp;gratuita con 37 milioni di iscritti in tutta Europa.Vinted permette di vendere, scambiare e acquistare abbigliamento e accessori di seconda mano senza pagare alcuna commissione.Vinted \u00e8 facile, veloce e sicuro,&nbsp;ed&nbsp;\u00e8 perfetto per tutti coloro che vogliono vendere&nbsp;vestiti, scarpe e accessori&nbsp;che non utilizzano pi\u00f9 e per chi desidera acquistare capi di seconda mano in ottime condizioni.&nbsp;Come spedire Vendere su Vinted \u00e8 facile e gratuito Il punto forte di&nbsp;Vinted&nbsp;\u00e8 l\u2019assenza di commissioni per chi vende e acquista. Altro punto di forza consiste nella possibilit\u00e0 di utilizzare il&nbsp;corriere convenzionato con Vinted&nbsp;che \u00e8&nbsp;UPS Access Point, che comporta per\u00f2 lo&hellip;<\/p>\n","category_list_v2":"Senza categoria","author_info_v2":{"name":"Sebastiano Torcellan","url":"https:\/\/www.spedirecomodo.it\/cms\/author\/sebastiano-torcellan\/"},"comments_num_v2":"0 commenti","coauthors":[],"author_meta":{"author_link":"https:\/\/www.spedirecomodo.it\/cms\/author\/sebastiano-torcellan\/","display_name":"Sebastiano Torcellan"},"relative_dates":{"created":"Pubblicato 5 anni fa","modified":"Aggiornato 5 anni fa"},"absolute_dates":{"created":"Pubblicato il 10 Marzo 2021","modified":"Aggiornato il 29 Marzo 2021"},"absolute_dates_time":{"created":"Pubblicato il 10 Marzo 2021 22:49","modified":"Aggiornato il 29 Marzo 2021 16:56"},"featured_img_caption":"","featured_img":false,"series_order":"","_links":{"self":[{"href":"https:\/\/www.spedirecomodo.it\/cms\/wp-json\/wp\/v2\/pages\/6434"}],"collection":[{"href":"https:\/\/www.spedirecomodo.it\/cms\/wp-json\/wp\/v2\/pages"}],"about":[{"href":"https:\/\/www.spedirecomodo.it\/cms\/wp-json\/wp\/v2\/types\/page"}],"author":[{"embeddable":true,"href":"https:\/\/www.spedirecomodo.it\/cms\/wp-json\/wp\/v2\/users\/7"}],"replies":[{"embeddable":true,"href":"https:\/\/www.spedirecomodo.it\/cms\/wp-json\/wp\/v2\/comments?post=6434"}],"version-history":[{"count":0,"href":"https:\/\/www.spedirecomodo.it\/cms\/wp-json\/wp\/v2\/pages\/6434\/revisions"}],"wp:attachment":[{"href":"https:\/\/www.spedirecomodo.it\/cms\/wp-json\/wp\/v2\/media?parent=6434"}],"wp:term":[{"taxonomy":"category","embeddable":true,"href":"https:\/\/www.spedirecomodo.it\/cms\/wp-json\/wp\/v2\/categories?post=6434"},{"taxonomy":"post_tag","embeddable":true,"href":"https:\/\/www.spedirecomodo.it\/cms\/wp-json\/wp\/v2\/tags?post=6434"}],"curies":[{"name":"wp","href":"https:\/\/api.w.org\/{rel}","templated":true}]}}