{"id":6455,"date":"2021-03-11T18:31:34","date_gmt":"2021-03-11T17:31:34","guid":{"rendered":"https:\/\/www.spedirecomodo.it\/cms\/?page_id=6455"},"modified":"2021-04-10T21:49:32","modified_gmt":"2021-04-10T19:49:32","slug":"come-spedire-un-reso-amazon","status":"publish","type":"page","link":"https:\/\/www.spedirecomodo.it\/cms\/come-spedire-un-reso-amazon\/","title":{"rendered":"Come spedire un reso Amazon"},"content":{"rendered":"\n<div class=\"wp-block-ugb-feature ugb-feature ugb-bbe1fff ugb-feature--v2 ugb-feature--design-plain ugb-main-block\"><div class=\"ugb-inner-block\"><div class=\"ugb-block-content\"><div class=\"ugb-feature__item\"><div class=\"ugb-feature__content\"><h2 class=\"ugb-feature__title\">Come restituire un acquisto Amazon in modo veloce e comodo da casa<\/h2><p class=\"ugb-feature__description\">Sono molte le motivazioni per cui un utente potrebbe aver bisogno di&nbsp;<strong>spedire un reso<\/strong>&nbsp;di un prodotto acquistato online.<br>Uno dei motivi per cui tra i vari&nbsp;<strong>marketplace online Amazon<\/strong>&nbsp;resta il pi\u00f9 apprezzato \u00e8 proprio la sua&nbsp;<strong>politica di reso<\/strong>.<br>Restituire un prodotto e ottenere il relativo rimborso \u00e8 facile, veloce, comodo e molto spesso gratuito.<br>Spedire un reso Amazon con Spedirecomodo \u00e8 facile ed economico se il tuo acquisto proviene da un venditore terzo.<\/p><div class=\"ugb-button-container\"><a class=\"ugb-button ugb-button--size-normal ugb--hover-effect-scale\" href=\"mailto:info@spedirecomodo.it?subject=Desidero informazioni su come spedire un reso Amazon\" rel=\"\" title=\"\"><span class=\"ugb-button--inner\">Serve aiuto?<\/span><\/a><\/div><\/div><div class=\"ugb-feature__image-side\"><img class=\"ugb-feature__image ugb-img wp-image-6457\" src=\"\/cms\/wp-content\/uploads\/2021\/03\/Amazon-Reso-2048x1280.jpeg\" alt=\"Come spedire un reso Amazon\" height=\"262\" srcset=\"https:\/\/www.spedirecomodo.it\/cms\/wp-content\/uploads\/2021\/03\/Amazon-Reso-2048x1280.jpeg 2048w, https:\/\/www.spedirecomodo.it\/cms\/wp-content\/uploads\/2021\/03\/Amazon-Reso-300x188.jpeg 300w, https:\/\/www.spedirecomodo.it\/cms\/wp-content\/uploads\/2021\/03\/Amazon-Reso-768x480.jpeg 768w, https:\/\/www.spedirecomodo.it\/cms\/wp-content\/uploads\/2021\/03\/Amazon-Reso-1536x960.jpeg 1536w\" sizes=\"(max-width: 2048px) 100vw, 2048px\" \/><\/div><\/div><\/div><\/div><\/div>\n\n\n\n<hr class=\"wp-block-separator\"\/>\n\n\n\n<h3>Cosa fare per spedire un reso Amazon<\/h3>\n\n\n\n<p>Se siete tra coloro che ha fatto un&nbsp;<strong>acquisto sbagliato<\/strong>, o ha ricevuto un prodotto difettoso, oppure l&#8217;acquisto non \u00e8 conforme alle aspettative, questa \u00e8 la procedura da seguire per spedire un reso Amazon e ottenere il rispettivo rimborso.<\/p>\n\n\n\n<p>Il primo passo per restituire un prodotto \u00e8 avviare la procedura di reso sul sito di Amazon.<\/p>\n\n\n\n<p>Per farlo, \u00e8 necessario&nbsp;<strong>accedere al proprio account<\/strong> con le credenziali, aprire la pagina&nbsp;Resi<em> <\/em>e ordini, scorrere fino all&#8217;ordine che si vuole restituire e cliccare sulla voce&nbsp;<strong>Restituisci articoli<\/strong>.<\/p>\n\n\n\n<p>Si aprir\u00e0 una nuova finestra in cui, oltre ai dettagli dell&#8217;ordine, comparir\u00e0 il menu&nbsp;<strong>Motivazioni della richiesta<\/strong>, che offrir\u00e0 diverse opzioni tra cui poter scegliere per giustificare la richiesta di reso.<\/p>\n\n\n\n<p>Inserire un <strong>motivo valido per il reso<\/strong> \u00e8 molto importante e occorre essere chiari e precisi, affinch\u00e9 sia Amazon che i venditori di terze parti possano capire quali condizioni applicare.<\/p>\n\n\n\n<div style=\"height:20px\" aria-hidden=\"true\" class=\"wp-block-spacer\"><\/div>\n\n\n\r\n<div class=\"ship-now-calltoaction text-center\">\r\n    <span class=\"title\">Spedisci ora!<\/span>\r\n    <div class=\"rounded-div\">\r\n        <button data-toggle=\"modal\" class=\"ship-now btn-primary-sc\">Continua<\/button>\r\n    <\/div>\r\n    <span class=\"subtitle\">Inserisci i dati e spedisci in pochi click!<\/span>\r\n<\/div>\r\n\n\n\n\n<hr class=\"wp-block-separator\"\/>\n\n\n\n<h3>Politiche di reso Amazon: categorie escluse<\/h3>\n\n\n\n<p>Attenzione che la&nbsp;<strong>politica di reso<\/strong>&nbsp;Amazon prevede categorie di prodotti che sono escluse dalla restituzione, a meno che non siano presenti dei difetti o presentino un danno evidente.<\/p>\n\n\n\n<p>Ad esempio, non sar\u00e0 possibile restituire articoli&nbsp;<strong>confezionati su misura<\/strong>&nbsp;o personalizzati,&nbsp;<strong>che rischiano di scadere<\/strong>&nbsp;o di deteriorarsi rapidamente, oppure articoli sigillati che siano stati aperti dopo la consegna.<\/p>\n\n\n\n<p>Va sottolineato che i prodotti acquistati su Amazon devono essere <strong>restituiti nelle stesse condizioni<\/strong> in cui sono stati consegnati.<\/p>\n\n\n\n<p>Se avete acquistato un articolo nuovo e lo restituite, ad esempio, per il colore sbagliato, questo <strong>non dovr\u00e0 mostrare segni di usura o di danni<\/strong>. Oppure, se si restituisce un articolo perch\u00e9 difettoso, il difetto dovr\u00e0 essere evidente al momento del reso.<\/p>\n\n\n\n<hr class=\"wp-block-separator\"\/>\n\n\n\n<div class=\"wp-block-ugb-feature ugb-feature ugb-fc67577 ugb-feature--v2 ugb-feature--design-plain ugb-main-block\"><div class=\"ugb-inner-block\"><div class=\"ugb-block-content\"><div class=\"ugb-feature__item\"><div class=\"ugb-feature__content\"><h2 class=\"ugb-feature__title\">Spedizione di un reso Amazon: le modalit\u00e0<\/h2><p class=\"ugb-feature__description\">Le modalit\u00e0 di spedizione di un reso&nbsp;<strong>Amazon<\/strong>&nbsp;sono differenti, a seconda che l&#8217;articolo sia stato spedito da Amazon oppure acquistato sul&nbsp;<strong>Marketplace<\/strong>&nbsp;da venditori terzi e spedito direttamente da loro tipicamente in modalit\u00e0 FBM (Fulfillment by Merchant)<\/p><\/div><div class=\"ugb-feature__image-side\"><img class=\"ugb-feature__image ugb-img wp-image-6463\" src=\"\/cms\/wp-content\/uploads\/2021\/03\/Amazon-Spedire-Reso.jpeg\" alt=\"Spedizione Reso Amazon\" height=\"229\" srcset=\"https:\/\/www.spedirecomodo.it\/cms\/wp-content\/uploads\/2021\/03\/Amazon-Spedire-Reso.jpeg 990w, https:\/\/www.spedirecomodo.it\/cms\/wp-content\/uploads\/2021\/03\/Amazon-Spedire-Reso-300x164.jpeg 300w, https:\/\/www.spedirecomodo.it\/cms\/wp-content\/uploads\/2021\/03\/Amazon-Spedire-Reso-768x420.jpeg 768w\" sizes=\"(max-width: 990px) 100vw, 990px\" \/><\/div><\/div><\/div><\/div><\/div>\n\n\n\n<hr class=\"wp-block-separator\"\/>\n\n\n\n<h3>Spedizione di un reso Amazon FBA<\/h3>\n\n\n\n<p>Nel caso di un acquisto spedito da Amazon in modalit\u00e0 FBA (Fulfillment by Amazon) o Amazon Prime, dovrete&nbsp;<strong>stampare l&#8217;etichetta prepagata<\/strong>, impacchettare il prodotto come descritto nelle istruzioni ricevute e poi spedire il prodotto dall&#8217;ufficio postale oppure concordando il ritiro a domicilio.<\/p>\n\n\n\n<p>Se la restituzione riguarda un&nbsp;<strong>articolo danneggiato o difettoso<\/strong>, oppure da un qualsiasi errore compiuto da Amazon, non vi sar\u00e0 addebitato alcun costo.<\/p>\n\n\n\n<p>Se invece il reso dipende da\u00a0un <strong>vostro errore<\/strong>, Amazon potrebbe detrarre dal rimborso le spese di spedizione sostenute per la restituzione.<\/p>\n\n\n\n<hr class=\"wp-block-separator\"\/>\n\n\n\n<h3>Spedizione di un reso Amazon FBM<\/h3>\n\n\n\n<p>Nel caso in cui il prodotto sia stato spedito da&nbsp;<strong>un venditore terzo<\/strong>, quindi con il sistema FBM, le modalit\u00e0 di restituzione del pacco potrebbero essere differenti da quelle di Amazon, poich\u00e9 definite dal&nbsp;<strong>venditore presente nel Marketplace<\/strong>, che invier\u00e0 all&#8217;utente via email le indicazioni per confezionare l&#8217;articolo chiedendovi di provvedere alla spedizione con Corriere Espresso.<\/p>\n\n\n\n<p>Ti consigliamo pertanto di scegliere un servizio di spedizione per il tuo reso Amazon come quello offerto da Spedirecomodo, che<strong>&nbsp;ti consente di selezionare i servizi di spedizione pacchi offerti dai migliori Corrieri Espresso<\/strong>, a prezzi economici e pi\u00f9 vantaggiosi, con un risparmio fino al 70% rispetto a quelli che ti verrebbero proposti dagli stessi corrieri espresso se contattati direttamente.<\/p>\n\n\n\n<div style=\"height:20px\" aria-hidden=\"true\" class=\"wp-block-spacer\"><\/div>\n\n\n\r\n<div class=\"ship-now-calltoaction text-center\">\r\n    <span class=\"title\">Spedisci ora!<\/span>\r\n    <div class=\"rounded-div\">\r\n        <button data-toggle=\"modal\" class=\"ship-now btn-primary-sc\">Continua<\/button>\r\n    <\/div>\r\n    <span class=\"subtitle\">Inserisci i dati e spedisci in pochi click!<\/span>\r\n<\/div>\r\n\n\n\n\n<hr class=\"wp-block-separator\"\/>\n\n\n\n<h3>Come ricevere il rimborso per un reso Amazon<\/h3>\n\n\n\n<p>La&nbsp;<strong>politica di reso<\/strong>&nbsp;Amazon Standard prevede che gli utenti abbiano diritto al rimborso entro&nbsp;<strong>trenta giorni<\/strong>&nbsp;dall&#8217;avvenuta consegna dell&#8217;articolo.<\/p>\n\n\n\n<p>Nel caso in cui l&#8217;utente ne abbia diritto, il rimborso verr\u00e0 emesso da Amazon attraverso due modalit\u00e0: sotto forma di&nbsp;<strong>buoni Amazon<\/strong>, oppure sul&nbsp;<strong>metodo di pagamento<\/strong>&nbsp;utilizzato per l&#8217;acquisto.<\/p>\n\n\n\n<p>Di solito, Amazon&nbsp;<strong>emette il rimborso<\/strong>&nbsp;dopo aver&nbsp;<strong>ricevuto nella propria sede il prodotto<\/strong>&nbsp;che avete restituito.<\/p>\n\n\n\n<p>A partire dal giorno dell&#8217;arrivo del prodotto nella sede Amazon, il rimborso sar\u00e0 emesso&nbsp;<strong>entro una settimana<\/strong>&nbsp;sul metodo di pagamento scelto dall&#8217;utente.<\/p>\n\n\n\n<hr class=\"wp-block-separator\"\/>\n\n\n\n<div class=\"wp-block-ugb-feature ugb-feature ugb-211c584 ugb-feature--v2 ugb-feature--design-plain ugb-main-block\"><div class=\"ugb-inner-block\"><div class=\"ugb-block-content\"><div class=\"ugb-feature__item\"><div class=\"ugb-feature__content\"><h2 class=\"ugb-feature__title\">Vendere su Amazon e spedire pacchi a prezzi economici<\/h2><p class=\"ugb-feature__description\">Spedire Comodo&nbsp;\u00e8 un sito WEB di <strong>confronto prezzi spedizione<\/strong> facile ed intuitivo che offre ai propri Clienti un&nbsp;<strong>Servizio<\/strong>&nbsp;completo e affidabile di supporto e assistenza a tutte le attivit\u00e0 connesse alle <strong>Spedizioni<\/strong> Pacchi e Buste in <strong>Italia<\/strong> e <strong><a href=\"https:\/\/www.spedirecomodo.it\/cms\/spedizioni-internazionali\/\"><span style=\"text-decoration: underline;\">all&#8217;estero<\/span><\/a><\/strong>.<\/p><div class=\"ugb-button-container\"><a class=\"ugb-button ugb-button--size-normal ugb--hover-effect-scale-more\" href=\"https:\/\/www.spedirecomodo.it\/cms\/tariffe-spedizioni-economiche\/\" rel=\"\" title=\"\"><span class=\"ugb-button--inner\">Scopri le Tariffe<\/span><\/a><\/div><\/div><div class=\"ugb-feature__image-side\"><img class=\"ugb-feature__image ugb-img wp-image-4531\" src=\"https:\/\/www.spedirecomodo.it\/cms\/wp-content\/uploads\/2020\/03\/Confronto-Prezzi-Spedizioni.png\" alt=\"Confronto Prezzi Spedizioni\" height=\"286\" srcset=\"https:\/\/www.spedirecomodo.it\/cms\/wp-content\/uploads\/2020\/03\/Confronto-Prezzi-Spedizioni.png 938w, https:\/\/www.spedirecomodo.it\/cms\/wp-content\/uploads\/2020\/03\/Confronto-Prezzi-Spedizioni-300x226.png 300w, https:\/\/www.spedirecomodo.it\/cms\/wp-content\/uploads\/2020\/03\/Confronto-Prezzi-Spedizioni-768x578.png 768w\" sizes=\"(max-width: 938px) 100vw, 938px\" \/><\/div><\/div><\/div><\/div><\/div>\n\n\n\n<hr class=\"wp-block-separator\"\/>\n\n\n\n<p>Se vuoi maggiori informazioni e utili consigli per spedire subito pacchi oppure suggerimenti su come preparare un pacco consulta il&nbsp;<strong><a rel=\"noreferrer noopener\" href=\"https:\/\/www.spedirecomodo.it\/cms\/il-blog-di-spedirecomodo\/\" target=\"_blank\">Blog di Spedirecomodo<\/a><\/strong>.<\/p>\n\n\n\n<p>Se vuoi informazioni e consigli su come realizzare un ecommerce di successo visita&nbsp;<strong><a rel=\"noreferrer noopener\" class=\"rank-math-link\" href=\"https:\/\/www.metaxy.eu\/\" target=\"_blank\"><span style=\"text-decoration: underline;\">M<\/span><\/a><\/strong><a rel=\"noreferrer noopener\" class=\"rank-math-link\" href=\"https:\/\/www.metaxy.eu\/\" target=\"_blank\"><strong><span style=\"text-decoration: underline;\">etaxy<\/span><\/strong><\/a>.<\/p>\n\n\n\n<p><strong><a href=\"https:\/\/www.spedirecomodo.it\/cms\/paccofacile\/\" class=\"rank-math-link\"><span style=\"text-decoration: underline;\">Pacco facile online<\/span><\/a><\/strong>,&nbsp;<strong><a href=\"https:\/\/www.spedirecomodo.it\/cms\/iospedisco\/\" class=\"rank-math-link\"><span style=\"text-decoration: underline;\">io spedisco adesso<\/span><\/a><\/strong>,&nbsp;<strong><span style=\"text-decoration: underline;\"><a href=\"https:\/\/www.spedirecomodo.it\/cms\/spediamo\/\" class=\"rank-math-link\">spediamo subito<\/a><\/span><\/strong> un reso Amazon, spedizioni economiche con Spedirecomodo.<\/p>\n\n\n\n<div style=\"height:50px\" aria-hidden=\"true\" class=\"wp-block-spacer\"><\/div>\n\n\n\n<p><\/p>\n<style class=\"advgb-styles-renderer\">.ugb-bbe1fff .ugb-button .ugb-button--inner{font-size:18px !important}.ugb-bbe1fff .ugb-button{padding-top:10px;padding-right:25px;padding-bottom:10px;padding-left:25px;border-radius:5px !important}.ugb-bbe1fff .ugb-button:before{border-radius:5px !important}@media screen and (min-width:768px){.ugb-bbe1fff .ugb-img{border-radius:5px;width:420px;height:auto !important}}@media screen and (min-width:768px) and (max-width:1025px){.ugb-bbe1fff .ugb-img{width:420px;height:auto !important}}@media screen and (max-width:768px){.ugb-bbe1fff .ugb-img{width:285px;height:auto !important}}@media screen and (min-width:768px){.ugb-fc67577 .ugb-img{border-radius:5px;width:420px;height:auto !important}}@media screen and (min-width:768px) and (max-width:1025px){.ugb-fc67577 .ugb-img{width:420px;height:auto !important}}@media screen and (max-width:768px){.ugb-fc67577 .ugb-img{width:285px;height:auto !important}}.ugb-211c584 .ugb-button .ugb-button--inner{font-size:18px !important}.ugb-211c584 .ugb-button{padding-top:10px;padding-right:26px;padding-bottom:10px;padding-left:26px;border-radius:5px !important}.ugb-211c584 .ugb-button:before{border-radius:5px !important}@media screen and (min-width:768px){.ugb-211c584 .ugb-img{border-radius:5px;width:380px;height:auto !important}}@media screen and (max-width:768px){.ugb-211c584 .ugb-img{width:285px;height:auto !important}}<\/style>","protected":false},"excerpt":{"rendered":"<p>Come restituire un acquisto Amazon in modo veloce e comodo da casa Sono molte le motivazioni per cui un utente potrebbe aver bisogno di&nbsp;spedire un reso&nbsp;di un prodotto acquistato online.Uno dei motivi per cui tra i vari&nbsp;marketplace online Amazon&nbsp;resta il pi\u00f9 apprezzato \u00e8 proprio la sua&nbsp;politica di reso.Restituire un prodotto e ottenere il relativo rimborso [&hellip;]<\/p>\n","protected":false},"author":7,"featured_media":0,"parent":0,"menu_order":0,"comment_status":"closed","ping_status":"closed","template":"index-trustpilot.php","meta":{"advgb_blocks_editor_width":"","advgb_blocks_columns_visual_guide":""},"categories":[],"tags":[],"featured_image_urls":{"full":"","thumbnail":"","medium":"","medium_large":"","large":"","1536x1536":"","2048x2048":""},"post_excerpt_stackable":"<p>Come restituire un acquisto Amazon in modo veloce e comodo da casaSono molte le motivazioni per cui un utente potrebbe aver bisogno di&nbsp;spedire un reso&nbsp;di un prodotto acquistato online.Uno dei motivi per cui tra i vari&nbsp;marketplace online Amazon&nbsp;resta il pi\u00f9 apprezzato \u00e8 proprio la sua&nbsp;politica di reso.Restituire un prodotto e ottenere il relativo rimborso \u00e8 facile, veloce, comodo e molto spesso gratuito.Spedire un reso Amazon con Spedirecomodo \u00e8 facile ed economico se il tuo acquisto proviene da un venditore terzo.Serve aiuto? Cosa fare per spedire un reso Amazon Se siete tra coloro che ha fatto un&nbsp;acquisto sbagliato, o ha ricevuto&hellip;<\/p>\n","category_list":"Senza categoria","author_info":{"name":"Sebastiano Torcellan","url":"https:\/\/www.spedirecomodo.it\/cms\/author\/sebastiano-torcellan\/"},"comments_num":"0 commenti","featured_image_urls_v2":{"full":"","thumbnail":"","medium":"","medium_large":"","large":"","1536x1536":"","2048x2048":""},"post_excerpt_stackable_v2":"<p>Come restituire un acquisto Amazon in modo veloce e comodo da casaSono molte le motivazioni per cui un utente potrebbe aver bisogno di&nbsp;spedire un reso&nbsp;di un prodotto acquistato online.Uno dei motivi per cui tra i vari&nbsp;marketplace online Amazon&nbsp;resta il pi\u00f9 apprezzato \u00e8 proprio la sua&nbsp;politica di reso.Restituire un prodotto e ottenere il relativo rimborso \u00e8 facile, veloce, comodo e molto spesso gratuito.Spedire un reso Amazon con Spedirecomodo \u00e8 facile ed economico se il tuo acquisto proviene da un venditore terzo.Serve aiuto? Cosa fare per spedire un reso Amazon Se siete tra coloro che ha fatto un&nbsp;acquisto sbagliato, o ha ricevuto&hellip;<\/p>\n","category_list_v2":"Senza categoria","author_info_v2":{"name":"Sebastiano Torcellan","url":"https:\/\/www.spedirecomodo.it\/cms\/author\/sebastiano-torcellan\/"},"comments_num_v2":"0 commenti","coauthors":[],"author_meta":{"author_link":"https:\/\/www.spedirecomodo.it\/cms\/author\/sebastiano-torcellan\/","display_name":"Sebastiano Torcellan"},"relative_dates":{"created":"Pubblicato 5 anni fa","modified":"Aggiornato 5 anni fa"},"absolute_dates":{"created":"Pubblicato il 11 Marzo 2021","modified":"Aggiornato il 10 Aprile 2021"},"absolute_dates_time":{"created":"Pubblicato il 11 Marzo 2021 18:31","modified":"Aggiornato il 10 Aprile 2021 21:49"},"featured_img_caption":"","featured_img":false,"series_order":"","_links":{"self":[{"href":"https:\/\/www.spedirecomodo.it\/cms\/wp-json\/wp\/v2\/pages\/6455"}],"collection":[{"href":"https:\/\/www.spedirecomodo.it\/cms\/wp-json\/wp\/v2\/pages"}],"about":[{"href":"https:\/\/www.spedirecomodo.it\/cms\/wp-json\/wp\/v2\/types\/page"}],"author":[{"embeddable":true,"href":"https:\/\/www.spedirecomodo.it\/cms\/wp-json\/wp\/v2\/users\/7"}],"replies":[{"embeddable":true,"href":"https:\/\/www.spedirecomodo.it\/cms\/wp-json\/wp\/v2\/comments?post=6455"}],"version-history":[{"count":0,"href":"https:\/\/www.spedirecomodo.it\/cms\/wp-json\/wp\/v2\/pages\/6455\/revisions"}],"wp:attachment":[{"href":"https:\/\/www.spedirecomodo.it\/cms\/wp-json\/wp\/v2\/media?parent=6455"}],"wp:term":[{"taxonomy":"category","embeddable":true,"href":"https:\/\/www.spedirecomodo.it\/cms\/wp-json\/wp\/v2\/categories?post=6455"},{"taxonomy":"post_tag","embeddable":true,"href":"https:\/\/www.spedirecomodo.it\/cms\/wp-json\/wp\/v2\/tags?post=6455"}],"curies":[{"name":"wp","href":"https:\/\/api.w.org\/{rel}","templated":true}]}}