{"id":7108,"date":"2021-05-15T17:00:00","date_gmt":"2021-05-15T15:00:00","guid":{"rendered":"https:\/\/www.spedirecomodo.it\/cms\/?page_id=7108"},"modified":"2021-05-15T17:34:43","modified_gmt":"2021-05-15T15:34:43","slug":"spedizioni-logistica-ecommerce","status":"publish","type":"page","link":"https:\/\/www.spedirecomodo.it\/cms\/spedizioni-logistica-ecommerce\/","title":{"rendered":"Spedizioni e Logistica ecommerce"},"content":{"rendered":"\n<div class=\"wp-block-ugb-feature ugb-feature ugb-0b48053 ugb-feature--v2 ugb-feature--design-plain ugb-main-block\"><div class=\"ugb-inner-block\"><div class=\"ugb-block-content\"><div class=\"ugb-feature__item\"><div class=\"ugb-feature__content\"><h2 class=\"ugb-feature__title\">La logistica ecommerce come fattore di successo<\/h2><p class=\"ugb-feature__description\">Per poter competere con i milioni di negozi presenti in rete&nbsp;devi garantire una soluzione logistica ecommerce <strong>capace di competere<\/strong> con la qualit\u00e0 a cui le persone sono oramai abituate.<br>Senza una gestione accurata delle attivit\u00e0 di magazzino, delle spedizioni e del servizio clienti  il tuo business ecommerce ha grosse probabilit\u00e0 di \u201c<strong>fallire<\/strong>\u201d o di non portarti i guadagni desiderati.<\/p><div class=\"ugb-button-container\"><a class=\"ugb-button ugb-button--size-normal ugb--hover-effect-scale\" href=\"https:\/\/metaxy.eu\/e-commerce-operations\/logistica-e-fulfillment\/\" rel=\"noopener\" title=\"\" target=\"_blank\"><span class=\"ugb-button--inner\">Vai a M\u00e9taxy<\/span><\/a><\/div><\/div><div class=\"ugb-feature__image-side\"><img class=\"ugb-feature__image ugb-img wp-image-7109 ugb-image--shape-stretch\" src=\"https:\/\/www.spedirecomodo.it\/cms\/wp-content\/uploads\/2021\/04\/Logistica-ecommerce.png\" alt=\"Logistica ecommerce\" height=\"354\" srcset=\"https:\/\/www.spedirecomodo.it\/cms\/wp-content\/uploads\/2021\/04\/Logistica-ecommerce.png 575w, https:\/\/www.spedirecomodo.it\/cms\/wp-content\/uploads\/2021\/04\/Logistica-ecommerce-300x280.png 300w\" sizes=\"(max-width: 575px) 100vw, 575px\" \/><\/div><\/div><\/div><\/div><\/div>\n\n\n\n<hr class=\"wp-block-separator\"\/>\n\n\n\n<h3>Cosa \u00e8 la logistica ecommerce<\/h3>\n\n\n\n<p>La logistica ecommerce \u00e8 un <strong>insieme di processi<\/strong> che, se resi efficienti, permettono ai consumatori online di vivere un\u2019esperienza d\u2019acquisto soddisfacente.<\/p>\n\n\n\n<p>La logistica ecommerce \u00e8 l&#8217;insieme di tutte le attivit\u00e0 relative a:<\/p>\n\n\n\n<ol><li>Gestione del magazzino<\/li><li>Evasione immediata degli ordini<\/li><li>Spedizione dei prodotti al consumatore<\/li><li>Assistenza clienti sempre disponibile<\/li><\/ol>\n\n\n\n<p>Tutti questi aspetti, se gestiti con efficacia, permettono di&nbsp;<strong>soddisfare clienti sempre pi\u00f9 esigenti<\/strong> ed abituati ad avere prodotti disponibili subito, consegne rapide in qualsiasi luogo e spedizioni economiche o addirittura gratuite.<\/p>\n\n\n\n<p>Spedirecomodo con M\u00e9taxy \u00e8 la <strong>soluzione ideale<\/strong> per il successo della tua logistica ecommerce.<\/p>\n\n\n\n<div class=\"wp-block-ugb-feature ugb-feature ugb-d9594c4 ugb-feature--v2 ugb-feature--design-basic ugb-main-block\"><div class=\"ugb-inner-block\"><div class=\"ugb-block-content\"><div class=\"ugb-feature__item ugb--shadow-5\"><div class=\"ugb-feature__content\"><h2 class=\"ugb-feature__title\">Scrivici di cosa hai bisogno<\/h2><p class=\"ugb-feature__description\">Di qualsiasi cosa tu abbia bisogno, che sia un approfondimento, un preventivo oppure semplicemente una domanda, <strong>ti risponderemo subito<\/strong>.<\/p><div class=\"ugb-button-container\"><a class=\"ugb-button ugb-button--size-normal ugb--hover-effect-scale\" href=\"mailto:info@spedirecomodo.it?subject=Desidero informazioni su Logistica ecommerce\" rel=\"\" title=\"\"><span class=\"ugb-button--inner\">Contattaci!<\/span><\/a><\/div><\/div><div class=\"ugb-feature__image-side\"><img class=\"ugb-feature__image ugb-img wp-image-6867 ugb-image--shape-stretch\" src=\"https:\/\/www.spedirecomodo.it\/cms\/wp-content\/uploads\/2021\/04\/Servizio-Clienti-Spedirecomodo.png\" alt=\"Servizio Clienti Spedirecomodo\" height=\"245\" srcset=\"https:\/\/www.spedirecomodo.it\/cms\/wp-content\/uploads\/2021\/04\/Servizio-Clienti-Spedirecomodo.png 864w, https:\/\/www.spedirecomodo.it\/cms\/wp-content\/uploads\/2021\/04\/Servizio-Clienti-Spedirecomodo-300x194.png 300w, https:\/\/www.spedirecomodo.it\/cms\/wp-content\/uploads\/2021\/04\/Servizio-Clienti-Spedirecomodo-768x496.png 768w\" sizes=\"(max-width: 864px) 100vw, 864px\" \/><\/div><\/div><\/div><\/div><\/div>\n\n\n\n<hr class=\"wp-block-separator\"\/>\n\n\n\n<h3>Come gestire il magazzino nella logistica ecommerce<\/h3>\n\n\n\n<p>L\u2019elaborazione e la gestione degli ordini \u00e8 uno dei fattori principali che rende un ecommerce performante o meno.<\/p>\n\n\n\n<p>Una <strong>gestione organizzata ed efficiente del magazzino<\/strong> aiuter\u00e0 a semplificare la complessit\u00e0 dei processi logistici del tuo business online e ridurre alcuni problemi come la disponibilit\u00e0 di scorte o la rotazione dei prodotti messi in vendita.<\/p>\n\n\n\n<p>Ecco quali sono i principali passaggi della logistica ecommerce:<\/p>\n\n\n\n<p><strong>Ricezione della merce<\/strong>: \u00e8 il momento della consegna dei prodotti alla piattaforma logistica e dei documenti ad essi collegati.<\/p>\n\n\n\n<p><strong>Stoccaggio:<\/strong>&nbsp;\u00e8 la sistemazione e l&#8217;organizzazione dei prodotti all&#8217;interno del magazzino con contestuale aggiornamento del sistema gestionale e dell&#8217;inventario.<\/p>\n\n\n\n<p><strong>Preparazione degli ordini<\/strong>: \u00e8 l&#8217;attivit\u00e0 di prelievo dei prodotti dagli scaffali e di composizione degli ordini di vendita nelle relative scatole (Pick &amp; Pack).<\/p>\n\n\n\n<p><strong>Controllo delle vendite e delle scorte<\/strong>:&nbsp;tenere sotto controllo le disponibilit\u00e0 del proprio magazzino \u00e8 fondamentale per non rimanere senza prodotti da vendere ed eventualmente&nbsp;organizzare vendite promozionali per le rimanenze e i prodotti non venduti. Inoltre, permetter\u00e0 di capire l\u2019andamento delle vendite e quali sono i prodotti pi\u00f9 richiesti e su cui puntare.<\/p>\n\n\n\n<p><strong>Trasporto e distribuzione:<\/strong>&nbsp;sono passaggi logistici essenziali per offrire un percorso d\u2019acquisto (Customer Journey) eccellente ai tuoi clienti e per tenere sempre sotto controllo le spedizioni dei prodotti fino alla consegna.<\/p>\n\n\n\n<hr class=\"wp-block-separator\"\/>\n\n\n\n<div class=\"wp-block-ugb-feature ugb-feature ugb-2f333d2 ugb-feature--v2 ugb-feature--design-plain ugb-main-block\"><div class=\"ugb-inner-block\"><div class=\"ugb-block-content\"><div class=\"ugb-feature__item\"><div class=\"ugb-feature__content\"><h3 class=\"ugb-feature__title\">Come fare una logistica ecommerce di successo<\/h3><p class=\"ugb-feature__description\">Siamo convinti che lavorare con i <strong>migliori standard qualitativi<\/strong> sia essenziale nella gestione di un e-commerce.<br>Assicuriamo ottimi tempi di consegna combinati con l\u2019esigenza di minimizzare l\u2019immobilizzo dei prodotti.<br>Ci occupiamo di <strong>tutte le fasi della catena logistica<\/strong> fino alla consegna al cliente finale in Italia e all&#8217;estero in completo outsourcing o in dropshipping.&nbsp;<\/p><div class=\"ugb-button-container\"><a class=\"ugb-button ugb-button--size-normal ugb--hover-effect-scale\" href=\"https:\/\/metaxy.eu\/contatti\/\" rel=\"noopener\" title=\"\" target=\"_blank\"><span class=\"ugb-button--inner\">Contattaci su Metaxy!<\/span><\/a><\/div><\/div><div class=\"ugb-feature__image-side\"><img class=\"ugb-feature__image ugb-img wp-image-7122 ugb-image--shape-stretch\" src=\"https:\/\/www.spedirecomodo.it\/cms\/wp-content\/uploads\/2021\/04\/Logistica-ecommerce-Metaxy.png\" alt=\"Logistica ecommerce Metaxy\" height=\"160\" srcset=\"https:\/\/www.spedirecomodo.it\/cms\/wp-content\/uploads\/2021\/04\/Logistica-ecommerce-Metaxy.png 1041w, https:\/\/www.spedirecomodo.it\/cms\/wp-content\/uploads\/2021\/04\/Logistica-ecommerce-Metaxy-300x127.png 300w, https:\/\/www.spedirecomodo.it\/cms\/wp-content\/uploads\/2021\/04\/Logistica-ecommerce-Metaxy-768x325.png 768w\" sizes=\"(max-width: 1041px) 100vw, 1041px\" \/><\/div><\/div><\/div><\/div><\/div>\n\n\n\n<hr class=\"wp-block-separator\"\/>\n\n\n\n<h3>La tua logistica ecommerce \u00e8 in buone mani<\/h3>\n\n\n\n<p>Ti <strong>liberiamo da tutte le problematiche<\/strong> legate alla ricezione dei prodotti, allo stoccaggio, all\u2019organizzazione e gestione del magazzino fino all\u2019imballaggio, all\u2019etichettatura e alla consegna dei prodotti che hai venduto ai tuoi clienti.<\/p>\n\n\n\n<p>Affidare tutte le attivit\u00e0 di logistica ecommerce ad un operatore specializzato come Metaxy, ha sicuramente un <strong>vantaggio economico<\/strong> in quanto <strong>non richiede investimenti<\/strong> in strutture, immobili, mezzi, sistemi gestionali e personale,&nbsp;permettendo di concentrarsi su altri elementi della propria attivit\u00e0 come ricerca e sviluppo, marketing e aumento delle vendite.<\/p>\n\n\n\n<hr class=\"wp-block-separator\"\/>\n\n\n\n<h3>Le spedizioni ecommerce sono importanti per fidelizzare il cliente<\/h3>\n\n\n\n<p>Nel commercio elettronico <strong>velocit\u00e0, puntualit\u00e0 ed affidabilit\u00e0<\/strong> di consegna dei prodotti sono i tre valori che distinguono il successo.<\/p>\n\n\n\n<p>Per assicurare che&nbsp;i clienti siano <strong>soddisfatti<\/strong> dei tempi, della modalit\u00e0 di consegna e dell\u2019arrivo in condizioni ottimali&nbsp;di ci\u00f2 che hanno acquistato, occorre conoscere quali sono le principali caratteristiche da valutare per scegliere il <strong>servizio di spedizione<\/strong> pi\u00f9 idoneo per le tue esigenze e per quelle dei tuoi clienti.<\/p>\n\n\n\n<p>La spedizione, per i tuoi potenziali clienti, \u00e8 un fattore di scelta fondamentale per decidere se acquistare o meno&nbsp;dal tuo store online.<\/p>\n\n\n\n<p>La <strong>velocit\u00e0 della spedizione<\/strong> e le modalit\u00e0 di consegna del pacco influenzano positivamente o negativamente la <strong>reputazione<\/strong> di un&#8217;azienda e di conseguenza la fidelizzazione del  cliente.<\/p>\n\n\n\n<p>La maggior parte delle recensioni negative che compromettono <strong>credibilit\u00e0 e reputazione<\/strong> degli ecommerce derivano proprio da spedizioni gestite in modo inadeguato.<\/p>\n\n\n\n<p>La <strong>spedizione pacchi<\/strong> rappresenta quindi un aspetto altamente strategico e va gestita con particolare attenzione da chiunque voglia avere un business online funzionante e che crei <strong>profitto<\/strong>.<\/p>\n\n\n\n<p>Noi di Spedirecomodo garantiamo <strong>affidabilit\u00e0, velocit\u00e0 e sicurezza<\/strong> nella gestione  delle spedizioni ecommerce in Italia e all&#8217;estero.<\/p>\n\n\n\n<div class=\"wp-block-ugb-feature-grid ugb-feature-grid ugb-11ca63a ugb-feature-grid--v2 ugb-feature-grid--columns-2 ugb-feature-grid--design-basic ugb-main-block\"><div class=\"ugb-inner-block\"><div class=\"ugb-block-content\"><div class=\"ugb-feature-grid__item ugb-feature-grid__item1 ugb--shadow-5\"><div class=\"ugb-feature-grid__image\"><img class=\"ugb-img wp-image-6618\" src=\"https:\/\/www.spedirecomodo.it\/cms\/wp-content\/uploads\/2021\/03\/Spedirecomodo-Businness.png\" alt=\"FAQ\" width=\"200\" srcset=\"https:\/\/www.spedirecomodo.it\/cms\/wp-content\/uploads\/2021\/03\/Spedirecomodo-Businness.png 722w, https:\/\/www.spedirecomodo.it\/cms\/wp-content\/uploads\/2021\/03\/Spedirecomodo-Businness-300x266.png 300w\" sizes=\"(max-width: 722px) 100vw, 722px\" \/><\/div><div class=\"ugb-feature-grid__content\"><h3 class=\"ugb-feature-grid__title\">Vendi online?<\/h3><p class=\"ugb-feature-grid__description\">Richiedi l&#8217;attivazione a <strong>Spedirecomodo Business<\/strong> e connetti il tuo ecommerce<\/p><div class=\"ugb-button-container\"><a class=\"ugb-button ugb-button--size-normal ugb--hover-effect-scale ugb-button--design-ghost\" href=\"https:\/\/www.spedirecomodo.it\/cms\/hai-un-e-commerce\/\" rel=\"\" title=\"\"><span class=\"ugb-button--inner\">Scopri di pi\u00f9<\/span><\/a><\/div><\/div><\/div><div class=\"ugb-feature-grid__item ugb-feature-grid__item2 ugb--shadow-5\"><div class=\"ugb-feature-grid__image\"><img class=\"ugb-img wp-image-4531\" src=\"\/cms\/wp-content\/uploads\/2020\/03\/Confronto-Prezzi-Spedizioni.png\" alt=\"Prezzi Spedizioni\" width=\"200\" srcset=\"https:\/\/www.spedirecomodo.it\/cms\/wp-content\/uploads\/2020\/03\/Confronto-Prezzi-Spedizioni.png 938w, https:\/\/www.spedirecomodo.it\/cms\/wp-content\/uploads\/2020\/03\/Confronto-Prezzi-Spedizioni-300x226.png 300w, https:\/\/www.spedirecomodo.it\/cms\/wp-content\/uploads\/2020\/03\/Confronto-Prezzi-Spedizioni-768x578.png 768w\" sizes=\"(max-width: 938px) 100vw, 938px\" \/><\/div><div class=\"ugb-feature-grid__content\"><h3 class=\"ugb-feature-grid__title\">Prezzi Spedizioni<\/h3><p class=\"ugb-feature-grid__description\">Se vuoi informazioni sulle&nbsp;<strong>Tariffe Spedizioni<\/strong>&nbsp;economiche per&nbsp;<strong>spedire in Italia<\/strong>&nbsp;e&nbsp;<strong>spedire in Europa<\/strong>&nbsp;<\/p><div class=\"ugb-button-container\"><a class=\"ugb-button ugb-button--size-normal ugb--hover-effect-scale ugb-button--design-ghost\" href=\"https:\/\/www.spedirecomodo.it\/cms\" rel=\"\" title=\"\"><span class=\"ugb-button--inner\">Scopri di pi\u00f9<\/span><\/a><\/div><\/div><\/div><\/div><\/div><\/div>\n\n\n\n<div class=\"wp-block-ugb-feature ugb-feature ugb-e431cc8 ugb-feature--v2 ugb-feature--design-basic ugb-main-block\"><div class=\"ugb-inner-block\"><div class=\"ugb-block-content\"><div class=\"ugb-feature__item ugb--shadow-5\"><div class=\"ugb-feature__content\"><h2 class=\"ugb-feature__title\">Scrivici di cosa hai bisogno<\/h2><p class=\"ugb-feature__description\">Di qualsiasi cosa tu abbia bisogno, che sia un approfondimento, un preventivo oppure semplicemente una domanda, <strong>ti risponderemo subito<\/strong>.<\/p><div class=\"ugb-button-container\"><a class=\"ugb-button ugb-button--size-normal ugb--hover-effect-scale\" href=\"mailto:info@spedirecomodo.it?subject=Desidero informazioni su Logistica ecommerce\" rel=\"\" title=\"\"><span class=\"ugb-button--inner\">Contattaci!<\/span><\/a><\/div><\/div><div class=\"ugb-feature__image-side\"><img class=\"ugb-feature__image ugb-img wp-image-6867 ugb-image--shape-stretch\" src=\"https:\/\/www.spedirecomodo.it\/cms\/wp-content\/uploads\/2021\/04\/Servizio-Clienti-Spedirecomodo.png\" alt=\"Servizio Clienti Spedirecomodo\" height=\"245\" srcset=\"https:\/\/www.spedirecomodo.it\/cms\/wp-content\/uploads\/2021\/04\/Servizio-Clienti-Spedirecomodo.png 864w, https:\/\/www.spedirecomodo.it\/cms\/wp-content\/uploads\/2021\/04\/Servizio-Clienti-Spedirecomodo-300x194.png 300w, https:\/\/www.spedirecomodo.it\/cms\/wp-content\/uploads\/2021\/04\/Servizio-Clienti-Spedirecomodo-768x496.png 768w\" sizes=\"(max-width: 864px) 100vw, 864px\" \/><\/div><\/div><\/div><\/div><\/div>\n\n\n\n<hr class=\"wp-block-separator\"\/>\n\n\n\n<h3>Tutti i nostri clienti sono importanti\u2026 anche tu!<\/h3>\n\n\n\n<p>Il servizio di&nbsp;<strong><a class=\"rank-math-link\" href=\"https:\/\/www.spedirecomodo.it\/cms\/preventivo-spedizione-pacco\/\"><span style=\"text-decoration: underline;\">preventivo<\/span><\/a><\/strong>&nbsp;e acquisto spedizioni online \u00e8&nbsp;<strong>semplice e intuitivo<\/strong>, \u00e8 disponibile per tutti i nostri clienti ogni giorno 24 ore su 24 anche di Sabato, Domenica e giorni festivi.<\/p>\n\n\n\n<p>Puoi gestire le tue spedizioni pacchi anche con i nostri <strong><span style=\"text-decoration: underline;\"><a href=\"https:\/\/www.spedirecomodo.it\/cms\/connettori-integrazione-ecommerce\/\" class=\"rank-math-link\">connettori ecommerce<\/a><\/span><\/strong> direttamente da casa e pagare tranquillamente con Carta di Credito oppure Paypal in tutta sicurezza.<\/p>\n\n\n\n<div style=\"height:20px\" aria-hidden=\"true\" class=\"wp-block-spacer\"><\/div>\n\n\n\r\n<div class=\"ship-now-calltoaction text-center\">\r\n    <span class=\"title\">Spedisci ora!<\/span>\r\n    <div class=\"rounded-div\">\r\n        <button data-toggle=\"modal\" class=\"ship-now btn-primary-sc\">Continua<\/button>\r\n    <\/div>\r\n    <span class=\"subtitle\">Inserisci i dati e spedisci in pochi click!<\/span>\r\n<\/div>\r\n\n\n\n\n<div style=\"height:20px\" aria-hidden=\"true\" class=\"wp-block-spacer\"><\/div>\n\n\n\n<p>Se vuoi informazioni e utili consigli per le tue spedizioni economiche di pacchi buste e pallet, oppure suggerimenti su come preparare un pacco consulta il&nbsp;<strong><a rel=\"noreferrer noopener\" class=\"rank-math-link\" href=\"https:\/\/www.spedirecomodo.it\/cms\/il-blog-di-spedirecomodo\/\" target=\"_blank\"><span style=\"text-decoration: underline;\">Blog di Spedirecomodo<\/span><\/a><\/strong>.<\/p>\n\n\n\n<p>Leggi le recensioni indipendenti su Trustpilot per avere la conferma della soddisfazione dei nostri clienti.<\/p>\n\n\n\n<p>Se vuoi informazioni e consigli su come realizzare un ecommerce di successo visita&nbsp;<strong><a rel=\"noreferrer noopener\" class=\"rank-math-link\" href=\"https:\/\/www.metaxy.eu\/\" target=\"_blank\"><span style=\"text-decoration: underline;\">M<\/span><\/a><\/strong><a rel=\"noreferrer noopener\" class=\"rank-math-link\" href=\"https:\/\/www.metaxy.eu\/\" target=\"_blank\"><strong><span style=\"text-decoration: underline;\">etaxy<\/span><\/strong><\/a>.<\/p>\n\n\n\n<p><strong><a href=\"https:\/\/www.spedirecomodo.it\/cms\/spedire-low-cost\/\" class=\"rank-math-link\"><span style=\"text-decoration: underline;\">Spedire low cost<\/span><\/a><\/strong>,&nbsp;<strong><a href=\"https:\/\/www.spedirecomodo.it\/cms\/spedire-facile\/\" class=\"rank-math-link\"><span style=\"text-decoration: underline;\">spedire facile<\/span><\/a><\/strong>,&nbsp;<strong><a href=\"https:\/\/www.spedirecomodo.it\/cms\/spediscionline\/\" class=\"rank-math-link\"><span style=\"text-decoration: underline;\">spedisci online<\/span><\/a><\/strong>\u2026&nbsp;<strong><a href=\"https:\/\/www.spedirecomodo.it\/cms\/abbonamenti-spedizioni-corrieri-espresso\/\" class=\"rank-math-link\"><span style=\"text-decoration: underline;\">abbonamenti<\/span><\/a><\/strong>&nbsp;spedire comodo.<\/p>\n\n\n\n<div style=\"height:50px\" aria-hidden=\"true\" class=\"wp-block-spacer\"><\/div>\n\n\n\n<p><\/p>\n<style class=\"advgb-styles-renderer\">.ugb-0b48053 .ugb-button .ugb-button--inner{font-size:18px !important}.ugb-0b48053 .ugb-button{padding-top:10px;padding-right:25px;padding-bottom:10px;padding-left:25px;border-radius:5px !important}.ugb-0b48053 .ugb-button:before{border-radius:5px !important}@media screen and (min-width:768px){.ugb-0b48053 .ugb-img{width:380px;height:auto !important}}@media screen and (min-width:768px) and (max-width:1025px){.ugb-0b48053 .ugb-img{width:285px;height:auto !important}}@media screen and (max-width:768px){.ugb-0b48053 .ugb-img{width:285px;height:auto !important}}.ugb-d9594c4 .ugb-button .ugb-button--inner{font-size:18px !important}.ugb-d9594c4 .ugb-button{padding-top:10px;padding-right:25px;padding-bottom:10px;padding-left:25px;border-radius:5px !important}.ugb-d9594c4 .ugb-button:before{border-radius:5px !important}@media screen and (min-width:768px){.ugb-d9594c4 .ugb-img{width:380px;height:auto !important}}@media screen and (min-width:768px) and (max-width:1025px){.ugb-d9594c4 .ugb-img{width:380px;height:auto !important}}@media screen and (max-width:768px){.ugb-d9594c4 .ugb-img{width:285px;height:auto !important}}.ugb-2f333d2 .ugb-button .ugb-button--inner{font-size:18px !important}.ugb-2f333d2 .ugb-button{padding-top:10px;padding-right:25px;padding-bottom:10px;padding-left:25px;border-radius:5px !important}.ugb-2f333d2 .ugb-button:before{border-radius:5px !important}@media screen and (min-width:768px){.ugb-2f333d2 .ugb-img{width:380px;height:auto !important}}@media screen and (min-width:768px) and (max-width:1025px){.ugb-2f333d2 .ugb-img{width:285px;height:auto !important}}@media screen and (max-width:768px){.ugb-2f333d2 .ugb-img{width:285px;height:auto !important}}.ugb-11ca63a .ugb-img{width:200px;height:auto !important}.ugb-11ca63a .ugb-feature-grid__title{margin-bottom:15px !important}.ugb-11ca63a .ugb-feature-grid__description{margin-bottom:10px !important}.ugb-11ca63a .ugb-button .ugb-button--inner{font-size:18px !important}.ugb-11ca63a .ugb-button{padding-top:10px;padding-right:25px;padding-bottom:10px;padding-left:25px;border-radius:5px !important}.ugb-11ca63a .ugb-button:before{border-radius:5px !important}.ugb-11ca63a .ugb-feature-grid__image{margin-bottom:15px !important}@media screen and (min-width:768px) and (max-width:1025px){.ugb-11ca63a .ugb-img{width:200px;height:auto !important}}@media screen and (max-width:768px){.ugb-11ca63a .ugb-img{width:200px;height:auto !important}}.ugb-e431cc8 .ugb-button .ugb-button--inner{font-size:18px !important}.ugb-e431cc8 .ugb-button{padding-top:10px;padding-right:25px;padding-bottom:10px;padding-left:25px;border-radius:5px !important}.ugb-e431cc8 .ugb-button:before{border-radius:5px !important}@media screen and (min-width:768px){.ugb-e431cc8 .ugb-img{width:380px;height:auto !important}}@media screen and (min-width:768px) and (max-width:1025px){.ugb-e431cc8 .ugb-img{width:380px;height:auto !important}}@media screen and (max-width:768px){.ugb-e431cc8 .ugb-img{width:285px;height:auto !important}}<\/style>","protected":false},"excerpt":{"rendered":"<p>La logistica ecommerce come fattore di successo Per poter competere con i milioni di negozi presenti in rete&nbsp;devi garantire una soluzione logistica ecommerce capace di competere con la qualit\u00e0 a cui le persone sono oramai abituate.Senza una gestione accurata delle attivit\u00e0 di magazzino, delle spedizioni e del servizio clienti il tuo business ecommerce ha grosse [&hellip;]<\/p>\n","protected":false},"author":7,"featured_media":0,"parent":0,"menu_order":0,"comment_status":"closed","ping_status":"closed","template":"index-trustpilot.php","meta":{"advgb_blocks_editor_width":"","advgb_blocks_columns_visual_guide":""},"categories":[32],"tags":[],"featured_image_urls":{"full":"","thumbnail":"","medium":"","medium_large":"","large":"","1536x1536":"","2048x2048":""},"post_excerpt_stackable":"<p>La logistica ecommerce come fattore di successoPer poter competere con i milioni di negozi presenti in rete&nbsp;devi garantire una soluzione logistica ecommerce capace di competere con la qualit\u00e0 a cui le persone sono oramai abituate.Senza una gestione accurata delle attivit\u00e0 di magazzino, delle spedizioni e del servizio clienti il tuo business ecommerce ha grosse probabilit\u00e0 di \u201cfallire\u201d o di non portarti i guadagni desiderati.Vai a M\u00e9taxy Cosa \u00e8 la logistica ecommerce La logistica ecommerce \u00e8 un insieme di processi che, se resi efficienti, permettono ai consumatori online di vivere un\u2019esperienza d\u2019acquisto soddisfacente. La logistica ecommerce \u00e8 l&#8217;insieme di tutte le&hellip;<\/p>\n","category_list":"<a href=\"https:\/\/www.spedirecomodo.it\/cms\/category\/ecommerce\/\" rel=\"category tag\">ecommerce<\/a>","author_info":{"name":"Sebastiano Torcellan","url":"https:\/\/www.spedirecomodo.it\/cms\/author\/sebastiano-torcellan\/"},"comments_num":"0 commenti","featured_image_urls_v2":{"full":"","thumbnail":"","medium":"","medium_large":"","large":"","1536x1536":"","2048x2048":""},"post_excerpt_stackable_v2":"<p>La logistica ecommerce come fattore di successoPer poter competere con i milioni di negozi presenti in rete&nbsp;devi garantire una soluzione logistica ecommerce capace di competere con la qualit\u00e0 a cui le persone sono oramai abituate.Senza una gestione accurata delle attivit\u00e0 di magazzino, delle spedizioni e del servizio clienti il tuo business ecommerce ha grosse probabilit\u00e0 di \u201cfallire\u201d o di non portarti i guadagni desiderati.Vai a M\u00e9taxy Cosa \u00e8 la logistica ecommerce La logistica ecommerce \u00e8 un insieme di processi che, se resi efficienti, permettono ai consumatori online di vivere un\u2019esperienza d\u2019acquisto soddisfacente. La logistica ecommerce \u00e8 l&#8217;insieme di tutte le&hellip;<\/p>\n","category_list_v2":"<a href=\"https:\/\/www.spedirecomodo.it\/cms\/category\/ecommerce\/\" rel=\"category tag\">ecommerce<\/a>","author_info_v2":{"name":"Sebastiano Torcellan","url":"https:\/\/www.spedirecomodo.it\/cms\/author\/sebastiano-torcellan\/"},"comments_num_v2":"0 commenti","coauthors":[],"author_meta":{"author_link":"https:\/\/www.spedirecomodo.it\/cms\/author\/sebastiano-torcellan\/","display_name":"Sebastiano Torcellan"},"relative_dates":{"created":"Pubblicato 5 anni fa","modified":"Aggiornato 5 anni fa"},"absolute_dates":{"created":"Pubblicato il 15 Maggio 2021","modified":"Aggiornato il 15 Maggio 2021"},"absolute_dates_time":{"created":"Pubblicato il 15 Maggio 2021 17:00","modified":"Aggiornato il 15 Maggio 2021 17:34"},"featured_img_caption":"","featured_img":false,"series_order":"","_links":{"self":[{"href":"https:\/\/www.spedirecomodo.it\/cms\/wp-json\/wp\/v2\/pages\/7108"}],"collection":[{"href":"https:\/\/www.spedirecomodo.it\/cms\/wp-json\/wp\/v2\/pages"}],"about":[{"href":"https:\/\/www.spedirecomodo.it\/cms\/wp-json\/wp\/v2\/types\/page"}],"author":[{"embeddable":true,"href":"https:\/\/www.spedirecomodo.it\/cms\/wp-json\/wp\/v2\/users\/7"}],"replies":[{"embeddable":true,"href":"https:\/\/www.spedirecomodo.it\/cms\/wp-json\/wp\/v2\/comments?post=7108"}],"version-history":[{"count":25,"href":"https:\/\/www.spedirecomodo.it\/cms\/wp-json\/wp\/v2\/pages\/7108\/revisions"}],"predecessor-version":[{"id":7522,"href":"https:\/\/www.spedirecomodo.it\/cms\/wp-json\/wp\/v2\/pages\/7108\/revisions\/7522"}],"wp:attachment":[{"href":"https:\/\/www.spedirecomodo.it\/cms\/wp-json\/wp\/v2\/media?parent=7108"}],"wp:term":[{"taxonomy":"category","embeddable":true,"href":"https:\/\/www.spedirecomodo.it\/cms\/wp-json\/wp\/v2\/categories?post=7108"},{"taxonomy":"post_tag","embeddable":true,"href":"https:\/\/www.spedirecomodo.it\/cms\/wp-json\/wp\/v2\/tags?post=7108"}],"curies":[{"name":"wp","href":"https:\/\/api.w.org\/{rel}","templated":true}]}}