{"id":7427,"date":"2021-05-01T13:00:08","date_gmt":"2021-05-01T11:00:08","guid":{"rendered":"https:\/\/www.spedirecomodo.it\/cms\/?page_id=7427"},"modified":"2021-05-01T13:08:41","modified_gmt":"2021-05-01T11:08:41","slug":"spedire-un-pacco-a-manchester","status":"publish","type":"page","link":"https:\/\/www.spedirecomodo.it\/cms\/spedire-un-pacco-a-manchester\/","title":{"rendered":"Spedire un pacco a Manchester"},"content":{"rendered":"\n<div class=\"wp-block-ugb-feature ugb-feature ugb-32c854a ugb-feature--v2 ugb-feature--design-basic ugb-main-block\"><div class=\"ugb-inner-block\"><div class=\"ugb-block-content\"><div class=\"ugb-feature__item ugb--shadow-5\"><div class=\"ugb-feature__content\"><h2 class=\"ugb-feature__title\">Spedire a Manchester e nel Regno Unito<\/h2><p class=\"ugb-feature__description\">Se hai bisogno di <strong>spedire un pacco a Manchester a partire da 19,90\u20ac<\/strong> rivolgiti a Spedirecomodo per la tua spedizione internazionale economica.<br>Leggi attentamente le <strong>istruzioni<\/strong> sotto per spedire un pacco in UK.<\/p><div class=\"ugb-button-container\"><a class=\"ugb-button ugb-button--size-normal ugb--hover-effect-scale-more\" href=\"https:\/\/www.spedirecomodo.it\/cms\/spedire-subito\/\" rel=\"\" title=\"\"><span class=\"ugb-button--inner\">Spedisci Subito<\/span><\/a><\/div><\/div><div class=\"ugb-feature__image-side\"><img class=\"ugb-feature__image ugb-img wp-image-4521 ugb-image--shape-stretch\" src=\"https:\/\/www.spedirecomodo.it\/cms\/wp-content\/uploads\/2020\/03\/Spedire-Pacco-UK.png\" alt=\"Spedire Pacco UK\" height=\"175\" srcset=\"https:\/\/www.spedirecomodo.it\/cms\/wp-content\/uploads\/2020\/03\/Spedire-Pacco-UK.png 944w, https:\/\/www.spedirecomodo.it\/cms\/wp-content\/uploads\/2020\/03\/Spedire-Pacco-UK-300x165.png 300w, https:\/\/www.spedirecomodo.it\/cms\/wp-content\/uploads\/2020\/03\/Spedire-Pacco-UK-768x421.png 768w\" sizes=\"(max-width: 944px) 100vw, 944px\" \/><\/div><\/div><\/div><\/div><\/div>\n\n\n\n<hr class=\"wp-block-separator\"\/>\n\n\n\n<h3>Come spedire un pacco a Manchester con BRT DPD, TNT Skynet e SDA Road Europe<\/h3>\n\n\n\n<p>Per <strong>spedire a Manchester e nel Regno Unito<\/strong> sar\u00e0 sufficiente inserire pochi dati nella sezione Spedisci ora (citt\u00e0 di origine, destinazione Manchester, peso e dimensioni del pacco).<\/p>\n\n\n\n<p>Spedirecomodo selezioner\u00e0 una lista in cui confrontare i Corrieri internazionali come &nbsp;<strong><a href=\"https:\/\/www.spedirecomodo.it\/cms\/brt-eu\/\"><span style=\"text-decoration: underline;\">BRT DPD<\/span><\/a><\/strong>,&nbsp;<strong><span style=\"text-decoration: underline;\"><a href=\"https:\/\/www.spedirecomodo.it\/cms\/brt-euroexpress\/\">BRT Euroexpress<\/a><\/span><\/strong>,&nbsp;<strong><a href=\"https:\/\/www.spedirecomodo.it\/cms\/sda-eu\/\"><span style=\"text-decoration: underline;\">SDA Road Europe<\/span><\/a><\/strong>&nbsp;e&nbsp;<strong><a href=\"https:\/\/www.spedirecomodo.it\/cms\/skynet-economy\/\"><span style=\"text-decoration: underline;\">Skynet<\/span><\/a><\/strong>, i tempi di consegna pi\u00f9 veloci e le tariffe vantaggiose di ciascun servizio per spedire a Manchester.<\/p>\n\n\n\n<p>Per spedire un pacco da Italia a Manchester, per ora non sono necessari documenti particolari, nonostante questo, per spedire pacchi nel Regno Unito&nbsp;\u00e8 importante sapere che ci sono alcuni&nbsp;<span style=\"text-decoration: underline;\"><a href=\"https:\/\/www.spedirecomodo.it\/cms\/spedire-in-europa\/\">prodotti proibiti<\/a><\/span>&nbsp;che non puoi spedire in Europa.<\/p>\n\n\n\n<div style=\"height:20px\" aria-hidden=\"true\" class=\"wp-block-spacer\"><\/div>\n\n\n\r\n<div class=\"ship-now-calltoaction text-center\">\r\n    <span class=\"title\">Spedisci ora!<\/span>\r\n    <div class=\"rounded-div\">\r\n        <button data-toggle=\"modal\" class=\"ship-now btn-primary-sc\">Continua<\/button>\r\n    <\/div>\r\n    <span class=\"subtitle\">Inserisci i dati e spedisci in pochi click!<\/span>\r\n<\/div>\r\n\n\n\n\n<div style=\"height:20px\" aria-hidden=\"true\" class=\"wp-block-spacer\"><\/div>\n\n\n\n<hr class=\"wp-block-separator\"\/>\n\n\n\n<div class=\"wp-block-ugb-feature-grid ugb-feature-grid ugb-837d28a ugb-feature-grid--v2 ugb-feature-grid--columns-3 ugb-feature-grid--design-basic ugb-main-block\"><div class=\"ugb-inner-block\"><div class=\"ugb-block-content\"><div class=\"ugb-feature-grid__item ugb-feature-grid__item1 ugb--shadow-5\"><div class=\"ugb-feature-grid__image\"><img loading=\"lazy\" width=\"1024\" height=\"716\" class=\"ugb-img wp-image-4435\" src=\"https:\/\/www.spedirecomodo.it\/cms\/wp-content\/uploads\/2020\/03\/Come-Spedire-Pacco-1024x716.png\" alt=\"Come spedire un pacco\" srcset=\"https:\/\/www.spedirecomodo.it\/cms\/wp-content\/uploads\/2020\/03\/Come-Spedire-Pacco-1024x716.png 1024w, https:\/\/www.spedirecomodo.it\/cms\/wp-content\/uploads\/2020\/03\/Come-Spedire-Pacco-300x210.png 300w, https:\/\/www.spedirecomodo.it\/cms\/wp-content\/uploads\/2020\/03\/Come-Spedire-Pacco-768x537.png 768w, https:\/\/www.spedirecomodo.it\/cms\/wp-content\/uploads\/2020\/03\/Come-Spedire-Pacco.png 1304w\" sizes=\"(max-width: 1024px) 100vw, 1024px\" \/><\/div><div class=\"ugb-feature-grid__content\"><h4 class=\"ugb-feature-grid__title\">Come spedire un pacco<\/h4><p class=\"ugb-feature-grid__description\">Se sei alla prima spedizione con noi leggi la nostra breve guida con tutti i passaggi per completare un ordine.<\/p><div class=\"ugb-button-container\"><a class=\"ugb-button ugb-button--size-normal ugb--hover-effect-scale\" href=\"https:\/\/www.spedirecomodo.it\/cms\/come-spedire-un-pacco\/\" rel=\"\" title=\"\"><span class=\"ugb-button--inner\">Scopri di pi\u00f9<\/span><\/a><\/div><\/div><\/div><div class=\"ugb-feature-grid__item ugb-feature-grid__item2 ugb--shadow-5\"><div class=\"ugb-feature-grid__image\"><img loading=\"lazy\" width=\"1024\" height=\"676\" class=\"ugb-img wp-image-4432\" src=\"https:\/\/www.spedirecomodo.it\/cms\/wp-content\/uploads\/2020\/03\/Preparare-un-Pacco-1024x676.png\" alt=\"Come preparare un pacco\" srcset=\"https:\/\/www.spedirecomodo.it\/cms\/wp-content\/uploads\/2020\/03\/Preparare-un-Pacco-1024x676.png 1024w, https:\/\/www.spedirecomodo.it\/cms\/wp-content\/uploads\/2020\/03\/Preparare-un-Pacco-300x198.png 300w, https:\/\/www.spedirecomodo.it\/cms\/wp-content\/uploads\/2020\/03\/Preparare-un-Pacco-768x507.png 768w, https:\/\/www.spedirecomodo.it\/cms\/wp-content\/uploads\/2020\/03\/Preparare-un-Pacco.png 1254w\" sizes=\"(max-width: 1024px) 100vw, 1024px\" \/><\/div><div class=\"ugb-feature-grid__content\"><h4 class=\"ugb-feature-grid__title\">Come preparare un pacco<\/h4><p class=\"ugb-feature-grid__description\">Consulta la nostra guida per un corretto imballaggio&nbsp;del pacco per garantire la sicurezza della tua spedizione.<\/p><div class=\"ugb-button-container\"><a class=\"ugb-button ugb-button--size-normal ugb--hover-effect-scale\" href=\"https:\/\/www.spedirecomodo.it\/cms\/come-preparare-un-pacco\/\" rel=\"\" title=\"\"><span class=\"ugb-button--inner\">Scopri di pi\u00f9<\/span><\/a><\/div><\/div><\/div><div class=\"ugb-feature-grid__item ugb-feature-grid__item3 ugb--shadow-5\"><div class=\"ugb-feature-grid__image\"><img loading=\"lazy\" width=\"722\" height=\"639\" class=\"ugb-img wp-image-6618\" src=\"https:\/\/www.spedirecomodo.it\/cms\/wp-content\/uploads\/2021\/03\/Spedirecomodo-Businness.png\" alt=\"Ho un ecommerce\" srcset=\"https:\/\/www.spedirecomodo.it\/cms\/wp-content\/uploads\/2021\/03\/Spedirecomodo-Businness.png 722w, https:\/\/www.spedirecomodo.it\/cms\/wp-content\/uploads\/2021\/03\/Spedirecomodo-Businness-300x266.png 300w\" sizes=\"(max-width: 722px) 100vw, 722px\" \/><\/div><div class=\"ugb-feature-grid__content\"><h4 class=\"ugb-feature-grid__title\">Ho un ecommerce<\/h4><p class=\"ugb-feature-grid__description\">Se hai una partita IVA richiedi subito l&#8217;attivazione gratuita a Spedirecomodo Business.<\/p><div class=\"ugb-button-container\"><a class=\"ugb-button ugb-button--size-normal ugb--hover-effect-scale\" href=\"https:\/\/www.spedirecomodo.it\/cms\/clienti-business\/\" rel=\"\" title=\"\"><span class=\"ugb-button--inner\">Scopri di pi\u00f9<\/span><\/a><\/div><\/div><\/div><\/div><\/div><\/div>\n\n\n\n<div class=\"wp-block-ugb-feature ugb-feature ugb-d9594c4 ugb-feature--v2 ugb-feature--design-basic ugb-main-block\"><div class=\"ugb-inner-block\"><div class=\"ugb-block-content\"><div class=\"ugb-feature__item ugb--shadow-5\"><div class=\"ugb-feature__content\"><h2 class=\"ugb-feature__title\">Scrivici di cosa hai bisogno<\/h2><p class=\"ugb-feature__description\">Di qualsiasi cosa tu abbia bisogno, che sia un approfondimento, un preventivo oppure semplicemente una domanda, <strong>ti risponderemo subito<\/strong>.<\/p><div class=\"ugb-button-container\"><a class=\"ugb-button ugb-button--size-normal ugb--hover-effect-scale\" href=\"mailto:info@spedirecomodo.it?subject=Desidero informazioni su come spedire a Manchester\" rel=\"\" title=\"\"><span class=\"ugb-button--inner\">Contattaci!<\/span><\/a><\/div><\/div><div class=\"ugb-feature__image-side\"><img class=\"ugb-feature__image ugb-img wp-image-6867 ugb-image--shape-stretch\" src=\"https:\/\/www.spedirecomodo.it\/cms\/wp-content\/uploads\/2021\/04\/Servizio-Clienti-Spedirecomodo.png\" alt=\"Servizio Clienti Spedirecomodo\" height=\"245\" srcset=\"https:\/\/www.spedirecomodo.it\/cms\/wp-content\/uploads\/2021\/04\/Servizio-Clienti-Spedirecomodo.png 864w, https:\/\/www.spedirecomodo.it\/cms\/wp-content\/uploads\/2021\/04\/Servizio-Clienti-Spedirecomodo-300x194.png 300w, https:\/\/www.spedirecomodo.it\/cms\/wp-content\/uploads\/2021\/04\/Servizio-Clienti-Spedirecomodo-768x496.png 768w\" sizes=\"(max-width: 864px) 100vw, 864px\" \/><\/div><\/div><\/div><\/div><\/div>\n\n\n\n<hr class=\"wp-block-separator\"\/>\n\n\n\n<h3>Spedizione Internazionale a Manchester<\/h3>\n\n\n\n<p>Per quanto riguarda le modalit\u00e0 di pagamento sicuro, Spedirecomodo consente di pagare tramite le maggiori carte di credito oppure con il tuo conto PayPal.<\/p>\n\n\n\n<p>Avrai la possibilit\u00e0 di&nbsp;tracciare la spedizione internazionale&nbsp;inserendo nella Homepage il numero di Tracking Spedirecomodo oppure l&#8217;identificativo fornito dal corriere prescelto.<\/p>\n\n\n\n<p>Inoltre, Spedirecomodo garantisce a tutti i clienti un servizio di assistenza online via Live Chat e via e-mail.<\/p>\n\n\n\n<hr class=\"wp-block-separator\"\/>\n\n\n\n<h3>BREXIT &#8211; Linee guida per spedizioni destinate a Manchester e nel Regno Unito<\/h3>\n\n\n\n<p>Con riferimento all\u2019entrata in vigore della BREXIT, il Regno Unito diventa di fatto un paese terzo, regolamentato da procedure doganali.<\/p>\n\n\n\n<p>La merce che viene esportata verso Manchester e UK dovr\u00e0 quindi essere accompagnata da fatture commerciali o pro-forma e dalle dichiarazioni di esportazione.<\/p>\n\n\n\n<p>E\u2019 stata creata una procedura di esportazione semplificata per tutte le spedizioni con valore dichiarato inferiore a 135 \u00a3 (= 150 \u20ac ca.).<\/p>\n\n\n\n<p>E\u2019 importante che, laddove il valore dichiarato sia espresso solo ai fini doganali (e non commerciali), sia indicato sempre un valore inferiore in modo da ridurre drasticamente la burocrazia e le pratiche doganali di esportazione\/importazione.<\/p>\n\n\n\n<p>Se si spediscono effetti personali o spedizioni senza un reale valore commerciale, \u00e8 consigliabile che il valore dichiarato sia sempre inferiore a 135 \u00a3.<\/p>\n\n\n\n<p>Il <strong>numero di cellulare (britannico) e l\u2019indirizzo e-mail del destinatario sono dati obbligatori<\/strong>, senza i quali le spedizioni non potranno essere inoltrate in UK.<\/p>\n\n\n\n<div style=\"height:20px\" aria-hidden=\"true\" class=\"wp-block-spacer\"><\/div>\n\n\n\n<div class=\"wp-container-1 wp-block-buttons is-content-justification-center\">\n<div class=\"wp-block-button\"><a class=\"wp-block-button__link has-vivid-cyan-blue-background-color has-background\" href=\"https:\/\/www.spedirecomodo.it\/cms\/come-spedire-allestero-fuori-ue\/\">Istruzioni per spedire Extra UE<\/a><\/div>\n<\/div>\n\n\n\n<div style=\"height:20px\" aria-hidden=\"true\" class=\"wp-block-spacer\"><\/div>\n\n\n\n<hr class=\"wp-block-separator\"\/>\n\n\n\n<div class=\"wp-block-ugb-feature ugb-feature ugb-e77a24b ugb-feature--v2 ugb-feature--design-plain ugb-main-block\"><div class=\"ugb-inner-block\"><div class=\"ugb-block-content\"><div class=\"ugb-feature__item\"><div class=\"ugb-feature__content\"><h3 class=\"ugb-feature__title\">La Fattura Proforma per spedire pacchi a Manchester<\/h3><p class=\"ugb-feature__description\">Le spedizioni di merci e materiali non classificabili come documenti, destinate in Inghilterra, sono soggette alle normative doganali che prevedono l\u2019emissione della <strong>Fattura Commerciale o Proforma<\/strong>.<br>Si tratta di documenti con cui il mittente dichiara il contenuto, il valore della spedizione ed il materiale di composizione della merce, in conformit\u00e0 alle diverse normative internazionali, che prescrivono determinati requisiti di esportabilit\u00e0.<br>Risultano quindi necessarie per le operazioni di sdoganamento in esportazione, per facilitare i controlli delle Autorit\u00e0 Doganali e per assicurare una consegna puntuale nel paese estero.<\/p><div class=\"ugb-button-container\"><a class=\"ugb-button ugb-button--size-normal ugb--hover-effect-scale\" href=\"\/cms\/wp-content\/uploads\/2020\/10\/Fattura-Proforma.pdf\" rel=\"\" title=\"\"><span class=\"ugb-button--inner\">Scarica la Fattura Proforma<\/span><\/a><\/div><\/div><div class=\"ugb-feature__image-side\"><img class=\"ugb-feature__image ugb-img wp-image-6784 ugb-image--shape-stretch\" src=\"https:\/\/www.spedirecomodo.it\/cms\/wp-content\/uploads\/2021\/03\/Fattura-Proforma-Extra-UE.jpg\" alt=\"Fattura Proforma Spedizioni Extra UE\" height=\"594\" srcset=\"https:\/\/www.spedirecomodo.it\/cms\/wp-content\/uploads\/2021\/03\/Fattura-Proforma-Extra-UE.jpg 1190w, https:\/\/www.spedirecomodo.it\/cms\/wp-content\/uploads\/2021\/03\/Fattura-Proforma-Extra-UE-212x300.jpg 212w, https:\/\/www.spedirecomodo.it\/cms\/wp-content\/uploads\/2021\/03\/Fattura-Proforma-Extra-UE-768x1086.jpg 768w, https:\/\/www.spedirecomodo.it\/cms\/wp-content\/uploads\/2021\/03\/Fattura-Proforma-Extra-UE-1086x1536.jpg 1086w\" sizes=\"(max-width: 1190px) 100vw, 1190px\" \/><\/div><\/div><\/div><\/div><\/div>\n\n\n\n<hr class=\"wp-block-separator\"\/>\n\n\n\n<h3>Informazioni da indicare nella Fattura commerciale o pro-forma<\/h3>\n\n\n\n<p>La fattura deve rispettare tutte le caratteristiche di una normale fattura per esportazione.<\/p>\n\n\n\n<p>In particolare deve riportare:<\/p>\n\n\n\n<p>Ragione sociale mittente con P.IVA\/EORI o Codice Fiscale;<br>Ragione sociale destinatario;<br>Descrizione merce;<br>Voce doganale di ogni articolo;<br>Origine merce per ogni voce doganale;<br>Valore doganale unitario del singolo articolo, per ognuna delle voci doganali;<br>Valore doganale totale degli articoli facenti parte della medesima voce doganale;<br>Peso netto unitario del singolo articolo per ognuna delle voci doganali;<br>Peso netto totale degli articoli facenti parte della medesima voce doganale;<br>Totale valore merce;<br>Descrizione degli imballi con dimensioni e peso netto &amp; lordo di ogni collo;<br>Termini di spedizione e Incoterms.<\/p>\n\n\n\n<hr class=\"wp-block-separator\"\/>\n\n\n\n<h3>Dichiarazione di libera esportazione<\/h3>\n\n\n\n<p>Dichiarazione di libera esportazione da allegare sempre per tutte le spedizione extra-UE (Inghilterra inclusa).<\/p>\n\n\n\n<p>Eventuali altre dichiarazioni dipendono dalla merce esportata.<\/p>\n\n\n\n<hr class=\"wp-block-separator\"\/>\n\n\n\n<h3>Suggerimenti importanti per spedire a Manchester e UK<\/h3>\n\n\n\n<p>Quando devi spedire un pacco a Manchester, segui queste raccomandazioni:<\/p>\n\n\n\n<ul><li>La maggior parte dei prodotti possono essere spediti senza problemi, tuttavia \u00e8 consigliabile consultare la lista degli oggetti proibiti prima di effettuare un invio nel Regno Unito.<\/li><li>Scegli il servizio pi\u00f9 adeguato per la spedizione economica del tuo pacco a Manchester dopo aver inserito citt\u00e0 di destinazione, peso e  misure del collo.<\/li><li>Se il servizio richiede la presentazione di ulteriori documenti, preparali e stampali per poterli consegnare al Corriere internazionale al momento del ritiro della spedizione.<\/li><li>Un adeguato imballaggio \u00e8 la migliore garanzia per essere sicuri che la tua spedizione arrivi senza danneggiamenti.<\/li><li>Approfitta del tempo che hai risparmiato utilizzando i servizi di spedizione internazionale di Spedirecomodo per fare altre attivit\u00e0 oppure dedicarti al tuo tempo libero.<\/li><\/ul>\n\n\n\n<p>Il Cliente Mittente \u00e8 responsabile della&nbsp;<strong>completezza e correttezza dei dati forniti<\/strong>.<\/p>\n\n\n\n<p>Eventuali informazioni non complete e\/o corrette, oltre a pregiudicare il buon esito della consegna, potrebbero dare luogo all\u2019addebito di costi extra.<\/p>\n\n\n\n<p>\u00c8 fondamentale, per il buon esito del processo di sdoganamento, la&nbsp;<strong>corretta compilazione della fattura<\/strong>&nbsp;che dovr\u00e0 accompagnare in duplice copia ogni singola spedizione.<\/p>\n\n\n\n<h3>Consegna della fattura al Corriere Internazionale<\/h3>\n\n\n\n<p>Una copia della fattura dovr\u00e0 essere posta all\u2019esterno del collo, tramite busta portadocumenti, ed una copia dovr\u00e0 essere consegnata a mano all\u2019autista.<\/p>\n\n\n\n<div style=\"height:20px\" aria-hidden=\"true\" class=\"wp-block-spacer\"><\/div>\n\n\n<div class=\"su-button-center\"><a href=\"https:\/\/www.spedirecomodo.it\/cms\/spedire-subito\/\" class=\"su-button su-button-style-default\" style=\"color:#FFFFFF;background-color:#0693e3;border-color:#0576b6;border-radius:10px;-moz-border-radius:10px;-webkit-border-radius:10px\" target=\"_self\" id=\"ButtonSubito\"><span style=\"color:#FFFFFF;padding:8px 26px;font-size:20px;line-height:30px;border-color:#51b4ec;border-radius:10px;-moz-border-radius:10px;-webkit-border-radius:10px;text-shadow:none;-moz-text-shadow:none;-webkit-text-shadow:none\"><i class=\"sui sui-truck\" style=\"font-size:20px;color:#FFFFFF\"><\/i> Spedisci Subito<\/span><\/a><\/div>\n\n\n\n<div style=\"height:20px\" aria-hidden=\"true\" class=\"wp-block-spacer\"><\/div>\n\n\n\n<hr class=\"wp-block-separator\"\/>\n\n\n\n<p>Se vuoi informazioni e consigli su come realizzare un ecommerce di successo visita&nbsp;<a rel=\"noreferrer noopener\" href=\"https:\/\/www.metaxy.eu\/\" target=\"_blank\"><strong>Metaxy<\/strong><\/a>.<\/p>\n\n\n\n<p>Shipping to Manchester, spedire online, <span style=\"text-decoration: underline;\"><strong><a href=\"https:\/\/www.spedirecomodo.it\/cms\/spedire-estero\/\">spedire all&#8217;estero<\/a><\/strong><\/span>\u2026 spedire comodo.<\/p>\n\n\n\n<div style=\"height:50px\" aria-hidden=\"true\" class=\"wp-block-spacer\"><\/div>\n\n\n\n<p><\/p>\n<style class=\"advgb-styles-renderer\">.ugb-32c854a .ugb-feature__item{border-radius:15px !important;background-color:#ffffff !important}.ugb-32c854a .ugb-feature__item:before{background-color:#ffffff !important}.ugb-32c854a .ugb-img{border-radius:8px}.ugb-32c854a .ugb-button .ugb-button--inner{font-size:18px !important}.ugb-32c854a .ugb-button{padding-top:10px;padding-right:29px;padding-bottom:10px;padding-left:29px;border-radius:5px !important}.ugb-32c854a .ugb-button:before{border-radius:5px !important}@media screen and (min-width:768px){.ugb-32c854a .ugb-img{border-radius:8px;width:320px;height:auto !important}}@media screen and (min-width:768px) and (max-width:1025px){.ugb-32c854a .ugb-img{width:285px;height:auto !important}}@media screen and (max-width:768px){.ugb-32c854a .ugb-img{width:285px;height:auto !important}}.ugb-837d28a .ugb-button .ugb-button--inner{font-size:18px !important}.ugb-d9594c4 .ugb-button .ugb-button--inner{font-size:18px !important}.ugb-d9594c4 .ugb-button{padding-top:10px;padding-right:25px;padding-bottom:10px;padding-left:25px;border-radius:5px !important}.ugb-d9594c4 .ugb-button:before{border-radius:5px !important}@media screen and (min-width:768px){.ugb-d9594c4 .ugb-img{width:380px;height:auto !important}}@media screen and (min-width:768px) and (max-width:1025px){.ugb-d9594c4 .ugb-img{width:380px;height:auto !important}}@media screen and (max-width:768px){.ugb-d9594c4 .ugb-img{width:285px;height:auto !important}}.ugb-e77a24b .ugb-button .ugb-button--inner{font-size:18px !important}.ugb-e77a24b .ugb-button{padding-top:10px;padding-right:25px;padding-bottom:10px;padding-left:25px;border-radius:5px !important}.ugb-e77a24b .ugb-button:before{border-radius:5px !important}@media screen and (min-width:768px){.ugb-e77a24b .ugb-img{width:420px;height:auto !important}}@media screen and (min-width:768px) and (max-width:1025px){.ugb-e77a24b .ugb-img{width:420px;height:auto !important}}@media screen and (max-width:768px){.ugb-e77a24b .ugb-img{width:285px;height:auto !important}}<\/style>","protected":false},"excerpt":{"rendered":"<p>Spedire a Manchester e nel Regno Unito Se hai bisogno di spedire un pacco a Manchester a partire da 19,90\u20ac rivolgiti a Spedirecomodo per la tua spedizione internazionale economica.Leggi attentamente le istruzioni sotto per spedire un pacco in UK. Spedisci Subito Come spedire un pacco a Manchester con BRT DPD, TNT Skynet e SDA Road [&hellip;]<\/p>\n","protected":false},"author":7,"featured_media":0,"parent":0,"menu_order":0,"comment_status":"closed","ping_status":"closed","template":"index-trustpilot.php","meta":{"advgb_blocks_editor_width":"","advgb_blocks_columns_visual_guide":""},"categories":[],"tags":[],"featured_image_urls":{"full":"","thumbnail":"","medium":"","medium_large":"","large":"","1536x1536":"","2048x2048":""},"post_excerpt_stackable":"<p>Spedire a Manchester e nel Regno UnitoSe hai bisogno di spedire un pacco a Manchester a partire da 19,90\u20ac rivolgiti a Spedirecomodo per la tua spedizione internazionale economica.Leggi attentamente le istruzioni sotto per spedire un pacco in UK.Spedisci Subito Come spedire un pacco a Manchester con BRT DPD, TNT Skynet e SDA Road Europe Per spedire a Manchester e nel Regno Unito sar\u00e0 sufficiente inserire pochi dati nella sezione Spedisci ora (citt\u00e0 di origine, destinazione Manchester, peso e dimensioni del pacco). Spedirecomodo selezioner\u00e0 una lista in cui confrontare i Corrieri internazionali come &nbsp;BRT DPD,&nbsp;BRT Euroexpress,&nbsp;SDA Road Europe&nbsp;e&nbsp;Skynet, i tempi di&hellip;<\/p>\n","category_list":"Senza categoria","author_info":{"name":"Sebastiano Torcellan","url":"https:\/\/www.spedirecomodo.it\/cms\/author\/sebastiano-torcellan\/"},"comments_num":"0 commenti","featured_image_urls_v2":{"full":"","thumbnail":"","medium":"","medium_large":"","large":"","1536x1536":"","2048x2048":""},"post_excerpt_stackable_v2":"<p>Spedire a Manchester e nel Regno UnitoSe hai bisogno di spedire un pacco a Manchester a partire da 19,90\u20ac rivolgiti a Spedirecomodo per la tua spedizione internazionale economica.Leggi attentamente le istruzioni sotto per spedire un pacco in UK.Spedisci Subito Come spedire un pacco a Manchester con BRT DPD, TNT Skynet e SDA Road Europe Per spedire a Manchester e nel Regno Unito sar\u00e0 sufficiente inserire pochi dati nella sezione Spedisci ora (citt\u00e0 di origine, destinazione Manchester, peso e dimensioni del pacco). Spedirecomodo selezioner\u00e0 una lista in cui confrontare i Corrieri internazionali come &nbsp;BRT DPD,&nbsp;BRT Euroexpress,&nbsp;SDA Road Europe&nbsp;e&nbsp;Skynet, i tempi di&hellip;<\/p>\n","category_list_v2":"Senza categoria","author_info_v2":{"name":"Sebastiano Torcellan","url":"https:\/\/www.spedirecomodo.it\/cms\/author\/sebastiano-torcellan\/"},"comments_num_v2":"0 commenti","coauthors":[],"author_meta":{"author_link":"https:\/\/www.spedirecomodo.it\/cms\/author\/sebastiano-torcellan\/","display_name":"Sebastiano Torcellan"},"relative_dates":{"created":"Pubblicato 5 anni fa","modified":"Aggiornato 5 anni fa"},"absolute_dates":{"created":"Pubblicato il 1 Maggio 2021","modified":"Aggiornato il 1 Maggio 2021"},"absolute_dates_time":{"created":"Pubblicato il 1 Maggio 2021 13:00","modified":"Aggiornato il 1 Maggio 2021 13:08"},"featured_img_caption":"","featured_img":false,"series_order":"","_links":{"self":[{"href":"https:\/\/www.spedirecomodo.it\/cms\/wp-json\/wp\/v2\/pages\/7427"}],"collection":[{"href":"https:\/\/www.spedirecomodo.it\/cms\/wp-json\/wp\/v2\/pages"}],"about":[{"href":"https:\/\/www.spedirecomodo.it\/cms\/wp-json\/wp\/v2\/types\/page"}],"author":[{"embeddable":true,"href":"https:\/\/www.spedirecomodo.it\/cms\/wp-json\/wp\/v2\/users\/7"}],"replies":[{"embeddable":true,"href":"https:\/\/www.spedirecomodo.it\/cms\/wp-json\/wp\/v2\/comments?post=7427"}],"version-history":[{"count":3,"href":"https:\/\/www.spedirecomodo.it\/cms\/wp-json\/wp\/v2\/pages\/7427\/revisions"}],"predecessor-version":[{"id":7432,"href":"https:\/\/www.spedirecomodo.it\/cms\/wp-json\/wp\/v2\/pages\/7427\/revisions\/7432"}],"wp:attachment":[{"href":"https:\/\/www.spedirecomodo.it\/cms\/wp-json\/wp\/v2\/media?parent=7427"}],"wp:term":[{"taxonomy":"category","embeddable":true,"href":"https:\/\/www.spedirecomodo.it\/cms\/wp-json\/wp\/v2\/categories?post=7427"},{"taxonomy":"post_tag","embeddable":true,"href":"https:\/\/www.spedirecomodo.it\/cms\/wp-json\/wp\/v2\/tags?post=7427"}],"curies":[{"name":"wp","href":"https:\/\/api.w.org\/{rel}","templated":true}]}}