{"id":7603,"date":"2021-05-22T15:33:40","date_gmt":"2021-05-22T13:33:40","guid":{"rendered":"https:\/\/www.spedirecomodo.it\/cms\/?page_id=7603"},"modified":"2023-01-25T17:25:03","modified_gmt":"2023-01-25T16:25:03","slug":"corrieri-espresso-torino","status":"publish","type":"page","link":"https:\/\/www.spedirecomodo.it\/cms\/corrieri-espresso-torino\/","title":{"rendered":"Corrieri Espresso Torino"},"content":{"rendered":"\n<div class=\"wp-block-ugb-feature ugb-feature ugb-c0e3bc5 ugb-feature--v2 ugb-feature--design-plain ugb-main-block\"><div class=\"ugb-inner-block\"><div class=\"ugb-block-content\"><div class=\"ugb-feature__item\"><div class=\"ugb-feature__content\"><h2 class=\"ugb-feature__title\">Spedizione pacchi Torino a tariffe vantaggiose<\/h2><p class=\"ugb-feature__description\"><strong>Spedire da Torino<\/strong> \u00e8 veloce ed economico con Spedirecomodo. Baster\u00e0 inserire nell&#8217;area Spedisci Ora tutti i dati necessari per la spedizione pacchi buste o pallet: citt\u00e0 di ritiro a domicilio, in questo caso <strong>Torino o una localit\u00e0 in provincia<\/strong>, citt\u00e0 di destinazione e il peso della spedizione.<br>Ti ricordiamo che \u00e8 possibile spedire anche pi\u00f9 pacchi in un\u2019unica <strong><a href=\"https:\/\/www.spedirecomodo.it\/cms\/ordine-multiplo\/\" class=\"rank-math-link\"><span style=\"text-decoration: underline;\">spedizione multipla<\/span><\/a><\/strong> oppure con i nostri <strong><span style=\"text-decoration: underline;\"><a href=\"https:\/\/www.spedirecomodo.it\/cms\/connettori-integrazione-ecommerce\/\" class=\"rank-math-link\">connettori ecommerce<\/a><\/span><\/strong>.<\/p><\/div><div class=\"ugb-feature__image-side\"><img class=\"ugb-feature__image ugb-img wp-image-4464 ugb-image--shape-stretch\" src=\"https:\/\/www.spedirecomodo.it\/cms\/wp-content\/uploads\/2020\/03\/Spedire-Italia-1024x625.png\" alt=\"Corrieri Torino\" height=\"231\" srcset=\"https:\/\/www.spedirecomodo.it\/cms\/wp-content\/uploads\/2020\/03\/Spedire-Italia-1024x625.png 1024w, https:\/\/www.spedirecomodo.it\/cms\/wp-content\/uploads\/2020\/03\/Spedire-Italia-300x183.png 300w, https:\/\/www.spedirecomodo.it\/cms\/wp-content\/uploads\/2020\/03\/Spedire-Italia-768x468.png 768w, https:\/\/www.spedirecomodo.it\/cms\/wp-content\/uploads\/2020\/03\/Spedire-Italia.png 1046w\" sizes=\"(max-width: 1024px) 100vw, 1024px\" \/><\/div><\/div><\/div><\/div><\/div>\n\n\n\r\n\r\n<div class=\"card italy\">\r\n    <div class=\"card-body-home\">\r\n        <div class=\"spedirecomodo-title pl-3 pl-sm-3 pl-md-2 pl-lg-3\">\r\n            Tariffe Italia da Torino a  Roma *\r\n            \r\n        <\/div>\r\n        <hr style=\"height:2px;border:none;color:#E3E7EA;background-color:#E3E7EA;\" \/>\r\n        <div class=\"row pl-3 pl-sm-3 pl-md-2 pl-lg-3\">\r\n                    <div class=\"col-6 col-sm-4 col-lg-3 py-4\">\r\n                        <div class=\"spedirecomodo-subtitle-box1-xs small-lr-padding\">1 Kg<\/div>\r\n                        <div class=\"small-lr-padding\" style=\"color: #30475E;\">\r\n                            <span id=\"price0\">Da  6,09<\/span>\r\n                            <span class=\"euro\">\u20ac<\/span>\r\n                            <a href=\"\/Shipping\/CreateDefaultShip?XIdLocalita=2754457&amp;YIdLocalita=2752038&amp;XCap=20121&amp;YCap=00119&amp;peso=1&amp;XNazione=it&amp;YNazione=it&amp;idCorriere=24\"><i class=\"fas fa-external-link-alt\" style=\"font-size:13px; color:#E9458A;\"><\/i><\/a>\r\n                        <\/div>\r\n                    <\/div>\r\n                    <div class=\"col-6 col-sm-4 col-lg-3 py-4\">\r\n                        <div class=\"spedirecomodo-subtitle-box1-xs small-lr-padding\">3 Kg<\/div>\r\n                        <div class=\"small-lr-padding\" style=\"color: #30475E;\">\r\n                            <span id=\"price1\">Da  7,15<\/span>\r\n                            <span class=\"euro\">\u20ac<\/span>\r\n                            <a href=\"\/Shipping\/CreateDefaultShip?XIdLocalita=2754457&amp;YIdLocalita=2752038&amp;XCap=20121&amp;YCap=00119&amp;peso=3&amp;XNazione=it&amp;YNazione=it&amp;idCorriere=23\"><i class=\"fas fa-external-link-alt\" style=\"font-size:13px; color:#E9458A;\"><\/i><\/a>\r\n                        <\/div>\r\n                    <\/div>\r\n                    <div class=\"col-6 col-sm-4 col-lg-3 py-4\">\r\n                        <div class=\"spedirecomodo-subtitle-box1-xs small-lr-padding\">5 Kg<\/div>\r\n                        <div class=\"small-lr-padding\" style=\"color: #30475E;\">\r\n                            <span id=\"price2\">Da  8,25<\/span>\r\n                            <span class=\"euro\">\u20ac<\/span>\r\n                            <a href=\"\/Shipping\/CreateDefaultShip?XIdLocalita=2754457&amp;YIdLocalita=2752038&amp;XCap=20121&amp;YCap=00119&amp;peso=5&amp;XNazione=it&amp;YNazione=it&amp;idCorriere=23\"><i class=\"fas fa-external-link-alt\" style=\"font-size:13px; color:#E9458A;\"><\/i><\/a>\r\n                        <\/div>\r\n                    <\/div>\r\n                    <div class=\"col-6 col-sm-4 col-lg-3 py-4\">\r\n                        <div class=\"spedirecomodo-subtitle-box1-xs small-lr-padding\">10 Kg<\/div>\r\n                        <div class=\"small-lr-padding\" style=\"color: #30475E;\">\r\n                            <span id=\"price3\">Da  10,40<\/span>\r\n                            <span class=\"euro\">\u20ac<\/span>\r\n                            <a href=\"\/Shipping\/CreateDefaultShip?XIdLocalita=2754457&amp;YIdLocalita=2752038&amp;XCap=20121&amp;YCap=00119&amp;peso=10&amp;XNazione=it&amp;YNazione=it&amp;idCorriere=29\"><i class=\"fas fa-external-link-alt\" style=\"font-size:13px; color:#E9458A;\"><\/i><\/a>\r\n                        <\/div>\r\n                    <\/div>\r\n                    <div class=\"col-6 col-sm-4 col-lg-3 py-4\">\r\n                        <div class=\"spedirecomodo-subtitle-box1-xs small-lr-padding\">20 Kg<\/div>\r\n                        <div class=\"small-lr-padding\" style=\"color: #30475E;\">\r\n                            <span id=\"price4\">Da  12,50<\/span>\r\n                            <span class=\"euro\">\u20ac<\/span>\r\n                            <a href=\"\/Shipping\/CreateDefaultShip?XIdLocalita=2754457&amp;YIdLocalita=2752038&amp;XCap=20121&amp;YCap=00119&amp;peso=20&amp;XNazione=it&amp;YNazione=it&amp;idCorriere=24\"><i class=\"fas fa-external-link-alt\" style=\"font-size:13px; color:#E9458A;\"><\/i><\/a>\r\n                        <\/div>\r\n                    <\/div>\r\n                    <div class=\"col-6 col-sm-4 col-lg-3 py-4\">\r\n                        <div class=\"spedirecomodo-subtitle-box1-xs small-lr-padding\">30 Kg<\/div>\r\n                        <div class=\"small-lr-padding\" style=\"color: #30475E;\">\r\n                            <span id=\"price5\">Da  15,00<\/span>\r\n                            <span class=\"euro\">\u20ac<\/span>\r\n                            <a href=\"\/Shipping\/CreateDefaultShip?XIdLocalita=2754457&amp;YIdLocalita=2752038&amp;XCap=20121&amp;YCap=00119&amp;peso=30&amp;XNazione=it&amp;YNazione=it&amp;idCorriere=29\"><i class=\"fas fa-external-link-alt\" style=\"font-size:13px; color:#E9458A;\"><\/i><\/a>\r\n                        <\/div>\r\n                    <\/div>\r\n                    <div class=\"col-6 col-sm-4 col-lg-3 py-4\">\r\n                        <div class=\"spedirecomodo-subtitle-box1-xs small-lr-padding\">50 Kg<\/div>\r\n                        <div class=\"small-lr-padding\" style=\"color: #30475E;\">\r\n                            <span id=\"price6\">Da  24,20<\/span>\r\n                            <span class=\"euro\">\u20ac<\/span>\r\n                            <a href=\"\/Shipping\/CreateDefaultShip?XIdLocalita=2754457&amp;YIdLocalita=2752038&amp;XCap=20121&amp;YCap=00119&amp;peso=50&amp;XNazione=it&amp;YNazione=it&amp;idCorriere=23\"><i class=\"fas fa-external-link-alt\" style=\"font-size:13px; color:#E9458A;\"><\/i><\/a>\r\n                        <\/div>\r\n                    <\/div>\r\n                    <div class=\"col-6 col-sm-4 col-lg-3 py-4\">\r\n                        <div class=\"spedirecomodo-subtitle-box1-xs small-lr-padding\">50 Kg<\/div>\r\n                        <div class=\"small-lr-padding\" style=\"color: #30475E;\">\r\n                            <span id=\"price7\">Da  24,20<\/span>\r\n                            <span class=\"euro\">\u20ac<\/span>\r\n                            <a href=\"\/Shipping\/CreateDefaultShip?XIdLocalita=2754457&amp;YIdLocalita=2752038&amp;XCap=20121&amp;YCap=00119&amp;peso=50&amp;XNazione=it&amp;YNazione=it&amp;idCorriere=23\"><i class=\"fas fa-external-link-alt\" style=\"font-size:13px; color:#E9458A;\"><\/i><\/a>\r\n                        <\/div>\r\n                    <\/div>\r\n        <\/div>       \r\n    <\/div>\r\n<\/div>\n\n\n\n<p class=\"has-small-font-size\">* Nota bene: Il listino prezzi non \u00e8 comprensivo di assicurazione e potrebbe subire delle maggiorazioni in base al servizio scelto e alla destinazione. (es. nel caso sia un&#8217;isola o in Calabria o sia una zona disagiata e\/o periferica )<\/p>\n\n\n\n<div style=\"height:20px\" aria-hidden=\"true\" class=\"wp-block-spacer\"><\/div>\n\n\n\r\n<div class=\"ship-now-calltoaction text-center\">\r\n    <span class=\"title\">Spedisci ora!<\/span>\r\n    <div class=\"rounded-div\">\r\n        <button data-toggle=\"modal\" class=\"ship-now btn-primary-sc\">Continua<\/button>\r\n    <\/div>\r\n    <span class=\"subtitle\">Inserisci i dati e spedisci in pochi click!<\/span>\r\n<\/div>\r\n\n\n\n\n<div class=\"wp-block-ugb-feature ugb-feature ugb-d9594c4 ugb-feature--v2 ugb-feature--design-basic ugb-main-block\"><div class=\"ugb-inner-block\"><div class=\"ugb-block-content\"><div class=\"ugb-feature__item ugb--shadow-5\"><div class=\"ugb-feature__content\"><h2 class=\"ugb-feature__title\">Scrivici di cosa hai bisogno<\/h2><p class=\"ugb-feature__description\">Di qualsiasi cosa tu abbia bisogno, che sia un approfondimento, un preventivo oppure semplicemente una domanda, <strong>ti risponderemo subito<\/strong>.<\/p><div class=\"ugb-button-container\"><a class=\"ugb-button ugb-button--size-normal ugb--hover-effect-scale\" href=\"mailto:info@spedirecomodo.it?subject=Desidero informazioni su come spedire da Roma\" rel=\"\" title=\"\"><span class=\"ugb-button--inner\">Contattaci!<\/span><\/a><\/div><\/div><div class=\"ugb-feature__image-side\"><img class=\"ugb-feature__image ugb-img wp-image-6867 ugb-image--shape-stretch\" src=\"https:\/\/www.spedirecomodo.it\/cms\/wp-content\/uploads\/2021\/04\/Servizio-Clienti-Spedirecomodo.png\" alt=\"Servizio Clienti Spedirecomodo\" height=\"245\" srcset=\"https:\/\/www.spedirecomodo.it\/cms\/wp-content\/uploads\/2021\/04\/Servizio-Clienti-Spedirecomodo.png 864w, https:\/\/www.spedirecomodo.it\/cms\/wp-content\/uploads\/2021\/04\/Servizio-Clienti-Spedirecomodo-300x194.png 300w, https:\/\/www.spedirecomodo.it\/cms\/wp-content\/uploads\/2021\/04\/Servizio-Clienti-Spedirecomodo-768x496.png 768w\" sizes=\"(max-width: 864px) 100vw, 864px\" \/><\/div><\/div><\/div><\/div><\/div>\n\n\n\n<div class=\"wp-block-ugb-feature ugb-feature ugb-39f0ae5 ugb-feature--v2 ugb-feature--design-basic ugb-main-block\"><div class=\"ugb-inner-block\"><div class=\"ugb-block-content\"><div class=\"ugb-feature__item ugb--shadow-5\"><div class=\"ugb-feature__content\"><h2 class=\"ugb-feature__title\">Connetti subito il tuo ecommerce o un Marketplace<\/h2><p class=\"ugb-feature__description\">Con i\u00a0<strong>connettori e-commerce<\/strong>\u00a0di Spedirecomodo puoi <strong>integrare il tuo store online in modo facile e veloce<\/strong> per importare tutte le spedizioni con un click.<br>Integrazione automatica con Amazon, ebay ed Etsy.<br>Scegli il tuo corriere espresso preferito tra <strong>Poste Italiane, Bartolini, DPD, GLS e DHL<\/strong> per spedire in Italia o spedire all&#8217;estero ai migliori prezzi spedizione.<\/p><div class=\"ugb-button-container\"><a class=\"ugb-button ugb-button--size-normal ugb-button--design-ghost\" href=\"https:\/\/www.spedirecomodo.it\/cms\/connettori-integrazione-ecommerce\/\" rel=\"\" title=\"\"><span class=\"ugb-button--inner\">Scopri di pi\u00f9<\/span><\/a><\/div><\/div><div class=\"ugb-feature__image-side\"><img class=\"ugb-feature__image ugb-img wp-image-6638 ugb-image--shape-stretch\" src=\"https:\/\/www.spedirecomodo.it\/cms\/wp-content\/uploads\/2021\/03\/Spedirecomodo-Connetti-ecommerce.png\" alt=\"\" title=\"\" height=\"354\" srcset=\"https:\/\/www.spedirecomodo.it\/cms\/wp-content\/uploads\/2021\/03\/Spedirecomodo-Connetti-ecommerce.png 575w, https:\/\/www.spedirecomodo.it\/cms\/wp-content\/uploads\/2021\/03\/Spedirecomodo-Connetti-ecommerce-300x280.png 300w\" sizes=\"(max-width: 575px) 100vw, 575px\"><\/div><\/div><\/div><\/div><\/div>\n\n\n\n<div class=\"wp-block-ugb-feature ugb-feature ugb-d198a4c ugb-feature--v2 ugb-feature--design-basic ugb-main-block\"><div class=\"ugb-inner-block\"><div class=\"ugb-block-content\"><div class=\"ugb-feature__item ugb--shadow-5\"><div class=\"ugb-feature__content\"><h2 class=\"ugb-feature__title\">I migliori prezzi per le spedizioni dei tuoi pacchi<\/h2><p class=\"ugb-feature__description\">Con Spedirecomodo Business potrai spedire i tuoi pacchi ai <strong>prezzi riservati<\/strong> alle aziende.<br>Spedizioni ecommerce con <strong>sconti fino al 70%<\/strong> rispetto alle normali tariffe di mercato con Corriere Espresso.<br>Richiedi subito l&#8217;attivazione e verifica i prezzi delle spedizioni economiche con i maggiori Corrieri Espresso.<br><\/p><div class=\"ugb-button-container\"><a class=\"ugb-button ugb-button--size-normal ugb-button--design-ghost\" href=\"https:\/\/www.spedirecomodo.it\/cms\/connettori-integrazione-ecommerce\/\" rel=\"\" title=\"\"><span class=\"ugb-button--inner\">Richiedi Attivazione<\/span><\/a><\/div><\/div><div class=\"ugb-feature__image-side\"><img class=\"ugb-feature__image ugb-img wp-image-6644 ugb-image--shape-stretch\" src=\"https:\/\/www.spedirecomodo.it\/cms\/wp-content\/uploads\/2021\/03\/Spedirecomodo-Pannello-Tariffe.png\" alt=\"Tariffe Spedirecomodo Business\" height=\"265\" srcset=\"https:\/\/www.spedirecomodo.it\/cms\/wp-content\/uploads\/2021\/03\/Spedirecomodo-Pannello-Tariffe.png 775w, https:\/\/www.spedirecomodo.it\/cms\/wp-content\/uploads\/2021\/03\/Spedirecomodo-Pannello-Tariffe-300x209.png 300w, https:\/\/www.spedirecomodo.it\/cms\/wp-content\/uploads\/2021\/03\/Spedirecomodo-Pannello-Tariffe-768x536.png 768w\" sizes=\"(max-width: 775px) 100vw, 775px\" \/><\/div><\/div><\/div><\/div><\/div>\n\n\n\n<hr class=\"wp-block-separator has-css-opacity\"\/>\n\n\n\n<h3>Spedire subito un pacco da Torino \u00e8 facile ed economico<\/h3>\n\n\n\n<p>Con un semplice click sul bottone \u201cRicerca\u201d saprai quali Spedizionieri eseguono servizi di spedizione pacchi a Roma e provincia e potrai confrontare in pochi istanti le tariffe delle spedizioni in Italia ed Europa e i tempi di consegna a domicilio.<\/p>\n\n\n\n<hr class=\"wp-block-separator has-css-opacity\"\/>\n\n\n\n<h3>Spedizione economica con Corriere Espresso da Torino con Bartolini, Poste Italiane, DHL, GLS <\/h3>\n\n\n\n<p>Se hai bisogno di trovare un Corriere Espresso in Piemonte,&nbsp;Spedirecomodo ti permette di spedire pacchi con i maggiori Corrieri da Torino trovando la migliore tariffa disponibile sul mercato.<\/p>\n\n\n\n<p>Scegli il servizio che pi\u00f9 si adatta ai tuoi bisogni tra quelli offerti dai nostri Corrieri Espresso come: <span style=\"text-decoration: underline;\"><strong><a href=\"https:\/\/www.spedirecomodo.it\/cms\/poste-italiane-crono\/\">Poste Italiane<\/a><\/strong><\/span>, <span style=\"text-decoration: underline;\"><strong><a href=\"https:\/\/www.spedirecomodo.it\/cms\/brt-bartolini\/\">BRT Bartolini<\/a><\/strong><\/span>, <strong><span style=\"text-decoration: underline;\"><a class=\"rank-math-link\" href=\"https:\/\/www.spedirecomodo.it\/cms\/dhl\/\" data-type=\"page\" data-id=\"6834\">DHL<\/a><\/span><\/strong> e <span style=\"text-decoration: underline;\"><strong><a class=\"rank-math-link\" href=\"https:\/\/www.spedirecomodo.it\/cms\/skynet-eco\/\">TNT Skynet<\/a><\/strong><\/span>.<\/p>\n\n\n\n<p>Potrai <span style=\"text-decoration: underline;\"><strong><a href=\"https:\/\/www.spedirecomodo.it\/cms\/spedire-in-europa\/\">spedire all&#8217;estero da Torino in Europa<\/a><\/strong><\/span>. Ricordiamo che le spedizioni in tutta l&#8217;Unione Europea non richiedono di essere accompagnate de documenti particolari.<\/p>\n\n\n\n<p>Per conoscere quali articoli sono vietati, \u00e8 possibile consultare sul nostro sito web la lista dei prodotti che non possono essere spediti.<\/p>\n\n\n\n<div style=\"height:20px\" aria-hidden=\"true\" class=\"wp-block-spacer\"><\/div>\n\n\n<div class=\"su-button-center\"><a href=\"https:\/\/www.spedirecomodo.it\/cms\/colli-incompatibili\/\" class=\"su-button su-button-style-default\" style=\"color:#FFFFFF;background-color:#0693e3;border-color:#0576b6;border-radius:10px;-moz-border-radius:10px;-webkit-border-radius:10px\" target=\"_self\" id=\"ButtonIncompatibili\"><span style=\"color:#FFFFFF;padding:8px 26px;font-size:20px;line-height:30px;border-color:#51b4ec;border-radius:10px;-moz-border-radius:10px;-webkit-border-radius:10px;text-shadow:none;-moz-text-shadow:none;-webkit-text-shadow:none\"><i class=\"sui sui-warning\" style=\"font-size:20px;color:#FFFFFF\"><\/i> Cosa NON posso spedire<\/span><\/a><\/div>\n\n\n\n<div style=\"height:30px\" aria-hidden=\"true\" class=\"wp-block-spacer\"><\/div>\n\n\n\n<hr class=\"wp-block-separator has-css-opacity\"\/>\n\n\n\n<h3>Spedizioni pacchi e buste Piemonte conviene con Spedirecomodo<\/h3>\n\n\n\n<p>Spedirecomodo fornisce utili suggerimenti per <span style=\"text-decoration: underline;\"><strong><a href=\"https:\/\/www.spedirecomodo.it\/cms\/come-preparare-un-pacco\/\">come preparare un pacco<\/a><\/strong><\/span> da spedire in Europa e in Italia e potrai sempre tracciare il pacco con il Tracking online sempre aggiornato in tempo reale da Tracking Poste, Tracking BRT, Tracking DHL, Tracking Bartolini e Tracking Skynet.<\/p>\n\n\n\n<p>Il ritiro in Piemonte e la consegna in Italia o la consegna in Europa delle spedizioni sono compresi nel prezzo che ti mostreremo nella pagina con tutte le proposte di spedizione pacchi secondo le informazioni per spedire in Italia o spedire all&#8217;estero che hai inserito in fase di ricerca.<\/p>\n\n\n\n<p>Spedirecomodo ti propone sempre tariffe economiche e competitive che ti permetteranno di risparmiare fino al 70% sulle spedizioni buste pacchi e pallet da Torino e provincia.<\/p>\n\n\n\n<div style=\"height:20px\" aria-hidden=\"true\" class=\"wp-block-spacer\"><\/div>\n\n\n\r\n<div class=\"ship-now-calltoaction text-center\">\r\n    <span class=\"title\">Spedisci ora!<\/span>\r\n    <div class=\"rounded-div\">\r\n        <button data-toggle=\"modal\" class=\"ship-now btn-primary-sc\">Continua<\/button>\r\n    <\/div>\r\n    <span class=\"subtitle\">Inserisci i dati e spedisci in pochi click!<\/span>\r\n<\/div>\r\n\n\n\n\n<div style=\"height:20px\" aria-hidden=\"true\" class=\"wp-block-spacer\"><\/div>\n\n\n\n<hr class=\"wp-block-separator has-css-opacity\"\/>\n\n\n\n<p>Se vuoi maggiori informazioni e utili consigli per le tue spedizioni economiche in Italia ed Europa oppure suggerimenti su come preparare un pacco consulta il <strong><a rel=\"noreferrer noopener\" href=\"https:\/\/www.spedirecomodo.it\/cms\/il-blog-di-spedirecomodo\/\" target=\"_blank\"><span style=\"text-decoration: underline;\">Blog di Spedirecomodo<\/span><\/a><\/strong>.<\/p>\n\n\n\n<p>Se hai una partita IVA visita <strong><span style=\"text-decoration: underline;\"><a href=\"https:\/\/www.spedirecomodo.it\/cms\/clienti-business\/\" class=\"rank-math-link\">Spedirecomodo Business<\/a><\/span><\/strong>.<\/p>\n\n\n\n<p>Se vuoi informazioni e consigli su come realizzare un ecommerce di successo visita&nbsp;<a rel=\"noreferrer noopener\" href=\"https:\/\/www.metaxy.eu\/\" target=\"_blank\"><strong>Metaxy<\/strong><\/a>.<\/p>\n\n\n\n<p><strong><span style=\"text-decoration: underline;\"><a href=\"https:\/\/www.spedirecomodo.it\/cms\/ioinvio\/\" class=\"rank-math-link\">io invio online<\/a><\/span><\/strong>, spedire da Torino, spedire economico con Spedirecomodo.<\/p>\n\n\n\n<div style=\"height:58px\" aria-hidden=\"true\" class=\"wp-block-spacer\"><\/div>\n\n\n\n<p><\/p>\n<style class=\"advgb-styles-renderer\">.ugb-c0e3bc5 .ugb-img{border-radius:5px}@media screen and (min-width:768px){.ugb-c0e3bc5 .ugb-img{border-radius:5px;width:380px;height:auto !important}}@media screen and (min-width:768px) and (max-width:1025px){.ugb-c0e3bc5 .ugb-img{width:380px;height:auto !important}}@media screen and (max-width:768px){.ugb-c0e3bc5 .ugb-img{width:285px;height:auto !important}}.ugb-d9594c4 .ugb-button .ugb-button--inner{font-size:18px !important}.ugb-d9594c4 .ugb-button{padding-top:10px;padding-right:25px;padding-bottom:10px;padding-left:25px;border-radius:5px !important}.ugb-d9594c4 .ugb-button:before{border-radius:5px !important}@media screen and (min-width:768px){.ugb-d9594c4 .ugb-img{width:380px;height:auto !important}}@media screen and (min-width:768px) and (max-width:1025px){.ugb-d9594c4 .ugb-img{width:380px;height:auto !important}}@media screen and (max-width:768px){.ugb-d9594c4 .ugb-img{width:285px;height:auto !important}}.ugb-39f0ae5 .ugb-button .ugb-button--inner{font-size:18px !important}.ugb-39f0ae5 .ugb-button{padding-top:10px;padding-right:25px;padding-bottom:10px;padding-left:25px;border-radius:5px !important}.ugb-39f0ae5 .ugb-button:before{border-radius:5px !important}.ugb-39f0ae5 .ugb-button-container{text-align:center !important}@media screen and (min-width:768px){.ugb-39f0ae5 .ugb-img{width:380px;height:auto !important}}@media screen and (min-width:768px) and (max-width:1025px){.ugb-39f0ae5 .ugb-img{width:380px;height:auto !important}}@media screen and (max-width:768px){.ugb-39f0ae5 .ugb-img{width:285px;height:auto !important}}.ugb-d198a4c .ugb-button .ugb-button--inner{font-size:18px !important}.ugb-d198a4c .ugb-button{padding-top:10px;padding-right:25px;padding-bottom:10px;padding-left:25px;border-radius:5px !important}.ugb-d198a4c .ugb-button:before{border-radius:5px !important}.ugb-d198a4c .ugb-button-container{text-align:center !important}@media screen and (min-width:768px){.ugb-d198a4c .ugb-img{width:380px;height:auto !important}}@media screen and (min-width:768px) and (max-width:1025px){.ugb-d198a4c .ugb-img{width:380px;height:auto !important}}@media screen and (max-width:768px){.ugb-d198a4c .ugb-img{width:285px;height:auto !important}}<\/style>","protected":false},"excerpt":{"rendered":"<p>Spedizione pacchi Torino a tariffe vantaggiose Spedire da Torino \u00e8 veloce ed economico con Spedirecomodo. Baster\u00e0 inserire nell&#8217;area Spedisci Ora tutti i dati necessari per la spedizione pacchi buste o pallet: citt\u00e0 di ritiro a domicilio, in questo caso Torino o una localit\u00e0 in provincia, citt\u00e0 di destinazione e il peso della spedizione.Ti ricordiamo che [&hellip;]<\/p>\n","protected":false},"author":7,"featured_media":0,"parent":0,"menu_order":0,"comment_status":"closed","ping_status":"closed","template":"index-trustpilot.php","meta":{"advgb_blocks_editor_width":"","advgb_blocks_columns_visual_guide":""},"categories":[],"tags":[],"featured_image_urls":{"full":"","thumbnail":"","medium":"","medium_large":"","large":"","1536x1536":"","2048x2048":""},"post_excerpt_stackable":"<p>Spedizione pacchi Torino a tariffe vantaggioseSpedire da Torino \u00e8 veloce ed economico con Spedirecomodo. Baster\u00e0 inserire nell&#8217;area Spedisci Ora tutti i dati necessari per la spedizione pacchi buste o pallet: citt\u00e0 di ritiro a domicilio, in questo caso Torino o una localit\u00e0 in provincia, citt\u00e0 di destinazione e il peso della spedizione.Ti ricordiamo che \u00e8 possibile spedire anche pi\u00f9 pacchi in un\u2019unica spedizione multipla oppure con i nostri connettori ecommerce. Tariffe Italia da Torino a Roma * 1 Kg Da 6,09 \u20ac 3 Kg Da 7,15 \u20ac 5 Kg Da 8,25 \u20ac 10 Kg Da 10,40 \u20ac 20 Kg Da&hellip;<\/p>\n","category_list":"Senza categoria","author_info":{"name":"Sebastiano Torcellan","url":"https:\/\/www.spedirecomodo.it\/cms\/author\/sebastiano-torcellan\/"},"comments_num":"0 commenti","featured_image_urls_v2":{"full":"","thumbnail":"","medium":"","medium_large":"","large":"","1536x1536":"","2048x2048":""},"post_excerpt_stackable_v2":"<p>Spedizione pacchi Torino a tariffe vantaggioseSpedire da Torino \u00e8 veloce ed economico con Spedirecomodo. Baster\u00e0 inserire nell&#8217;area Spedisci Ora tutti i dati necessari per la spedizione pacchi buste o pallet: citt\u00e0 di ritiro a domicilio, in questo caso Torino o una localit\u00e0 in provincia, citt\u00e0 di destinazione e il peso della spedizione.Ti ricordiamo che \u00e8 possibile spedire anche pi\u00f9 pacchi in un\u2019unica spedizione multipla oppure con i nostri connettori ecommerce. Tariffe Italia da Torino a Roma * 1 Kg Da 6,09 \u20ac 3 Kg Da 7,15 \u20ac 5 Kg Da 8,25 \u20ac 10 Kg Da 10,40 \u20ac 20 Kg Da&hellip;<\/p>\n","category_list_v2":"Senza categoria","author_info_v2":{"name":"Sebastiano Torcellan","url":"https:\/\/www.spedirecomodo.it\/cms\/author\/sebastiano-torcellan\/"},"comments_num_v2":"0 commenti","coauthors":[],"author_meta":{"author_link":"https:\/\/www.spedirecomodo.it\/cms\/author\/sebastiano-torcellan\/","display_name":"Sebastiano Torcellan"},"relative_dates":{"created":"Pubblicato 5 anni fa","modified":"Aggiornato 3 anni fa"},"absolute_dates":{"created":"Pubblicato il 22 Maggio 2021","modified":"Aggiornato il 25 Gennaio 2023"},"absolute_dates_time":{"created":"Pubblicato il 22 Maggio 2021 15:33","modified":"Aggiornato il 25 Gennaio 2023 17:25"},"featured_img_caption":"","featured_img":false,"series_order":"","_links":{"self":[{"href":"https:\/\/www.spedirecomodo.it\/cms\/wp-json\/wp\/v2\/pages\/7603"}],"collection":[{"href":"https:\/\/www.spedirecomodo.it\/cms\/wp-json\/wp\/v2\/pages"}],"about":[{"href":"https:\/\/www.spedirecomodo.it\/cms\/wp-json\/wp\/v2\/types\/page"}],"author":[{"embeddable":true,"href":"https:\/\/www.spedirecomodo.it\/cms\/wp-json\/wp\/v2\/users\/7"}],"replies":[{"embeddable":true,"href":"https:\/\/www.spedirecomodo.it\/cms\/wp-json\/wp\/v2\/comments?post=7603"}],"version-history":[{"count":4,"href":"https:\/\/www.spedirecomodo.it\/cms\/wp-json\/wp\/v2\/pages\/7603\/revisions"}],"predecessor-version":[{"id":8658,"href":"https:\/\/www.spedirecomodo.it\/cms\/wp-json\/wp\/v2\/pages\/7603\/revisions\/8658"}],"wp:attachment":[{"href":"https:\/\/www.spedirecomodo.it\/cms\/wp-json\/wp\/v2\/media?parent=7603"}],"wp:term":[{"taxonomy":"category","embeddable":true,"href":"https:\/\/www.spedirecomodo.it\/cms\/wp-json\/wp\/v2\/categories?post=7603"},{"taxonomy":"post_tag","embeddable":true,"href":"https:\/\/www.spedirecomodo.it\/cms\/wp-json\/wp\/v2\/tags?post=7603"}],"curies":[{"name":"wp","href":"https:\/\/api.w.org\/{rel}","templated":true}]}}